{"id":5359,"date":"2023-11-26T18:53:14","date_gmt":"2023-11-26T17:53:14","guid":{"rendered":"https:\/\/agora.xtec.cat\/sesmcarrascoformiguera-sfc\/?page_id=5359"},"modified":"2026-04-09T18:00:30","modified_gmt":"2026-04-09T16:00:30","slug":"preinscripcions-eso-i-postobligatoria","status":"publish","type":"page","link":"https:\/\/agora.xtec.cat\/sesmcarrascoformiguera-sfc\/orientacio\/preinscripcions-eso-i-postobligatoria\/","title":{"rendered":"Preinscripcions ESO i postobligat\u00f2ria"},"content":{"rendered":"<h1><sup><span style=\"color: #000000;\"><span style=\"font-family: Arial, serif;\">Preinscripci\u00f3 ESO i <em>webs <\/em><\/span><\/span><span style=\"color: #000000;\"><span style=\"font-family: Arial, serif;\"><span lang=\"ca-ES\">d&#8217;educaci\u00f3 postobligat\u00f2ria<\/span><\/span><\/span><\/sup><\/h1>\n<p>&nbsp;<\/p>\n<p style=\"text-align: left;\"><span style=\"font-family: Times New Roman, serif;\"><span style=\"font-size: medium;\"><span style=\"color: #5983b0;\"><span style=\"font-family: Arial, serif;\"><span style=\"font-size: large;\"><span lang=\"ca-ES\">Preinscripci\u00f3 <\/span><\/span><\/span><\/span><span style=\"color: #5983b0;\"><span style=\"font-family: Arial, serif;\"><span style=\"font-size: large;\"><span lang=\"ca-ES\">educativa ESO per al <a href=\"https:\/\/preinscripcio.gencat.cat\/ca\/inici\/\">curs<\/a> 2026-2027<\/span><\/span><\/span><\/span><span style=\"color: #000000;\"><span style=\"font-family: Arial, serif;\"><span style=\"font-size: large;\"><span lang=\"ca-ES\">\u00a0\u2013 <\/span><\/span><\/span><\/span><span style=\"color: #000000;\"><span style=\"font-family: Arial, serif;\"><span style=\"font-size: large;\"><span lang=\"ca-ES\">Calendari<\/span><\/span><\/span><\/span><span style=\"color: #0000ff;\"><span style=\"color: #000000;\"><span style=\"font-family: Arial, serif;\"><span style=\"font-size: large;\"><span lang=\"ca-ES\"> de tots els itineraris<\/span><\/span><\/span><\/span><\/span><\/span><\/span><\/p>\n<p>&nbsp;<\/p>\n<p>Educaci\u00f3 postobligat\u00f2ria:<\/p>\n<table style=\"border-collapse: collapse; width: 67.6047%; height: 369px;\" cellspacing=\"0\" cellpadding=\"6\">\n<tbody>\n<tr style=\"height: 42px;\">\n<td style=\"height: 42px; width: 100%;\" valign=\"top\"><span style=\"font-family: Times New Roman, serif;\"><span style=\"font-size: medium;\"><a href=\"https:\/\/triaeducativa.gencat.cat\/ca\/orientacio\/itineraris\/index.html\"><span style=\"color: #5983b0;\"><span style=\"font-family: Arial, serif;\"><span lang=\"ca-ES\">Tria educativa al <\/span><\/span><\/span><span style=\"color: #5983b0;\"><span style=\"font-family: Arial, serif;\"><span lang=\"ca-ES\">Sistema educatiu catal\u00e0<\/span><\/span><\/span><\/a><span style=\"color: #000000;\"><span style=\"font-family: Arial, serif;\"><span lang=\"ca-ES\"> &#8211; <\/span><\/span><\/span><span style=\"color: #000000;\"><span style=\"font-family: Arial, serif;\"><span lang=\"ca-ES\">Itineraris<\/span><\/span><\/span> <\/span><\/span><\/td>\n<\/tr>\n<tr style=\"height: 42px;\">\n<td style=\"height: 42px; width: 100%;\" valign=\"top\"><\/td>\n<\/tr>\n<tr style=\"height: 42px;\">\n<td style=\"height: 42px; width: 100%;\" valign=\"top\"><span style=\"font-family: Times New Roman, serif;\"><span style=\"font-size: medium;\"><a href=\"https:\/\/triaeducativa.gencat.cat\/ca\/inici\"><span style=\"color: #5983b0;\"><span style=\"font-family: Arial, serif;\"><span lang=\"ca-ES\">Tria educativa<\/span><\/span><\/span><\/a><span style=\"color: #000000;\"><span style=\"font-family: Arial, serif;\"><span lang=\"ca-ES\"> &#8211; <\/span><\/span><\/span><span style=\"color: #000000;\"><span style=\"font-family: Arial, serif;\"><span lang=\"ca-ES\">Informaci\u00f3 general<\/span><\/span><\/span><\/span><\/span><\/td>\n<\/tr>\n<tr style=\"height: 27px;\">\n<td style=\"height: 10px; width: 100%;\" valign=\"top\">\n<p style=\"text-align: left;\" align=\"left\"><span style=\"font-family: Times New Roman, serif;\"><span style=\"font-size: medium;\"><span style=\"color: #5983b0;\"><span style=\"font-family: Arial, serif;\"><span lang=\"ca-ES\">\u00a0 \u00a0 \u00a0 \u00a0 \u00a0 <a href=\"https:\/\/triaeducativa.gencat.cat\/ca\/batxillerat\/\">Tria de Batxillerat<\/a><\/span><\/span><\/span><span style=\"color: #000000;\"><span style=\"font-family: Arial, serif;\"><span lang=\"ca-ES\">\u00a0&#8211; <\/span><\/span><\/span><span style=\"color: #000000;\"><span style=\"font-family: Arial, serif;\"><span lang=\"ca-ES\">Informaci\u00f3<\/span><\/span><\/span><\/span><\/span><\/p>\n<\/td>\n<\/tr>\n<tr style=\"height: 40px;\">\n<td style=\"height: 16px; width: 100%;\" valign=\"top\">\n<p style=\"text-align: left;\" align=\"left\"><span style=\"font-family: Times New Roman, serif;\"><span style=\"font-size: medium;\"><span style=\"color: #5983b0;\"><span style=\"font-family: Arial, serif;\"><span lang=\"ca-ES\">\u00a0 \u00a0 \u00a0 \u00a0 \u00a0 \u00a0 \u00a0 \u00a0 \u00a0 \u00a0 <a href=\"https:\/\/triaeducativa.gencat.cat\/ca\/batxillerat\/doble-titulacio\/\">Tria de doble titulaci\u00f3 al Batxillerat<\/a><\/span><\/span><\/span><span style=\"color: #000000;\"><span style=\"font-family: Arial, serif;\"><span lang=\"ca-ES\">\u00a0&#8211; Informaci\u00f3<\/span><\/span><\/span><\/span><\/span><\/p>\n<\/td>\n<\/tr>\n<tr style=\"height: 42px;\">\n<td style=\"height: 42px; width: 100%;\" valign=\"top\"><span style=\"font-family: Times New Roman, serif;\"><span style=\"font-size: medium;\"><a href=\"https:\/\/triaeducativa.gencat.cat\/ca\/fp\/\"><span style=\"color: #5983b0;\"><span style=\"font-family: Arial, serif;\"><span lang=\"ca-ES\"><u>Formaci\u00f3 professional<\/u><\/span><\/span><\/span><\/a><span style=\"color: #000000;\"><span style=\"font-family: Arial, serif;\"><span lang=\"ca-ES\"> &#8211; Informaci\u00f3<\/span><\/span><\/span><\/span><\/span><\/td>\n<\/tr>\n<tr style=\"height: 45px;\">\n<td style=\"height: 20px; width: 100%;\" valign=\"top\">\n<p align=\"left\"><span style=\"font-family: Arial, sans-serif;\"><span style=\"font-size: medium;\"><span style=\"color: #5983b0;\">\u00a0 \u00a0 \u00a0 \u00a0 \u00a0 <a href=\"https:\/\/triaeducativa.gencat.cat\/ca\/fp\/grau-mitja\/\">Tria de Cicles Formatius de Grau Mitj\u00e0 (CFGM)<\/a><\/span> &#8211; Informaci\u00f3<\/span><\/span><\/p>\n<h5><span style=\"font-family: Arial, serif;\"><span lang=\"ca-ES\">\u00a0 \u00a0 \u00a0 \u00a0 \u00a0 \u00a0 <\/span><\/span><span style=\"color: #000000;\"><span style=\"font-family: Arial, serif;\"><span lang=\"ca-ES\">Orientaci\u00f3 educativa<\/span><\/span><\/span><span style=\"color: #000000;\"><span style=\"font-family: Arial, serif;\"><span lang=\"ca-ES\">\u00a0&#8211;\u00a0<\/span><\/span><\/span><a style=\"font-weight: normal; font-family: 'Times New Roman', serif; font-size: medium; background-color: #f9f9f9;\" href=\"https:\/\/sso.barcelonactiva.cat:8443\/realms\/PRO\/protocol\/openid-connect\/auth?scope=openid%20profile%20email&amp;state=ed690d10d085a977f3f77f75aa29a23d&amp;response_type=code&amp;approval_prompt=auto&amp;redirect_uri=https%3A%2F%2Ftestinteressos.barcelonactiva.cat%2Fcallback.php&amp;client_id=AP093\"><span style=\"color: #5983b0;\"><span style=\"font-family: Arial, serif;\"><span lang=\"ca-ES\">Test d\u2019orientaci\u00f3 professional<\/span><\/span><\/span><\/a><\/h5>\n<\/td>\n<\/tr>\n<tr style=\"height: 75px;\">\n<td style=\"height: 41px; width: 100%;\" valign=\"top\">\n<p align=\"left\"><span style=\"font-family: Times New Roman, serif;\"><span style=\"font-size: medium;\"><span style=\"color: #5983b0;\"><span style=\"font-family: Arial, serif;\"><span lang=\"ca-ES\">\u00a0 \u00a0 \u00a0 \u00a0 \u00a0 \u00a0 \u00a0 \u00a0 \u00a0 \u00a0 <a href=\"https:\/\/triaeducativa.gencat.cat\/ca\/artistics\/apd\/\">Tria de CFGM d&#8217;Arts pl\u00e0stiques i disseny<\/a><\/span><\/span><\/span><span style=\"color: #0000ff;\"><span style=\"color: #000000;\"><span style=\"font-family: Arial, serif;\"><span lang=\"ca-ES\">\u00a0&#8211; <\/span><\/span><\/span><\/span><span style=\"color: #0000ff;\"><span style=\"color: #000000;\"><span style=\"font-family: Arial, serif;\"><span lang=\"ca-ES\">Informaci\u00f3<\/span><\/span><\/span><\/span><\/span><\/span><\/p>\n<\/td>\n<\/tr>\n<tr style=\"height: 75px;\">\n<td style=\"height: 20px; width: 100%;\" valign=\"top\">\n<p align=\"left\"><span style=\"font-family: Times New Roman, serif;\"><span style=\"font-size: medium;\"><span style=\"color: #5983b0;\"><span style=\"font-family: Arial, serif;\"><span lang=\"ca-ES\">\u00a0 \u00a0 \u00a0 \u00a0 \u00a0 \u00a0 \u00a0 \u00a0 \u00a0 \u00a0 <a href=\"https:\/\/triaeducativa.gencat.cat\/ca\/artistics-esportius\/esportius\/\">Tria de CFGM Esportius<\/a><\/span><\/span><\/span><span style=\"color: #000000;\"><span style=\"font-family: Arial, serif;\"><span lang=\"ca-ES\">\u00a0&#8211; <\/span><\/span><\/span><span style=\"color: #000000;\"><span style=\"font-family: Arial, serif;\"><span lang=\"ca-ES\">Informaci\u00f3<\/span><\/span><\/span><\/span><\/span><\/p>\n<\/td>\n<\/tr>\n<tr style=\"height: 75px;\">\n<td style=\"height: 10px; width: 100%;\" valign=\"top\">\n<p align=\"left\"><span style=\"font-family: Times New Roman, serif;\"><span style=\"font-size: medium;\"><span style=\"color: #5983b0;\"><span style=\"font-family: Arial, serif;\"><span lang=\"ca-ES\">\u00a0 \u00a0 \u00a0 \u00a0 \u00a0 P<\/span><\/span><\/span><a href=\"https:\/\/triaeducativa.gencat.cat\/ca\/fp\/pfi\/\"><span style=\"color: #5983b0;\"><span style=\"font-family: Arial, serif;\"><span lang=\"ca-ES\">rogrames de Formaci\u00f3 i Inserci\u00f3 (PFI)<\/span><\/span><\/span><\/a><span style=\"color: #000000;\"><span style=\"font-family: Arial, serif;\"><span lang=\"ca-ES\"> &#8211; Informaci\u00f3<\/span><\/span><\/span><\/span><\/span><\/p>\n<\/td>\n<\/tr>\n<tr style=\"height: 42px;\">\n<td style=\"height: 42px; width: 100%;\" valign=\"top\"><span style=\"font-family: Times New Roman, serif;\"><span style=\"font-size: medium;\"><a href=\"https:\/\/ioc.xtec.cat\/educacio\/#estudis\"><span style=\"color: #5983b0;\"><span style=\"font-family: Arial, serif;\"><span lang=\"ca-ES\">I<\/span><\/span><\/span><span style=\"color: #5983b0;\"><span style=\"font-family: Arial, serif;\"><span lang=\"ca-ES\">nstitut Obert de Catalunya (I<\/span><\/span><\/span><span style=\"color: #5983b0;\"><span style=\"font-family: Arial, serif;\"><span lang=\"ca-ES\">OC<\/span><\/span><\/span><span style=\"color: #5983b0;\"><span style=\"font-family: Arial, serif;\"><span lang=\"ca-ES\">)<\/span><\/span><\/span><\/a><span style=\"color: #000000;\"><span style=\"font-family: Arial, serif;\"><span lang=\"ca-ES\"> &#8211; <\/span><\/span><\/span><span style=\"color: #000000;\"><span style=\"font-family: Arial, serif;\"><span lang=\"ca-ES\"><i>homepage<\/i><\/span><\/span><\/span><\/span><\/span><\/td>\n<\/tr>\n<tr style=\"height: 42px;\">\n<td style=\"height: 42px; width: 100%;\" valign=\"top\"><span style=\"font-family: Times New Roman, serif;\"><span style=\"font-size: medium;\"><a href=\"https:\/\/educacio.gencat.cat\/ca\/serveis-tramits\/proves\/proves-acces\/\"><span style=\"color: #5983b0;\"><span style=\"font-family: Arial, serif;\"><span lang=\"ca-ES\">Proves <\/span><\/span><\/span><span style=\"color: #5983b0;\"><span style=\"font-family: Arial, serif;\"><span lang=\"ca-ES\">d\u2019<\/span><\/span><\/span><span style=\"color: #5983b0;\"><span style=\"font-family: Arial, serif;\"><span lang=\"ca-ES\">acc\u00e9s <\/span><\/span><\/span><span style=\"color: #5983b0;\"><span style=\"font-family: Arial, serif;\"><span lang=\"ca-ES\">a cicles formatius<\/span><\/span><\/span><\/a><span style=\"color: #000000;\"><span style=\"font-family: Arial, serif;\"><span lang=\"ca-ES\"> &#8211; Informaci\u00f3<\/span><\/span><\/span><\/span><\/span><\/td>\n<\/tr>\n<\/tbody>\n<\/table>\n<pre class=\"western\" lang=\"ca-ES\">Data d'actualitzaci\u00f3: 09\/04\/2026<\/pre>\n","protected":false},"excerpt":{"rendered":"<p>Preinscripci\u00f3 ESO i webs d&#8217;educaci\u00f3 postobligat\u00f2ria<br \/>\n&nbsp;<br \/>\nPreinscripci\u00f3 educativa ESO per al <a href=\"https:\/\/preinscripcio.gencat.cat\/ca\/inici\/\">curs<\/a> 2026-2027\u00a0\u2013 Calendari de tots els itineraris<br \/>\n&nbsp;<br \/>\nEducaci\u00f3 postobligat\u00f2ria:<\/p>\n<p><a href=\"https:\/\/triaeducativa.gencat.cat\/ca\/orientacio\/itineraris\/index.html\">Tria educativa al Sistema educatiu catal\u00e0<\/a> &#8211; Itineraris <\/p>\n<p><a href=\"https:\/\/triaeducativa.gencat.cat\/ca\/inici\">Tria educativa<\/a> &#8211; Informaci\u00f3 general<\/p>\n<p>\u00a0 \u00a0 \u00a0 \u00a0 \u00a0 <a href=\"https:\/\/triaeducativa.gencat.cat\/ca\/batxillerat\/\">Tria de Batxillerat<\/a>\u00a0&#8211; Informaci\u00f3<\/p>\n<p>\u00a0 \u00a0 \u00a0 \u00a0&hellip;  <a href=\"https:\/\/agora.xtec.cat\/sesmcarrascoformiguera-sfc\/orientacio\/preinscripcions-eso-i-postobligatoria\/\" title=\"Read Preinscripcions ESO i postobligat\u00f2ria\">Llegeix m\u00e9s\u00bb<\/a><\/p>\n","protected":false},"author":1,"featured_media":0,"parent":4573,"menu_order":0,"comment_status":"closed","ping_status":"closed","template":"","meta":{"_bbp_topic_count":0,"_bbp_reply_count":0,"_bbp_total_topic_count":0,"_bbp_total_reply_count":0,"_bbp_voice_count":0,"_bbp_anonymous_reply_count":0,"_bbp_topic_count_hidden":0,"_bbp_reply_count_hidden":0,"_bbp_forum_subforum_count":0,"footnotes":""},"class_list":["post-5359","page","type-page","status-publish","hentry"],"post_mailing_queue_ids":[],"_links":{"self":[{"href":"https:\/\/agora.xtec.cat\/sesmcarrascoformiguera-sfc\/wp-json\/wp\/v2\/pages\/5359","targetHints":{"allow":["GET"]}}],"collection":[{"href":"https:\/\/agora.xtec.cat\/sesmcarrascoformiguera-sfc\/wp-json\/wp\/v2\/pages"}],"about":[{"href":"https:\/\/agora.xtec.cat\/sesmcarrascoformiguera-sfc\/wp-json\/wp\/v2\/types\/page"}],"author":[{"embeddable":true,"href":"https:\/\/agora.xtec.cat\/sesmcarrascoformiguera-sfc\/wp-json\/wp\/v2\/users\/1"}],"replies":[{"embeddable":true,"href":"https:\/\/agora.xtec.cat\/sesmcarrascoformiguera-sfc\/wp-json\/wp\/v2\/comments?post=5359"}],"version-history":[{"count":6,"href":"https:\/\/agora.xtec.cat\/sesmcarrascoformiguera-sfc\/wp-json\/wp\/v2\/pages\/5359\/revisions"}],"predecessor-version":[{"id":6252,"href":"https:\/\/agora.xtec.cat\/sesmcarrascoformiguera-sfc\/wp-json\/wp\/v2\/pages\/5359\/revisions\/6252"}],"up":[{"embeddable":true,"href":"https:\/\/agora.xtec.cat\/sesmcarrascoformiguera-sfc\/wp-json\/wp\/v2\/pages\/4573"}],"wp:attachment":[{"href":"https:\/\/agora.xtec.cat\/sesmcarrascoformiguera-sfc\/wp-json\/wp\/v2\/media?parent=5359"}],"curies":[{"name":"wp","href":"https:\/\/api.w.org\/{rel}","templated":true}]}}