{"id":5355,"date":"2023-11-26T18:48:26","date_gmt":"2023-11-26T17:48:26","guid":{"rendered":"https:\/\/agora.xtec.cat\/sesmcarrascoformiguera-sfc\/?page_id=5355"},"modified":"2024-05-30T13:31:35","modified_gmt":"2024-05-30T11:31:35","slug":"servei-comunitari","status":"publish","type":"page","link":"https:\/\/agora.xtec.cat\/sesmcarrascoformiguera-sfc\/orientacio\/servei-comunitari\/","title":{"rendered":"Servei comunitari"},"content":{"rendered":"<p style=\"text-align: justify;\">L\u2019alumnat de 3r d&#8217;ESO fa Servei Comunitari.<\/p>\n<p style=\"text-align: justify;\">El Servei Comunitari per a l&#8217;alumnat de secund\u00e0ria obligat\u00f2ria \u00e9s una acci\u00f3 educativa en el marc del curr\u00edculum obligatori, que vol promoure que els alumnes experimentin i protagonitzin accions de comprom\u00eds c\u00edvic, aprenguin en l&#8217;exercici actiu de la ciutadania, i posin en joc els seus coneixements i capacitats al servei de la comunitat.<\/p>\n<p style=\"text-align: justify;\">Aquest any hem participat en projectes que tenim amb les diferents entitats col\u00b7laboradores: <em>C\u00e0rites Sant Feliu<\/em>, Biblioteca municipal <em>Joan Petit i Aguilar<\/em> Resid\u00e8ncia de la gent gran <em>Els Pinets, Creu Roja i Centre Excursionista Sant Feliu de Codines.<\/em><\/p>\n<p style=\"text-align: justify;\">Tamb\u00e9 a l\u2019escola Jaume Balmes, amb el programa LECXIT, on l&#8217;alumnat acompanya a l\u2019alumnat de prim\u00e0ria en el seu proc\u00e9s lector.<\/p>\n<p style=\"text-align: justify;\">Felicitem al nostre alumnat pel seu comprom\u00eds en aquests aprenentatges\/serveis.<\/p>\n<p>&nbsp;<\/p>\n<pre>Data d'actualitzaci\u00f3: 30\/05\/2024<\/pre>\n","protected":false},"excerpt":{"rendered":"<p>L\u2019alumnat de 3r d&#8217;ESO fa Servei Comunitari.<br \/>\nEl Servei Comunitari per a l&#8217;alumnat de secund\u00e0ria obligat\u00f2ria \u00e9s una acci\u00f3 educativa en el marc del curr\u00edculum obligatori, que vol promoure que els alumnes experimentin i protagonitzin accions de comprom\u00eds c\u00edvic, aprenguin en l&#8217;exercici actiu de la ciutadania,&hellip;  <a href=\"https:\/\/agora.xtec.cat\/sesmcarrascoformiguera-sfc\/orientacio\/servei-comunitari\/\" title=\"Read Servei comunitari\">Llegeix m\u00e9s\u00bb<\/a><\/p>\n","protected":false},"author":1,"featured_media":0,"parent":4573,"menu_order":0,"comment_status":"closed","ping_status":"closed","template":"","meta":{"_bbp_topic_count":0,"_bbp_reply_count":0,"_bbp_total_topic_count":0,"_bbp_total_reply_count":0,"_bbp_voice_count":0,"_bbp_anonymous_reply_count":0,"_bbp_topic_count_hidden":0,"_bbp_reply_count_hidden":0,"_bbp_forum_subforum_count":0,"footnotes":""},"class_list":["post-5355","page","type-page","status-publish","hentry"],"post_mailing_queue_ids":[],"_links":{"self":[{"href":"https:\/\/agora.xtec.cat\/sesmcarrascoformiguera-sfc\/wp-json\/wp\/v2\/pages\/5355","targetHints":{"allow":["GET"]}}],"collection":[{"href":"https:\/\/agora.xtec.cat\/sesmcarrascoformiguera-sfc\/wp-json\/wp\/v2\/pages"}],"about":[{"href":"https:\/\/agora.xtec.cat\/sesmcarrascoformiguera-sfc\/wp-json\/wp\/v2\/types\/page"}],"author":[{"embeddable":true,"href":"https:\/\/agora.xtec.cat\/sesmcarrascoformiguera-sfc\/wp-json\/wp\/v2\/users\/1"}],"replies":[{"embeddable":true,"href":"https:\/\/agora.xtec.cat\/sesmcarrascoformiguera-sfc\/wp-json\/wp\/v2\/comments?post=5355"}],"version-history":[{"count":6,"href":"https:\/\/agora.xtec.cat\/sesmcarrascoformiguera-sfc\/wp-json\/wp\/v2\/pages\/5355\/revisions"}],"predecessor-version":[{"id":5680,"href":"https:\/\/agora.xtec.cat\/sesmcarrascoformiguera-sfc\/wp-json\/wp\/v2\/pages\/5355\/revisions\/5680"}],"up":[{"embeddable":true,"href":"https:\/\/agora.xtec.cat\/sesmcarrascoformiguera-sfc\/wp-json\/wp\/v2\/pages\/4573"}],"wp:attachment":[{"href":"https:\/\/agora.xtec.cat\/sesmcarrascoformiguera-sfc\/wp-json\/wp\/v2\/media?parent=5355"}],"curies":[{"name":"wp","href":"https:\/\/api.w.org\/{rel}","templated":true}]}}