{"id":5238,"date":"2023-09-21T18:28:09","date_gmt":"2023-09-21T16:28:09","guid":{"rendered":"https:\/\/agora.xtec.cat\/sesmcarrascoformiguera-sfc\/?page_id=5238"},"modified":"2023-09-21T18:28:41","modified_gmt":"2023-09-21T16:28:41","slug":"impulsem-la-robotica","status":"publish","type":"page","link":"https:\/\/agora.xtec.cat\/sesmcarrascoformiguera-sfc\/linstitut\/projecte-educatiu\/impulsem-la-robotica\/","title":{"rendered":"Impulsem la Rob\u00f2tica"},"content":{"rendered":"<p>IMPULSEM LA ROB\u00d2TICA- Tecnologies creatives a l&#8217;aula<\/p>\n<p style=\"text-align: justify;\">Enguany, el centre participa en el projecte&#8221; Impulsem la rob\u00f2tica&#8221;, concretament hi participen els alumnes de 4t d&#8217;ESO de la mat\u00e8ria optativa de Tecnologia.<\/p>\n<p style=\"text-align: justify;\">A m\u00e9s de poder treballar la mat\u00e8ria d&#8217;una forma diferent a la convencional perqu\u00e8 es realitzen pr\u00e0ctiques amb plaques programables i components electr\u00f2nics com sensors, <em>leds<\/em>&#8230; l&#8217;objectiu final d&#8217;aquesta proposta \u00e9s participar en una fira a mitjans del mes de febrer en la qual els alumnes mostren els projectes que ells mateixos han dissenyat, construit i programat.<\/p>\n<p><a href=\"https:\/\/vimeo.com\/121790679\">CTC Barcelona Final Exhibition 2014<\/a><\/p>\n<p><a href=\"https:\/\/vimeo.com\/187155379\/aec25d23c4\">CTC Catalunya Technology Fair 2014<\/a><\/p>\n","protected":false},"excerpt":{"rendered":"<p>IMPULSEM LA ROB\u00d2TICA- Tecnologies creatives a l&#8217;aula<br \/>\nEnguany, el centre participa en el projecte&#8221; Impulsem la rob\u00f2tica&#8221;, concretament hi participen els alumnes de 4t d&#8217;ESO de la mat\u00e8ria optativa de Tecnologia.<br \/>\nA m\u00e9s de poder treballar la mat\u00e8ria d&#8217;una forma diferent a la convencional perqu\u00e8 es realitzen&hellip;  <a href=\"https:\/\/agora.xtec.cat\/sesmcarrascoformiguera-sfc\/linstitut\/projecte-educatiu\/impulsem-la-robotica\/\" title=\"Read Impulsem la Rob\u00f2tica\">Llegeix m\u00e9s\u00bb<\/a><\/p>\n","protected":false},"author":1,"featured_media":0,"parent":57,"menu_order":0,"comment_status":"closed","ping_status":"closed","template":"","meta":{"_bbp_topic_count":0,"_bbp_reply_count":0,"_bbp_total_topic_count":0,"_bbp_total_reply_count":0,"_bbp_voice_count":0,"_bbp_anonymous_reply_count":0,"_bbp_topic_count_hidden":0,"_bbp_reply_count_hidden":0,"_bbp_forum_subforum_count":0,"footnotes":""},"class_list":["post-5238","page","type-page","status-publish","hentry"],"post_mailing_queue_ids":[],"_links":{"self":[{"href":"https:\/\/agora.xtec.cat\/sesmcarrascoformiguera-sfc\/wp-json\/wp\/v2\/pages\/5238","targetHints":{"allow":["GET"]}}],"collection":[{"href":"https:\/\/agora.xtec.cat\/sesmcarrascoformiguera-sfc\/wp-json\/wp\/v2\/pages"}],"about":[{"href":"https:\/\/agora.xtec.cat\/sesmcarrascoformiguera-sfc\/wp-json\/wp\/v2\/types\/page"}],"author":[{"embeddable":true,"href":"https:\/\/agora.xtec.cat\/sesmcarrascoformiguera-sfc\/wp-json\/wp\/v2\/users\/1"}],"replies":[{"embeddable":true,"href":"https:\/\/agora.xtec.cat\/sesmcarrascoformiguera-sfc\/wp-json\/wp\/v2\/comments?post=5238"}],"version-history":[{"count":1,"href":"https:\/\/agora.xtec.cat\/sesmcarrascoformiguera-sfc\/wp-json\/wp\/v2\/pages\/5238\/revisions"}],"predecessor-version":[{"id":5239,"href":"https:\/\/agora.xtec.cat\/sesmcarrascoformiguera-sfc\/wp-json\/wp\/v2\/pages\/5238\/revisions\/5239"}],"up":[{"embeddable":true,"href":"https:\/\/agora.xtec.cat\/sesmcarrascoformiguera-sfc\/wp-json\/wp\/v2\/pages\/57"}],"wp:attachment":[{"href":"https:\/\/agora.xtec.cat\/sesmcarrascoformiguera-sfc\/wp-json\/wp\/v2\/media?parent=5238"}],"curies":[{"name":"wp","href":"https:\/\/api.w.org\/{rel}","templated":true}]}}