{"id":43,"date":"2014-09-17T16:45:07","date_gmt":"2014-09-17T16:45:07","guid":{"rendered":"http:\/\/agora.xtec.cat\/sesmcarrascoformiguera-sfc\/?page_id=43"},"modified":"2023-09-21T18:12:08","modified_gmt":"2023-09-21T16:12:08","slug":"consell-escolar","status":"publish","type":"page","link":"https:\/\/agora.xtec.cat\/sesmcarrascoformiguera-sfc\/linstitut\/consell-escolar\/","title":{"rendered":"Consell Escolar"},"content":{"rendered":"<p style=\"text-align: justify;\"><strong>Qu\u00e8 \u00e9s el Consell Escolar? <\/strong><\/p>\n<p style=\"text-align: justify;\">El Consell Escolar \u00e9s l&#8217;\u00f2rgan de participaci\u00f3 dels diferents sectors de la comunitat educativa en el govern dels centres.<\/p>\n<p style=\"text-align: justify;\"><strong>Qui forma el Consell Escolar? <\/strong><\/p>\n<p style=\"text-align: justify;\">El formen els i les representants de tota la comunitat educativa, \u00e9s a dir, direcci\u00f3, professorat, alumnat, fam\u00edlies, AFA, personal d&#8217;administraci\u00f3 i serveis i representant de l&#8217;administraci\u00f3 local.<\/p>\n<p style=\"text-align: justify;\">Dep\u00e8n de la titularitat del centre (p\u00fablic o privat concertat), la composici\u00f3 del Consell Escolar tamb\u00e9 pot variar.<\/p>\n<p style=\"text-align: justify;\"><strong>Quina \u00e9s la funci\u00f3 del Consell Escolar als centres p\u00fablics? <\/strong><\/p>\n<p style=\"text-align: justify;\">La funci\u00f3 principal del Consell Escolar \u00e9s participar en la presa de decisions en relaci\u00f3 amb aquells temes importants per al funcionament i l&#8217;organitzaci\u00f3 del centre: el projecte educatiu, la programaci\u00f3 general, la gesti\u00f3 econ\u00f2mica, etc.<\/p>\n<p style=\"text-align: justify;\"><strong>Cada quan es convoquen eleccions? <\/strong><\/p>\n<p style=\"text-align: justify;\">Els i les representants del Consell Escolar s\u00f3n escollits per un per\u00edode de quatre anys, per\u00f2 cada dos anys es convoquen eleccions per renovar la meitat dels seus membres.<\/p>\n<p style=\"text-align: justify;\">Les eleccions per a la renovaci\u00f3 del Consell Escolar les convoca el director o directora del centre p\u00fablic o la persona titular del centre privat concertat.<\/p>\n<p style=\"text-align: justify;\">Les <strong>vacants<\/strong> del Consell Escolar s&#8217;ocupen segons els resultats de les eleccions. Si un membre deixa el consell, passar\u00e0 a ocupar el seu lloc la seg\u00fcent candidatura m\u00e9s votada en les darreres eleccions. Si no hi ha m\u00e9s candidats per cobrir la pla\u00e7a, queda vacant fins a la propera renovaci\u00f3 del Consell Escolar.<\/p>\n<p style=\"text-align: justify;\"><strong>Com podem participar en les eleccions del Consell Escolar? <\/strong><\/p>\n<p style=\"text-align: justify;\">En les eleccions, les fam\u00edlies hi podeu participar de dues maneres diferents:<\/p>\n<ul style=\"text-align: justify;\">\n<li>Presentant-vos com a candidats per representar els pares i mares al Consell Escolar.<\/li>\n<li>Participant el dia que el centre convoqui les eleccions votant els candidats que considereu m\u00e9s representatius.<\/li>\n<\/ul>\n<p style=\"text-align: justify;\"><strong>Com es pot millorar la participaci\u00f3 de les fam\u00edlies en les eleccions de representants als consells escolars? <\/strong><\/p>\n<p style=\"text-align: justify;\">Perqu\u00e8 les fam\u00edlies participin en la renovaci\u00f3 dels seus representants al Consell Escolar cal:<\/p>\n<ul style=\"text-align: justify;\">\n<li>Estar informats de la import\u00e0ncia de la seva participaci\u00f3.<\/li>\n<li>Con\u00e8ixer les dates del proc\u00e9s electoral.<\/li>\n<\/ul>\n<p style=\"text-align: justify;\">Per fer arribar tota la informaci\u00f3, la direcci\u00f3 del centre i l&#8217;AFA poden programar accions i campanyes conjuntes fent servir diversos mitjans:<\/p>\n<ul style=\"text-align: justify;\">\n<li>Difusi\u00f3 mitjan\u00e7ant correu electr\u00f2nic, <em>web<\/em> o <em>blog<\/em> del centre, xarxes socials (<em>Twitter<\/em>, <em>Facebook<\/em>&#8230;).<\/li>\n<li>Cartells informatius.<\/li>\n<li>Reunions de juntes de pares i mares.<\/li>\n<li>Reunions dels pares i mares delegats de classe amb la resta de fam\u00edlies.<\/li>\n<\/ul>\n<p style=\"text-align: justify;\"><strong>Per qu\u00e8 \u00e9s important que les fam\u00edlies participem en el Consell Escolar? <\/strong><\/p>\n<p style=\"text-align: justify;\">Els i les professionals dels centres i les fam\u00edlies compartim un objectiu: l&#8217;\u00e8xit educatiu dels nois i noies. Les decisions que es prenen al Consell Escolar s\u00f3n decisives per al funcionament i la millora del centre, i per tant, tamb\u00e9 per a l&#8217;\u00e8xit educatiu de tots l&#8217;alumnat. \u00c9s per aquest motiu que la participaci\u00f3 i implicaci\u00f3 dels pares i les mares (i els tutors i tutores legals en general) en les eleccions al Consell Escolar \u00e9s tan important.<\/p>\n<p style=\"text-align: justify;\">Quan les fam\u00edlies participeu en les eleccions, doneu suport al vostre o a la vostra candidata, i delegueu en la seva veu i representaci\u00f3. Aix\u00ed feu arribar les seves opinions i aportacions. \u00c9s important que participeu en les eleccions al Consell Escolar perqu\u00e8:<\/p>\n<ul style=\"text-align: justify;\">\n<li>Sou els responsables de la formaci\u00f3 dels vostres fills i \u00e9s important tenir uns bons i unes bones representants al Consell Escolar que us informin i facin arribar la vostra veu.<\/li>\n<li>Les fam\u00edlies i els i les docents compartim un mateix objectiu. Per aix\u00f2 hem de ser capa\u00e7os de decidir, entre tothom, a qu\u00e8 ens comprometem per aconseguir-ho.<\/li>\n<li>\u00c9s una manera de valorar l&#8217;escola. Aix\u00ed contribu\u00efu que el vostre i la vostra filla tamb\u00e9 la valori i es prengui seriosament els seus estudis.<\/li>\n<li>L&#8217;\u00e8xit educatiu del vostre i la vostra filla tamb\u00e9 dep\u00e8n del funcionament i el clima de centre. Implicar-vos en el seguiment i l&#8217;avaluaci\u00f3 d&#8217;aquest funcionament \u00e9s implicar-vos en l&#8217;\u00e8xit d&#8217;ella i d&#8217;ell.<\/li>\n<li>\u00c9s la manera de fer arribar la vostra veu en temes que us poden preocupar.<\/li>\n<li>\u00c9s important tenir una escola oberta a l&#8217;entorn, que col\u00b7labori amb els altres centres i les diferents entitats, i que entre tots i totes pugueu fer del vostre barri un entorn m\u00e9s educatiu i cohesionat. El Consell Escolar decideix quines han de ser aquestes relacions.<\/li>\n<\/ul>\n<p style=\"text-align: justify;\"><strong>Qu\u00e8 vol dir ser representant dels pares i mares al Consell Escolar? <\/strong><\/p>\n<p style=\"text-align: justify;\">Els Consells Escolars de centre permeten la participaci\u00f3 de les fam\u00edlies en el govern dels centres.<\/p>\n<p style=\"text-align: justify;\">Les mares i pares representants al Consell opinen, aproven, avaluen i elaboren propostes per a la millora del funcionament del centre educatiu.<\/p>\n<p style=\"text-align: justify;\">La seva participaci\u00f3 en el Consell Escolar vol dir, tamb\u00e9, fer una tasca de representaci\u00f3. Aix\u00f2 significa que, com a membres del Consell, la seva participaci\u00f3 no \u00e9s a t\u00edtol individual, sin\u00f3 en representaci\u00f3 de totes les fam\u00edlies, donant veu a les seves peticions, preocupacions i iniciatives.<\/p>\n<p style=\"text-align: justify;\">Per aquest motiu, han d&#8217;informar la resta de mares i pares o representants legals sobre tots els assumptes que es tracten en el Consell, per\u00f2 tamb\u00e9 han de recollir les propostes i opinions de la resta de fam\u00edlies i portar-les al Consell Escolar.<\/p>\n<p style=\"text-align: justify;\"><strong>Orientacions per a representants dels pares i mares en el Consell Escolar <\/strong><\/p>\n<p style=\"text-align: justify;\"><strong>Abans de les reunions<\/strong><\/p>\n<p style=\"text-align: justify;\">Els pares i mares membres del Consell Escolar, com a representants de totes les fam\u00edlies del centre, han de preparar pr\u00e8viament les reunions per fer una bona tasca representativa. Per aquest motiu, abans de les reunions cal:<\/p>\n<ul style=\"text-align: justify;\">\n<li>Compartir els temes a tractar en el Consell Escolar amb la resta de les fam\u00edlies per representar millor els seus interessos.<\/li>\n<li>Assistir a les reunions del Consell Escolar amb propostes concretes parlades en les reunions de l&#8217;AFA, de juntes de pares i mares&#8230;<\/li>\n<li>Buscar canals i estrat\u00e8gies de comunicaci\u00f3 perqu\u00e8 totes les fam\u00edlies puguin fer aportacions i sentin que s\u00f3n escoltades:\n<ul>\n<li>Recollir propostes del conjunt de pares i mares utilitzant una b\u00fastia a l&#8217;entrada del centre o una adre\u00e7a de correu electr\u00f2nic.<\/li>\n<li>Passar enquestes, q\u00fcestionaris, etc., en format paper o <em>online<\/em> sobre els temes que es tractaran a la reuni\u00f3 del Consell Escolar o altres que puguin ser d&#8217;inter\u00e8s per a les fam\u00edlies.<\/li>\n<\/ul>\n<\/li>\n<\/ul>\n<p style=\"text-align: justify;\"><strong>Durant les reunions<\/strong><\/p>\n<p style=\"text-align: justify;\">Per tal d&#8217;aconseguir que les reunions siguin espais de reflexi\u00f3 i treball conjunt, cal:<\/p>\n<ul style=\"text-align: justify;\">\n<li>Tractar, entre tots i totes, que el clima de la reuni\u00f3 sigui dialogant i participatiu, on s&#8217;escoltin totes les opinions i s&#8217;arribi a acords amb el m\u00e0xim consens possible.<\/li>\n<li>Justificar i raonar molt b\u00e9 les decisions preses amb el conjunt de les fam\u00edlies. D&#8217;aquesta manera, \u00e9s m\u00e9s f\u00e0cil que siguin acceptades per tothom.<\/li>\n<\/ul>\n<p style=\"text-align: justify;\"><strong>Despr\u00e9s de les reunions<\/strong><\/p>\n<p style=\"text-align: justify;\">Un cop finalitzada la reuni\u00f3 del Consell Escolar, els i les representants de les fam\u00edlies han de tenir en compte que cal:<\/p>\n<ul style=\"text-align: justify;\">\n<li>Fer arribar tota la informaci\u00f3 a la resta de les fam\u00edlies sobre els temes tractats i acordats al Consell Escolar.<\/li>\n<li>Fer reunions despr\u00e9s de cada consell perqu\u00e8 els representants informin l&#8217;AFA i la resta de fam\u00edlies.<\/li>\n<li>Fer servir diversos canals de comunicaci\u00f3 per informar les fam\u00edlies que no poden assistir a la reuni\u00f3 informativa (<em>web<\/em>, <em>email<\/em>, circular, revista, tel\u00e8fon&#8230;).<\/li>\n<\/ul>\n<p style=\"text-align: left;\">Per a m\u00e9s informaci\u00f3, <a href=\"http:\/\/familiaiescola.gencat.cat\/ca\/escolaritat\/participacio-compromis\/participacio-coresponsabilitzacio\/participacio-funcionament-centre\/consell-escolar\/\">http:\/\/familiaiescola.gencat.cat\/ca\/escolaritat\/participacio-compromis\/participacio-coresponsabilitzacio\/participacio-funcionament-centre\/consell-escolar\/<br \/>\n<\/a><\/p>\n","protected":false},"excerpt":{"rendered":"<p>Qu\u00e8 \u00e9s el Consell Escolar?<br \/>\nEl Consell Escolar \u00e9s l&#8217;\u00f2rgan de participaci\u00f3 dels diferents sectors de la comunitat educativa en el govern dels centres.<br \/>\nQui forma el Consell Escolar?<br \/>\nEl formen els i les representants de tota la comunitat educativa, \u00e9s a dir, direcci\u00f3, professorat, alumnat,&hellip;  <a href=\"https:\/\/agora.xtec.cat\/sesmcarrascoformiguera-sfc\/linstitut\/consell-escolar\/\" title=\"Read Consell Escolar\">Llegeix m\u00e9s\u00bb<\/a><\/p>\n","protected":false},"author":1,"featured_media":0,"parent":19,"menu_order":4,"comment_status":"closed","ping_status":"closed","template":"page-templates\/side-menu.php","meta":{"_bbp_topic_count":0,"_bbp_reply_count":0,"_bbp_total_topic_count":0,"_bbp_total_reply_count":0,"_bbp_voice_count":0,"_bbp_anonymous_reply_count":0,"_bbp_topic_count_hidden":0,"_bbp_reply_count_hidden":0,"_bbp_forum_subforum_count":0,"footnotes":""},"class_list":["post-43","page","type-page","status-publish","hentry"],"post_mailing_queue_ids":[],"_links":{"self":[{"href":"https:\/\/agora.xtec.cat\/sesmcarrascoformiguera-sfc\/wp-json\/wp\/v2\/pages\/43","targetHints":{"allow":["GET"]}}],"collection":[{"href":"https:\/\/agora.xtec.cat\/sesmcarrascoformiguera-sfc\/wp-json\/wp\/v2\/pages"}],"about":[{"href":"https:\/\/agora.xtec.cat\/sesmcarrascoformiguera-sfc\/wp-json\/wp\/v2\/types\/page"}],"author":[{"embeddable":true,"href":"https:\/\/agora.xtec.cat\/sesmcarrascoformiguera-sfc\/wp-json\/wp\/v2\/users\/1"}],"replies":[{"embeddable":true,"href":"https:\/\/agora.xtec.cat\/sesmcarrascoformiguera-sfc\/wp-json\/wp\/v2\/comments?post=43"}],"version-history":[{"count":3,"href":"https:\/\/agora.xtec.cat\/sesmcarrascoformiguera-sfc\/wp-json\/wp\/v2\/pages\/43\/revisions"}],"predecessor-version":[{"id":5237,"href":"https:\/\/agora.xtec.cat\/sesmcarrascoformiguera-sfc\/wp-json\/wp\/v2\/pages\/43\/revisions\/5237"}],"up":[{"embeddable":true,"href":"https:\/\/agora.xtec.cat\/sesmcarrascoformiguera-sfc\/wp-json\/wp\/v2\/pages\/19"}],"wp:attachment":[{"href":"https:\/\/agora.xtec.cat\/sesmcarrascoformiguera-sfc\/wp-json\/wp\/v2\/media?parent=43"}],"curies":[{"name":"wp","href":"https:\/\/api.w.org\/{rel}","templated":true}]}}