{"id":3122,"date":"2019-11-23T15:08:21","date_gmt":"2019-11-23T14:08:21","guid":{"rendered":"http:\/\/agora.xtec.cat\/sesmcarrascoformiguera-sfc\/?page_id=3122"},"modified":"2023-10-03T19:45:45","modified_gmt":"2023-10-03T17:45:45","slug":"calendari-dactivitats","status":"publish","type":"page","link":"https:\/\/agora.xtec.cat\/sesmcarrascoformiguera-sfc\/informacions-per-a-les-families\/calendari-del-curs\/calendari-dactivitats\/","title":{"rendered":"Calendari de tallers i xerrades"},"content":{"rendered":"<p><a href=\"https:\/\/agora.xtec.cat\/sesmcarrascoformiguera-sfc\/linstitut-calendari-del-curs-calendari-de-tallers-i-xerrades\/\">Calendari de tallers i xerrades 2023\/2024<\/a><a href=\"https:\/\/agora.xtec.cat\/sesmcarrascoformiguera-sfc\/linstitut-calendari-del-curs-calendari-de-tallers-i-xerrades\/\">:<\/a><\/p>\n<p style=\"text-align: left; padding-left: 280px;\" align=\"center\"><span style=\"font-size: medium;\"><b>1r d\u2019ESO<\/b><\/span><\/p>\n<dl>\n<dd>\n<table width=\"850\" cellspacing=\"0\" cellpadding=\"11\">\n<tbody>\n<tr>\n<td style=\"background: #d6e3bc;\" bgcolor=\"#d6e3bc\" width=\"310\" height=\"13\">\n<p lang=\"ca-ES\" align=\"justify\"><span style=\"font-family: Calibri, serif;\"><span style=\"font-size: medium;\">Taller\/Xerrada<\/span><\/span><\/p>\n<\/td>\n<td style=\"background: #d6e3bc;\" bgcolor=\"#d6e3bc\" width=\"494\">\n<p lang=\"ca-ES\" align=\"justify\"><span style=\"font-size: medium;\"><span style=\"font-family: Calibri, serif;\">Data aproximada <\/span><span style=\"color: #0070c0;\"><span style=\"font-family: Calibri, serif;\">PROPOSTA<\/span><\/span><\/span><\/p>\n<\/td>\n<\/tr>\n<tr>\n<td width=\"310\" height=\"10\">\n<p lang=\"ca-ES\" align=\"justify\"><span style=\"font-family: Calibri, serif;\"><span style=\"font-size: medium;\">Teatre debat<\/span><\/span><\/p>\n<\/td>\n<td width=\"494\">\n<p lang=\"ca-ES\" align=\"justify\">\u201c<span style=\"font-size: medium;\"><span style=\"font-family: Calibri, serif;\"><i>La Muntanya\u201d<\/i><\/span><span style=\"font-family: Calibri, serif;\"> &#8211; 1r trimestre<\/span><\/span><\/p>\n<\/td>\n<\/tr>\n<tr>\n<td width=\"310\" height=\"10\">\n<p lang=\"ca-ES\" align=\"justify\"><span style=\"font-family: Calibri, serif;\"><span style=\"font-size: medium;\">Taller educaci\u00f3 emocional<\/span><\/span><\/p>\n<\/td>\n<td width=\"494\">\n<p lang=\"ca-ES\" align=\"justify\"><span style=\"font-family: Calibri, serif;\"><span style=\"font-size: medium;\">Setembre\/novembre 2023<\/span><\/span><\/p>\n<p lang=\"ca-ES\" align=\"justify\"><span style=\"font-family: Calibri, serif;\"><span style=\"font-size: medium;\">4 sessions de 2h a 1rA<\/span><\/span><\/p>\n<p lang=\"ca-ES\" align=\"justify\"><span style=\"font-family: Calibri, serif;\"><span style=\"font-size: medium;\">4 sessions de 2h a 1rB<\/span><\/span><\/p>\n<\/td>\n<\/tr>\n<tr>\n<td width=\"310\" height=\"3\">\n<p lang=\"ca-ES\" align=\"justify\"><span style=\"font-family: Calibri, serif;\"><span style=\"font-size: medium;\">La Marat\u00f3 de TV3<\/span><\/span><\/p>\n<\/td>\n<td width=\"494\">\n<p lang=\"ca-ES\" align=\"justify\"><span style=\"font-family: Calibri, serif;\"><span style=\"font-size: medium;\">Desembre 23<\/span><\/span><\/p>\n<\/td>\n<\/tr>\n<tr>\n<td width=\"310\" height=\"4\">\n<p lang=\"ca-ES\" align=\"left\">\u201c<span style=\"font-family: Calibri, serif;\"><span style=\"font-size: medium;\"><i>Compet\u00e8ncies personals i socials\u201d<\/i><\/span><\/span><\/p>\n<p lang=\"ca-ES\" align=\"left\"><span style=\"font-family: Calibri, serif;\"><span style=\"font-size: medium;\">(Xerrada de la Diputaci\u00f3)<\/span><\/span><\/p>\n<\/td>\n<td width=\"494\">\n<p lang=\"ca-ES\" align=\"justify\"><span style=\"font-family: Calibri, serif;\"><span style=\"font-size: medium;\">A concretar<\/span><\/span><\/p>\n<\/td>\n<\/tr>\n<\/tbody>\n<\/table>\n<\/dd>\n<\/dl>\n<p>&nbsp;<\/p>\n<p style=\"text-align: left; padding-left: 280px;\" align=\"center\"><span style=\"font-size: medium;\"><b>2n d\u2019ESO<\/b><\/span><\/p>\n<dl>\n<dd>\n<table width=\"849\" cellspacing=\"0\" cellpadding=\"11\">\n<tbody>\n<tr>\n<td style=\"background: #d6e3bc;\" bgcolor=\"#d6e3bc\" width=\"352\" height=\"13\">\n<p lang=\"ca-ES\" align=\"justify\"><span style=\"font-family: Calibri, serif;\"><span style=\"font-size: medium;\">Taller\/Xerrada<\/span><\/span><\/p>\n<\/td>\n<td style=\"background: #d6e3bc;\" bgcolor=\"#d6e3bc\" width=\"451\">\n<p lang=\"ca-ES\" align=\"justify\"><span style=\"font-family: Calibri, serif;\"><span style=\"font-size: medium;\">Data aproximada<\/span><\/span><\/p>\n<\/td>\n<\/tr>\n<tr>\n<td width=\"352\" height=\"15\">\n<p lang=\"ca-ES\" align=\"justify\"><span style=\"font-family: Calibri, serif;\"><span style=\"font-size: medium;\">Teatre debat<\/span><\/span><\/p>\n<\/td>\n<td width=\"451\">\n<p lang=\"ca-ES\" align=\"justify\">\u201c<span style=\"font-size: medium;\"><span style=\"font-family: Calibri, serif;\"><i>Perfil d\u2019\u00e8xit\u201d<\/i><\/span><span style=\"font-family: Calibri, serif;\"> &#8211; 2n trimestre<\/span><\/span><\/p>\n<\/td>\n<\/tr>\n<tr>\n<td width=\"352\" height=\"3\">\n<p lang=\"ca-ES\" align=\"justify\">\u201c<span style=\"font-size: medium;\"><span style=\"font-family: Calibri, serif;\"><i>Pantalles i xarxes socials<\/i><\/span><span style=\"font-family: Calibri, serif;\">\u201d<\/span><\/span><\/p>\n<p lang=\"ca-ES\" align=\"justify\"><span style=\"font-family: Calibri, serif;\"><span style=\"font-size: medium;\">(Xerrada de la Diputaci\u00f3)<\/span><\/span><\/p>\n<\/td>\n<td width=\"451\">\n<p lang=\"ca-ES\" align=\"justify\"><span style=\"font-family: Calibri, serif;\"><span style=\"font-size: medium;\">11 d\u2019octubre<\/span><\/span><\/p>\n<\/td>\n<\/tr>\n<tr>\n<td width=\"352\" height=\"5\">\n<p lang=\"ca-ES\" align=\"justify\"><span style=\"font-family: Calibri, serif;\"><span style=\"font-size: medium;\">La Marat\u00f3 de TV3<\/span><\/span><\/p>\n<\/td>\n<td width=\"451\">\n<p lang=\"ca-ES\" align=\"justify\"><span style=\"font-family: Calibri, serif;\"><span style=\"font-size: medium;\">Desembre 2023<\/span><\/span><\/p>\n<\/td>\n<\/tr>\n<tr>\n<td width=\"352\" height=\"3\">\n<p lang=\"ca-ES\" align=\"justify\">\u201c<span style=\"font-family: Calibri, serif;\"><span style=\"font-size: medium;\"><i>Descobrim les sexualitats\u201d<\/i><\/span><\/span><\/p>\n<p lang=\"ca-ES\" align=\"justify\"><span style=\"font-family: Calibri, serif;\"><span style=\"font-size: medium;\">(Xerrada de la Diputaci\u00f3)<\/span><\/span><\/p>\n<\/td>\n<td width=\"451\">\n<p lang=\"ca-ES\" align=\"justify\"><span style=\"font-family: Calibri, serif;\"><span style=\"font-size: medium;\">A concretar<\/span><\/span><\/p>\n<\/td>\n<\/tr>\n<tr>\n<td width=\"352\" height=\"2\">\n<p lang=\"ca-ES\" align=\"justify\"><span style=\"font-family: Calibri, serif;\"><span style=\"font-size: medium;\">Mossos d\u2019esquadra. Perills xarxes socials?<\/span><\/span><\/p>\n<\/td>\n<td width=\"451\">\n<p lang=\"ca-ES\" align=\"justify\"><span style=\"font-family: Calibri, serif;\"><span style=\"font-size: medium;\">Projecte 3r trimestre<\/span><\/span><\/p>\n<\/td>\n<\/tr>\n<\/tbody>\n<\/table>\n<\/dd>\n<\/dl>\n<p>&nbsp;<\/p>\n<p style=\"text-align: left; padding-left: 240px;\" align=\"center\"><span style=\"font-size: medium;\"><b>3r d\u2019ESO + A<\/b><\/span><span style=\"font-size: medium;\"><b>ula Natura<\/b><\/span><\/p>\n<dl>\n<dd>\n<table width=\"847\" cellspacing=\"0\" cellpadding=\"11\">\n<tbody>\n<tr>\n<td style=\"background: #d6e3bc;\" bgcolor=\"#d6e3bc\" width=\"361\" height=\"13\">\n<p lang=\"ca-ES\" align=\"justify\"><span style=\"font-family: Calibri, serif;\"><span style=\"font-size: medium;\">Taller\/Xerrada<\/span><\/span><\/p>\n<\/td>\n<td style=\"background: #d6e3bc;\" bgcolor=\"#d6e3bc\" width=\"440\">\n<p lang=\"ca-ES\" align=\"justify\"><span style=\"font-family: Calibri, serif;\"><span style=\"font-size: medium;\">Data aproximada<\/span><\/span><\/p>\n<\/td>\n<\/tr>\n<tr>\n<td width=\"361\" height=\"13\">\n<p lang=\"ca-ES\" align=\"justify\"><span style=\"font-family: Calibri, serif;\"><span style=\"font-size: medium;\">Teatre debat<\/span><\/span><\/p>\n<\/td>\n<td width=\"440\">\n<p lang=\"ca-ES\" align=\"left\">\u201c<span style=\"font-size: medium;\"><span style=\"font-family: Calibri, serif;\"><i>Jess\u201d<\/i><\/span><span style=\"font-family: Calibri, serif;\"> &#8211; 2n trimestre<\/span><\/span><\/p>\n<\/td>\n<\/tr>\n<tr>\n<td width=\"361\" height=\"13\">\n<p lang=\"ca-ES\" align=\"justify\"><span style=\"font-family: Calibri, serif;\"><span style=\"font-size: medium;\">Taller educaci\u00f3 emocional<\/span><\/span><\/p>\n<\/td>\n<td width=\"440\">\n<p lang=\"ca-ES\" align=\"justify\"><span style=\"font-family: Calibri, serif;\"><span style=\"font-size: medium;\">octubre\/novembre 2023<\/span><\/span><\/p>\n<p lang=\"ca-ES\" align=\"justify\"><span style=\"font-family: Calibri, serif;\"><span style=\"font-size: medium;\">3 sessions de 2h a 3rA<\/span><\/span><\/p>\n<p lang=\"ca-ES\" align=\"justify\"><span style=\"font-family: Calibri, serif;\"><span style=\"font-size: medium;\">3 sessions de 2h a 3rB<\/span><\/span><\/p>\n<\/td>\n<\/tr>\n<tr>\n<td width=\"361\" height=\"13\">\n<p lang=\"ca-ES\" align=\"justify\">\u201c<span style=\"font-family: Calibri, serif;\"><span style=\"font-size: medium;\"><i>I tu, qu\u00e8 fas davant del tabac?\u201d<\/i><\/span><\/span><\/p>\n<p lang=\"ca-ES\" align=\"justify\"><span style=\"font-family: Calibri, serif;\"><span style=\"font-size: medium;\">(Xerrada Diputaci\u00f3)<\/span><\/span><\/p>\n<\/td>\n<td width=\"440\">\n<p lang=\"ca-ES\" align=\"justify\"><span style=\"font-family: Calibri, serif;\"><span style=\"font-size: medium;\">A concretar<\/span><\/span><\/p>\n<\/td>\n<\/tr>\n<tr>\n<td width=\"361\" height=\"13\">\n<p lang=\"ca-ES\" align=\"justify\"><span style=\"font-family: Calibri, serif;\"><span style=\"font-size: medium;\">La Marat\u00f3 de TV3<\/span><\/span><\/p>\n<\/td>\n<td width=\"440\">\n<p lang=\"ca-ES\" align=\"justify\"><span style=\"font-family: Calibri, serif;\"><span style=\"font-size: medium;\">Desembre 23<\/span><\/span><\/p>\n<\/td>\n<\/tr>\n<tr>\n<td width=\"361\" height=\"4\">\n<p lang=\"ca-ES\" align=\"justify\">\u201c<span style=\"font-family: Calibri, serif;\"><span style=\"font-size: medium;\"><i>Sexualitat Sana i Plaent\u201d<\/i><\/span><\/span><\/p>\n<p lang=\"ca-ES\" align=\"justify\"><span style=\"font-family: Calibri, serif;\"><span style=\"font-size: medium;\">(Xerrada Diputaci\u00f3)<\/span><\/span><\/p>\n<\/td>\n<td width=\"440\">\n<p lang=\"ca-ES\" align=\"justify\"><span style=\"font-family: Calibri, serif;\"><span style=\"font-size: medium;\">A concretar<\/span><\/span><\/p>\n<\/td>\n<\/tr>\n<\/tbody>\n<\/table>\n<\/dd>\n<\/dl>\n<p>&nbsp;<\/p>\n<p style=\"text-align: left; padding-left: 240px;\" align=\"center\"><span style=\"font-size: medium;\"><b>4t d\u2019ESO + A<\/b><\/span><span style=\"font-size: medium;\"><b>ula <\/b><\/span><span style=\"font-size: medium;\"><b>N<\/b><\/span><span style=\"font-size: medium;\"><b>atura<\/b><\/span><\/p>\n<dl>\n<dd>\n<table style=\"width: 84.2538%; height: 987px;\" width=\"632\" cellspacing=\"0\" cellpadding=\"11\">\n<tbody>\n<tr>\n<td style=\"background: #d6e3bc; width: 52.3885%;\" bgcolor=\"#d6e3bc\" width=\"309\" height=\"13\">\n<dl>\n<dd>\n<table width=\"794\" cellspacing=\"0\" cellpadding=\"11\">\n<tbody>\n<tr>\n<td style=\"background: #d6e3bc;\" bgcolor=\"#d6e3bc\" width=\"374\" height=\"13\">\n<p lang=\"ca-ES\" align=\"justify\"><span style=\"font-family: Calibri, serif;\"><span style=\"font-size: medium;\">Taller\/Xerrada<\/span><\/span><\/p>\n<\/td>\n<td style=\"background: #d6e3bc;\" bgcolor=\"#d6e3bc\" width=\"374\">\n<p lang=\"ca-ES\" align=\"justify\"><span style=\"font-family: Calibri, serif;\"><span style=\"font-size: medium;\">Data aproximada<\/span><\/span><\/p>\n<\/td>\n<\/tr>\n<tr>\n<td width=\"374\" height=\"33\">\n<p lang=\"ca-ES\" align=\"justify\"><span style=\"font-family: Calibri, serif;\"><span style=\"font-size: medium;\">Teatre debat<\/span><\/span><\/p>\n<\/td>\n<td width=\"374\">\n<p lang=\"ca-ES\" align=\"justify\">\u201c<span style=\"font-size: medium;\"><span style=\"font-family: Calibri, serif;\"><i>La corda\u201d<\/i><\/span><span style=\"font-family: Calibri, serif;\"> 1r Trimestre<\/span><\/span><\/p>\n<\/td>\n<\/tr>\n<tr>\n<td width=\"374\" height=\"5\">\n<p lang=\"ca-ES\" align=\"justify\">\u201c<span style=\"font-family: Calibri, serif;\"><span style=\"font-size: medium;\"><i>Desmitifiquem l\u2019Alcohol\u201d<\/i><\/span><\/span><\/p>\n<p lang=\"ca-ES\" align=\"justify\"><span style=\"font-family: Calibri, serif;\"><span style=\"font-size: medium;\">(Xerrada de la Diputaci\u00f3)<\/span><\/span><\/p>\n<\/td>\n<td width=\"374\">\n<p lang=\"ca-ES\" align=\"justify\"><span style=\"font-family: Calibri, serif;\"><span style=\"font-size: medium;\">12 de setembre 2023<\/span><\/span><\/p>\n<\/td>\n<\/tr>\n<tr>\n<td width=\"374\" height=\"4\">\n<p lang=\"ca-ES\" align=\"justify\"><span style=\"font-family: Calibri, serif;\"><span style=\"font-size: medium;\">La Marat\u00f3 de TV3<\/span><\/span><\/p>\n<\/td>\n<td width=\"374\">\n<p lang=\"ca-ES\" align=\"justify\"><span style=\"font-family: Calibri, serif;\"><span style=\"font-size: medium;\">Desembre 2023<\/span><\/span><\/p>\n<\/td>\n<\/tr>\n<\/tbody>\n<\/table>\n<\/dd>\n<\/dl>\n<\/td>\n<td style=\"background: #d6e3bc; width: 47.1338%;\" bgcolor=\"#d6e3bc\" width=\"278\"><\/td>\n<\/tr>\n<tr>\n<td style=\"width: 99.5223%;\" colspan=\"2\" width=\"608\" height=\"3\">\n<p align=\"justify\"><span style=\"font-family: Calibri, serif;\"><span style=\"font-size: small;\"><span style=\"color: #76923c;\"><b>Orientaci\u00f3 postobligat\u00f2ria PdR (el centre pot demanar una quota addicional depenent del cost dels despla\u00e7aments en situaci\u00f3 COVID)<\/b><\/span><\/span><\/span><\/p>\n<\/td>\n<\/tr>\n<tr>\n<td style=\"width: 52.3885%;\" width=\"309\" height=\"3\">\n<dl>\n<dd>\n<table width=\"794\" cellspacing=\"0\" cellpadding=\"11\">\n<tbody>\n<tr>\n<td width=\"374\" height=\"2\">\n<p lang=\"ca-ES\" align=\"justify\"><span style=\"font-family: Calibri, serif;\"><span style=\"font-size: medium;\">Xerrada INS Moian\u00e8s<\/span><\/span><\/p>\n<\/td>\n<td width=\"374\">\n<p lang=\"ca-ES\" align=\"justify\"><span style=\"font-family: Calibri, serif;\"><span style=\"font-size: medium;\">Mar\u00e7<\/span><\/span><\/p>\n<\/td>\n<\/tr>\n<tr>\n<td width=\"374\" height=\"3\">\n<p lang=\"ca-ES\" align=\"justify\"><span style=\"font-family: Calibri, serif;\"><span style=\"font-size: medium;\">Xerrada\/Visita a l\u2019INS Manolo Hugu\u00e9<\/span><\/span><\/p>\n<\/td>\n<td width=\"374\">\n<p lang=\"ca-ES\" align=\"justify\"><span style=\"font-family: Calibri, serif;\"><span style=\"font-size: medium;\">Mar\u00e7<\/span><\/span><\/p>\n<\/td>\n<\/tr>\n<tr>\n<td width=\"374\" height=\"3\">\n<p lang=\"ca-ES\" align=\"justify\"><span style=\"font-family: Calibri, serif;\"><span style=\"font-size: medium;\">Xerrada l\u2019INS Vall del Tenes<\/span><\/span><\/p>\n<\/td>\n<td width=\"374\">\n<p lang=\"ca-ES\" align=\"justify\"><span style=\"font-family: Calibri, serif;\"><span style=\"font-size: medium;\">Mar\u00e7<\/span><\/span><\/p>\n<\/td>\n<\/tr>\n<tr>\n<td width=\"374\" height=\"3\">\n<p lang=\"ca-ES\" align=\"justify\"><span style=\"font-family: Calibri, serif;\"><span style=\"font-size: medium;\">Xerrada\/Visita a l\u2019INS EMT Granollers<\/span><\/span><\/p>\n<\/td>\n<td width=\"374\">\n<p lang=\"ca-ES\" align=\"justify\"><span style=\"font-family: Calibri, serif;\"><span style=\"font-size: medium;\">Mar\u00e7<\/span><\/span><\/p>\n<\/td>\n<\/tr>\n<tr>\n<td width=\"374\" height=\"2\">\n<p lang=\"ca-ES\" align=\"justify\"><span style=\"font-family: Calibri, serif;\"><span style=\"font-size: medium;\">Visita Sal\u00f3 de l\u2019Ensenyament<\/span><\/span><\/p>\n<\/td>\n<td width=\"374\">\n<p lang=\"ca-ES\" align=\"justify\"><span style=\"font-family: Calibri, serif;\"><span style=\"font-size: medium;\">Mar\u00e7-Abril<\/span><\/span><\/p>\n<\/td>\n<\/tr>\n<\/tbody>\n<\/table>\n<\/dd>\n<\/dl>\n<\/td>\n<td style=\"width: 47.1338%;\" width=\"278\"><\/td>\n<\/tr>\n<tr>\n<td style=\"width: 52.3885%;\" width=\"309\" height=\"2\"><\/td>\n<td style=\"width: 47.1338%;\" width=\"278\">\n<p align=\"justify\"><span style=\"font-family: Calibri, serif;\"><span style=\"font-size: small;\">Mar\u00e7-Abril<\/span><\/span><\/p>\n<\/td>\n<\/tr>\n<\/tbody>\n<\/table>\n<pre>Data d'actualitzaci\u00f3: 03\/10\/2023<\/pre>\n<\/dd>\n<\/dl>\n","protected":false},"excerpt":{"rendered":"<p><a href=\"https:\/\/agora.xtec.cat\/sesmcarrascoformiguera-sfc\/linstitut-calendari-del-curs-calendari-de-tallers-i-xerrades\/\">Calendari de tallers i xerrades 2023\/2024<\/a><a href=\"https:\/\/agora.xtec.cat\/sesmcarrascoformiguera-sfc\/linstitut-calendari-del-curs-calendari-de-tallers-i-xerrades\/\">:<\/a><br \/>\n1r d\u2019ESO<\/p>\n<p>Taller\/Xerrada<\/p>\n<p>Data aproximada PROPOSTA<\/p>\n<p>Teatre debat<\/p>\n<p>\u201cLa Muntanya\u201d &#8211; 1r trimestre<\/p>\n<p>Taller educaci\u00f3 emocional<\/p>\n<p>Setembre\/novembre 2023<br \/>\n4 sessions de 2h a 1rA<br \/>\n4 sessions de 2h a 1rB<\/p>\n<p>La Marat\u00f3 de TV3<\/p>\n<p>Desembre 23<\/p>\n<p>\u201cCompet\u00e8ncies personals i socials\u201d<br \/>\n(Xerrada de la Diputaci\u00f3)<\/p>\n<p>A concretar<\/p>\n<p>&nbsp;<br \/>\n2n d\u2019ESO<\/p>\n<p>Taller\/Xerrada<\/p>\n<p>Data aproximada<\/p>\n<p>Teatre debat<\/p>\n<p>\u201cPerfil d\u2019\u00e8xit\u201d &#8211;&hellip;  <a href=\"https:\/\/agora.xtec.cat\/sesmcarrascoformiguera-sfc\/informacions-per-a-les-families\/calendari-del-curs\/calendari-dactivitats\/\" title=\"Read Calendari de tallers i xerrades\">Llegeix m\u00e9s\u00bb<\/a><\/p>\n","protected":false},"author":1,"featured_media":0,"parent":52,"menu_order":2,"comment_status":"closed","ping_status":"closed","template":"page-templates\/side-menu.php","meta":{"_bbp_topic_count":0,"_bbp_reply_count":0,"_bbp_total_topic_count":0,"_bbp_total_reply_count":0,"_bbp_voice_count":0,"_bbp_anonymous_reply_count":0,"_bbp_topic_count_hidden":0,"_bbp_reply_count_hidden":0,"_bbp_forum_subforum_count":0,"footnotes":""},"class_list":["post-3122","page","type-page","status-publish","hentry"],"post_mailing_queue_ids":[],"_links":{"self":[{"href":"https:\/\/agora.xtec.cat\/sesmcarrascoformiguera-sfc\/wp-json\/wp\/v2\/pages\/3122","targetHints":{"allow":["GET"]}}],"collection":[{"href":"https:\/\/agora.xtec.cat\/sesmcarrascoformiguera-sfc\/wp-json\/wp\/v2\/pages"}],"about":[{"href":"https:\/\/agora.xtec.cat\/sesmcarrascoformiguera-sfc\/wp-json\/wp\/v2\/types\/page"}],"author":[{"embeddable":true,"href":"https:\/\/agora.xtec.cat\/sesmcarrascoformiguera-sfc\/wp-json\/wp\/v2\/users\/1"}],"replies":[{"embeddable":true,"href":"https:\/\/agora.xtec.cat\/sesmcarrascoformiguera-sfc\/wp-json\/wp\/v2\/comments?post=3122"}],"version-history":[{"count":6,"href":"https:\/\/agora.xtec.cat\/sesmcarrascoformiguera-sfc\/wp-json\/wp\/v2\/pages\/3122\/revisions"}],"predecessor-version":[{"id":5292,"href":"https:\/\/agora.xtec.cat\/sesmcarrascoformiguera-sfc\/wp-json\/wp\/v2\/pages\/3122\/revisions\/5292"}],"up":[{"embeddable":true,"href":"https:\/\/agora.xtec.cat\/sesmcarrascoformiguera-sfc\/wp-json\/wp\/v2\/pages\/52"}],"wp:attachment":[{"href":"https:\/\/agora.xtec.cat\/sesmcarrascoformiguera-sfc\/wp-json\/wp\/v2\/media?parent=3122"}],"curies":[{"name":"wp","href":"https:\/\/api.w.org\/{rel}","templated":true}]}}