{"id":3117,"date":"2019-11-23T15:01:19","date_gmt":"2019-11-23T14:01:19","guid":{"rendered":"http:\/\/agora.xtec.cat\/sesmcarrascoformiguera-sfc\/?page_id=3117"},"modified":"2024-09-03T19:42:39","modified_gmt":"2024-09-03T17:42:39","slug":"informacions-per-a-les-families","status":"publish","type":"page","link":"https:\/\/agora.xtec.cat\/sesmcarrascoformiguera-sfc\/informacions-per-a-les-families\/","title":{"rendered":"Informaci\u00f3 per a les fam\u00edlies"},"content":{"rendered":"<p>Teniu tot un seguit d&#8217;informaci\u00f3 del vostre inter\u00e8s.<\/p>\n<p><a href=\"https:\/\/agora.xtec.cat\/sesmcarrascoformiguera-sfc\/informacions-per-a-les-families\/horaris\/\">Horaris<\/a><\/p>\n<p><a href=\"https:\/\/agora.xtec.cat\/sesmcarrascoformiguera-sfc\/informacions-per-a-les-families\/calendari-del-curs\/\">Calendari del curs<\/a><\/p>\n<p><a href=\"https:\/\/agora.xtec.cat\/sesmcarrascoformiguera-sfc\/informacions-per-a-les-families\/llibres-de-text\/\">Llibres de text<\/a><\/p>\n<p><a href=\"https:\/\/agora.xtec.cat\/sesmcarrascoformiguera-sfc\/informacions-per-a-les-families\/contacte-de-tutories\/\">Contacte de tutories<\/a><\/p>\n<p><a style=\"color: #2795b6;\" href=\"https:\/\/agora.xtec.cat\/sesmcarrascoformiguera-sfc\/informacions-per-a-les-families\/it-escola\/\">IT Escola<\/a><\/p>\n<p><a href=\"https:\/\/agora.xtec.cat\/sesmcarrascoformiguera-sfc\/wp-content\/uploads\/usu981\/2024\/09\/Dossier-alumnat-generic.pdf\">Normes de Funcionament i Organitzaci\u00f3 del Centre (NOFC)<\/a><\/p>\n<p><a href=\"https:\/\/agora.xtec.cat\/sesmcarrascoformiguera-sfc\/informacions-per-a-les-families\/projectes-i-credits-de-sintesi\/\">Projectes i cr\u00e8dits de s\u00edntesi<\/a><\/p>\n<p><a href=\"https:\/\/agora.xtec.cat\/sesmcarrascoformiguera-sfc\/informacions-per-a-les-families\/informacions\/\">Cartes, justificants i altres<\/a><\/p>\n<p><a href=\"https:\/\/agora.xtec.cat\/sesmcarrascoformiguera-sfc\/informacions-per-a-les-families\/nova-matricula\/\">Nova matr\u00edcula<\/a><\/p>\n<p><a href=\"https:\/\/educacio.gencat.cat\/ca\/serveis-tramits\/beques\/ajuts-nese\/\">Ajuts per a alumnes amb necessitat espec\u00edfica de suport educatiu<\/a>\u00a0(enlla\u00e7 a gencat.cat)<\/p>\n","protected":false},"excerpt":{"rendered":"<p>Teniu tot un seguit d&#8217;informaci\u00f3 del vostre inter\u00e8s.<br \/>\n<a href=\"https:\/\/agora.xtec.cat\/sesmcarrascoformiguera-sfc\/informacions-per-a-les-families\/horaris\/\">Horaris<\/a><br \/>\n<a href=\"https:\/\/agora.xtec.cat\/sesmcarrascoformiguera-sfc\/informacions-per-a-les-families\/calendari-del-curs\/\">Calendari del curs<\/a><br \/>\n<a href=\"https:\/\/agora.xtec.cat\/sesmcarrascoformiguera-sfc\/informacions-per-a-les-families\/llibres-de-text\/\">Llibres de text<\/a><br \/>\n<a href=\"https:\/\/agora.xtec.cat\/sesmcarrascoformiguera-sfc\/informacions-per-a-les-families\/contacte-de-tutories\/\">Contacte de tutories<\/a><br \/>\n<a style=\"color: #2795b6;\" href=\"https:\/\/agora.xtec.cat\/sesmcarrascoformiguera-sfc\/informacions-per-a-les-families\/it-escola\/\">IT Escola<\/a><br \/>\n<a href=\"https:\/\/agora.xtec.cat\/sesmcarrascoformiguera-sfc\/wp-content\/uploads\/usu981\/2024\/09\/Dossier-alumnat-generic.pdf\">Normes de Funcionament i Organitzaci\u00f3 del Centre (NOFC)<\/a><br \/>\n<a href=\"https:\/\/agora.xtec.cat\/sesmcarrascoformiguera-sfc\/informacions-per-a-les-families\/projectes-i-credits-de-sintesi\/\">Projectes i cr\u00e8dits de s\u00edntesi<\/a><br \/>\n<a href=\"https:\/\/agora.xtec.cat\/sesmcarrascoformiguera-sfc\/informacions-per-a-les-families\/informacions\/\">Cartes, justificants i altres<\/a><br \/>\n<a href=\"https:\/\/agora.xtec.cat\/sesmcarrascoformiguera-sfc\/informacions-per-a-les-families\/nova-matricula\/\">Nova matr\u00edcula<\/a><br \/>\n<a href=\"https:\/\/educacio.gencat.cat\/ca\/serveis-tramits\/beques\/ajuts-nese\/\">Ajuts per a alumnes&hellip;  <a href=\"https:\/\/agora.xtec.cat\/sesmcarrascoformiguera-sfc\/informacions-per-a-les-families\/\" title=\"Read Informaci\u00f3 per a les fam\u00edlies\">Llegeix m\u00e9s\u00bb<\/a><\/p>\n","protected":false},"author":1,"featured_media":0,"parent":0,"menu_order":8,"comment_status":"closed","ping_status":"closed","template":"page-templates\/side-menu.php","meta":{"_bbp_topic_count":0,"_bbp_reply_count":0,"_bbp_total_topic_count":0,"_bbp_total_reply_count":0,"_bbp_voice_count":0,"_bbp_anonymous_reply_count":0,"_bbp_topic_count_hidden":0,"_bbp_reply_count_hidden":0,"_bbp_forum_subforum_count":0,"footnotes":""},"class_list":["post-3117","page","type-page","status-publish","hentry"],"post_mailing_queue_ids":[],"_links":{"self":[{"href":"https:\/\/agora.xtec.cat\/sesmcarrascoformiguera-sfc\/wp-json\/wp\/v2\/pages\/3117","targetHints":{"allow":["GET"]}}],"collection":[{"href":"https:\/\/agora.xtec.cat\/sesmcarrascoformiguera-sfc\/wp-json\/wp\/v2\/pages"}],"about":[{"href":"https:\/\/agora.xtec.cat\/sesmcarrascoformiguera-sfc\/wp-json\/wp\/v2\/types\/page"}],"author":[{"embeddable":true,"href":"https:\/\/agora.xtec.cat\/sesmcarrascoformiguera-sfc\/wp-json\/wp\/v2\/users\/1"}],"replies":[{"embeddable":true,"href":"https:\/\/agora.xtec.cat\/sesmcarrascoformiguera-sfc\/wp-json\/wp\/v2\/comments?post=3117"}],"version-history":[{"count":6,"href":"https:\/\/agora.xtec.cat\/sesmcarrascoformiguera-sfc\/wp-json\/wp\/v2\/pages\/3117\/revisions"}],"predecessor-version":[{"id":5862,"href":"https:\/\/agora.xtec.cat\/sesmcarrascoformiguera-sfc\/wp-json\/wp\/v2\/pages\/3117\/revisions\/5862"}],"wp:attachment":[{"href":"https:\/\/agora.xtec.cat\/sesmcarrascoformiguera-sfc\/wp-json\/wp\/v2\/media?parent=3117"}],"curies":[{"name":"wp","href":"https:\/\/api.w.org\/{rel}","templated":true}]}}