{"id":3114,"date":"2019-11-23T14:57:38","date_gmt":"2019-11-23T13:57:38","guid":{"rendered":"http:\/\/agora.xtec.cat\/sesmcarrascoformiguera-sfc\/?page_id=3114"},"modified":"2024-05-21T13:11:20","modified_gmt":"2024-05-21T11:11:20","slug":"convenis-sota-pressupost-2019","status":"publish","type":"page","link":"https:\/\/agora.xtec.cat\/sesmcarrascoformiguera-sfc\/secretaria\/convenis-sota-pressupost-2019\/","title":{"rendered":"Convenis"},"content":{"rendered":"<p><a href=\"https:\/\/agora.xtec.cat\/sesmcarrascoformiguera-sfc\/wp-content\/uploads\/usu981\/2023\/09\/SANTFELIUCODINES_I_CARRASCO_FORMIGUERA_PROTECCIODADES.pdf\">Contracte d&#8217;enc\u00e0rrec per al tractament de dades de car\u00e0cter personal entre l\u2019Administraci\u00f3 de la Generalitat de Catalunya, mitjan\u00e7ant el Departament d\u2019Educaci\u00f3, i l\u2019Ajuntament de Sant Feliu de Codines per al desenvolupament del projecte singular Galaieta, per als cursos del 2023-2024 al 2026-2027<\/a><\/p>\n<p><a href=\"https:\/\/agora.xtec.cat\/sesmcarrascoformiguera-sfc\/wp-content\/uploads\/usu981\/2023\/09\/SANTFELIUCODINES_I_CARRASCO_FORMIGUERA_CONVENI.pdf\">Col\u00b7laboraci\u00f3 entre l&#8217;administraci\u00f3 de la Generalitat de Catalunya, mitjan\u00e7ant el Departament d&#8217;Educaci\u00f3, i l&#8217;Ajuntament de Sant Feliu de Codines per al desenvolupament del projecte singular Galaieta, per als cursos del 2023-2024 al 2026-2027<\/a><\/p>\n<pre>Data d'actualitzaci\u00f3: 21\/05\/2023<\/pre>\n","protected":false},"excerpt":{"rendered":"<p><a href=\"https:\/\/agora.xtec.cat\/sesmcarrascoformiguera-sfc\/wp-content\/uploads\/usu981\/2023\/09\/SANTFELIUCODINES_I_CARRASCO_FORMIGUERA_PROTECCIODADES.pdf\">Contracte d&#8217;enc\u00e0rrec per al tractament de dades de car\u00e0cter personal entre l\u2019Administraci\u00f3 de la Generalitat de Catalunya, mitjan\u00e7ant el Departament d\u2019Educaci\u00f3, i l\u2019Ajuntament de Sant Feliu de Codines per al desenvolupament del projecte singular Galaieta, per als cursos del 2023-2024 al 2026-2027<\/a><br \/>\n<a href=\"https:\/\/agora.xtec.cat\/sesmcarrascoformiguera-sfc\/wp-content\/uploads\/usu981\/2023\/09\/SANTFELIUCODINES_I_CARRASCO_FORMIGUERA_CONVENI.pdf\">Col\u00b7laboraci\u00f3 entre&hellip;  <a href=\"https:\/\/agora.xtec.cat\/sesmcarrascoformiguera-sfc\/secretaria\/convenis-sota-pressupost-2019\/\" title=\"Read Convenis\">Llegeix m\u00e9s\u00bb<\/a><\/p>\n","protected":false},"author":1,"featured_media":0,"parent":81,"menu_order":1,"comment_status":"closed","ping_status":"closed","template":"page-templates\/side-menu.php","meta":{"_bbp_topic_count":0,"_bbp_reply_count":0,"_bbp_total_topic_count":0,"_bbp_total_reply_count":0,"_bbp_voice_count":0,"_bbp_anonymous_reply_count":0,"_bbp_topic_count_hidden":0,"_bbp_reply_count_hidden":0,"_bbp_forum_subforum_count":0,"footnotes":""},"class_list":["post-3114","page","type-page","status-publish","hentry"],"post_mailing_queue_ids":[],"_links":{"self":[{"href":"https:\/\/agora.xtec.cat\/sesmcarrascoformiguera-sfc\/wp-json\/wp\/v2\/pages\/3114","targetHints":{"allow":["GET"]}}],"collection":[{"href":"https:\/\/agora.xtec.cat\/sesmcarrascoformiguera-sfc\/wp-json\/wp\/v2\/pages"}],"about":[{"href":"https:\/\/agora.xtec.cat\/sesmcarrascoformiguera-sfc\/wp-json\/wp\/v2\/types\/page"}],"author":[{"embeddable":true,"href":"https:\/\/agora.xtec.cat\/sesmcarrascoformiguera-sfc\/wp-json\/wp\/v2\/users\/1"}],"replies":[{"embeddable":true,"href":"https:\/\/agora.xtec.cat\/sesmcarrascoformiguera-sfc\/wp-json\/wp\/v2\/comments?post=3114"}],"version-history":[{"count":5,"href":"https:\/\/agora.xtec.cat\/sesmcarrascoformiguera-sfc\/wp-json\/wp\/v2\/pages\/3114\/revisions"}],"predecessor-version":[{"id":5596,"href":"https:\/\/agora.xtec.cat\/sesmcarrascoformiguera-sfc\/wp-json\/wp\/v2\/pages\/3114\/revisions\/5596"}],"up":[{"embeddable":true,"href":"https:\/\/agora.xtec.cat\/sesmcarrascoformiguera-sfc\/wp-json\/wp\/v2\/pages\/81"}],"wp:attachment":[{"href":"https:\/\/agora.xtec.cat\/sesmcarrascoformiguera-sfc\/wp-json\/wp\/v2\/media?parent=3114"}],"curies":[{"name":"wp","href":"https:\/\/api.w.org\/{rel}","templated":true}]}}