{"id":3105,"date":"2019-11-20T16:17:42","date_gmt":"2019-11-20T15:17:42","guid":{"rendered":"http:\/\/agora.xtec.cat\/sesmcarrascoformiguera-sfc\/?page_id=3105"},"modified":"2024-09-03T19:42:14","modified_gmt":"2024-09-03T17:42:14","slug":"trajectoria-professional-dels-membres-de-lequip-directiu","status":"publish","type":"page","link":"https:\/\/agora.xtec.cat\/sesmcarrascoformiguera-sfc\/linstitut\/organigrama\/trajectoria-professional-dels-membres-de-lequip-directiu\/","title":{"rendered":"Traject\u00f2ria professional dels membres de l&#8217;equip directiu"},"content":{"rendered":"<p style=\"text-align: justify;\"><strong>Directora: Josiane G\u00e9rard Redondo<\/strong>. Llicenciada en Filologia Francesa per la Universitat de Barcelona (UB), \u00e9s docent des de l&#8217;any 1997. Al nostre centre, amb un llarg curr\u00edculum, ha estat i \u00e9s professora de llengua francesa des del 2009, i cap d\u2019estudis des del curs 2011\/2015 fins a ser escollida per al c\u00e0rrec de Direcci\u00f3 al 2015. \u00c9s, per tant, l&#8217;actual directora des del curs 2015\/2016.<\/p>\n<p style=\"text-align: justify;\"><strong>Cap d\u2019estudis: M\u00edriam Fenoy Lozano.<\/strong> Llicenciada en Filologia Anglesa per la UAB, \u00e9s docent des de l&#8217;any 2000 i professora de llengua anglesa al nostre centre des del 2011; i actual Cap d\u2019Estudis des del curs 2015\/2016.<\/p>\n<p style=\"text-align: justify;\"><strong>Secretari: Cristian Gallardo Guill\u00e9n. <\/strong>Llicenciat en Geografia per la UAB, \u00e9s docent des del curs 2006\/2007 i professor de ci\u00e8ncies socials al centre des de l\u2019any 2022. Actualment, tamb\u00e9 \u00e9s el titular de la secretaria des de setembre de 2024.<\/p>\n","protected":false},"excerpt":{"rendered":"<p>Directora: Josiane G\u00e9rard Redondo. Llicenciada en Filologia Francesa per la Universitat de Barcelona (UB), \u00e9s docent des de l&#8217;any 1997. Al nostre centre, amb un llarg curr\u00edculum, ha estat i \u00e9s professora de llengua francesa des del 2009, i cap d\u2019estudis des del curs 2011\/2015&hellip;  <a href=\"https:\/\/agora.xtec.cat\/sesmcarrascoformiguera-sfc\/linstitut\/organigrama\/trajectoria-professional-dels-membres-de-lequip-directiu\/\" title=\"Read Traject\u00f2ria professional dels membres de l&#8217;equip directiu\">Llegeix m\u00e9s\u00bb<\/a><\/p>\n","protected":false},"author":1,"featured_media":0,"parent":46,"menu_order":1,"comment_status":"closed","ping_status":"closed","template":"page-templates\/side-menu.php","meta":{"_bbp_topic_count":0,"_bbp_reply_count":0,"_bbp_total_topic_count":0,"_bbp_total_reply_count":0,"_bbp_voice_count":0,"_bbp_anonymous_reply_count":0,"_bbp_topic_count_hidden":0,"_bbp_reply_count_hidden":0,"_bbp_forum_subforum_count":0,"footnotes":""},"class_list":["post-3105","page","type-page","status-publish","hentry"],"post_mailing_queue_ids":[],"_links":{"self":[{"href":"https:\/\/agora.xtec.cat\/sesmcarrascoformiguera-sfc\/wp-json\/wp\/v2\/pages\/3105","targetHints":{"allow":["GET"]}}],"collection":[{"href":"https:\/\/agora.xtec.cat\/sesmcarrascoformiguera-sfc\/wp-json\/wp\/v2\/pages"}],"about":[{"href":"https:\/\/agora.xtec.cat\/sesmcarrascoformiguera-sfc\/wp-json\/wp\/v2\/types\/page"}],"author":[{"embeddable":true,"href":"https:\/\/agora.xtec.cat\/sesmcarrascoformiguera-sfc\/wp-json\/wp\/v2\/users\/1"}],"replies":[{"embeddable":true,"href":"https:\/\/agora.xtec.cat\/sesmcarrascoformiguera-sfc\/wp-json\/wp\/v2\/comments?post=3105"}],"version-history":[{"count":4,"href":"https:\/\/agora.xtec.cat\/sesmcarrascoformiguera-sfc\/wp-json\/wp\/v2\/pages\/3105\/revisions"}],"predecessor-version":[{"id":5865,"href":"https:\/\/agora.xtec.cat\/sesmcarrascoformiguera-sfc\/wp-json\/wp\/v2\/pages\/3105\/revisions\/5865"}],"up":[{"embeddable":true,"href":"https:\/\/agora.xtec.cat\/sesmcarrascoformiguera-sfc\/wp-json\/wp\/v2\/pages\/46"}],"wp:attachment":[{"href":"https:\/\/agora.xtec.cat\/sesmcarrascoformiguera-sfc\/wp-json\/wp\/v2\/media?parent=3105"}],"curies":[{"name":"wp","href":"https:\/\/api.w.org\/{rel}","templated":true}]}}