{"id":2660,"date":"2018-11-13T11:05:45","date_gmt":"2018-11-13T10:05:45","guid":{"rendered":"http:\/\/agora.xtec.cat\/sesmcarrascoformiguera-sfc\/?page_id=2660"},"modified":"2026-01-26T18:50:19","modified_gmt":"2026-01-26T17:50:19","slug":"projecte-educatiu-de-centre","status":"publish","type":"page","link":"https:\/\/agora.xtec.cat\/sesmcarrascoformiguera-sfc\/documents-de-centre\/projecte-educatiu-de-centre\/","title":{"rendered":"Projecte Educatiu de Centre"},"content":{"rendered":"<p style=\"text-align: justify;\">El <a href=\"https:\/\/drive.google.com\/open?id=1tgN48ZbdSCX9rO57OCyqi6hdFvkptN5h\">Projecte Educatiu de Centre<\/a> \u00e9s la m\u00e0xima expressi\u00f3 de l\u2019autonomia del centre: recull la identitat del centre, n\u2019explica els objectius, n\u2019orienta l\u2019activitat i hi d\u00f3na sentit amb la finalitat que els alumnes assoleixin les compet\u00e8ncies b\u00e0siques i el m\u00e0xim aprofitament educatiu.<\/p>\n<p style=\"text-align: justify;\">El Projecte Educatiu incorpora, per tant, el car\u00e0cter propi del centre.<\/p>\n<p style=\"text-align: justify;\">El Projecte Educatiu, a m\u00e9s, contribueix a impulsar la col\u00b7laboraci\u00f3 entre diversos sectors de la comunitat educativa i la relaci\u00f3 del centre amb l\u2019entorn social.<\/p>\n<pre>Data d'actualitzaci\u00f3: en proc\u00e9s de revisi\u00f3<\/pre>\n","protected":false},"excerpt":{"rendered":"<p>El <a href=\"https:\/\/drive.google.com\/open?id=1tgN48ZbdSCX9rO57OCyqi6hdFvkptN5h\">Projecte Educatiu de Centre<\/a> \u00e9s la m\u00e0xima expressi\u00f3 de l\u2019autonomia del centre: recull la identitat del centre, n\u2019explica els objectius, n\u2019orienta l\u2019activitat i hi d\u00f3na sentit amb la finalitat que els alumnes assoleixin les compet\u00e8ncies b\u00e0siques i el m\u00e0xim aprofitament educatiu.<br \/>\nEl Projecte Educatiu&hellip;  <a href=\"https:\/\/agora.xtec.cat\/sesmcarrascoformiguera-sfc\/documents-de-centre\/projecte-educatiu-de-centre\/\" title=\"Read Projecte Educatiu de Centre\">Llegeix m\u00e9s\u00bb<\/a><\/p>\n","protected":false},"author":1,"featured_media":0,"parent":4362,"menu_order":6,"comment_status":"closed","ping_status":"closed","template":"page-templates\/side-menu.php","meta":{"_bbp_topic_count":0,"_bbp_reply_count":0,"_bbp_total_topic_count":0,"_bbp_total_reply_count":0,"_bbp_voice_count":0,"_bbp_anonymous_reply_count":0,"_bbp_topic_count_hidden":0,"_bbp_reply_count_hidden":0,"_bbp_forum_subforum_count":0,"footnotes":""},"class_list":["post-2660","page","type-page","status-publish","hentry"],"post_mailing_queue_ids":[],"_links":{"self":[{"href":"https:\/\/agora.xtec.cat\/sesmcarrascoformiguera-sfc\/wp-json\/wp\/v2\/pages\/2660","targetHints":{"allow":["GET"]}}],"collection":[{"href":"https:\/\/agora.xtec.cat\/sesmcarrascoformiguera-sfc\/wp-json\/wp\/v2\/pages"}],"about":[{"href":"https:\/\/agora.xtec.cat\/sesmcarrascoformiguera-sfc\/wp-json\/wp\/v2\/types\/page"}],"author":[{"embeddable":true,"href":"https:\/\/agora.xtec.cat\/sesmcarrascoformiguera-sfc\/wp-json\/wp\/v2\/users\/1"}],"replies":[{"embeddable":true,"href":"https:\/\/agora.xtec.cat\/sesmcarrascoformiguera-sfc\/wp-json\/wp\/v2\/comments?post=2660"}],"version-history":[{"count":5,"href":"https:\/\/agora.xtec.cat\/sesmcarrascoformiguera-sfc\/wp-json\/wp\/v2\/pages\/2660\/revisions"}],"predecessor-version":[{"id":6163,"href":"https:\/\/agora.xtec.cat\/sesmcarrascoformiguera-sfc\/wp-json\/wp\/v2\/pages\/2660\/revisions\/6163"}],"up":[{"embeddable":true,"href":"https:\/\/agora.xtec.cat\/sesmcarrascoformiguera-sfc\/wp-json\/wp\/v2\/pages\/4362"}],"wp:attachment":[{"href":"https:\/\/agora.xtec.cat\/sesmcarrascoformiguera-sfc\/wp-json\/wp\/v2\/media?parent=2660"}],"curies":[{"name":"wp","href":"https:\/\/api.w.org\/{rel}","templated":true}]}}