{"id":1307,"date":"2016-09-27T18:20:36","date_gmt":"2016-09-27T17:20:36","guid":{"rendered":"http:\/\/agora.xtec.cat\/sesmcarrascoformiguera-sfc\/?page_id=1307"},"modified":"2025-06-03T10:26:40","modified_gmt":"2025-06-03T08:26:40","slug":"informacions","status":"publish","type":"page","link":"https:\/\/agora.xtec.cat\/sesmcarrascoformiguera-sfc\/informacions-per-a-les-families\/informacions\/","title":{"rendered":"Cartes, justificants i m\u00e9s"},"content":{"rendered":"<ul>\n<li><a href=\"https:\/\/drive.google.com\/open?id=1kGU1k8eQGJQBYL3xrgsPrun2pMMY5zvK\">Carta<\/a> de comprom\u00eds <strong>educatiu<\/strong> (pendent)<\/li>\n<li><a href=\"http:\/\/agora.xtec.cat\/sesmcarrascoformiguera-sfc\/wp-content\/uploads\/usu981\/2016\/09\/1617natura.pdf\">Carta<\/a> de comprom\u00eds del <strong>projecte singular<\/strong> de Centre<\/li>\n<li><a href=\"https:\/\/drive.google.com\/open?id=1-tIs05ju7oRVBCNxVxQkMvsRyQXmpJHo\">Carta<\/a> de comprom\u00eds sobre <strong>l&#8217;\u00fas de m\u00f2bils<\/strong> al Centre (pendent)<\/li>\n<li><a href=\"https:\/\/agora.xtec.cat\/sesmcarrascoformiguera-sfc\/wp-content\/uploads\/usu981\/2024\/09\/24-25-CONTRACTE-I-COMPROMIS-US-PRESTEC-ORDINADORS-CENTRE.docx.pdf\">Carta<\/a>\u00a0de comprom\u00eds <strong>d&#8217;\u00fas i retorn de l&#8217;ordinador port\u00e0til<\/strong><\/li>\n<li><a href=\"https:\/\/agora.xtec.cat\/sesmcarrascoformiguera-sfc\/wp-content\/uploads\/usu981\/2017\/09\/Justificant-dassist%C3%A8ncia-i-retards.pdf\">Justificaci\u00f3<\/a> de <strong>falta d&#8217;assist\u00e8ncia o retard<\/strong> de l&#8217;alumne\/a<\/li>\n<li><a href=\"https:\/\/agora.xtec.cat\/sesmcarrascoformiguera-sfc\/wp-content\/uploads\/usu981\/2017\/09\/Justificant-sortida-del-centre-en-horari-escolar.pdf\">Justificant<\/a>\u00a0de <strong>sortida de l&#8217;alumne\/a<\/strong> del Centre en horari escolar<\/li>\n<li><a href=\"https:\/\/drive.google.com\/open?id=1p0YfFs3FWc3fjsZm-ZV9LHrP0WmeIIqV\">Normativa<\/a> de <strong>vaga<\/strong> (pendent)<\/li>\n<li><a href=\"https:\/\/agora.xtec.cat\/sesmcarrascoformiguera-sfc\/wp-content\/uploads\/usu981\/2022\/03\/Sollicitud-generica.pdf\">Inst\u00e0ncia<\/a> <strong>gen\u00e8rica<\/strong><\/li>\n<li><a href=\"https:\/\/agora.xtec.cat\/sesmcarrascoformiguera-sfc\/wp-content\/uploads\/usu981\/2022\/03\/Sollicitud-generica.pdf\">Autoritzaci\u00f3<\/a> via <strong><em>WhatsApp<\/em><\/strong><\/li>\n<\/ul>\n<pre>Data d'actualitzaci\u00f3: 08\/09\/2024<\/pre>\n<pre><\/pre>\n","protected":false},"excerpt":{"rendered":"<ul>\n<li><a href=\"https:\/\/drive.google.com\/open?id=1kGU1k8eQGJQBYL3xrgsPrun2pMMY5zvK\">Carta<\/a> de comprom\u00eds educatiu (pendent)<\/li>\n<li><a href=\"http:\/\/agora.xtec.cat\/sesmcarrascoformiguera-sfc\/wp-content\/uploads\/usu981\/2016\/09\/1617natura.pdf\">Carta<\/a> de comprom\u00eds del projecte singular de Centre<\/li>\n<li><a href=\"https:\/\/drive.google.com\/open?id=1-tIs05ju7oRVBCNxVxQkMvsRyQXmpJHo\">Carta<\/a> de comprom\u00eds sobre l&#8217;\u00fas de m\u00f2bils al Centre (pendent)<\/li>\n<li><a href=\"https:\/\/agora.xtec.cat\/sesmcarrascoformiguera-sfc\/wp-content\/uploads\/usu981\/2024\/09\/24-25-CONTRACTE-I-COMPROMIS-US-PRESTEC-ORDINADORS-CENTRE.docx.pdf\">Carta<\/a>\u00a0de comprom\u00eds d&#8217;\u00fas i retorn de l&#8217;ordinador port\u00e0til<\/li>\n<li><a href=\"https:\/\/agora.xtec.cat\/sesmcarrascoformiguera-sfc\/wp-content\/uploads\/usu981\/2017\/09\/Justificant-dassist%C3%A8ncia-i-retards.pdf\">Justificaci\u00f3<\/a> de falta d&#8217;assist\u00e8ncia o retard de l&#8217;alumne\/a<\/li>\n<li><a href=\"https:\/\/agora.xtec.cat\/sesmcarrascoformiguera-sfc\/wp-content\/uploads\/usu981\/2017\/09\/Justificant-sortida-del-centre-en-horari-escolar.pdf\">Justificant<\/a>\u00a0de sortida de l&#8217;alumne\/a del&hellip;  <a href=\"https:\/\/agora.xtec.cat\/sesmcarrascoformiguera-sfc\/informacions-per-a-les-families\/informacions\/\" title=\"Read Cartes, justificants i m\u00e9s\">Llegeix m\u00e9s\u00bb<\/a><br \/>\n","protected":false},"author":1,"featured_media":0,"parent":3117,"menu_order":0,"comment_status":"closed","ping_status":"closed","template":"","meta":{"_bbp_topic_count":0,"_bbp_reply_count":0,"_bbp_total_topic_count":0,"_bbp_total_reply_count":0,"_bbp_voice_count":0,"_bbp_anonymous_reply_count":0,"_bbp_topic_count_hidden":0,"_bbp_reply_count_hidden":0,"_bbp_forum_subforum_count":0,"footnotes":""},"class_list":["post-1307","page","type-page","status-publish","hentry"],"post_mailing_queue_ids":[],"_links":{"self":[{"href":"https:\/\/agora.xtec.cat\/sesmcarrascoformiguera-sfc\/wp-json\/wp\/v2\/pages\/1307","targetHints":{"allow":["GET"]}}],"collection":[{"href":"https:\/\/agora.xtec.cat\/sesmcarrascoformiguera-sfc\/wp-json\/wp\/v2\/pages"}],"about":[{"href":"https:\/\/agora.xtec.cat\/sesmcarrascoformiguera-sfc\/wp-json\/wp\/v2\/types\/page"}],"author":[{"embeddable":true,"href":"https:\/\/agora.xtec.cat\/sesmcarrascoformiguera-sfc\/wp-json\/wp\/v2\/users\/1"}],"replies":[{"embeddable":true,"href":"https:\/\/agora.xtec.cat\/sesmcarrascoformiguera-sfc\/wp-json\/wp\/v2\/comments?post=1307"}],"version-history":[{"count":7,"href":"https:\/\/agora.xtec.cat\/sesmcarrascoformiguera-sfc\/wp-json\/wp\/v2\/pages\/1307\/revisions"}],"predecessor-version":[{"id":6003,"href":"https:\/\/agora.xtec.cat\/sesmcarrascoformiguera-sfc\/wp-json\/wp\/v2\/pages\/1307\/revisions\/6003"}],"up":[{"embeddable":true,"href":"https:\/\/agora.xtec.cat\/sesmcarrascoformiguera-sfc\/wp-json\/wp\/v2\/pages\/3117"}],"wp:attachment":[{"href":"https:\/\/agora.xtec.cat\/sesmcarrascoformiguera-sfc\/wp-json\/wp\/v2\/media?parent=1307"}],"curies":[{"name":"wp","href":"https:\/\/api.w.org\/{rel}","templated":true}]}}