{"id":990,"date":"2017-01-23T21:04:00","date_gmt":"2017-01-23T20:04:00","guid":{"rendered":"http:\/\/agora.xtec.cat\/sesjoanpuigiferreter\/?page_id=990"},"modified":"2026-03-01T13:00:26","modified_gmt":"2026-03-01T12:00:26","slug":"estacio-metereologica","status":"publish","type":"page","link":"https:\/\/agora.xtec.cat\/sesjoanpuigiferreter\/serveis\/estacio-metereologica\/","title":{"rendered":"Estaci\u00f3 meteorol\u00f2gica"},"content":{"rendered":"\n<p><a href=\"https:\/\/webcams.meteosona.com\/selva_del_camp\/Imatge_recent.jpg\">https:\/\/webcams.meteosona.com\/selva_del_camp\/Imatge_recent.jpg<\/a><\/p>\n\n\n\n<p><strong>ELS INICIS<\/strong><\/p>\n\n\n\n<p>El 22 de febrer de 2007 es comencen a mesurar dades meteorol\u00f2giques amb una estaci\u00f3 autom\u00e0tica Davis Vantage Pro cablejada ubicada al terrat de l\u2019Institut Joan Puig i Ferreter des d\u2019on hi ha una molt bona vista de l\u2019\u00e0rea del Camp de Tarragona. T\u00e9 una excel\u00b7lent ventilaci\u00f3 i no t\u00e9 obstacles que puguin falsejar les dades.<br>En els seus inicis, l\u2019estaci\u00f3 va formar part d\u2019Edumet, un projecte de l\u2019\u00e0mbit de les ci\u00e8ncies (creat el 2004) dirigit a tots els centres i a tot l\u2019alumnat d\u2019educaci\u00f3 prim\u00e0ria i secund\u00e0ria de Catalunya que tenia (i t\u00e9) com a finalitat facilitar l\u2019acc\u00e9s, a trav\u00e9s d\u2019internet, a dades meteorol\u00f2giques en temps real, aix\u00ed com a dades acumulades de diferents punts de Catalunya, recursos did\u00e0ctics per al professorat i activitats d\u2019ensenyament i aprenentatge per a l\u2019alumnat.<br>La xarxa meteorol\u00f2gica incorporava (i continua incorporant) elements de les noves tecnologies, que permetien\/permeten dur a terme un treball experimental amb dades reals, proper, motivador i interdisciplinar. L\u2019an\u00e0lisi de les dades meteorol\u00f2giques resulta rellevant des de la perspectiva de l\u2019educaci\u00f3 ambiental i, alhora, refor\u00e7a l\u2019\u00fas de les noves tecnologies en l\u2019\u00e0mbit de les ci\u00e8ncies.<br>El projecte Edumet constava llavors d\u2019unes poques estacions meteorol\u00f2giques autom\u00e0tiques instal\u00b7lades en diferents punts de la geografia catalana, la distribuci\u00f3 de la qual es va realitzar valorant els diferents subtipus clim\u00e0tics de Catalunya i tamb\u00e9 la ubicaci\u00f3 i disponibilitat dels centres.<br>El 14 de gener de 2021 se substitueix l\u2019antiga estaci\u00f3 per una de nova (model Davis Vantage Pro2 inal\u00e0mbrica) propietat de l\u2019institut.<\/p>\n\n\n\n<p><strong>COL\u00b7LABORACI\u00d3 AMB L\u2019AEMET I L\u2019SMC<\/strong><\/p>\n\n\n\n<p>Des del juliol de 2014 col\u00b7laborem amb l\u2019Agencia Estatal de Meteorolog\u00eda (AEMET) i amb la Xarxa d\u2019Observadors Meteorol\u00f2gics (XOM) del Sevei Meteorol\u00f2gic de Catalunya (SMC).<br>L\u2019instrumental de qu\u00e8 es disposa, cedit per l\u2019AEMET, permet realitzar les observacions corresponents de temperatura, humitat, evaporaci\u00f3, precipitaci\u00f3, pressi\u00f3 i insolaci\u00f3.<\/p>\n\n\n\n<p>Altres variables que s\u2019anoten s\u00f3n la velocitat i la direcci\u00f3 del vent (mesurades amb l\u2019EMA), aix\u00ed com tamb\u00e9 els diferents meteors que es produeixen juntament amb l\u2019observaci\u00f3 de l\u2019estat del cel. En aquest sentit, el gener de 2015, l\u2019SMC ens proposa col\u00b7laborar en un projecte pioner en l\u2019observaci\u00f3 dels n\u00favols generats a causa de l\u2019activitat humana (n\u00favols homogenitus).<br>Totes aquestes dades es fan arribar puntualment a l\u2019AEMET (a trav\u00e9s d\u2019un programa inform\u00e0tic) i a la XOM (a partir d\u2019un aplicatiu que permet la consulta de les diferents variables observades a la web de l\u2019SMC).<\/p>\n\n\n\n<p><strong>QU\u00c8 HI PODEM TROBAR I ON?<\/strong><\/p>\n\n\n\n<p>A banda de poder consultar les dades de l\u2019EMA en temps real, el 7 de juny de 2021 l\u2019institut adquireix una c\u00e0mera web (orientada al NNO i a l\u2019ermita de Sant Pere) que s\u2019afegeix a tot l\u2019equipament meteorol\u00f2gic per fer el seguiment de l\u2019estat del cel i d\u2019altres fen\u00f2mens atmosf\u00e8rics.<\/p>\n\n\n\n<p>La imatge que encap\u00e7ala aquesta p\u00e0gina web s\u2019actualitza cada tres minuts gr\u00e0cies a la<br>col\u00b7laboraci\u00f3 amb Meteosona.<\/p>\n\n\n\n<p>Les dades que ofereix l\u2019estaci\u00f3 autom\u00e0tica s\u00f3n temperatura, humitat, pressi\u00f3 atmosf\u00e8rica, precipitaci\u00f3 i velocitat i direcci\u00f3 del vent. Tamb\u00e9 calcula una s\u00e8rie de variables a partir de les dades mesurades com la temperatura de sensaci\u00f3, la temperatura de xafogor, el punt de rosada, la intensitat de la precipitaci\u00f3, etc. Trobareu tota aquesta informaci\u00f3 a:<\/p>\n\n\n\n<p>\u2022 <a href=\"https:\/\/www.weatherlink.com\/embeddablePage\/show\/fa73307bbb35477581743c9391c29163\/wide\" target=\"_blank\" rel=\"noopener\">INS Joan Puig i Ferreter<\/a><br>\u2022 <a href=\"https:\/\/www.meteoclimatic.net\/perfil\/ESCAT4300000043470A\" target=\"_blank\" rel=\"noopener\">Meteoclimatic<\/a><br>\u2022 <a href=\"https:\/\/webcams.meteosona.com\/selva_del_camp\/Imatge_recent.jpg\" target=\"_blank\" rel=\"noopener\">Meteosona<\/a><\/p>\n\n\n\n<p><strong>PATI D\u2019EUNICE NEWTON FOOTE<\/strong><\/p>\n\n\n\n<p>El pati on es troba l\u2019observatori meteorol\u00f2gic oficial duu el nom de la cient\u00edfica i meteor\u00f2loga Eunice Newton Foote (1819\u20131888), que va ser \u201cla primera persona que va experimentar l&#8217;efecte d&#8217;escalfament de la radiaci\u00f3 solar sobre diferents gasos i va teoritzar que el canvi de proporci\u00f3 del di\u00f2xid de carboni a l&#8217;atmosfera faria augmentar la temperatura del planeta. El seu treball, que teoritzava per primera vegada l&#8217;exist\u00e8ncia de l&#8217;efecte d&#8217;hivernacle i anticipava la ci\u00e8ncia clim\u00e0tica, no va poder ser llegit per la pr\u00f2pia autora. Tot i els resultats de la seva investigaci\u00f3, Eunice Newton Foote va ser condemnada a l\u2019oblit durant m\u00e9s de 150 anys.\u201d (Wikipedia)<br>En l&#8217;actual context d\u2019escalfament global, \u00e9s una bona manera de conscienciar-nos que aix\u00f2 no \u00e9s nou i que a meitat del segle XIX ja se&#8217;n va comen\u00e7ar a parlar.<br>Aquesta iniciativa vol contribuir a visibilitzar un cop m\u00e9s el que malauradament ha estat silenciat.<br>Donem les gr\u00e0cies a la Comissi\u00f3 d\u2019Igualtat de l\u2019Institut pel seu suport i tamb\u00e9 a l\u2019Ajuntament de la Selva, que ens ha facilitat la placa informativa que s\u2019ha col\u00b7locat al pati (juny de 2024).<\/p>\n","protected":false},"excerpt":{"rendered":"<p>https:\/\/webcams.meteosona.com\/selva_del_camp\/Imatge_recent.jpg ELS INICIS El 22 de febrer de 2007 es comencen a mesurar dades meteorol\u00f2giques amb una estaci\u00f3 autom\u00e0tica Davis Vantage Pro cablejada ubicada al terrat de l\u2019Institut Joan Puig i Ferreter des d\u2019on hi ha una molt bona vista de l\u2019\u00e0rea del Camp de Tarragona. T\u00e9 una excel\u00b7lent ventilaci\u00f3 i no t\u00e9 obstacles que [&hellip;]<\/p>\n","protected":false},"author":1,"featured_media":0,"parent":63,"menu_order":50,"comment_status":"closed","ping_status":"closed","template":"","meta":{"_bbp_topic_count":0,"_bbp_reply_count":0,"_bbp_total_topic_count":0,"_bbp_total_reply_count":0,"_bbp_voice_count":0,"_bbp_anonymous_reply_count":0,"_bbp_topic_count_hidden":0,"_bbp_reply_count_hidden":0,"_bbp_forum_subforum_count":0,"site-sidebar-layout":"default","site-content-layout":"","ast-site-content-layout":"default","site-content-style":"default","site-sidebar-style":"default","ast-global-header-display":"","ast-banner-title-visibility":"","ast-main-header-display":"","ast-hfb-above-header-display":"","ast-hfb-below-header-display":"","ast-hfb-mobile-header-display":"","site-post-title":"","ast-breadcrumbs-content":"","ast-featured-img":"","footer-sml-layout":"","theme-transparent-header-meta":"","adv-header-id-meta":"","stick-header-meta":"","header-above-stick-meta":"","header-main-stick-meta":"","header-below-stick-meta":"","astra-migrate-meta-layouts":"set","ast-page-background-enabled":"default","ast-page-background-meta":{"desktop":{"background-color":"var(--ast-global-color-4)","background-image":"","background-repeat":"repeat","background-position":"center center","background-size":"auto","background-attachment":"scroll","background-type":"","background-media":"","overlay-type":"","overlay-color":"","overlay-opacity":"","overlay-gradient":""},"tablet":{"background-color":"","background-image":"","background-repeat":"repeat","background-position":"center center","background-size":"auto","background-attachment":"scroll","background-type":"","background-media":"","overlay-type":"","overlay-color":"","overlay-opacity":"","overlay-gradient":""},"mobile":{"background-color":"","background-image":"","background-repeat":"repeat","background-position":"center center","background-size":"auto","background-attachment":"scroll","background-type":"","background-media":"","overlay-type":"","overlay-color":"","overlay-opacity":"","overlay-gradient":""}},"ast-content-background-meta":{"desktop":{"background-color":"var(--ast-global-color-5)","background-image":"","background-repeat":"repeat","background-position":"center center","background-size":"auto","background-attachment":"scroll","background-type":"","background-media":"","overlay-type":"","overlay-color":"","overlay-opacity":"","overlay-gradient":""},"tablet":{"background-color":"var(--ast-global-color-5)","background-image":"","background-repeat":"repeat","background-position":"center center","background-size":"auto","background-attachment":"scroll","background-type":"","background-media":"","overlay-type":"","overlay-color":"","overlay-opacity":"","overlay-gradient":""},"mobile":{"background-color":"var(--ast-global-color-5)","background-image":"","background-repeat":"repeat","background-position":"center center","background-size":"auto","background-attachment":"scroll","background-type":"","background-media":"","overlay-type":"","overlay-color":"","overlay-opacity":"","overlay-gradient":""}},"footnotes":""},"class_list":["post-990","page","type-page","status-publish","hentry"],"post_mailing_queue_ids":[],"_links":{"self":[{"href":"https:\/\/agora.xtec.cat\/sesjoanpuigiferreter\/wp-json\/wp\/v2\/pages\/990","targetHints":{"allow":["GET"]}}],"collection":[{"href":"https:\/\/agora.xtec.cat\/sesjoanpuigiferreter\/wp-json\/wp\/v2\/pages"}],"about":[{"href":"https:\/\/agora.xtec.cat\/sesjoanpuigiferreter\/wp-json\/wp\/v2\/types\/page"}],"author":[{"embeddable":true,"href":"https:\/\/agora.xtec.cat\/sesjoanpuigiferreter\/wp-json\/wp\/v2\/users\/1"}],"replies":[{"embeddable":true,"href":"https:\/\/agora.xtec.cat\/sesjoanpuigiferreter\/wp-json\/wp\/v2\/comments?post=990"}],"version-history":[{"count":5,"href":"https:\/\/agora.xtec.cat\/sesjoanpuigiferreter\/wp-json\/wp\/v2\/pages\/990\/revisions"}],"predecessor-version":[{"id":6894,"href":"https:\/\/agora.xtec.cat\/sesjoanpuigiferreter\/wp-json\/wp\/v2\/pages\/990\/revisions\/6894"}],"up":[{"embeddable":true,"href":"https:\/\/agora.xtec.cat\/sesjoanpuigiferreter\/wp-json\/wp\/v2\/pages\/63"}],"wp:attachment":[{"href":"https:\/\/agora.xtec.cat\/sesjoanpuigiferreter\/wp-json\/wp\/v2\/media?parent=990"}],"curies":[{"name":"wp","href":"https:\/\/api.w.org\/{rel}","templated":true}]}}