{"id":7028,"date":"2026-04-09T10:04:47","date_gmt":"2026-04-09T08:04:47","guid":{"rendered":"https:\/\/agora.xtec.cat\/sesjoanpuigiferreter\/?page_id=7028"},"modified":"2026-04-09T10:06:56","modified_gmt":"2026-04-09T08:06:56","slug":"pfi","status":"publish","type":"page","link":"https:\/\/agora.xtec.cat\/sesjoanpuigiferreter\/estudis\/pfi\/","title":{"rendered":"PFI"},"content":{"rendered":"\n<p><strong>Qu\u00e8 \u00e9s un PFI?<\/strong><br>Els programes de formaci\u00f3 i inserci\u00f3 (PFI) s\u00f3n el primer nivell de qualificaci\u00f3 dins<br>dels estudis de formaci\u00f3 professional i s&#8217;adscriuen a diferents fam\u00edlies<br>professionals.<br>Els PFI s&#8217;adrecen a joves d&#8217;entre 16 i 21 anys que no han finalitzat l&#8217;educaci\u00f3<br>secund\u00e0ria obligat\u00f2ria. S\u00f3n estudis voluntaris i la seva durada \u00e9s d&#8217;un curs<br>acad\u00e8mic (1.000 hores).<br>Els alumnes de PFI reben un acompanyament i una tutoritzaci\u00f3 essencial per a<br>l&#8217;assoliment dels objectius del programa. Els aprenentatges s\u00f3n vivencials i<br>vinculats amb l&#8217;entorn proper, i inclouen pr\u00e0ctiques en empresa; s&#8217;apr\u00e8n fent,<br>utilitzant metodologies actives i globals.<br>Amb els PFI, d&#8217;una banda, es facilita la continu\u00eftat formativa dins de la formaci\u00f3<br>professional i, de l&#8217;altra, l&#8217;aprenentatge de les compet\u00e8ncies transversals i<br>professionals necess\u00e0ries per al m\u00f3n del treball.<\/p>\n\n\n\n<figure class=\"wp-block-image size-full is-resized\"><a href=\"https:\/\/agora.xtec.cat\/sesjoanpuigiferreter\/wp-content\/uploads\/usu1446\/2026\/04\/pfi-1.jpg\"><img loading=\"lazy\" decoding=\"async\" width=\"1008\" height=\"756\" src=\"https:\/\/agora.xtec.cat\/sesjoanpuigiferreter\/wp-content\/uploads\/usu1446\/2026\/04\/pfi-1.jpg\" alt=\"\" class=\"wp-image-7030\" style=\"width:443px;height:auto\" srcset=\"https:\/\/agora.xtec.cat\/sesjoanpuigiferreter\/wp-content\/uploads\/usu1446\/2026\/04\/pfi-1.jpg 1008w, https:\/\/agora.xtec.cat\/sesjoanpuigiferreter\/wp-content\/uploads\/usu1446\/2026\/04\/pfi-1-300x225.jpg 300w, https:\/\/agora.xtec.cat\/sesjoanpuigiferreter\/wp-content\/uploads\/usu1446\/2026\/04\/pfi-1-768x576.jpg 768w\" sizes=\"auto, (max-width: 1008px) 100vw, 1008px\" \/><\/a><\/figure>\n\n\n\n<p class=\"has-text-align-left\"><br><strong>El PFI de la Selva del Camp<\/strong><br>A l\u2019institut de la Selva del Camp el PFI que impartim \u00e9s el d\u2019Auxilar d\u2019obres<br>d\u2019interior i pintura. Les classes es fan al recinte de l\u2019Hort d\u2019Igl\u00e9sies i cada any<br>compta amb una quinzena d\u2019alumnes que es formen durant nou mesos per<br>esdevenir auxiliars de construcci\u00f3. Al llarg del curs fan el m\u00f2dul de formaci\u00f3<br>general (en qu\u00e8 es treballen les lleng\u00fces, les matem\u00e0tiques, la incorporaci\u00f3 al m\u00f3n<br>professional, l\u2019entorn social i territorial\u2026) i el m\u00f2dul professional (en el qual es<br>treballen enguixats, lliscats, pintura i empaperat, revestiments i reforma b\u00e0sica<br>d\u2019edificis, prevenci\u00f3 de riscos laborals\u2026). A partir del mes de febrer els nostres<br>alumnes realitzen 200 hores d\u2019estada a l\u2019empresa, cosa que els proporciona una<br>primera experi\u00e8ncia real en el m\u00f3n del treball i els obre una porta de cara a trobar<br>feina.<\/p>\n\n\n\n<figure class=\"wp-block-image size-large is-resized\"><a href=\"https:\/\/agora.xtec.cat\/sesjoanpuigiferreter\/wp-content\/uploads\/usu1446\/2026\/04\/pfi-2-scaled.jpg\"><img loading=\"lazy\" decoding=\"async\" width=\"1024\" height=\"768\" src=\"https:\/\/agora.xtec.cat\/sesjoanpuigiferreter\/wp-content\/uploads\/usu1446\/2026\/04\/pfi-2-1024x768.jpg\" alt=\"\" class=\"wp-image-7031\" style=\"width:469px;height:auto\" srcset=\"https:\/\/agora.xtec.cat\/sesjoanpuigiferreter\/wp-content\/uploads\/usu1446\/2026\/04\/pfi-2-1024x768.jpg 1024w, https:\/\/agora.xtec.cat\/sesjoanpuigiferreter\/wp-content\/uploads\/usu1446\/2026\/04\/pfi-2-300x225.jpg 300w, https:\/\/agora.xtec.cat\/sesjoanpuigiferreter\/wp-content\/uploads\/usu1446\/2026\/04\/pfi-2-768x576.jpg 768w, https:\/\/agora.xtec.cat\/sesjoanpuigiferreter\/wp-content\/uploads\/usu1446\/2026\/04\/pfi-2-1536x1152.jpg 1536w, https:\/\/agora.xtec.cat\/sesjoanpuigiferreter\/wp-content\/uploads\/usu1446\/2026\/04\/pfi-2-2048x1536.jpg 2048w\" sizes=\"auto, (max-width: 1024px) 100vw, 1024px\" \/><\/a><\/figure>\n\n\n\n<p><br>Per a m\u00e9s informaci\u00f3 poseu-vos en contacte amb el nostre PFI<br><strong>PFI Auxiliar d\u2019obres d\u2019interior i pintura<\/strong><br>Hort d\u2019Igl\u00e9sies<br>Carrer Tarragona, 10<br>977 84 46 30<br>mperea7@xtec.cat<\/p>\n\n\n\n<figure class=\"wp-block-gallery has-nested-images columns-default is-cropped wp-block-gallery-1 is-layout-flex wp-block-gallery-is-layout-flex\">\n<figure class=\"wp-block-image size-large\"><a href=\"https:\/\/agora.xtec.cat\/sesjoanpuigiferreter\/wp-content\/uploads\/usu1446\/2026\/04\/pfi-4.jpg\"><img loading=\"lazy\" decoding=\"async\" width=\"1024\" height=\"768\" data-id=\"7034\" src=\"https:\/\/agora.xtec.cat\/sesjoanpuigiferreter\/wp-content\/uploads\/usu1446\/2026\/04\/pfi-4-1024x768.jpg\" alt=\"\" class=\"wp-image-7034\" srcset=\"https:\/\/agora.xtec.cat\/sesjoanpuigiferreter\/wp-content\/uploads\/usu1446\/2026\/04\/pfi-4-1024x768.jpg 1024w, https:\/\/agora.xtec.cat\/sesjoanpuigiferreter\/wp-content\/uploads\/usu1446\/2026\/04\/pfi-4-300x225.jpg 300w, https:\/\/agora.xtec.cat\/sesjoanpuigiferreter\/wp-content\/uploads\/usu1446\/2026\/04\/pfi-4-768x576.jpg 768w, https:\/\/agora.xtec.cat\/sesjoanpuigiferreter\/wp-content\/uploads\/usu1446\/2026\/04\/pfi-4-1536x1152.jpg 1536w, https:\/\/agora.xtec.cat\/sesjoanpuigiferreter\/wp-content\/uploads\/usu1446\/2026\/04\/pfi-4-2048x1536.jpg 2048w\" sizes=\"auto, (max-width: 1024px) 100vw, 1024px\" \/><\/a><\/figure>\n\n\n\n<figure class=\"wp-block-image size-large\"><a href=\"https:\/\/agora.xtec.cat\/sesjoanpuigiferreter\/wp-content\/uploads\/usu1446\/2026\/04\/pfi-3-1.jpg\"><img loading=\"lazy\" decoding=\"async\" width=\"1008\" height=\"756\" data-id=\"7033\" src=\"https:\/\/agora.xtec.cat\/sesjoanpuigiferreter\/wp-content\/uploads\/usu1446\/2026\/04\/pfi-3-1.jpg\" alt=\"\" class=\"wp-image-7033\" srcset=\"https:\/\/agora.xtec.cat\/sesjoanpuigiferreter\/wp-content\/uploads\/usu1446\/2026\/04\/pfi-3-1.jpg 1008w, https:\/\/agora.xtec.cat\/sesjoanpuigiferreter\/wp-content\/uploads\/usu1446\/2026\/04\/pfi-3-1-300x225.jpg 300w, https:\/\/agora.xtec.cat\/sesjoanpuigiferreter\/wp-content\/uploads\/usu1446\/2026\/04\/pfi-3-1-768x576.jpg 768w\" sizes=\"auto, (max-width: 1008px) 100vw, 1008px\" \/><\/a><\/figure>\n<\/figure>\n","protected":false},"excerpt":{"rendered":"<p>Qu\u00e8 \u00e9s un PFI?Els programes de formaci\u00f3 i inserci\u00f3 (PFI) s\u00f3n el primer nivell de qualificaci\u00f3 dinsdels estudis de formaci\u00f3 professional i s&#8217;adscriuen a diferents fam\u00edliesprofessionals.Els PFI s&#8217;adrecen a joves d&#8217;entre 16 i 21 anys que no han finalitzat l&#8217;educaci\u00f3secund\u00e0ria obligat\u00f2ria. S\u00f3n estudis voluntaris i la seva durada \u00e9s d&#8217;un cursacad\u00e8mic (1.000 hores).Els alumnes de [&hellip;]<\/p>\n","protected":false},"author":1,"featured_media":0,"parent":195,"menu_order":0,"comment_status":"closed","ping_status":"close","template":"","meta":{"_bbp_topic_count":0,"_bbp_reply_count":0,"_bbp_total_topic_count":0,"_bbp_total_reply_count":0,"_bbp_voice_count":0,"_bbp_anonymous_reply_count":0,"_bbp_topic_count_hidden":0,"_bbp_reply_count_hidden":0,"_bbp_forum_subforum_count":0,"site-sidebar-layout":"default","site-content-layout":"","ast-site-content-layout":"default","site-content-style":"default","site-sidebar-style":"default","ast-global-header-display":"","ast-banner-title-visibility":"","ast-main-header-display":"","ast-hfb-above-header-display":"","ast-hfb-below-header-display":"","ast-hfb-mobile-header-display":"","site-post-title":"","ast-breadcrumbs-content":"","ast-featured-img":"","footer-sml-layout":"","theme-transparent-header-meta":"","adv-header-id-meta":"","stick-header-meta":"","header-above-stick-meta":"","header-main-stick-meta":"","header-below-stick-meta":"","astra-migrate-meta-layouts":"set","ast-page-background-enabled":"default","ast-page-background-meta":{"desktop":{"background-color":"var(--ast-global-color-4)","background-image":"","background-repeat":"repeat","background-position":"center center","background-size":"auto","background-attachment":"scroll","background-type":"","background-media":"","overlay-type":"","overlay-color":"","overlay-opacity":"","overlay-gradient":""},"tablet":{"background-color":"","background-image":"","background-repeat":"repeat","background-position":"center center","background-size":"auto","background-attachment":"scroll","background-type":"","background-media":"","overlay-type":"","overlay-color":"","overlay-opacity":"","overlay-gradient":""},"mobile":{"background-color":"","background-image":"","background-repeat":"repeat","background-position":"center center","background-size":"auto","background-attachment":"scroll","background-type":"","background-media":"","overlay-type":"","overlay-color":"","overlay-opacity":"","overlay-gradient":""}},"ast-content-background-meta":{"desktop":{"background-color":"var(--ast-global-color-5)","background-image":"","background-repeat":"repeat","background-position":"center center","background-size":"auto","background-attachment":"scroll","background-type":"","background-media":"","overlay-type":"","overlay-color":"","overlay-opacity":"","overlay-gradient":""},"tablet":{"background-color":"var(--ast-global-color-5)","background-image":"","background-repeat":"repeat","background-position":"center center","background-size":"auto","background-attachment":"scroll","background-type":"","background-media":"","overlay-type":"","overlay-color":"","overlay-opacity":"","overlay-gradient":""},"mobile":{"background-color":"var(--ast-global-color-5)","background-image":"","background-repeat":"repeat","background-position":"center center","background-size":"auto","background-attachment":"scroll","background-type":"","background-media":"","overlay-type":"","overlay-color":"","overlay-opacity":"","overlay-gradient":""}},"footnotes":""},"class_list":["post-7028","page","type-page","status-publish","hentry"],"post_mailing_queue_ids":[],"_links":{"self":[{"href":"https:\/\/agora.xtec.cat\/sesjoanpuigiferreter\/wp-json\/wp\/v2\/pages\/7028","targetHints":{"allow":["GET"]}}],"collection":[{"href":"https:\/\/agora.xtec.cat\/sesjoanpuigiferreter\/wp-json\/wp\/v2\/pages"}],"about":[{"href":"https:\/\/agora.xtec.cat\/sesjoanpuigiferreter\/wp-json\/wp\/v2\/types\/page"}],"author":[{"embeddable":true,"href":"https:\/\/agora.xtec.cat\/sesjoanpuigiferreter\/wp-json\/wp\/v2\/users\/1"}],"replies":[{"embeddable":true,"href":"https:\/\/agora.xtec.cat\/sesjoanpuigiferreter\/wp-json\/wp\/v2\/comments?post=7028"}],"version-history":[{"count":3,"href":"https:\/\/agora.xtec.cat\/sesjoanpuigiferreter\/wp-json\/wp\/v2\/pages\/7028\/revisions"}],"predecessor-version":[{"id":7036,"href":"https:\/\/agora.xtec.cat\/sesjoanpuigiferreter\/wp-json\/wp\/v2\/pages\/7028\/revisions\/7036"}],"up":[{"embeddable":true,"href":"https:\/\/agora.xtec.cat\/sesjoanpuigiferreter\/wp-json\/wp\/v2\/pages\/195"}],"wp:attachment":[{"href":"https:\/\/agora.xtec.cat\/sesjoanpuigiferreter\/wp-json\/wp\/v2\/media?parent=7028"}],"curies":[{"name":"wp","href":"https:\/\/api.w.org\/{rel}","templated":true}]}}