{"id":6907,"date":"2026-02-23T13:24:49","date_gmt":"2026-02-23T12:24:49","guid":{"rendered":"https:\/\/agora.xtec.cat\/sesjoanpuigiferreter\/?page_id=6907"},"modified":"2026-02-27T11:08:18","modified_gmt":"2026-02-27T10:08:18","slug":"consell-escolar","status":"publish","type":"page","link":"https:\/\/agora.xtec.cat\/sesjoanpuigiferreter\/organitzacio-de-centre\/consell-escolar\/","title":{"rendered":"Consell escolar"},"content":{"rendered":"\n<p>Composici\u00f3 del consell escolar:<\/p>\n\n\n\n<figure class=\"wp-block-table\"><table class=\"has-fixed-layout\"><tbody><tr><td>Representants de l&#8217;equip directiu<\/td><td>Javi Molt\u00f3<br>Isabel Torrents<br>Borja Mu\u00f1oz<\/td><\/tr><tr><td>Representants del professorat<\/td><td>Eduard Arnal<br>Gerard Carceller<br>Rosa M Ferr\u00e9<br>Jordi Ferreres<br>Llu\u00efsa Moreno<br>M Eug\u00e8nia Vilella<\/td><\/tr><tr><td>Representant del PAS<\/td><td>Ana Montosa<\/td><\/tr><tr><td>Representants dels alumnes<\/td><td>Isaac Fernandez<br>Roman Roset<br>Marta L\u00f3pez<\/td><\/tr><tr><td>Representants de les fam\u00edlies<\/td><td>Nat\u00e0lia Domingo<br>Patr\u00edcia Lopez<br>In\u00e9s Fernandez<\/td><\/tr><tr><td>Representant de l&#8217;Ajuntament<\/td><td>Arantxa Salvat<\/td><\/tr><\/tbody><\/table><\/figure>\n\n\n\n<p>Acords del Consell Escolar<\/p>\n","protected":false},"excerpt":{"rendered":"<p>Composici\u00f3 del consell escolar: Representants de l&#8217;equip directiu Javi Molt\u00f3Isabel TorrentsBorja Mu\u00f1oz Representants del professorat Eduard ArnalGerard CarcellerRosa M Ferr\u00e9Jordi FerreresLlu\u00efsa MorenoM Eug\u00e8nia Vilella Representant del PAS Ana Montosa Representants dels alumnes Isaac FernandezRoman RosetMarta L\u00f3pez Representants de les fam\u00edlies Nat\u00e0lia DomingoPatr\u00edcia LopezIn\u00e9s Fernandez Representant de l&#8217;Ajuntament Arantxa Salvat Acords del Consell Escolar<\/p>\n","protected":false},"author":1,"featured_media":0,"parent":6748,"menu_order":40,"comment_status":"closed","ping_status":"close","template":"","meta":{"_bbp_topic_count":0,"_bbp_reply_count":0,"_bbp_total_topic_count":0,"_bbp_total_reply_count":0,"_bbp_voice_count":0,"_bbp_anonymous_reply_count":0,"_bbp_topic_count_hidden":0,"_bbp_reply_count_hidden":0,"_bbp_forum_subforum_count":0,"site-sidebar-layout":"default","site-content-layout":"","ast-site-content-layout":"default","site-content-style":"default","site-sidebar-style":"default","ast-global-header-display":"","ast-banner-title-visibility":"","ast-main-header-display":"","ast-hfb-above-header-display":"","ast-hfb-below-header-display":"","ast-hfb-mobile-header-display":"","site-post-title":"","ast-breadcrumbs-content":"","ast-featured-img":"","footer-sml-layout":"","theme-transparent-header-meta":"","adv-header-id-meta":"","stick-header-meta":"","header-above-stick-meta":"","header-main-stick-meta":"","header-below-stick-meta":"","astra-migrate-meta-layouts":"set","ast-page-background-enabled":"default","ast-page-background-meta":{"desktop":{"background-color":"var(--ast-global-color-4)","background-image":"","background-repeat":"repeat","background-position":"center center","background-size":"auto","background-attachment":"scroll","background-type":"","background-media":"","overlay-type":"","overlay-color":"","overlay-opacity":"","overlay-gradient":""},"tablet":{"background-color":"","background-image":"","background-repeat":"repeat","background-position":"center center","background-size":"auto","background-attachment":"scroll","background-type":"","background-media":"","overlay-type":"","overlay-color":"","overlay-opacity":"","overlay-gradient":""},"mobile":{"background-color":"","background-image":"","background-repeat":"repeat","background-position":"center center","background-size":"auto","background-attachment":"scroll","background-type":"","background-media":"","overlay-type":"","overlay-color":"","overlay-opacity":"","overlay-gradient":""}},"ast-content-background-meta":{"desktop":{"background-color":"var(--ast-global-color-5)","background-image":"","background-repeat":"repeat","background-position":"center center","background-size":"auto","background-attachment":"scroll","background-type":"","background-media":"","overlay-type":"","overlay-color":"","overlay-opacity":"","overlay-gradient":""},"tablet":{"background-color":"var(--ast-global-color-5)","background-image":"","background-repeat":"repeat","background-position":"center center","background-size":"auto","background-attachment":"scroll","background-type":"","background-media":"","overlay-type":"","overlay-color":"","overlay-opacity":"","overlay-gradient":""},"mobile":{"background-color":"var(--ast-global-color-5)","background-image":"","background-repeat":"repeat","background-position":"center center","background-size":"auto","background-attachment":"scroll","background-type":"","background-media":"","overlay-type":"","overlay-color":"","overlay-opacity":"","overlay-gradient":""}},"footnotes":""},"class_list":["post-6907","page","type-page","status-publish","hentry"],"post_mailing_queue_ids":[],"_links":{"self":[{"href":"https:\/\/agora.xtec.cat\/sesjoanpuigiferreter\/wp-json\/wp\/v2\/pages\/6907","targetHints":{"allow":["GET"]}}],"collection":[{"href":"https:\/\/agora.xtec.cat\/sesjoanpuigiferreter\/wp-json\/wp\/v2\/pages"}],"about":[{"href":"https:\/\/agora.xtec.cat\/sesjoanpuigiferreter\/wp-json\/wp\/v2\/types\/page"}],"author":[{"embeddable":true,"href":"https:\/\/agora.xtec.cat\/sesjoanpuigiferreter\/wp-json\/wp\/v2\/users\/1"}],"replies":[{"embeddable":true,"href":"https:\/\/agora.xtec.cat\/sesjoanpuigiferreter\/wp-json\/wp\/v2\/comments?post=6907"}],"version-history":[{"count":4,"href":"https:\/\/agora.xtec.cat\/sesjoanpuigiferreter\/wp-json\/wp\/v2\/pages\/6907\/revisions"}],"predecessor-version":[{"id":6913,"href":"https:\/\/agora.xtec.cat\/sesjoanpuigiferreter\/wp-json\/wp\/v2\/pages\/6907\/revisions\/6913"}],"up":[{"embeddable":true,"href":"https:\/\/agora.xtec.cat\/sesjoanpuigiferreter\/wp-json\/wp\/v2\/pages\/6748"}],"wp:attachment":[{"href":"https:\/\/agora.xtec.cat\/sesjoanpuigiferreter\/wp-json\/wp\/v2\/media?parent=6907"}],"curies":[{"name":"wp","href":"https:\/\/api.w.org\/{rel}","templated":true}]}}