{"id":6873,"date":"2026-02-17T12:18:28","date_gmt":"2026-02-17T11:18:28","guid":{"rendered":"https:\/\/agora.xtec.cat\/sesjoanpuigiferreter\/?page_id=6873"},"modified":"2026-03-02T13:46:50","modified_gmt":"2026-03-02T12:46:50","slug":"sollicitud-generica","status":"publish","type":"page","link":"https:\/\/agora.xtec.cat\/sesjoanpuigiferreter\/secretaria\/sollicitud-generica\/","title":{"rendered":"Sol\u00b7licitud gen\u00e8rica"},"content":{"rendered":"\n<p>Aquesta sol\u00b7licitud es pot presentar presencialment o b\u00e9 per correu electr\u00f2nic a <a href=\"mailto:secretaria@institutjoanpuigiferreter.cat\">secretaria@institutjoanpuigiferreter.cat<\/a> . En cas que es faci per correu electr\u00f2nic, cal adjuntar-hi una fotografia del DNI pel davant i pel darrere.<\/p>\n\n\n\n<p><a href=\"https:\/\/drive.google.com\/file\/d\/1tI8UEdL5DMCWkOGPRGsmo2FASn1VQw-s\/view?usp=sharing\" target=\"_blank\" rel=\"noreferrer noopener\">Anar al formulari de sol.licitud<\/a> (descarregar el formulari per omplir-lo)<\/p>\n","protected":false},"excerpt":{"rendered":"<p>Aquesta sol\u00b7licitud es pot presentar presencialment o b\u00e9 per correu electr\u00f2nic a secretaria@institutjoanpuigiferreter.cat . En cas que es faci per correu electr\u00f2nic, cal adjuntar-hi una fotografia del DNI pel davant i pel darrere. Anar al formulari de sol.licitud (descarregar el formulari per omplir-lo)<\/p>\n","protected":false},"author":1,"featured_media":0,"parent":6838,"menu_order":10,"comment_status":"closed","ping_status":"close","template":"","meta":{"_bbp_topic_count":0,"_bbp_reply_count":0,"_bbp_total_topic_count":0,"_bbp_total_reply_count":0,"_bbp_voice_count":0,"_bbp_anonymous_reply_count":0,"_bbp_topic_count_hidden":0,"_bbp_reply_count_hidden":0,"_bbp_forum_subforum_count":0,"site-sidebar-layout":"default","site-content-layout":"","ast-site-content-layout":"default","site-content-style":"default","site-sidebar-style":"default","ast-global-header-display":"","ast-banner-title-visibility":"","ast-main-header-display":"","ast-hfb-above-header-display":"","ast-hfb-below-header-display":"","ast-hfb-mobile-header-display":"","site-post-title":"","ast-breadcrumbs-content":"","ast-featured-img":"","footer-sml-layout":"","theme-transparent-header-meta":"","adv-header-id-meta":"","stick-header-meta":"","header-above-stick-meta":"","header-main-stick-meta":"","header-below-stick-meta":"","astra-migrate-meta-layouts":"set","ast-page-background-enabled":"default","ast-page-background-meta":{"desktop":{"background-color":"var(--ast-global-color-4)","background-image":"","background-repeat":"repeat","background-position":"center center","background-size":"auto","background-attachment":"scroll","background-type":"","background-media":"","overlay-type":"","overlay-color":"","overlay-opacity":"","overlay-gradient":""},"tablet":{"background-color":"","background-image":"","background-repeat":"repeat","background-position":"center center","background-size":"auto","background-attachment":"scroll","background-type":"","background-media":"","overlay-type":"","overlay-color":"","overlay-opacity":"","overlay-gradient":""},"mobile":{"background-color":"","background-image":"","background-repeat":"repeat","background-position":"center center","background-size":"auto","background-attachment":"scroll","background-type":"","background-media":"","overlay-type":"","overlay-color":"","overlay-opacity":"","overlay-gradient":""}},"ast-content-background-meta":{"desktop":{"background-color":"var(--ast-global-color-5)","background-image":"","background-repeat":"repeat","background-position":"center center","background-size":"auto","background-attachment":"scroll","background-type":"","background-media":"","overlay-type":"","overlay-color":"","overlay-opacity":"","overlay-gradient":""},"tablet":{"background-color":"var(--ast-global-color-5)","background-image":"","background-repeat":"repeat","background-position":"center center","background-size":"auto","background-attachment":"scroll","background-type":"","background-media":"","overlay-type":"","overlay-color":"","overlay-opacity":"","overlay-gradient":""},"mobile":{"background-color":"var(--ast-global-color-5)","background-image":"","background-repeat":"repeat","background-position":"center center","background-size":"auto","background-attachment":"scroll","background-type":"","background-media":"","overlay-type":"","overlay-color":"","overlay-opacity":"","overlay-gradient":""}},"footnotes":""},"class_list":["post-6873","page","type-page","status-publish","hentry"],"post_mailing_queue_ids":[],"_links":{"self":[{"href":"https:\/\/agora.xtec.cat\/sesjoanpuigiferreter\/wp-json\/wp\/v2\/pages\/6873","targetHints":{"allow":["GET"]}}],"collection":[{"href":"https:\/\/agora.xtec.cat\/sesjoanpuigiferreter\/wp-json\/wp\/v2\/pages"}],"about":[{"href":"https:\/\/agora.xtec.cat\/sesjoanpuigiferreter\/wp-json\/wp\/v2\/types\/page"}],"author":[{"embeddable":true,"href":"https:\/\/agora.xtec.cat\/sesjoanpuigiferreter\/wp-json\/wp\/v2\/users\/1"}],"replies":[{"embeddable":true,"href":"https:\/\/agora.xtec.cat\/sesjoanpuigiferreter\/wp-json\/wp\/v2\/comments?post=6873"}],"version-history":[{"count":5,"href":"https:\/\/agora.xtec.cat\/sesjoanpuigiferreter\/wp-json\/wp\/v2\/pages\/6873\/revisions"}],"predecessor-version":[{"id":6951,"href":"https:\/\/agora.xtec.cat\/sesjoanpuigiferreter\/wp-json\/wp\/v2\/pages\/6873\/revisions\/6951"}],"up":[{"embeddable":true,"href":"https:\/\/agora.xtec.cat\/sesjoanpuigiferreter\/wp-json\/wp\/v2\/pages\/6838"}],"wp:attachment":[{"href":"https:\/\/agora.xtec.cat\/sesjoanpuigiferreter\/wp-json\/wp\/v2\/media?parent=6873"}],"curies":[{"name":"wp","href":"https:\/\/api.w.org\/{rel}","templated":true}]}}