{"id":6753,"date":"2026-01-15T11:32:57","date_gmt":"2026-01-15T10:32:57","guid":{"rendered":"https:\/\/agora.xtec.cat\/sesjoanpuigiferreter\/?page_id=6753"},"modified":"2026-02-26T11:02:37","modified_gmt":"2026-02-26T10:02:37","slug":"organigrama","status":"publish","type":"page","link":"https:\/\/agora.xtec.cat\/sesjoanpuigiferreter\/organitzacio-de-centre\/organigrama\/","title":{"rendered":"Organigrama"},"content":{"rendered":"\n<p>La gesti\u00f3 del centre es basa en la seg\u00fcent organitzaci\u00f3 de les persones i els c\u00e0rrecs:<\/p>\n\n\n\n<div class=\"wp-block-getwid-tabs\" data-active-tab=\"0\"><ul class=\"wp-block-getwid-tabs__nav-links\"><\/ul>\n<div class=\"wp-block-getwid-tabs__nav-link\"><span class=\"wp-block-getwid-tabs__title-wrapper\"><a href=\"#\"><span class=\"wp-block-getwid-tabs__title\">\u00d2rgans unipersonals<\/span><\/a><\/span><\/div><div class=\"wp-block-getwid-tabs__tab-content-wrapper\"><div class=\"wp-block-getwid-tabs__tab-content\">\n<div class=\"wp-block-columns is-layout-flex wp-container-core-columns-is-layout-1 wp-block-columns-is-layout-flex\">\n<div class=\"wp-block-column is-layout-flow wp-block-column-is-layout-flow\" style=\"flex-basis:50%\">\n<p>Director<\/p>\n\n\n\n<p>Cap d&#8217;estudis<\/p>\n\n\n\n<p>Coordinadora pedag\u00f2gica<\/p>\n\n\n\n<p>Secretari<\/p>\n<\/div>\n\n\n\n<div class=\"wp-block-column is-layout-flow wp-block-column-is-layout-flow\" style=\"flex-basis:50%\">\n<p>Javi Molt\u00f3<\/p>\n\n\n\n<p>Isabel Torrents<\/p>\n\n\n\n<p>M\u00f2nica Bonet<\/p>\n\n\n\n<p>Borja Mu\u00f1oz<\/p>\n<\/div>\n<\/div>\n<\/div><\/div>\n\n\n\n<div class=\"wp-block-getwid-tabs__nav-link\"><span class=\"wp-block-getwid-tabs__title-wrapper\"><a href=\"#\"><span class=\"wp-block-getwid-tabs__title\">Coordinacions<\/span><\/a><\/span><\/div><div class=\"wp-block-getwid-tabs__tab-content-wrapper\"><div class=\"wp-block-getwid-tabs__tab-content\">\n<div class=\"wp-block-columns is-layout-flex wp-container-core-columns-is-layout-2 wp-block-columns-is-layout-flex\">\n<div class=\"wp-block-column is-layout-flow wp-block-column-is-layout-flow\" style=\"flex-basis:50%\">\n<p>Coordinadora 1r cicle ESO<\/p>\n\n\n\n<p>Coordinadora 2n cicle ESO<\/p>\n\n\n\n<p>Coordinador Batxillerat<\/p>\n\n\n\n<p>Coordinadora Biblioteca<\/p>\n\n\n\n<p>Coordinadora COCOBE<\/p>\n\n\n\n<p>Coordinadora Escoles Verdes<\/p>\n\n\n\n<p>Coordinadora Esport a l&#8217;Escola<\/p>\n\n\n\n<p>Coordinador Riscos Laborals<\/p>\n\n\n\n<p>Coordinaci\u00f3 digital<\/p>\n\n\n\n<p>Coordinadora mediaci\u00f3<\/p>\n\n\n\n<p>Coordinador LIC<\/p>\n\n\n\n<p>Coordinadora Activitats<\/p>\n<\/div>\n\n\n\n<div class=\"wp-block-column is-layout-flow wp-block-column-is-layout-flow\" style=\"flex-basis:50%\">\n<p>Llu\u00efsa Moreno<\/p>\n\n\n\n<p>N\u00faria Pinyol<\/p>\n\n\n\n<p>Gerard Carceller<\/p>\n\n\n\n<p>Susana Espinal<\/p>\n\n\n\n<p>Raquel Porcel<\/p>\n\n\n\n<p>M Eug\u00e8nia Vilella<\/p>\n\n\n\n<p>Raquel Porcel<\/p>\n\n\n\n<p>Josep Llu\u00eds Calabuig<\/p>\n\n\n\n<p>Llu\u00eds Pag\u00e8s<\/p>\n\n\n\n<p>Nat\u00e0lia Mons\u00f3<\/p>\n\n\n\n<p>Marc Llaurador<\/p>\n\n\n\n<p>Marina Roig<\/p>\n<\/div>\n<\/div>\n<\/div><\/div>\n\n\n\n<div class=\"wp-block-getwid-tabs__nav-link\"><span class=\"wp-block-getwid-tabs__title-wrapper\"><a href=\"#\"><span class=\"wp-block-getwid-tabs__title\">Caps de departament<\/span><\/a><\/span><\/div><div class=\"wp-block-getwid-tabs__tab-content-wrapper\"><div class=\"wp-block-getwid-tabs__tab-content\">\n<div class=\"wp-block-columns is-layout-flex wp-container-core-columns-is-layout-3 wp-block-columns-is-layout-flex\">\n<div class=\"wp-block-column is-layout-flow wp-block-column-is-layout-flow\" style=\"flex-basis:50%\">\n<p>Llengua castellana<\/p>\n\n\n\n<p>Tecnologia<\/p>\n\n\n\n<p>Ci\u00e8ncies Socials<\/p>\n\n\n\n<p>Orientaci\u00f3<\/p>\n\n\n\n<p>Ci\u00e8ncies Experimentals<\/p>\n\n\n\n<p>Educaci\u00f3 F\u00edsica<\/p>\n\n\n\n<p>Llengua catalana<\/p>\n\n\n\n<p>Ed Visual i Pl\u00e0stica<\/p>\n\n\n\n<p>Lleng\u00fces estrangeres<\/p>\n\n\n\n<p>Matem\u00e0tiques<\/p>\n<\/div>\n\n\n\n<div class=\"wp-block-column is-layout-flow wp-block-column-is-layout-flow\" style=\"flex-basis:50%\">\n<p>Susana Espinal<\/p>\n\n\n\n<p>Jordi Garcia<\/p>\n\n\n\n<p>Jordi Serra<\/p>\n\n\n\n<p>Nat\u00e0lia Mons\u00f3<\/p>\n\n\n\n<p>Laura Escoda<\/p>\n\n\n\n<p>Brenda Arce<\/p>\n\n\n\n<p>Maria Anguera<\/p>\n\n\n\n<p>Jordi Saur\u00ed<\/p>\n\n\n\n<p>Judit T\u00e0rrech<\/p>\n\n\n\n<p>Javier Molt\u00f3<\/p>\n<\/div>\n<\/div>\n<\/div><\/div>\n<\/div>\n\n\n\n<p><\/p>\n","protected":false},"excerpt":{"rendered":"<p>La gesti\u00f3 del centre es basa en la seg\u00fcent organitzaci\u00f3 de les persones i els c\u00e0rrecs:<\/p>\n","protected":false},"author":1,"featured_media":0,"parent":6748,"menu_order":0,"comment_status":"closed","ping_status":"close","template":"","meta":{"_bbp_topic_count":0,"_bbp_reply_count":0,"_bbp_total_topic_count":0,"_bbp_total_reply_count":0,"_bbp_voice_count":0,"_bbp_anonymous_reply_count":0,"_bbp_topic_count_hidden":0,"_bbp_reply_count_hidden":0,"_bbp_forum_subforum_count":0,"site-sidebar-layout":"default","site-content-layout":"","ast-site-content-layout":"default","site-content-style":"default","site-sidebar-style":"default","ast-global-header-display":"","ast-banner-title-visibility":"","ast-main-header-display":"","ast-hfb-above-header-display":"","ast-hfb-below-header-display":"","ast-hfb-mobile-header-display":"","site-post-title":"","ast-breadcrumbs-content":"","ast-featured-img":"","footer-sml-layout":"","theme-transparent-header-meta":"","adv-header-id-meta":"","stick-header-meta":"","header-above-stick-meta":"","header-main-stick-meta":"","header-below-stick-meta":"","astra-migrate-meta-layouts":"set","ast-page-background-enabled":"default","ast-page-background-meta":{"desktop":{"background-color":"var(--ast-global-color-4)","background-image":"","background-repeat":"repeat","background-position":"center center","background-size":"auto","background-attachment":"scroll","background-type":"","background-media":"","overlay-type":"","overlay-color":"","overlay-opacity":"","overlay-gradient":""},"tablet":{"background-color":"","background-image":"","background-repeat":"repeat","background-position":"center center","background-size":"auto","background-attachment":"scroll","background-type":"","background-media":"","overlay-type":"","overlay-color":"","overlay-opacity":"","overlay-gradient":""},"mobile":{"background-color":"","background-image":"","background-repeat":"repeat","background-position":"center center","background-size":"auto","background-attachment":"scroll","background-type":"","background-media":"","overlay-type":"","overlay-color":"","overlay-opacity":"","overlay-gradient":""}},"ast-content-background-meta":{"desktop":{"background-color":"var(--ast-global-color-5)","background-image":"","background-repeat":"repeat","background-position":"center center","background-size":"auto","background-attachment":"scroll","background-type":"","background-media":"","overlay-type":"","overlay-color":"","overlay-opacity":"","overlay-gradient":""},"tablet":{"background-color":"var(--ast-global-color-5)","background-image":"","background-repeat":"repeat","background-position":"center center","background-size":"auto","background-attachment":"scroll","background-type":"","background-media":"","overlay-type":"","overlay-color":"","overlay-opacity":"","overlay-gradient":""},"mobile":{"background-color":"var(--ast-global-color-5)","background-image":"","background-repeat":"repeat","background-position":"center center","background-size":"auto","background-attachment":"scroll","background-type":"","background-media":"","overlay-type":"","overlay-color":"","overlay-opacity":"","overlay-gradient":""}},"footnotes":""},"class_list":["post-6753","page","type-page","status-publish","hentry"],"post_mailing_queue_ids":[],"_links":{"self":[{"href":"https:\/\/agora.xtec.cat\/sesjoanpuigiferreter\/wp-json\/wp\/v2\/pages\/6753","targetHints":{"allow":["GET"]}}],"collection":[{"href":"https:\/\/agora.xtec.cat\/sesjoanpuigiferreter\/wp-json\/wp\/v2\/pages"}],"about":[{"href":"https:\/\/agora.xtec.cat\/sesjoanpuigiferreter\/wp-json\/wp\/v2\/types\/page"}],"author":[{"embeddable":true,"href":"https:\/\/agora.xtec.cat\/sesjoanpuigiferreter\/wp-json\/wp\/v2\/users\/1"}],"replies":[{"embeddable":true,"href":"https:\/\/agora.xtec.cat\/sesjoanpuigiferreter\/wp-json\/wp\/v2\/comments?post=6753"}],"version-history":[{"count":6,"href":"https:\/\/agora.xtec.cat\/sesjoanpuigiferreter\/wp-json\/wp\/v2\/pages\/6753\/revisions"}],"predecessor-version":[{"id":6906,"href":"https:\/\/agora.xtec.cat\/sesjoanpuigiferreter\/wp-json\/wp\/v2\/pages\/6753\/revisions\/6906"}],"up":[{"embeddable":true,"href":"https:\/\/agora.xtec.cat\/sesjoanpuigiferreter\/wp-json\/wp\/v2\/pages\/6748"}],"wp:attachment":[{"href":"https:\/\/agora.xtec.cat\/sesjoanpuigiferreter\/wp-json\/wp\/v2\/media?parent=6753"}],"curies":[{"name":"wp","href":"https:\/\/api.w.org\/{rel}","templated":true}]}}