{"id":27,"date":"2014-09-17T16:24:03","date_gmt":"2014-09-17T16:24:03","guid":{"rendered":"http:\/\/agora.xtec.cat\/sesjoanpuigiferreter\/?page_id=27"},"modified":"2026-02-27T11:03:05","modified_gmt":"2026-02-27T10:03:05","slug":"historia","status":"publish","type":"page","link":"https:\/\/agora.xtec.cat\/sesjoanpuigiferreter\/linstitut\/historia\/","title":{"rendered":"Benvinguda"},"content":{"rendered":"<p><a href=\"http:\/\/agora.xtec.cat\/sesjoanpuigiferreter\/wp-content\/uploads\/usu1446\/2014\/09\/situacio-entrada.jpeg\"><img loading=\"lazy\" decoding=\"async\" class=\"size-full wp-image-978 aligncenter\" src=\"http:\/\/agora.xtec.cat\/sesjoanpuigiferreter\/wp-content\/uploads\/usu1446\/2014\/09\/situacio-entrada.jpeg\" alt=\"situacio-entrada\" width=\"908\" height=\"392\" srcset=\"https:\/\/agora.xtec.cat\/sesjoanpuigiferreter\/wp-content\/uploads\/usu1446\/2014\/09\/situacio-entrada.jpeg 908w, https:\/\/agora.xtec.cat\/sesjoanpuigiferreter\/wp-content\/uploads\/usu1446\/2014\/09\/situacio-entrada-300x130.jpeg 300w, https:\/\/agora.xtec.cat\/sesjoanpuigiferreter\/wp-content\/uploads\/usu1446\/2014\/09\/situacio-entrada-768x332.jpeg 768w\" sizes=\"auto, (max-width: 908px) 100vw, 908px\" \/><\/a><\/p>\n<p style=\"text-align: justify;\">L\u2019INS Joan Puig i Ferreter \u00e9s un centre educatiu p\u00fablic de la Selva del Camp, que imparteix tots\u00a0\u00a0els cursos de l\u2019ESO i les modalitats de Ci\u00e8ncies i Tecnologia i d\u2019Humanitats i Ci\u00e8ncies Socials del\u00a0 Batxillerat.<\/p>\n<p style=\"text-align: justify;\">El centre disposa d\u2019un claustre de professorat molt estable, format per uns 50 professors i\u00a0 professores, a m\u00e9s de 2 subalternes i 2 administratives i del personal de neteja i manteniment. Tamb\u00e9 disposem d\u2019una USEE (unitat de suport d\u2019educaci\u00f3 especial) on hi ha 2 psicopedagogs, un educador social i 1 vetlladora per atendre als alumnes amb un d\u00e8ficit motriu.<\/p>\n<p style=\"text-align: justify;\">Col\u2022laboren molt intensament amb el personal especialista de l\u2019ABS del poble, gabinet\u00a0 psicopedag\u00f2gic de l\u2019EAP del Departament d\u2019Ensenyament, l\u2019Ajuntament de La Selva del Camp,\u00a0 el Consell Comarcal del Baix Camp, i d\u2019altres. Malauradament en l\u2019actualitat no disposen d\u2019AFA.<\/p>\n<p style=\"text-align: justify;\">El nostre Institut pret\u00e9n una formaci\u00f3 integral de l\u2019alumnat en tots els seus aspectes: intel\u2022lectual,\u00a0 motor, personal, afectiu, d\u2019actuaci\u00f3, d\u2019inserci\u00f3 social i professional. Per aquest motiu, t\u00e9 unes\u00a0 \u00e0mplies funcions formatives i orientadores i intenta que els alumnes adquireixin un domini de les\u00a0 compet\u00e8ncies b\u00e0siques perqu\u00e8 puguin incorporar-se a uns estudis universitaris o de cicles\u00a0 superiors o b\u00e9 a una activitat laboral i, posteriorment, puguin prendre part en la societat\u00a0 activament i amb responsabilitat.<\/p>\n<p style=\"text-align: justify;\">El centre potencia l\u2019escolaritzaci\u00f3 inclusiva de tot l\u2019alumnat. Per tal d\u2019atendre la pluralitat de\u00a0 necessitats dels nois i noies s\u2019ha optat per un sistema comprensiu, \u00e9s a dir per un sistema que\u00a0 vol tenir en compte la totalitat de l\u2019alumnat, aportant diverses solucions a demandes diverses,\u00a0 contribuint aix\u00ed que tots\/es els\/les alumnes puguin assolir les compet\u00e8ncies b\u00e0siques.<\/p>\n<p style=\"text-align: justify;\">Basant-nos en el principi de la coeducaci\u00f3, entenent-lo com el proc\u00e9s d\u2019educar per a la igualtat,\u00a0 fem que l\u2019ensenyament no sigui discriminatori referent al sexe. Vetllem perqu\u00e8 els nois i les noies\u00a0 tinguin les oportunitats de formaci\u00f3, d\u2019avaluaci\u00f3, orientaci\u00f3 acad\u00e8mica i professional i puguin\u00a0 participar en totes les activitats de l\u2019Institut amb el mateix grau de responsabilitat i igualtat.<\/p>\n<p style=\"text-align: justify;\">Un aspecte fonamental per assolir els objectius \u00e9s la millora continuada de la conviv\u00e8ncia en el\u00a0 centre, i creiem que ha de basar-se en uns fonaments de: respecte mutu, respecte al material i\u00a0 mobiliari del centre, responsabilitat, integraci\u00f3 de tots els membres de la comunitat educativa,\u00a0 solidaritat, higiene i salut, amb unes bases de confian\u00e7a i di\u00e0leg. Les NOFC (Normes\u00a0 d\u2019organitzaci\u00f3 i funcionament del centre) estableixen les normes de conviv\u00e8ncia, tipifiquen les\u00a0 faltes i estipulen les sancions, per garantir un bon clima de conviv\u00e8ncia interna i externa.<\/p>\n<p style=\"text-align: justify;\">Volem comptar amb la participaci\u00f3 de tota la comunitat educativa: professors, alumnes i pares i\u00a0 mares, perqu\u00e8 hem de ser conscients que en moltes ocasions aprendre exigeix un esfor\u00e7 personal important i implica superar una s\u00e8rie de dificultats que poden ser no gaire divertides, ni\u00a0 agradables, per\u00f2 que formen part de la formaci\u00f3 integral que pretenem donar a tot els nostre\u00a0 alumnat.<\/p>\n<p style=\"text-align: justify;\">Nom\u00e9s amb una bona comunicaci\u00f3 i implicaci\u00f3 entre tots es podr\u00e0 aconseguir l\u2019objectiu que tots\u00a0 desitgem.<\/p>\n<p style=\"text-align: justify;\">En aquesta WEB trobareu tota la informaci\u00f3 que us podr\u00e0 ajudar a con\u00e8ixer una mica m\u00e9s el\u00a0 nostre centre, els espais, el funcionament i els serveis. Podeu fer servir el correu electr\u00f2nic, per\u00a0 fer qualsevol suggeriment o consulta, us ho agrairem de tot cor.<\/p>\n<p style=\"text-align: justify;\">Javier Molt\u00f3 Catalina<\/p>\n<p style=\"text-align: justify;\">Director<\/p>\n","protected":false},"excerpt":{"rendered":"<p>L\u2019INS Joan Puig i Ferreter \u00e9s un centre educatiu p\u00fablic de la Selva del Camp, que imparteix tots\u00a0\u00a0els cursos de l\u2019ESO i les modalitats de Ci\u00e8ncies i Tecnologia i d\u2019Humanitats i Ci\u00e8ncies Socials del\u00a0 Batxillerat. El centre disposa d\u2019un claustre de professorat molt estable, format per uns 50 professors i\u00a0 professores, a m\u00e9s de 2 [&hellip;]<\/p>\n","protected":false},"author":1,"featured_media":0,"parent":19,"menu_order":20,"comment_status":"closed","ping_status":"closed","template":"","meta":{"_bbp_topic_count":0,"_bbp_reply_count":0,"_bbp_total_topic_count":0,"_bbp_total_reply_count":0,"_bbp_voice_count":0,"_bbp_anonymous_reply_count":0,"_bbp_topic_count_hidden":0,"_bbp_reply_count_hidden":0,"_bbp_forum_subforum_count":0,"site-sidebar-layout":"default","site-content-layout":"","ast-site-content-layout":"default","site-content-style":"default","site-sidebar-style":"default","ast-global-header-display":"","ast-banner-title-visibility":"","ast-main-header-display":"","ast-hfb-above-header-display":"","ast-hfb-below-header-display":"","ast-hfb-mobile-header-display":"","site-post-title":"","ast-breadcrumbs-content":"","ast-featured-img":"","footer-sml-layout":"","theme-transparent-header-meta":"","adv-header-id-meta":"","stick-header-meta":"","header-above-stick-meta":"","header-main-stick-meta":"","header-below-stick-meta":"","astra-migrate-meta-layouts":"set","ast-page-background-enabled":"default","ast-page-background-meta":{"desktop":{"background-color":"var(--ast-global-color-4)","background-image":"","background-repeat":"repeat","background-position":"center center","background-size":"auto","background-attachment":"scroll","background-type":"","background-media":"","overlay-type":"","overlay-color":"","overlay-opacity":"","overlay-gradient":""},"tablet":{"background-color":"","background-image":"","background-repeat":"repeat","background-position":"center center","background-size":"auto","background-attachment":"scroll","background-type":"","background-media":"","overlay-type":"","overlay-color":"","overlay-opacity":"","overlay-gradient":""},"mobile":{"background-color":"","background-image":"","background-repeat":"repeat","background-position":"center center","background-size":"auto","background-attachment":"scroll","background-type":"","background-media":"","overlay-type":"","overlay-color":"","overlay-opacity":"","overlay-gradient":""}},"ast-content-background-meta":{"desktop":{"background-color":"var(--ast-global-color-5)","background-image":"","background-repeat":"repeat","background-position":"center center","background-size":"auto","background-attachment":"scroll","background-type":"","background-media":"","overlay-type":"","overlay-color":"","overlay-opacity":"","overlay-gradient":""},"tablet":{"background-color":"var(--ast-global-color-5)","background-image":"","background-repeat":"repeat","background-position":"center center","background-size":"auto","background-attachment":"scroll","background-type":"","background-media":"","overlay-type":"","overlay-color":"","overlay-opacity":"","overlay-gradient":""},"mobile":{"background-color":"var(--ast-global-color-5)","background-image":"","background-repeat":"repeat","background-position":"center center","background-size":"auto","background-attachment":"scroll","background-type":"","background-media":"","overlay-type":"","overlay-color":"","overlay-opacity":"","overlay-gradient":""}},"footnotes":""},"class_list":["post-27","page","type-page","status-publish","hentry"],"post_mailing_queue_ids":[],"_links":{"self":[{"href":"https:\/\/agora.xtec.cat\/sesjoanpuigiferreter\/wp-json\/wp\/v2\/pages\/27","targetHints":{"allow":["GET"]}}],"collection":[{"href":"https:\/\/agora.xtec.cat\/sesjoanpuigiferreter\/wp-json\/wp\/v2\/pages"}],"about":[{"href":"https:\/\/agora.xtec.cat\/sesjoanpuigiferreter\/wp-json\/wp\/v2\/types\/page"}],"author":[{"embeddable":true,"href":"https:\/\/agora.xtec.cat\/sesjoanpuigiferreter\/wp-json\/wp\/v2\/users\/1"}],"replies":[{"embeddable":true,"href":"https:\/\/agora.xtec.cat\/sesjoanpuigiferreter\/wp-json\/wp\/v2\/comments?post=27"}],"version-history":[{"count":5,"href":"https:\/\/agora.xtec.cat\/sesjoanpuigiferreter\/wp-json\/wp\/v2\/pages\/27\/revisions"}],"predecessor-version":[{"id":6928,"href":"https:\/\/agora.xtec.cat\/sesjoanpuigiferreter\/wp-json\/wp\/v2\/pages\/27\/revisions\/6928"}],"up":[{"embeddable":true,"href":"https:\/\/agora.xtec.cat\/sesjoanpuigiferreter\/wp-json\/wp\/v2\/pages\/19"}],"wp:attachment":[{"href":"https:\/\/agora.xtec.cat\/sesjoanpuigiferreter\/wp-json\/wp\/v2\/media?parent=27"}],"curies":[{"name":"wp","href":"https:\/\/api.w.org\/{rel}","templated":true}]}}