{"id":1878,"date":"2017-12-15T10:59:18","date_gmt":"2017-12-15T09:59:18","guid":{"rendered":"http:\/\/agora.xtec.cat\/sesjoanpuigiferreter\/?page_id=1878"},"modified":"2026-03-01T12:51:01","modified_gmt":"2026-03-01T11:51:01","slug":"departaments-2","status":"publish","type":"page","link":"https:\/\/agora.xtec.cat\/sesjoanpuigiferreter\/organitzacio-de-centre\/departaments-2\/","title":{"rendered":"Departaments did\u00e0ctics"},"content":{"rendered":"<table class=\" aligncenter\">\n<tbody>\n<tr style=\"height: 149px;\">\n<td style=\"height: 149px;\"><a href=\"https:\/\/agora.xtec.cat\/sesjoanpuigiferreter\/categoria\/ciencies-experimentals\/\"><img loading=\"lazy\" decoding=\"async\" class=\"wp-image-2019 aligncenter\" src=\"http:\/\/agora.xtec.cat\/sesjoanpuigiferreter\/wp-content\/uploads\/usu1446\/2017\/12\/cc44cd6785f4fe5e70cb415d1efaf1cb-bpfull.png\" alt=\"\" width=\"100\" height=\"100\" \/><\/a><em>C. NATURALS<br \/>\n<\/em><\/td>\n<td style=\"height: 149px;\"><a href=\"http:\/\/agora.xtec.cat\/sesjoanpuigiferreter\/categoria\/ciencies-socials\/\"><img loading=\"lazy\" decoding=\"async\" class=\"wp-image-1881 aligncenter\" src=\"http:\/\/agora.xtec.cat\/sesjoanpuigiferreter\/wp-content\/uploads\/usu1446\/2017\/12\/3f542337a133d3e267393dff5c91f4d7-bpfull.png\" alt=\"\" width=\"100\" height=\"100\" \/><\/a><em>C. SOCIALS<\/em><\/td>\n<td style=\"height: 149px;\"><a href=\"http:\/\/agora.xtec.cat\/sesjoanpuigiferreter\/categoria\/educacio-fisica\/\"><img loading=\"lazy\" decoding=\"async\" class=\"aligncenter wp-image-1884\" src=\"http:\/\/agora.xtec.cat\/sesjoanpuigiferreter\/wp-content\/uploads\/usu1446\/2017\/12\/6b8298cea3412879626460a7f20adbd9-bpthumb.png\" alt=\"\" width=\"100\" height=\"100\" \/><\/a><em>ED. F\u00cdSICA<\/em><\/td>\n<td style=\"height: 149px;\"><a href=\"http:\/\/agora.xtec.cat\/sesjoanpuigiferreter\/categoria\/llengua-castellana\/\"><img loading=\"lazy\" decoding=\"async\" class=\"aligncenter wp-image-1894\" src=\"http:\/\/agora.xtec.cat\/sesjoanpuigiferreter\/wp-content\/uploads\/usu1446\/2017\/12\/830dbdba4754347beb6d766ab9ee70c8-bpthumb.png\" alt=\"\" width=\"100\" height=\"100\" \/><\/a><em>LL. CASTELLANA<\/em><\/td>\n<td style=\"height: 149px;\"><a href=\"http:\/\/agora.xtec.cat\/sesjoanpuigiferreter\/categoria\/llengua-catalana\/\"><img loading=\"lazy\" decoding=\"async\" class=\"aligncenter wp-image-1882\" src=\"http:\/\/agora.xtec.cat\/sesjoanpuigiferreter\/wp-content\/uploads\/usu1446\/2017\/12\/4f93828d732ea785fe9314eb28236a25-bpthumb.png\" alt=\"\" width=\"100\" height=\"100\" \/><\/a><em>LL. CATALANA<\/em><\/td>\n<td style=\"height: 149px;\"><a href=\"http:\/\/agora.xtec.cat\/sesjoanpuigiferreter\/categoria\/llengues-estrangeres\/\"><img loading=\"lazy\" decoding=\"async\" class=\"aligncenter wp-image-1885\" src=\"http:\/\/agora.xtec.cat\/sesjoanpuigiferreter\/wp-content\/uploads\/usu1446\/2017\/12\/06bd749ca5e2e786410b1062dc26aad5-bpthumb.png\" alt=\"\" width=\"100\" height=\"100\" \/><\/a><em>LL. ESTRANGERES<\/em><\/td>\n<\/tr>\n<tr style=\"height: 33px;\">\n<td style=\"height: 33px;\"><a href=\"http:\/\/agora.xtec.cat\/sesjoanpuigiferreter\/categoria\/mates\/\"><em><img loading=\"lazy\" decoding=\"async\" class=\"aligncenter wp-image-1893\" src=\"http:\/\/agora.xtec.cat\/sesjoanpuigiferreter\/wp-content\/uploads\/usu1446\/2017\/12\/d58c8c93979ad17ef149592fb6ffb3ab-bpthumb.png\" alt=\"\" width=\"100\" height=\"100\" \/><\/em><\/a><em>MATEM\u00c0TIQUES<\/em><\/td>\n<td style=\"height: 33px;\"><a href=\"http:\/\/agora.xtec.cat\/sesjoanpuigiferreter\/categoria\/musica\/\"><img loading=\"lazy\" decoding=\"async\" class=\"aligncenter wp-image-1895\" src=\"http:\/\/agora.xtec.cat\/sesjoanpuigiferreter\/wp-content\/uploads\/usu1446\/2017\/12\/df3a37501769d2c9a0af8250f383909f-bpthumb.png\" alt=\"\" width=\"100\" height=\"100\" \/><\/a><em>M\u00daSICA<\/em><\/td>\n<td style=\"height: 33px;\"><a href=\"http:\/\/agora.xtec.cat\/sesjoanpuigiferreter\/categoria\/orientacio-academica\/\"><img loading=\"lazy\" decoding=\"async\" class=\"aligncenter wp-image-1896\" src=\"http:\/\/agora.xtec.cat\/sesjoanpuigiferreter\/wp-content\/uploads\/usu1446\/2017\/12\/deb1f9854a30af63b77eb4f18d46cfd5-bpthumb.png\" alt=\"\" width=\"100\" height=\"100\" \/><\/a><em>ORIENTACI\u00d3<\/em><\/td>\n<td style=\"height: 33px;\"><a href=\"http:\/\/agora.xtec.cat\/sesjoanpuigiferreter\/categoria\/tecnologia\/\"><img loading=\"lazy\" decoding=\"async\" class=\"aligncenter wp-image-1897\" src=\"http:\/\/agora.xtec.cat\/sesjoanpuigiferreter\/wp-content\/uploads\/usu1446\/2017\/12\/5ba73e92f0efc7a18e981938f15e1c28-bpthumb-1.png\" alt=\"\" width=\"100\" height=\"100\" \/><\/a><em>TECNOLOGIA<\/em><\/td>\n<td style=\"height: 33px;\"><a href=\"http:\/\/agora.xtec.cat\/sesjoanpuigiferreter\/categoria\/visual-i-plastica\/\"><img loading=\"lazy\" decoding=\"async\" class=\"aligncenter wp-image-1898\" src=\"http:\/\/agora.xtec.cat\/sesjoanpuigiferreter\/wp-content\/uploads\/usu1446\/2017\/12\/5430d36fbcb1f41cb75561d54bd54400-bpthumb.png\" alt=\"\" width=\"100\" height=\"100\" \/><\/a><em>VISUAL I PLASTICA<br \/>\n<\/em><\/td>\n<td style=\"height: 33px;\"><a href=\"https:\/\/agora.xtec.cat\/sesjoanpuigiferreter\/categoria\/optatives\/\" target=\"_blank\" rel=\"noopener\"><img loading=\"lazy\" decoding=\"async\" class=\"aligncenter wp-image-6280\" src=\"https:\/\/agora.xtec.cat\/sesjoanpuigiferreter\/wp-content\/uploads\/usu1446\/2025\/02\/orientacio.png\" alt=\"\" width=\"100\" height=\"92\" srcset=\"https:\/\/agora.xtec.cat\/sesjoanpuigiferreter\/wp-content\/uploads\/usu1446\/2025\/02\/orientacio.png 378w, https:\/\/agora.xtec.cat\/sesjoanpuigiferreter\/wp-content\/uploads\/usu1446\/2025\/02\/orientacio-300x277.png 300w\" sizes=\"auto, (max-width: 100px) 100vw, 100px\" \/><\/a><em>OPTATIVES<\/em><\/td>\n<\/tr>\n<\/tbody>\n<\/table>\n","protected":false},"excerpt":{"rendered":"<p>C. NATURALS C. SOCIALS ED. F\u00cdSICA LL. CASTELLANA LL. CATALANA LL. ESTRANGERES MATEM\u00c0TIQUES M\u00daSICA ORIENTACI\u00d3 TECNOLOGIA VISUAL I PLASTICA OPTATIVES<\/p>\n","protected":false},"author":1,"featured_media":0,"parent":6748,"menu_order":3,"comment_status":"closed","ping_status":"closed","template":"","meta":{"_bbp_topic_count":0,"_bbp_reply_count":0,"_bbp_total_topic_count":0,"_bbp_total_reply_count":0,"_bbp_voice_count":0,"_bbp_anonymous_reply_count":0,"_bbp_topic_count_hidden":0,"_bbp_reply_count_hidden":0,"_bbp_forum_subforum_count":0,"site-sidebar-layout":"default","site-content-layout":"","ast-site-content-layout":"default","site-content-style":"default","site-sidebar-style":"default","ast-global-header-display":"","ast-banner-title-visibility":"","ast-main-header-display":"","ast-hfb-above-header-display":"","ast-hfb-below-header-display":"","ast-hfb-mobile-header-display":"","site-post-title":"","ast-breadcrumbs-content":"","ast-featured-img":"","footer-sml-layout":"","theme-transparent-header-meta":"","adv-header-id-meta":"","stick-header-meta":"","header-above-stick-meta":"","header-main-stick-meta":"","header-below-stick-meta":"","astra-migrate-meta-layouts":"set","ast-page-background-enabled":"default","ast-page-background-meta":{"desktop":{"background-color":"var(--ast-global-color-4)","background-image":"","background-repeat":"repeat","background-position":"center center","background-size":"auto","background-attachment":"scroll","background-type":"","background-media":"","overlay-type":"","overlay-color":"","overlay-opacity":"","overlay-gradient":""},"tablet":{"background-color":"","background-image":"","background-repeat":"repeat","background-position":"center center","background-size":"auto","background-attachment":"scroll","background-type":"","background-media":"","overlay-type":"","overlay-color":"","overlay-opacity":"","overlay-gradient":""},"mobile":{"background-color":"","background-image":"","background-repeat":"repeat","background-position":"center center","background-size":"auto","background-attachment":"scroll","background-type":"","background-media":"","overlay-type":"","overlay-color":"","overlay-opacity":"","overlay-gradient":""}},"ast-content-background-meta":{"desktop":{"background-color":"var(--ast-global-color-5)","background-image":"","background-repeat":"repeat","background-position":"center center","background-size":"auto","background-attachment":"scroll","background-type":"","background-media":"","overlay-type":"","overlay-color":"","overlay-opacity":"","overlay-gradient":""},"tablet":{"background-color":"var(--ast-global-color-5)","background-image":"","background-repeat":"repeat","background-position":"center center","background-size":"auto","background-attachment":"scroll","background-type":"","background-media":"","overlay-type":"","overlay-color":"","overlay-opacity":"","overlay-gradient":""},"mobile":{"background-color":"var(--ast-global-color-5)","background-image":"","background-repeat":"repeat","background-position":"center center","background-size":"auto","background-attachment":"scroll","background-type":"","background-media":"","overlay-type":"","overlay-color":"","overlay-opacity":"","overlay-gradient":""}},"footnotes":""},"class_list":["post-1878","page","type-page","status-publish","hentry"],"post_mailing_queue_ids":[],"_links":{"self":[{"href":"https:\/\/agora.xtec.cat\/sesjoanpuigiferreter\/wp-json\/wp\/v2\/pages\/1878","targetHints":{"allow":["GET"]}}],"collection":[{"href":"https:\/\/agora.xtec.cat\/sesjoanpuigiferreter\/wp-json\/wp\/v2\/pages"}],"about":[{"href":"https:\/\/agora.xtec.cat\/sesjoanpuigiferreter\/wp-json\/wp\/v2\/types\/page"}],"author":[{"embeddable":true,"href":"https:\/\/agora.xtec.cat\/sesjoanpuigiferreter\/wp-json\/wp\/v2\/users\/1"}],"replies":[{"embeddable":true,"href":"https:\/\/agora.xtec.cat\/sesjoanpuigiferreter\/wp-json\/wp\/v2\/comments?post=1878"}],"version-history":[{"count":5,"href":"https:\/\/agora.xtec.cat\/sesjoanpuigiferreter\/wp-json\/wp\/v2\/pages\/1878\/revisions"}],"predecessor-version":[{"id":6930,"href":"https:\/\/agora.xtec.cat\/sesjoanpuigiferreter\/wp-json\/wp\/v2\/pages\/1878\/revisions\/6930"}],"up":[{"embeddable":true,"href":"https:\/\/agora.xtec.cat\/sesjoanpuigiferreter\/wp-json\/wp\/v2\/pages\/6748"}],"wp:attachment":[{"href":"https:\/\/agora.xtec.cat\/sesjoanpuigiferreter\/wp-json\/wp\/v2\/media?parent=1878"}],"curies":[{"name":"wp","href":"https:\/\/api.w.org\/{rel}","templated":true}]}}