{"id":9,"date":"2014-09-12T10:15:01","date_gmt":"2014-09-12T10:15:01","guid":{"rendered":"http:\/\/agora.xtec.cat\/sesfontsdelglorieta\/?page_id=9"},"modified":"2026-04-13T13:13:55","modified_gmt":"2026-04-13T11:13:55","slug":"pagina-dinici-buida","status":"publish","type":"page","link":"https:\/\/agora.xtec.cat\/sesfontsdelglorieta\/","title":{"rendered":"Inici"},"content":{"rendered":"<div class=\"row\">\n<p><img loading=\"lazy\" decoding=\"async\" class=\"aligncenter size-full wp-image-4561\" src=\"https:\/\/agora.xtec.cat\/sesfontsdelglorieta\/wp-content\/uploads\/usu1064\/2023\/03\/capc-2.png\" alt=\"\" width=\"2300\" height=\"400\" srcset=\"https:\/\/agora.xtec.cat\/sesfontsdelglorieta\/wp-content\/uploads\/usu1064\/2023\/03\/capc-2.png 2300w, https:\/\/agora.xtec.cat\/sesfontsdelglorieta\/wp-content\/uploads\/usu1064\/2023\/03\/capc-2-300x52.png 300w, https:\/\/agora.xtec.cat\/sesfontsdelglorieta\/wp-content\/uploads\/usu1064\/2023\/03\/capc-2-1024x178.png 1024w, https:\/\/agora.xtec.cat\/sesfontsdelglorieta\/wp-content\/uploads\/usu1064\/2023\/03\/capc-2-768x134.png 768w, https:\/\/agora.xtec.cat\/sesfontsdelglorieta\/wp-content\/uploads\/usu1064\/2023\/03\/capc-2-1536x267.png 1536w, https:\/\/agora.xtec.cat\/sesfontsdelglorieta\/wp-content\/uploads\/usu1064\/2023\/03\/capc-2-2048x356.png 2048w\" sizes=\"auto, (max-width: 2300px) 100vw, 2300px\" \/><\/p>\n<\/div>\n<h3><a href=\"https:\/\/agora.xtec.cat\/sesfontsdelglorieta\/wp-content\/uploads\/usu1064\/2026\/02\/Untitled-design-1.png\"><img loading=\"lazy\" decoding=\"async\" class=\"wp-image-6404 aligncenter\" src=\"https:\/\/agora.xtec.cat\/sesfontsdelglorieta\/wp-content\/uploads\/usu1064\/2026\/02\/Untitled-design-1-300x66.png\" alt=\"\" width=\"741\" height=\"163\" srcset=\"https:\/\/agora.xtec.cat\/sesfontsdelglorieta\/wp-content\/uploads\/usu1064\/2026\/02\/Untitled-design-1-300x66.png 300w, https:\/\/agora.xtec.cat\/sesfontsdelglorieta\/wp-content\/uploads\/usu1064\/2026\/02\/Untitled-design-1-768x169.png 768w, https:\/\/agora.xtec.cat\/sesfontsdelglorieta\/wp-content\/uploads\/usu1064\/2026\/02\/Untitled-design-1.png 1000w\" sizes=\"auto, (max-width: 741px) 100vw, 741px\" \/><\/a><\/h3>\n<div class=\"row\">\n<h5><\/h5>\n<h5><\/h5>\n<h5 style=\"text-align: center;\"><a style=\"font-size: 2.125em; font-weight: bold;\" href=\"https:\/\/agora.xtec.cat\/sesfontsdelglorieta\/estudis\/eso\/\" target=\"_blank\" rel=\"noopener noreferrer\"><strong>ESO<\/strong><\/a> \u00a0\u00a0 \u00a0\u00a0 \u00a0\u00a0 <a style=\"font-size: 2.125em; font-weight: bold;\" href=\"https:\/\/agora.xtec.cat\/sesfontsdelglorieta\/estudis\/batxillerat\/\" target=\"_blank\" rel=\"noopener noreferrer\"><strong>BAT<\/strong><\/a><\/h5>\n<\/div>\n<div class=\"row\" style=\"margin-bottom: 1em !important;\">\n<div class=\"small-12 large-4 text-center columns\">\n<p><a class=\"button small\" style=\"width: 180px; padding: 1em; font-weight: 400; margin: 0.1em; color: white !important; background-color: #087eb6;\" href=\"https:\/\/agora.xtec.cat\/sesfontsdelglorieta\/estudis\/eso\/llengues-estrangeres\/\" target=\"_blank\" rel=\"noopener noreferrer\">ERASMUS+<\/a><\/p>\n<\/div>\n<div class=\"small-12 large-4 text-center columns\">\n<p><a class=\"button small\" style=\"width: 180px; padding: 1em; font-weight: 400; margin: 0.1em; color: white !important; background-color: #087eb6;\" href=\"https:\/\/agora.xtec.cat\/sesfontsdelglorieta\/afa\/\" target=\"_blank\" rel=\"noopener noreferrer\">Apunteu-vos a l&#8217;AFA<\/a><\/p>\n<\/div>\n<div class=\"small-12 large-4 text-center columns\">\n<p><a class=\"button small\" style=\"width: 180px; padding: 1em; font-weight: 400; margin: 0.1em; color: white !important; background-color: #087eb6;\" href=\"https:\/\/agora.xtec.cat\/sesfontsdelglorieta\/categoria\/escolaverda\/\" target=\"_blank\" rel=\"noopener noreferrer\">Escola verda<\/a><\/p>\n<\/div>\n<div class=\"row\" style=\"margin-bottom: 1em !important;\">\n<div class=\"small-12 large-4 text-center columns\">\n<p><a class=\"button small\" style=\"width: 180px; padding: 1em; font-weight: 400; margin: 0.1em; color: white !important; background-color: #2ca698;\" href=\"https:\/\/agora.xtec.cat\/sesfontsdelglorieta\/wp-content\/uploads\/usu1064\/2019\/09\/Normativa-%C3%BAs-m%C3%B2bils-2019.pdf\" target=\"_blank\" rel=\"noopener noreferrer\">Normativa m\u00f2bil<\/a><\/p>\n<\/div>\n<div class=\"small-12 large-4 text-center columns\">\n<p><a class=\"button small\" style=\"width: 180px; padding: 1em; font-weight: 400; margin: 0.1em; color: white !important; background-color: #2ca698;\" href=\"https:\/\/agora.xtec.cat\/sesfontsdelglorieta\/wp-content\/uploads\/usu1064\/2025\/09\/Tokapp.pdf\" target=\"_blank\" rel=\"noopener noreferrer\">iEduca i TokApp<\/a><\/p>\n<\/div>\n<div class=\"small-12 large-4 text-center columns\">\n<p><a class=\"button small\" style=\"width: 180px; padding: 1em; font-weight: 400; margin: 0.1em; color: white !important; background-color: #2ca698;\" href=\"https:\/\/agora.xtec.cat\/sesfontsdelglorieta\/serveis\/consulta-oberta\/\" target=\"_blank\" rel=\"noopener noreferrer\">Consulta oberta<\/a><\/p>\n<\/div>\n<div class=\"row\" style=\"margin-bottom: 1em !important;\">\n<div class=\"small-12 large-4 text-center columns\">\n<p style=\"text-align: center;\"><a class=\"button small\" style=\"width: 180px; padding: 1em; font-weight: 400; margin: 0.1em; color: white !important; background-color: #e62739;\" href=\"https:\/\/docs.google.com\/forms\/d\/e\/1FAIpQLSfNJU2OHxM09i22SgmmZzUfgQpMYgTsa3oSj9v_-iSs6eYTqg\/viewform?usp=header\" target=\"_blank\" rel=\"noopener noreferrer\">Pr\u00e9stec bibliotecari<\/a><\/p>\n<p><a class=\"button small\" style=\"width: 180px; padding: 1em; font-weight: 400; margin: 0.1em; color: white !important; background-color: #087eb6;\" href=\"https:\/\/agora.xtec.cat\/sesfontsdelglorieta\/wp-content\/uploads\/usu1064\/2023\/07\/Projecte-linguistic.pdf\" target=\"_blank\" rel=\"noopener noreferrer\">Projecte Ling\u00fc\u00edstic<\/a><\/p>\n<p><a class=\"button small\" style=\"width: 180px; padding: 1em; font-weight: 400; margin: 0.1em; color: white !important; background-color: #2ca698;\" href=\"https:\/\/agora.xtec.cat\/sesfontsdelglorieta\/linstitut\/programacio-general-anual-pga\/\" target=\"_blank\" rel=\"noopener noreferrer\">PGA <\/a><\/p>\n<\/div>\n<div class=\"small-12 large-4 text-center columns\" style=\"text-align: center;\">\n<p><a class=\"button small\" style=\"width: 180px; padding: 1em; font-weight: 400; margin: 0.1em; color: white !important; background-color: #e62739;\" href=\"https:\/\/docs.google.com\/forms\/d\/e\/1FAIpQLScjJ9UIXX0bDETRFjp66CVuLoPKfiMoYvT9xiI7cLoZoPWR9Q\/viewform\" target=\"_blank\" rel=\"noopener noreferrer\">Com vull la biblioteca<\/a><\/p>\n<p><a class=\"button small\" style=\"width: 180px; padding: 1em; font-weight: 400; margin: 0.1em; color: white !important; background-color: #087eb6;\" href=\"https:\/\/agora.xtec.cat\/sesfontsdelglorieta\/wp-content\/uploads\/usu1064\/2025\/07\/2025_NOFC_Tercera_actualitzacio.docx.pdf\" target=\"_blank\" rel=\"noopener noreferrer\">NOFC<\/a><\/p>\n<p><a class=\"button small\" style=\"width: 180px; padding: 1em; font-weight: 400; margin: 0.1em; color: white !important; background-color: #2ca698;\" href=\"https:\/\/www.altcamp.cat\/noticies\/soaf-servei-dorientacio-i-acompanyament-les-families\" target=\"_blank\" rel=\"noopener noreferrer\">Servei d&#8217;Orientaci\u00f3 i Acompanyament a les Fam\u00edlies (SOAF)<\/a><\/p>\n<\/div>\n<div><\/div>\n<div class=\"small-12 large-4 text-center columns\" style=\"text-align: center;\">\n<p><a class=\"button small\" style=\"width: 180px; padding: 1em; font-weight: 400; margin: 0.1em; color: white !important; background-color: #e62739;\" href=\"https:\/\/docs.google.com\/forms\/d\/e\/1FAIpQLScvlNrJZCtFHLlEoC4DxDyxbj20Wjjf5CMWCFPjYcGbBJ15mg\/viewform\" target=\"_blank\" rel=\"noopener noreferrer\">Desitjo que t&#8217;agradi<\/a><\/p>\n<p><a class=\"button small\" style=\"width: 180px; padding: 1em; font-weight: 400; margin: 0.1em; color: white !important; background-color: #087eb6;\" href=\"https:\/\/agora.xtec.cat\/sesfontsdelglorieta\/wp-content\/uploads\/usu1064\/2023\/01\/PEC_INSTITUT_ALCOVER_2019.pdf\" target=\"_blank\" rel=\"noopener noreferrer\">Projecte Educatiu de Centre<\/a><\/p>\n<p><a class=\"button small\" style=\"width: 180px; padding: 1em; font-weight: 400; margin: 0.1em; color: white !important; background-color: #2ca698;\" href=\"https:\/\/agora.xtec.cat\/sesfontsdelglorieta\/wp-content\/uploads\/usu1064\/2025\/01\/PROJECTE-DE-DIRECCIO-INS-FONTS-DEL-GLORIETA.docx.pdf\" target=\"_blank\" rel=\"noopener noreferrer\">Projecte de direcci\u00f3<\/a><\/p>\n<p><a class=\"button small\" style=\"width: 180px; padding: 1em; font-weight: 400; margin: 0.1em; color: white !important; background-color: #e62739;\" href=\"https:\/\/docs.google.com\/forms\/d\/1yILzcWrrDUBC_yUXECecGlVlHRvX45JR_si994O5DzI\/edit\" target=\"_blank\" rel=\"noopener noreferrer\">B\u00fastia del bullying<\/a><\/p>\n<\/div>\n<\/div>\n<\/div>\n<\/div>\n<h3><strong>PREINSCRIPCI\u00d3 2026-2027<\/strong><\/h3>\n<div style=\"width: 640px;\" class=\"wp-video\"><!--[if lt IE 9]><script>document.createElement('video');<\/script><![endif]-->\n<video class=\"wp-video-shortcode\" id=\"video-9-1\" width=\"640\" height=\"360\" preload=\"metadata\" controls=\"controls\"><source type=\"video\/mp4\" src=\"https:\/\/agora.xtec.cat\/sesfontsdelglorieta\/wp-content\/uploads\/usu1064\/2026\/03\/Com-emplenar-la-sollicitud-de-preinscripcio-escolar.-Curs-2025-2026-1.mp4?_=1\" \/><a href=\"https:\/\/agora.xtec.cat\/sesfontsdelglorieta\/wp-content\/uploads\/usu1064\/2026\/03\/Com-emplenar-la-sollicitud-de-preinscripcio-escolar.-Curs-2025-2026-1.mp4\">https:\/\/agora.xtec.cat\/sesfontsdelglorieta\/wp-content\/uploads\/usu1064\/2026\/03\/Com-emplenar-la-sollicitud-de-preinscripcio-escolar.-Curs-2025-2026-1.mp4<\/a><\/video><\/div>\n<p>&nbsp;<\/p>\n<p style=\"text-align: left;\"><a href=\"https:\/\/agora.xtec.cat\/sesfontsdelglorieta\/wp-content\/uploads\/usu1064\/2026\/03\/Generalitat_Preinscripcio_Escolar_Infantil_Generalitat.jpg\"><img loading=\"lazy\" decoding=\"async\" class=\"wp-image-6428 alignleft\" src=\"https:\/\/agora.xtec.cat\/sesfontsdelglorieta\/wp-content\/uploads\/usu1064\/2026\/03\/Generalitat_Preinscripcio_Escolar_Infantil_Generalitat-212x300.jpg\" alt=\"\" width=\"199\" height=\"281\" srcset=\"https:\/\/agora.xtec.cat\/sesfontsdelglorieta\/wp-content\/uploads\/usu1064\/2026\/03\/Generalitat_Preinscripcio_Escolar_Infantil_Generalitat-212x300.jpg 212w, https:\/\/agora.xtec.cat\/sesfontsdelglorieta\/wp-content\/uploads\/usu1064\/2026\/03\/Generalitat_Preinscripcio_Escolar_Infantil_Generalitat-724x1024.jpg 724w, https:\/\/agora.xtec.cat\/sesfontsdelglorieta\/wp-content\/uploads\/usu1064\/2026\/03\/Generalitat_Preinscripcio_Escolar_Infantil_Generalitat-768x1086.jpg 768w, https:\/\/agora.xtec.cat\/sesfontsdelglorieta\/wp-content\/uploads\/usu1064\/2026\/03\/Generalitat_Preinscripcio_Escolar_Infantil_Generalitat-1086x1536.jpg 1086w, https:\/\/agora.xtec.cat\/sesfontsdelglorieta\/wp-content\/uploads\/usu1064\/2026\/03\/Generalitat_Preinscripcio_Escolar_Infantil_Generalitat-1448x2048.jpg 1448w, https:\/\/agora.xtec.cat\/sesfontsdelglorieta\/wp-content\/uploads\/usu1064\/2026\/03\/Generalitat_Preinscripcio_Escolar_Infantil_Generalitat.jpg 1684w\" sizes=\"auto, (max-width: 199px) 100vw, 199px\" \/><\/a>Per a m\u00e9s <strong>informaci\u00f3<\/strong>, podeu visitar la nostra p\u00e0gina web o el portal del Departament d\u2019Educaci\u00f3:<br \/>\n<a href=\"http:\/\/preinscripcio.gencat.cat\/\" target=\"_blank\" rel=\"noopener\" data-saferedirecturl=\"https:\/\/www.google.com\/url?q=http:\/\/preinscripcio.gencat.cat&amp;source=gmail&amp;ust=1771592469133000&amp;usg=AOvVaw1cKJTLJXGGepk3qRd5K5zo\">preinscripcio.gencat.cat<\/a><\/p>\n<p><strong>Enlla\u00e7 directe a la sol\u00b7licitud ESO (disponible a partir del dia 6 de mar\u00e7):<\/strong><\/p>\n<p><a href=\"https:\/\/tramits.gencat.cat\/ca\/tramits\/tramits-temes\/preinscripcio-obligatoris?category=&amp;moda=3\"> https:\/\/tramits.gencat.cat\/ca\/tramits\/tramits-temes\/preinscripcio-obligatoris?category=&amp;moda=3<\/a><\/p>\n<p><strong>PAS 1: Preparaci\u00f3 de l\u2019acreditaci\u00f3 digital<\/strong><\/p>\n<p>Per iniciar els tr\u00e0mits de la preinscripci\u00f3, les fam\u00edlies han de disposar d\u2019una acreditaci\u00f3 digital, que agilitzar\u00e0 tot el proc\u00e9s.<\/p>\n<p>Les acreditacions que permeten fer la preinscripci\u00f3 s\u00f3n:<\/p>\n<ul>\n<li>IdCAT M\u00f2bil<\/li>\n<li>DNI electr\u00f2nic<\/li>\n<li>Cl@ve<\/li>\n<\/ul>\n<p><strong>PAS 2: N\u00famero d\u2019identificaci\u00f3 de l\u2019alumne (RALC)<\/strong><\/p>\n<p>Tamb\u00e9 cal disposar del n\u00famero d\u2019identificaci\u00f3 de l\u2019alumne (RALC), que facilitar\u00e0 l\u2019escola d\u2019origen.<\/p>\n<p><strong>PAS 3: Documentaci\u00f3 necess\u00e0ria<\/strong><\/p>\n<p>Cal tenir la documentaci\u00f3 digitalitzada o fotografiada. En funci\u00f3 de l\u2019acreditaci\u00f3, es poden requerir m\u00e9s o menys documents, com ara:<\/p>\n<ul>\n<li>Certificat d\u2019empadronament<\/li>\n<li>DNI dels tutors legals<\/li>\n<li>DNI de l\u2019alumne\/a<\/li>\n<li>T\u00edtol de fam\u00edlia nombrosa<\/li>\n<li>Altres situacions familiars rellevants amb acreditaci\u00f3 oficial<\/li>\n<\/ul>\n<p>\u00c9s important que tota la documentaci\u00f3 estigui vigent.<\/p>\n<p><strong>PAS 4: Tramitaci\u00f3 de la preinscripci\u00f3<\/strong><\/p>\n<p>La preinscripci\u00f3 s\u2019haur\u00e0 de fer en l\u00ednia a partir del dia 6 de mar\u00e7 per a l\u2019Institut Fonts del Glorieta (codi de centre: 43009497).<\/p>\n<p>\u00c9s important indicar que pertanyeu a la zona educativa per obtenir la puntuaci\u00f3 m\u00e0xima (30 punts). No s\u2019ha de marcar nom\u00e9s l\u2019opci\u00f3 \u201cdomicili habitual al mateix municipi\u201d, que correspon a 10 punts.<\/p>\n<p>&nbsp;<\/p>\n<p><a href=\"https:\/\/agora.xtec.cat\/sesfontsdelglorieta\/wp-content\/uploads\/usu1064\/2025\/07\/Untitled-15-x-15-cm.png\"><img loading=\"lazy\" decoding=\"async\" class=\"wp-image-6119 alignleft\" src=\"https:\/\/agora.xtec.cat\/sesfontsdelglorieta\/wp-content\/uploads\/usu1064\/2025\/07\/Untitled-15-x-15-cm-300x300.png\" alt=\"\" width=\"86\" height=\"86\" srcset=\"https:\/\/agora.xtec.cat\/sesfontsdelglorieta\/wp-content\/uploads\/usu1064\/2025\/07\/Untitled-15-x-15-cm-300x300.png 300w, https:\/\/agora.xtec.cat\/sesfontsdelglorieta\/wp-content\/uploads\/usu1064\/2025\/07\/Untitled-15-x-15-cm-1024x1024.png 1024w, https:\/\/agora.xtec.cat\/sesfontsdelglorieta\/wp-content\/uploads\/usu1064\/2025\/07\/Untitled-15-x-15-cm-150x150.png 150w, https:\/\/agora.xtec.cat\/sesfontsdelglorieta\/wp-content\/uploads\/usu1064\/2025\/07\/Untitled-15-x-15-cm-768x768.png 768w, https:\/\/agora.xtec.cat\/sesfontsdelglorieta\/wp-content\/uploads\/usu1064\/2025\/07\/Untitled-15-x-15-cm-1536x1536.png 1536w, https:\/\/agora.xtec.cat\/sesfontsdelglorieta\/wp-content\/uploads\/usu1064\/2025\/07\/Untitled-15-x-15-cm.png 1772w\" sizes=\"auto, (max-width: 86px) 100vw, 86px\" \/><\/a><\/p>\n<h4><span style=\"text-decoration: underline;\"><a href=\"https:\/\/agora.xtec.cat\/sesfontsdelglorieta\/general\/proves-geso\/\">Proves GESO<\/a><\/span><\/h4>\n<div class=\"row\">\n<h4><span style=\"text-decoration: underline;\"><a style=\"color: #2795b6; text-decoration: underline;\" href=\"https:\/\/agora.xtec.cat\/sesfontsdelglorieta\/wp-content\/uploads\/usu1064\/2025\/07\/LLISTAT-DE-MATERIAL-curs-25_26.docx-1.pdf\">Llistat de material curs 2025-2026<\/a><\/span><\/h4>\n<h4><span style=\"text-decoration: underline;\"><strong><a href=\"https:\/\/agora.xtec.cat\/sesfontsdelglorieta\/wp-content\/uploads\/usu1064\/2025\/07\/Llibres-curs-25-26-Lectures-trimestrals-ESO.pdf\">Llibres de lectura ESO curs 2025-2026<\/a><\/strong><\/span><\/h4>\n<h4><span style=\"text-decoration: underline;\"><strong><a href=\"https:\/\/agora.xtec.cat\/sesfontsdelglorieta\/wp-content\/uploads\/usu1064\/2025\/07\/2025_Llibres-curs-25-26-Llibres-digitals-ESO-2.pdf\">Llibres digitals ESO curs 2025-2026<\/a><\/strong><\/span><\/h4>\n<h4><span style=\"text-decoration: underline;\"><strong><a href=\"https:\/\/agora.xtec.cat\/sesfontsdelglorieta\/wp-content\/uploads\/usu1064\/2025\/07\/2025_Llibres-curs-25-26-Llibres-1r-BAT-2.pdf\">Llibres 1r Batxillerat curs 2025-2026<\/a><\/strong><\/span><\/h4>\n<h4><span style=\"text-decoration: underline;\"><strong><a href=\"https:\/\/agora.xtec.cat\/sesfontsdelglorieta\/wp-content\/uploads\/usu1064\/2025\/09\/Llibres-curs-25-26-Llibres-2n-BAT.pdf\">Llibres 2n Batxillerat curs 2025-2026<\/a><\/strong><\/span><\/h4>\n<h4><span style=\"text-decoration: underline;\"><a href=\"https:\/\/agora.xtec.cat\/sesfontsdelglorieta\/wp-content\/uploads\/usu1064\/2025\/07\/Carta-inici-curs-batxillerat_curs-2025-26.pdf\">Carta inici curs Batxillerat_curs 2025-2026<\/a><\/span><\/h4>\n<h4><span style=\"text-decoration: underline;\"><a href=\"https:\/\/agora.xtec.cat\/sesfontsdelglorieta\/wp-content\/uploads\/usu1064\/2025\/07\/Carta-pagaments-material_ESO.pdf\">Carta inici curs ESO 2025-2026<\/a><\/span><\/h4>\n<p>&nbsp;<\/p>\n<\/div>\n<h5><strong><span style=\"text-decoration: underline;\"><a href=\"https:\/\/agora.xtec.cat\/sesfontsdelglorieta\/wp-content\/uploads\/usu1064\/2025\/02\/Emblem-important.svg.png\"><img loading=\"lazy\" decoding=\"async\" class=\"wp-image-5670 alignleft\" src=\"https:\/\/agora.xtec.cat\/sesfontsdelglorieta\/wp-content\/uploads\/usu1064\/2025\/02\/Emblem-important.svg-300x300.png\" alt=\"\" width=\"50\" height=\"50\" srcset=\"https:\/\/agora.xtec.cat\/sesfontsdelglorieta\/wp-content\/uploads\/usu1064\/2025\/02\/Emblem-important.svg-300x300.png 300w, https:\/\/agora.xtec.cat\/sesfontsdelglorieta\/wp-content\/uploads\/usu1064\/2025\/02\/Emblem-important.svg-1024x1024.png 1024w, https:\/\/agora.xtec.cat\/sesfontsdelglorieta\/wp-content\/uploads\/usu1064\/2025\/02\/Emblem-important.svg-150x150.png 150w, https:\/\/agora.xtec.cat\/sesfontsdelglorieta\/wp-content\/uploads\/usu1064\/2025\/02\/Emblem-important.svg-768x768.png 768w, https:\/\/agora.xtec.cat\/sesfontsdelglorieta\/wp-content\/uploads\/usu1064\/2025\/02\/Emblem-important.svg.png 1200w\" sizes=\"auto, (max-width: 50px) 100vw, 50px\" \/><\/a><\/span><\/strong><\/h5>\n<p><strong>L&#8217;horari d&#8217;atenci\u00f3 al p\u00fablic de la Secretaria<\/strong> del centre \u00e9s de dilluns a divendres, de <strong>10:00 a 12:00<\/strong>. Durant aquest horari podeu fer consultes, demanar informaci\u00f3 o realitzar qualsevol gesti\u00f3 administrativa.<\/p>\n<p><a href=\"https:\/\/agora.xtec.cat\/sesfontsdelglorieta\/wp-content\/uploads\/usu1064\/2025\/04\/Aula-de-dibuix-Batx_1-1.heic\"><img decoding=\"async\" class=\"aligncenter size-full wp-image-5785\" src=\"https:\/\/agora.xtec.cat\/sesfontsdelglorieta\/wp-content\/uploads\/usu1064\/2025\/04\/Aula-de-dibuix-Batx_1-1.heic\" alt=\"\" \/><\/a><\/p>\n<div class=\"row\">\n<table style=\"width: 100%; border-collapse: collapse; border-style: dotted;\">\n<tbody>\n<tr>\n<td style=\"width: 50%;\"><a href=\"https:\/\/agora.xtec.cat\/sesfontsdelglorieta\/wp-content\/uploads\/usu1064\/2025\/04\/Laboratori-Ciencies_11-scaled.jpg\"><img loading=\"lazy\" decoding=\"async\" class=\" wp-image-6038 aligncenter\" src=\"https:\/\/agora.xtec.cat\/sesfontsdelglorieta\/wp-content\/uploads\/usu1064\/2025\/04\/Laboratori-Ciencies_11-300x225.jpg\" alt=\"Laboratori Ci\u00e8ncies\" width=\"308\" height=\"231\" srcset=\"https:\/\/agora.xtec.cat\/sesfontsdelglorieta\/wp-content\/uploads\/usu1064\/2025\/04\/Laboratori-Ciencies_11-300x225.jpg 300w, https:\/\/agora.xtec.cat\/sesfontsdelglorieta\/wp-content\/uploads\/usu1064\/2025\/04\/Laboratori-Ciencies_11-1024x768.jpg 1024w, https:\/\/agora.xtec.cat\/sesfontsdelglorieta\/wp-content\/uploads\/usu1064\/2025\/04\/Laboratori-Ciencies_11-768x576.jpg 768w, https:\/\/agora.xtec.cat\/sesfontsdelglorieta\/wp-content\/uploads\/usu1064\/2025\/04\/Laboratori-Ciencies_11-1536x1152.jpg 1536w, https:\/\/agora.xtec.cat\/sesfontsdelglorieta\/wp-content\/uploads\/usu1064\/2025\/04\/Laboratori-Ciencies_11-2048x1536.jpg 2048w, https:\/\/agora.xtec.cat\/sesfontsdelglorieta\/wp-content\/uploads\/usu1064\/2025\/04\/Laboratori-Ciencies_11-200x150.jpg 200w\" sizes=\"auto, (max-width: 308px) 100vw, 308px\" \/><\/a><\/td>\n<td style=\"width: 50%;\"><a href=\"https:\/\/agora.xtec.cat\/sesfontsdelglorieta\/wp-content\/uploads\/usu1064\/2025\/04\/Laboratori-de-Fisica-i-quimica-2-scaled.jpg\"><img loading=\"lazy\" decoding=\"async\" class=\"wp-image-5793 aligncenter\" src=\"https:\/\/agora.xtec.cat\/sesfontsdelglorieta\/wp-content\/uploads\/usu1064\/2025\/04\/Laboratori-de-Fisica-i-quimica-2-300x225.jpg\" alt=\"\" width=\"313\" height=\"235\" srcset=\"https:\/\/agora.xtec.cat\/sesfontsdelglorieta\/wp-content\/uploads\/usu1064\/2025\/04\/Laboratori-de-Fisica-i-quimica-2-300x225.jpg 300w, https:\/\/agora.xtec.cat\/sesfontsdelglorieta\/wp-content\/uploads\/usu1064\/2025\/04\/Laboratori-de-Fisica-i-quimica-2-1024x768.jpg 1024w, https:\/\/agora.xtec.cat\/sesfontsdelglorieta\/wp-content\/uploads\/usu1064\/2025\/04\/Laboratori-de-Fisica-i-quimica-2-768x576.jpg 768w, https:\/\/agora.xtec.cat\/sesfontsdelglorieta\/wp-content\/uploads\/usu1064\/2025\/04\/Laboratori-de-Fisica-i-quimica-2-1536x1152.jpg 1536w, https:\/\/agora.xtec.cat\/sesfontsdelglorieta\/wp-content\/uploads\/usu1064\/2025\/04\/Laboratori-de-Fisica-i-quimica-2-2048x1536.jpg 2048w, https:\/\/agora.xtec.cat\/sesfontsdelglorieta\/wp-content\/uploads\/usu1064\/2025\/04\/Laboratori-de-Fisica-i-quimica-2-200x150.jpg 200w\" sizes=\"auto, (max-width: 313px) 100vw, 313px\" \/><\/a><\/td>\n<\/tr>\n<tr>\n<td style=\"width: 50%;\"><img loading=\"lazy\" decoding=\"async\" class=\"wp-image-5792 aligncenter\" style=\"font-size: 16px; background-color: #ffffff;\" src=\"https:\/\/agora.xtec.cat\/sesfontsdelglorieta\/wp-content\/uploads\/usu1064\/2025\/04\/Sala-Terreu_Classe-magistral-Llati-1-300x225.jpg\" alt=\"\" width=\"311\" height=\"233\" srcset=\"https:\/\/agora.xtec.cat\/sesfontsdelglorieta\/wp-content\/uploads\/usu1064\/2025\/04\/Sala-Terreu_Classe-magistral-Llati-1-300x225.jpg 300w, https:\/\/agora.xtec.cat\/sesfontsdelglorieta\/wp-content\/uploads\/usu1064\/2025\/04\/Sala-Terreu_Classe-magistral-Llati-1-1024x768.jpg 1024w, https:\/\/agora.xtec.cat\/sesfontsdelglorieta\/wp-content\/uploads\/usu1064\/2025\/04\/Sala-Terreu_Classe-magistral-Llati-1-768x576.jpg 768w, https:\/\/agora.xtec.cat\/sesfontsdelglorieta\/wp-content\/uploads\/usu1064\/2025\/04\/Sala-Terreu_Classe-magistral-Llati-1-1536x1152.jpg 1536w, https:\/\/agora.xtec.cat\/sesfontsdelglorieta\/wp-content\/uploads\/usu1064\/2025\/04\/Sala-Terreu_Classe-magistral-Llati-1-2048x1536.jpg 2048w, https:\/\/agora.xtec.cat\/sesfontsdelglorieta\/wp-content\/uploads\/usu1064\/2025\/04\/Sala-Terreu_Classe-magistral-Llati-1-200x150.jpg 200w\" sizes=\"auto, (max-width: 311px) 100vw, 311px\" \/><\/td>\n<td style=\"width: 50%;\"><a href=\"https:\/\/agora.xtec.cat\/sesfontsdelglorieta\/wp-content\/uploads\/usu1064\/2025\/04\/Aula-de-dibuix-Batx_1-1-scaled.jpg\"><img loading=\"lazy\" decoding=\"async\" class=\"wp-image-5791 aligncenter\" src=\"https:\/\/agora.xtec.cat\/sesfontsdelglorieta\/wp-content\/uploads\/usu1064\/2025\/04\/Aula-de-dibuix-Batx_1-1-300x225.jpg\" alt=\"\" width=\"316\" height=\"237\" srcset=\"https:\/\/agora.xtec.cat\/sesfontsdelglorieta\/wp-content\/uploads\/usu1064\/2025\/04\/Aula-de-dibuix-Batx_1-1-300x225.jpg 300w, https:\/\/agora.xtec.cat\/sesfontsdelglorieta\/wp-content\/uploads\/usu1064\/2025\/04\/Aula-de-dibuix-Batx_1-1-1024x768.jpg 1024w, https:\/\/agora.xtec.cat\/sesfontsdelglorieta\/wp-content\/uploads\/usu1064\/2025\/04\/Aula-de-dibuix-Batx_1-1-768x576.jpg 768w, https:\/\/agora.xtec.cat\/sesfontsdelglorieta\/wp-content\/uploads\/usu1064\/2025\/04\/Aula-de-dibuix-Batx_1-1-1536x1152.jpg 1536w, https:\/\/agora.xtec.cat\/sesfontsdelglorieta\/wp-content\/uploads\/usu1064\/2025\/04\/Aula-de-dibuix-Batx_1-1-2048x1536.jpg 2048w, https:\/\/agora.xtec.cat\/sesfontsdelglorieta\/wp-content\/uploads\/usu1064\/2025\/04\/Aula-de-dibuix-Batx_1-1-200x150.jpg 200w\" sizes=\"auto, (max-width: 316px) 100vw, 316px\" \/><\/a><\/td>\n<\/tr>\n<\/tbody>\n<\/table>\n<\/div>\n<div class=\"row\">\n<h5 style=\"text-align: center;\"><\/h5>\n<\/div>\n<div class=\"row\">\n<p>&nbsp;<\/p>\n<\/div>\n<div class=\"row\"><\/div>\n<div class=\"row\" style=\"margin-bottom: 1em !important;\">\n<div class=\"row\" style=\"margin-bottom: 1em !important;\">\n<div>\n<h5 style=\"text-align: center;\"><\/h5>\n<\/div>\n<\/div>\n<\/div>\n","protected":false},"excerpt":{"rendered":"<p><a href=\"https:\/\/agora.xtec.cat\/sesfontsdelglorieta\/wp-content\/uploads\/usu1064\/2026\/02\/Untitled-design-1.png\"><\/a><\/p>\n<p><a style=\"font-size: 2.125em; font-weight: bold;\" href=\"https:\/\/agora.xtec.cat\/sesfontsdelglorieta\/estudis\/eso\/\" target=\"_blank\" rel=\"noopener noreferrer\">ESO<\/a> \u00a0\u00a0 \u00a0\u00a0 \u00a0\u00a0 <a style=\"font-size: 2.125em; font-weight: bold;\" href=\"https:\/\/agora.xtec.cat\/sesfontsdelglorieta\/estudis\/batxillerat\/\" target=\"_blank\" rel=\"noopener noreferrer\">BAT<\/a><\/p>\n<p><a class=\"button small\" style=\"width: 180px; padding: 1em; font-weight: 400; margin: 0.1em; color: white !important; background-color: #087eb6;\" href=\"https:\/\/agora.xtec.cat\/sesfontsdelglorieta\/estudis\/eso\/llengues-estrangeres\/\" target=\"_blank\" rel=\"noopener noreferrer\">ERASMUS+<\/a><\/p>\n<p><a class=\"button small\" style=\"width: 180px;&hellip;  <a href=\"https:\/\/agora.xtec.cat\/sesfontsdelglorieta\/\" title=\"Read Inici\">Llegeix m\u00e9s\u00bb<\/a><\/p>\n","protected":false},"author":1,"featured_media":0,"parent":7,"menu_order":0,"comment_status":"closed","ping_status":"closed","template":"page-templates\/front-page.php","meta":{"_bbp_topic_count":0,"_bbp_reply_count":0,"_bbp_total_topic_count":0,"_bbp_total_reply_count":0,"_bbp_voice_count":0,"_bbp_anonymous_reply_count":0,"_bbp_topic_count_hidden":0,"_bbp_reply_count_hidden":0,"_bbp_forum_subforum_count":0,"footnotes":""},"class_list":["post-9","page","type-page","status-publish","hentry"],"post_mailing_queue_ids":[],"_links":{"self":[{"href":"https:\/\/agora.xtec.cat\/sesfontsdelglorieta\/wp-json\/wp\/v2\/pages\/9","targetHints":{"allow":["GET"]}}],"collection":[{"href":"https:\/\/agora.xtec.cat\/sesfontsdelglorieta\/wp-json\/wp\/v2\/pages"}],"about":[{"href":"https:\/\/agora.xtec.cat\/sesfontsdelglorieta\/wp-json\/wp\/v2\/types\/page"}],"author":[{"embeddable":true,"href":"https:\/\/agora.xtec.cat\/sesfontsdelglorieta\/wp-json\/wp\/v2\/users\/1"}],"replies":[{"embeddable":true,"href":"https:\/\/agora.xtec.cat\/sesfontsdelglorieta\/wp-json\/wp\/v2\/comments?post=9"}],"version-history":[{"count":6,"href":"https:\/\/agora.xtec.cat\/sesfontsdelglorieta\/wp-json\/wp\/v2\/pages\/9\/revisions"}],"predecessor-version":[{"id":6446,"href":"https:\/\/agora.xtec.cat\/sesfontsdelglorieta\/wp-json\/wp\/v2\/pages\/9\/revisions\/6446"}],"up":[{"embeddable":true,"href":"https:\/\/agora.xtec.cat\/sesfontsdelglorieta\/wp-json\/wp\/v2\/pages\/7"}],"wp:attachment":[{"href":"https:\/\/agora.xtec.cat\/sesfontsdelglorieta\/wp-json\/wp\/v2\/media?parent=9"}],"curies":[{"name":"wp","href":"https:\/\/api.w.org\/{rel}","templated":true}]}}