{"id":81,"date":"2014-09-18T10:38:05","date_gmt":"2014-09-18T10:38:05","guid":{"rendered":"http:\/\/agora.xtec.cat\/sesfontsdelglorieta\/?page_id=81"},"modified":"2026-01-27T12:22:57","modified_gmt":"2026-01-27T11:22:57","slug":"secretaria","status":"publish","type":"page","link":"https:\/\/agora.xtec.cat\/sesfontsdelglorieta\/serveis\/secretaria\/","title":{"rendered":"Secretaria"},"content":{"rendered":"<p style=\"text-align: left;\">L&#8217;horari d&#8217;atenci\u00f3 al p\u00fablic a secretaria \u00e9s tots els matins de 10 a 12 h. Es recomana demanar cita pr\u00e8via abans. El nostre correu \u00e9s e<span class=\"qu\" tabindex=\"-1\" role=\"gridcell\" translate=\"no\"><span class=\"go\">3009497<span class=\"\">@xtec.cat<\/span> .\u00a0<\/span><\/span><\/p>\n<p style=\"text-align: left;\">Podeu fer els tr\u00e0mits administratius omplint els documents que trobareu a continuaci\u00f3 i enviant-los al correu:\u00a0 <span class=\"qu\" tabindex=\"-1\" role=\"gridcell\" translate=\"no\"><span class=\"go\">e3009497<span class=\"\">@xtec.cat<\/span><\/span><\/span><span class=\"qu\" tabindex=\"-1\" role=\"gridcell\" translate=\"no\"><span class=\"go\">\u00a0<\/span><\/span><\/p>\n<table style=\"height: 54px; width: 100%; border-collapse: collapse; border-style: hidden;\">\n<tbody>\n<tr style=\"height: 54px;\">\n<td style=\"width: 25%; height: 54px; text-align: center;\"><a class=\"button small\" style=\"width: 180px; padding: 1em; font-weight: 400; margin: 0.1em; color: white !important; background-color: #087eb6;\" href=\"https:\/\/agora.xtec.cat\/sesfontsdelglorieta\/wp-content\/uploads\/usu1064\/2026\/01\/SOL.LICITUD-GENERICA.pdf\" target=\"_blank\" rel=\"noopener noreferrer\">Tr\u00e0mits administratius Fonts del Glorieta i Beques NEE<\/a><\/td>\n<td style=\"width: 25%; height: 54px; text-align: center;\"><a class=\"button small\" style=\"width: 180px; padding: 1em; font-weight: 400; margin: 0.1em; color: white !important; background-color: #087eb6;\" href=\"https:\/\/agora.xtec.cat\/sesfontsdelglorieta\/wp-content\/uploads\/usu1064\/2026\/01\/BAIXA-ACADEMICA.pdf\" target=\"_blank\" rel=\"noopener noreferrer\">Baixa acad\u00e8mica Fonts del Glorieta<\/a><\/td>\n<td style=\"width: 25%; height: 54px; text-align: center;\"><a class=\"button small\" style=\"width: 180px; padding: 1em; font-weight: 400; margin: 0.1em; color: white !important; background-color: #087eb6;\" href=\"https:\/\/agora.xtec.cat\/sesfontsdelglorieta\/wp-content\/uploads\/usu1064\/2026\/01\/Nivell-B_C-Catala-NOU.pdf\" target=\"_blank\" rel=\"noopener noreferrer\">Nivell B_C Catal\u00e0<\/a><\/td>\n<td style=\"width: 25%; height: 54px; text-align: center;\"><a class=\"button small\" style=\"width: 180px; padding: 1em; font-weight: 400; margin: 0.1em; color: white !important; background-color: #087eb6;\" href=\"https:\/\/agora.xtec.cat\/sesfontsdelglorieta\/secretaria\/convalidacions-de-musica-i-dansa\/\" target=\"_blank\" rel=\"noopener noreferrer\">Convalidacions de m\u00fasica i dansa<\/a><\/td>\n<\/tr>\n<\/tbody>\n<\/table>\n<table style=\"height: 54px; width: 100%; border-collapse: collapse; border-style: hidden;\">\n<tbody>\n<tr style=\"height: 54px;\">\n<td style=\"width: 25%; height: 54px; text-align: left;\"><a class=\"button small\" style=\"width: 180px; padding: 1em; font-weight: 400; margin: 0.1em; color: white !important; background-color: #087eb6;\" href=\"https:\/\/agora.xtec.cat\/sesfontsdelglorieta\/wp-content\/uploads\/usu1064\/2026\/01\/TITOL-ESO-NOU.pdf\" target=\"_blank\" rel=\"noopener noreferrer\">Sol\u00b7licitud t\u00edtol ESO<\/a><\/td>\n<td style=\"width: 25%; height: 54px;\"><a class=\"button small\" style=\"width: 180px; padding: 1em; font-weight: 400; margin: 0.1em; color: white !important; background-color: #087eb6;\" href=\"https:\/\/educacio.gencat.cat\/ca\/tramits\/tramits-temes\/22801-admissio-durant-curs?category=74447ed8-a82c-11e3-a972-000c29052e2c\" target=\"_blank\" rel=\"noopener noreferrer\">Admissi\u00f3 durant el curs<\/a><\/td>\n<td style=\"width: 25%; height: 54px; text-align: left;\"><a class=\"button small\" style=\"width: 180px; padding: 1em; font-weight: 400; margin: 0.1em; color: white !important; background-color: #087eb6;\" href=\"https:\/\/agora.xtec.cat\/sesfontsdelglorieta\/beques-i-ajuts\/\" target=\"_blank\" rel=\"noopener noreferrer\">Beques i ajuts<\/a><\/td>\n<td style=\"width: 25%; height: 54px; text-align: center;\"><a class=\"button small\" style=\"width: 180px; padding: 1em; font-weight: 400; margin: 0.1em; color: white !important; background-color: #087eb6;\" href=\"https:\/\/agora.xtec.cat\/sesfontsdelglorieta\/wp-content\/uploads\/usu1064\/2025\/11\/TDR_SOL.LICITUD.pdf\" target=\"_blank\" rel=\"noopener noreferrer\">Sol\u00b7licitud TDR Batxillerat<\/a><\/td>\n<\/tr>\n<\/tbody>\n<\/table>\n<table style=\"height: 54px; width: 100%; border-collapse: collapse; border-style: hidden;\">\n<tbody>\n<tr style=\"height: 54px;\">\n<td style=\"width: 25%; height: 54px; text-align: left;\"><a class=\"button small\" style=\"width: 180px; padding: 1em; font-weight: 400; margin: 0.1em; color: white !important; background-color: #087eb6;\" href=\"https:\/\/agora.xtec.cat\/sesfontsdelglorieta\/wp-content\/uploads\/usu1064\/2026\/01\/TITOL-BATXILLERAT.pdf\" target=\"_blank\" rel=\"noopener noreferrer\">Sol\u00b7licitud t\u00edtol BAT<\/a><\/td>\n<td style=\"width: 25%; height: 54px;\"><a class=\"button small\" style=\"width: 180px; padding: 1em; font-weight: 400; margin: 0.1em; color: white !important; background-color: #087eb6;\" href=\"https:\/\/agora.xtec.cat\/sesfontsdelglorieta\/wp-content\/uploads\/usu1064\/2026\/01\/Dades-ieduca.pdf\" target=\"_blank\" rel=\"noopener noreferrer\">Dades iEduca<\/a><\/td>\n<td style=\"width: 29.0486%; height: 54px; text-align: left;\"><\/td>\n<td style=\"width: 20.9514%; height: 54px; text-align: center;\"><\/td>\n<\/tr>\n<\/tbody>\n<\/table>\n<h6><\/h6>\n<p style=\"text-align: center;\"><span style=\"color: #333333;\">Tel\u00e8fon: <span style=\"font-size: 14pt; font-family: Helvetica;\">977760839\u00a0 \u00a0 \u00a0 \u00a0 \u00a0 \u00a0 \u00a0 \u00a0 \u00a0<\/span>Correu electr\u00f2nic: <span class=\"qu\" tabindex=\"-1\" role=\"gridcell\" translate=\"no\"><span class=\"go\">e3009497<span class=\"\">@xtec.cat<\/span><\/span><\/span><\/span><\/p>\n","protected":false},"excerpt":{"rendered":"<p>L&#8217;horari d&#8217;atenci\u00f3 al p\u00fablic a secretaria \u00e9s tots els matins de 10 a 12 h. Es recomana demanar cita pr\u00e8via abans. El nostre correu \u00e9s e3009497@xtec.cat .\u00a0<br \/>\nPodeu fer els tr\u00e0mits administratius omplint els documents que trobareu a continuaci\u00f3 i enviant-los al correu:\u00a0 e3009497@xtec.cat\u00a0<\/p>\n<p><a class=\"button small\"&hellip;  <a href=\"https:\/\/agora.xtec.cat\/sesfontsdelglorieta\/serveis\/secretaria\/\" title=\"Read Secretaria\">Llegeix m\u00e9s\u00bb<\/a><\/p>\n","protected":false},"author":1,"featured_media":0,"parent":63,"menu_order":0,"comment_status":"closed","ping_status":"closed","template":"page-templates\/side-menu.php","meta":{"_bbp_topic_count":0,"_bbp_reply_count":0,"_bbp_total_topic_count":0,"_bbp_total_reply_count":0,"_bbp_voice_count":0,"_bbp_anonymous_reply_count":0,"_bbp_topic_count_hidden":0,"_bbp_reply_count_hidden":0,"_bbp_forum_subforum_count":0,"footnotes":""},"class_list":["post-81","page","type-page","status-publish","hentry"],"post_mailing_queue_ids":[],"_links":{"self":[{"href":"https:\/\/agora.xtec.cat\/sesfontsdelglorieta\/wp-json\/wp\/v2\/pages\/81","targetHints":{"allow":["GET"]}}],"collection":[{"href":"https:\/\/agora.xtec.cat\/sesfontsdelglorieta\/wp-json\/wp\/v2\/pages"}],"about":[{"href":"https:\/\/agora.xtec.cat\/sesfontsdelglorieta\/wp-json\/wp\/v2\/types\/page"}],"author":[{"embeddable":true,"href":"https:\/\/agora.xtec.cat\/sesfontsdelglorieta\/wp-json\/wp\/v2\/users\/1"}],"replies":[{"embeddable":true,"href":"https:\/\/agora.xtec.cat\/sesfontsdelglorieta\/wp-json\/wp\/v2\/comments?post=81"}],"version-history":[{"count":6,"href":"https:\/\/agora.xtec.cat\/sesfontsdelglorieta\/wp-json\/wp\/v2\/pages\/81\/revisions"}],"predecessor-version":[{"id":6394,"href":"https:\/\/agora.xtec.cat\/sesfontsdelglorieta\/wp-json\/wp\/v2\/pages\/81\/revisions\/6394"}],"up":[{"embeddable":true,"href":"https:\/\/agora.xtec.cat\/sesfontsdelglorieta\/wp-json\/wp\/v2\/pages\/63"}],"wp:attachment":[{"href":"https:\/\/agora.xtec.cat\/sesfontsdelglorieta\/wp-json\/wp\/v2\/media?parent=81"}],"curies":[{"name":"wp","href":"https:\/\/api.w.org\/{rel}","templated":true}]}}