{"id":77,"date":"2014-09-18T10:29:25","date_gmt":"2014-09-18T09:29:25","guid":{"rendered":"http:\/\/agora.xtec.cat\/sesfontsdelglorieta\/?page_id=77"},"modified":"2023-04-25T13:41:12","modified_gmt":"2023-04-25T11:41:12","slug":"transport-escolar","status":"publish","type":"page","link":"https:\/\/agora.xtec.cat\/sesfontsdelglorieta\/serveis\/transport-escolar\/","title":{"rendered":"Transport escolar"},"content":{"rendered":"<p style=\"color: #000000;\">A l&#8217;ESO, el transport escolar a La Mas\u00f3, El Mil\u00e0, La Riba i Mont-ral \u00e9s gratu\u00eft i des del nostre institut fem la gesti\u00f3 per tal de concertar-lo.<\/p>\n<p>A batxillerat, cal fer una sol\u00b7licitud de transport escolar tarifat al Consell Comarcal de l&#8217;Alt Camp. Al m\u00e9s de juliol cada fam\u00edlia que el necessiti ha de fer el tr\u00e0mit en l\u00ednia a <a href=\"http:\/\/www.altcamp.cat\/\" target=\"_blank\" rel=\"noopener\">Consell<\/a>.<\/p>\n","protected":false},"excerpt":{"rendered":"<p>A l&#8217;ESO, el transport escolar a La Mas\u00f3, El Mil\u00e0, La Riba i Mont-ral \u00e9s gratu\u00eft i des del nostre institut fem la gesti\u00f3 per tal de concertar-lo.<br \/>\nA batxillerat, cal fer una sol\u00b7licitud de transport escolar tarifat al Consell Comarcal de l&#8217;Alt Camp. Al m\u00e9s&hellip;  <a href=\"https:\/\/agora.xtec.cat\/sesfontsdelglorieta\/serveis\/transport-escolar\/\" title=\"Read Transport escolar\">Llegeix m\u00e9s\u00bb<\/a><\/p>\n","protected":false},"author":1,"featured_media":0,"parent":63,"menu_order":30,"comment_status":"closed","ping_status":"closed","template":"page-templates\/side-menu.php","meta":{"_bbp_topic_count":0,"_bbp_reply_count":0,"_bbp_total_topic_count":0,"_bbp_total_reply_count":0,"_bbp_voice_count":0,"_bbp_anonymous_reply_count":0,"_bbp_topic_count_hidden":0,"_bbp_reply_count_hidden":0,"_bbp_forum_subforum_count":0,"footnotes":""},"class_list":["post-77","page","type-page","status-publish","hentry"],"post_mailing_queue_ids":[],"_links":{"self":[{"href":"https:\/\/agora.xtec.cat\/sesfontsdelglorieta\/wp-json\/wp\/v2\/pages\/77","targetHints":{"allow":["GET"]}}],"collection":[{"href":"https:\/\/agora.xtec.cat\/sesfontsdelglorieta\/wp-json\/wp\/v2\/pages"}],"about":[{"href":"https:\/\/agora.xtec.cat\/sesfontsdelglorieta\/wp-json\/wp\/v2\/types\/page"}],"author":[{"embeddable":true,"href":"https:\/\/agora.xtec.cat\/sesfontsdelglorieta\/wp-json\/wp\/v2\/users\/1"}],"replies":[{"embeddable":true,"href":"https:\/\/agora.xtec.cat\/sesfontsdelglorieta\/wp-json\/wp\/v2\/comments?post=77"}],"version-history":[{"count":3,"href":"https:\/\/agora.xtec.cat\/sesfontsdelglorieta\/wp-json\/wp\/v2\/pages\/77\/revisions"}],"predecessor-version":[{"id":4664,"href":"https:\/\/agora.xtec.cat\/sesfontsdelglorieta\/wp-json\/wp\/v2\/pages\/77\/revisions\/4664"}],"up":[{"embeddable":true,"href":"https:\/\/agora.xtec.cat\/sesfontsdelglorieta\/wp-json\/wp\/v2\/pages\/63"}],"wp:attachment":[{"href":"https:\/\/agora.xtec.cat\/sesfontsdelglorieta\/wp-json\/wp\/v2\/media?parent=77"}],"curies":[{"name":"wp","href":"https:\/\/api.w.org\/{rel}","templated":true}]}}