{"id":6221,"date":"2025-09-19T10:50:48","date_gmt":"2025-09-19T08:50:48","guid":{"rendered":"https:\/\/agora.xtec.cat\/sesfontsdelglorieta\/?page_id=6221"},"modified":"2025-09-19T11:06:19","modified_gmt":"2025-09-19T09:06:19","slug":"afa","status":"publish","type":"page","link":"https:\/\/agora.xtec.cat\/sesfontsdelglorieta\/afa\/","title":{"rendered":"AFA"},"content":{"rendered":"<p><strong>L\u2019objectiu de l\u2019AFA \u00e9s col\u00b7laborar amb el centre per aconseguir un institut amb personalitat pr\u00f2pia, ben dotat de material i amb una coordinaci\u00f3 m\u00e0xima entre l\u2019Institut i la fam\u00edlia. Ser soci de l\u2019AFA \u00e9s una bona manera de participar activament en la formaci\u00f3 dels nostres fills.<\/strong><\/p>\n<p><strong>President<\/strong>: Victor Alejandre Madrid. A renovar: 16\/01\/2027<br \/>\n<strong>Secret\u00e0ria<\/strong>: M\u00edriam Claver Mart\u00edn. A renovar: 16\/01\/2027<br \/>\n<strong>Tresorera<\/strong>: Virginia L\u00f3pez Lopera. A renovar: 16\/01\/2027<br \/>\n<strong>Vocal<\/strong>: Remei Gilabert Masqu\u00e9. A renovar: 16\/01\/2027<br \/>\n<strong>Vocal<\/strong>: Encarnaci\u00f3n Rodr\u00edguez Blanquez. A renovar: 16\/01\/2027<\/p>\n<p>Contacte: <a href=\"mailto:ampainstitutfontsdelglorieta@gmail.com\" target=\"_blank\" rel=\"noopener\">ampainstitutfontsdelglorieta@<wbr \/>gmail.com<\/a><\/p>\n<p><a href=\"https:\/\/agora.xtec.cat\/sesfontsdelglorieta\/wp-content\/uploads\/usu1064\/2025\/09\/Carta-AFA-2025-1.pdf\"><strong>Carta d&#8217;afiliaci\u00f3<\/strong><\/a><\/p>\n","protected":false},"excerpt":{"rendered":"<p>L\u2019objectiu de l\u2019AFA \u00e9s col\u00b7laborar amb el centre per aconseguir un institut amb personalitat pr\u00f2pia, ben dotat de material i amb una coordinaci\u00f3 m\u00e0xima entre l\u2019Institut i la fam\u00edlia. Ser soci de l\u2019AFA \u00e9s una bona manera de participar activament en la formaci\u00f3 dels nostres&hellip;  <a href=\"https:\/\/agora.xtec.cat\/sesfontsdelglorieta\/afa\/\" title=\"Read AFA\">Llegeix m\u00e9s\u00bb<\/a><\/p>\n","protected":false},"author":1,"featured_media":0,"parent":0,"menu_order":0,"comment_status":"closed","ping_status":"closed","template":"","meta":{"_bbp_topic_count":0,"_bbp_reply_count":0,"_bbp_total_topic_count":0,"_bbp_total_reply_count":0,"_bbp_voice_count":0,"_bbp_anonymous_reply_count":0,"_bbp_topic_count_hidden":0,"_bbp_reply_count_hidden":0,"_bbp_forum_subforum_count":0,"footnotes":""},"class_list":["post-6221","page","type-page","status-publish","hentry"],"post_mailing_queue_ids":[],"_links":{"self":[{"href":"https:\/\/agora.xtec.cat\/sesfontsdelglorieta\/wp-json\/wp\/v2\/pages\/6221","targetHints":{"allow":["GET"]}}],"collection":[{"href":"https:\/\/agora.xtec.cat\/sesfontsdelglorieta\/wp-json\/wp\/v2\/pages"}],"about":[{"href":"https:\/\/agora.xtec.cat\/sesfontsdelglorieta\/wp-json\/wp\/v2\/types\/page"}],"author":[{"embeddable":true,"href":"https:\/\/agora.xtec.cat\/sesfontsdelglorieta\/wp-json\/wp\/v2\/users\/1"}],"replies":[{"embeddable":true,"href":"https:\/\/agora.xtec.cat\/sesfontsdelglorieta\/wp-json\/wp\/v2\/comments?post=6221"}],"version-history":[{"count":5,"href":"https:\/\/agora.xtec.cat\/sesfontsdelglorieta\/wp-json\/wp\/v2\/pages\/6221\/revisions"}],"predecessor-version":[{"id":6232,"href":"https:\/\/agora.xtec.cat\/sesfontsdelglorieta\/wp-json\/wp\/v2\/pages\/6221\/revisions\/6232"}],"wp:attachment":[{"href":"https:\/\/agora.xtec.cat\/sesfontsdelglorieta\/wp-json\/wp\/v2\/media?parent=6221"}],"curies":[{"name":"wp","href":"https:\/\/api.w.org\/{rel}","templated":true}]}}