{"id":5348,"date":"2024-04-26T18:41:53","date_gmt":"2024-04-26T16:41:53","guid":{"rendered":"https:\/\/agora.xtec.cat\/sesfontsdelglorieta\/?page_id=5348"},"modified":"2024-04-26T18:54:05","modified_gmt":"2024-04-26T16:54:05","slug":"convalidacions-de-musica-i-dansa","status":"publish","type":"page","link":"https:\/\/agora.xtec.cat\/sesfontsdelglorieta\/serveis\/secretaria\/convalidacions-de-musica-i-dansa\/","title":{"rendered":"Convalidacions de m\u00fasica i dansa"},"content":{"rendered":"<p>Per les convalidacions de m\u00fasica, descarregueu-vos els impresos i porteu-los a secretaria emplenats (els mateixos alumnes o fam\u00edlies):<\/p>\n<ul>\n<li><a href=\"https:\/\/agora.xtec.cat\/sesfontsdelglorieta\/wp-content\/uploads\/usu1064\/2023\/09\/CMU2-CERTIFICAT-ESCOLA-DE-MUSICA.pdf\">CMU2 CERTIFICAT ESCOLA DE MUSICA<\/a><\/li>\n<li><a href=\"https:\/\/agora.xtec.cat\/sesfontsdelglorieta\/wp-content\/uploads\/usu1064\/2023\/09\/CUR_Simultaneitat_musica.pdf\">CUR_Simultaneitat_musica<\/a><\/li>\n<li><a href=\"https:\/\/agora.xtec.cat\/sesfontsdelglorieta\/wp-content\/uploads\/usu1064\/2023\/09\/EMU1-SOLLICITUD-REDUCCIO-MATERIES-ESO-MUSICA-CONSERVATORI-I-ESCOLA.pdf\">EMU1 SOLLICITUD REDUCCIO MATERIES ESO MUSICA CONSERVATORI I ESCOLA<\/a><\/li>\n<\/ul>\n<p>Per les convalidacions de dansa, escarregueu-vos els impresos i porteu-los a secretaria emplenats (els mateixos alumnes o fam\u00edlies):<\/p>\n<ul>\n<li><a href=\"https:\/\/agora.xtec.cat\/sesfontsdelglorieta\/wp-content\/uploads\/usu1064\/2023\/09\/CDA-DANSA-ESCOLA-PETICIO.pdf\">CDA DANSA ESCOLA PETICIO<\/a><\/li>\n<li><a href=\"https:\/\/agora.xtec.cat\/sesfontsdelglorieta\/wp-content\/uploads\/usu1064\/2023\/09\/CUR_Simultaneitat_dansa.pdf\">CUR_Simultaneitat_dansa<\/a><\/li>\n<li><a href=\"https:\/\/agora.xtec.cat\/sesfontsdelglorieta\/wp-content\/uploads\/usu1064\/2023\/09\/EDA1-DANSA-ESCOLA-O-CONSERVATORI-ESO.pdf\">EDA1 DANSA ESCOLA O CONSERVATORI ESO<\/a><\/li>\n<li><a href=\"https:\/\/agora.xtec.cat\/sesfontsdelglorieta\/wp-content\/uploads\/usu1064\/2023\/09\/Quadre-resum-convalidacions-dansa.pdf\">Quadre resum convalidacions dansa<\/a><\/li>\n<\/ul>\n<p>&nbsp;<\/p>\n","protected":false},"excerpt":{"rendered":"<p>Per les convalidacions de m\u00fasica, descarregueu-vos els impresos i porteu-los a secretaria emplenats (els mateixos alumnes o fam\u00edlies):<\/p>\n<ul>\n<li><a href=\"https:\/\/agora.xtec.cat\/sesfontsdelglorieta\/wp-content\/uploads\/usu1064\/2023\/09\/CMU2-CERTIFICAT-ESCOLA-DE-MUSICA.pdf\">CMU2 CERTIFICAT ESCOLA DE MUSICA<\/a><\/li>\n<li><a href=\"https:\/\/agora.xtec.cat\/sesfontsdelglorieta\/wp-content\/uploads\/usu1064\/2023\/09\/CUR_Simultaneitat_musica.pdf\">CUR_Simultaneitat_musica<\/a><\/li>\n<li><a href=\"https:\/\/agora.xtec.cat\/sesfontsdelglorieta\/wp-content\/uploads\/usu1064\/2023\/09\/EMU1-SOLLICITUD-REDUCCIO-MATERIES-ESO-MUSICA-CONSERVATORI-I-ESCOLA.pdf\">EMU1 SOLLICITUD REDUCCIO MATERIES ESO MUSICA CONSERVATORI I ESCOLA<\/a><\/li>\n<\/ul>\n<p>Per les convalidacions de dansa, escarregueu-vos els impresos i porteu-los a secretaria emplenats&hellip;  <a href=\"https:\/\/agora.xtec.cat\/sesfontsdelglorieta\/serveis\/secretaria\/convalidacions-de-musica-i-dansa\/\" title=\"Read Convalidacions de m\u00fasica i dansa\">Llegeix m\u00e9s\u00bb<\/a><\/p>\n","protected":false},"author":1,"featured_media":0,"parent":81,"menu_order":0,"comment_status":"closed","ping_status":"closed","template":"page-templates\/side-menu.php","meta":{"_bbp_topic_count":0,"_bbp_reply_count":0,"_bbp_total_topic_count":0,"_bbp_total_reply_count":0,"_bbp_voice_count":0,"_bbp_anonymous_reply_count":0,"_bbp_topic_count_hidden":0,"_bbp_reply_count_hidden":0,"_bbp_forum_subforum_count":0,"footnotes":""},"class_list":["post-5348","page","type-page","status-publish","hentry"],"post_mailing_queue_ids":[],"_links":{"self":[{"href":"https:\/\/agora.xtec.cat\/sesfontsdelglorieta\/wp-json\/wp\/v2\/pages\/5348","targetHints":{"allow":["GET"]}}],"collection":[{"href":"https:\/\/agora.xtec.cat\/sesfontsdelglorieta\/wp-json\/wp\/v2\/pages"}],"about":[{"href":"https:\/\/agora.xtec.cat\/sesfontsdelglorieta\/wp-json\/wp\/v2\/types\/page"}],"author":[{"embeddable":true,"href":"https:\/\/agora.xtec.cat\/sesfontsdelglorieta\/wp-json\/wp\/v2\/users\/1"}],"replies":[{"embeddable":true,"href":"https:\/\/agora.xtec.cat\/sesfontsdelglorieta\/wp-json\/wp\/v2\/comments?post=5348"}],"version-history":[{"count":1,"href":"https:\/\/agora.xtec.cat\/sesfontsdelglorieta\/wp-json\/wp\/v2\/pages\/5348\/revisions"}],"predecessor-version":[{"id":5349,"href":"https:\/\/agora.xtec.cat\/sesfontsdelglorieta\/wp-json\/wp\/v2\/pages\/5348\/revisions\/5349"}],"up":[{"embeddable":true,"href":"https:\/\/agora.xtec.cat\/sesfontsdelglorieta\/wp-json\/wp\/v2\/pages\/81"}],"wp:attachment":[{"href":"https:\/\/agora.xtec.cat\/sesfontsdelglorieta\/wp-json\/wp\/v2\/media?parent=5348"}],"curies":[{"name":"wp","href":"https:\/\/api.w.org\/{rel}","templated":true}]}}