{"id":494,"date":"2016-09-06T17:37:54","date_gmt":"2016-09-06T16:37:54","guid":{"rendered":"http:\/\/agora.xtec.cat\/sesfontsdelglorieta\/?page_id=494"},"modified":"2025-09-02T13:34:35","modified_gmt":"2025-09-02T11:34:35","slug":"equip-docent-2n-deso","status":"publish","type":"page","link":"https:\/\/agora.xtec.cat\/sesfontsdelglorieta\/organitzacio\/equips-docents\/equip-docent-2n-deso\/","title":{"rendered":"Equip docent 2n d&#8217;ESO"},"content":{"rendered":"<table dir=\"ltr\" style=\"width: 49.7189%;\" border=\"1\" cellspacing=\"0\" cellpadding=\"0\" data-sheets-root=\"1\" data-sheets-baot=\"1\">\n<colgroup>\n<col width=\"191\" \/>\n<col width=\"184\" \/>\n<col width=\"213\" \/><\/colgroup>\n<tbody>\n<tr>\n<td style=\"text-align: center; width: 88.2345%;\" colspan=\"3\" rowspan=\"1\"><strong>Equip Docent 2n ESO 2025-2026<\/strong><\/td>\n<\/tr>\n<tr>\n<td style=\"text-align: center; width: 32.4324%;\"><strong>MAT\u00c8RIA<\/strong><\/td>\n<td style=\"text-align: center; width: 8.98681%;\"><strong>GRUP<\/strong><\/td>\n<td style=\"text-align: center; width: 46.8153%;\"><strong>PROFESSOR\/A<\/strong><\/td>\n<\/tr>\n<tr>\n<td style=\"width: 32.4324%;\" colspan=\"1\" rowspan=\"2\">\n<div>TUTORIA<\/div>\n<\/td>\n<td style=\"width: 8.98681%;\">A<\/td>\n<td style=\"width: 46.8153%;\">Jordi Artigas<\/td>\n<\/tr>\n<tr>\n<td style=\"width: 8.98681%;\">B<\/td>\n<td style=\"width: 46.8153%;\">Pep Gavald\u00e0<\/td>\n<\/tr>\n<tr>\n<td style=\"width: 32.4324%;\" colspan=\"1\" rowspan=\"2\">\n<div>PROJECTE<\/div>\n<\/td>\n<td style=\"width: 8.98681%;\">A<\/td>\n<td style=\"width: 46.8153%;\">Jordi Artigas i Carlos Cerc\u00f3s<\/td>\n<\/tr>\n<tr>\n<td style=\"width: 8.98681%;\">B<\/td>\n<td style=\"width: 46.8153%;\">Pep Gavald\u00e0 i Carlos Cerc\u00f3s<\/td>\n<\/tr>\n<tr>\n<td style=\"width: 32.4324%;\" colspan=\"1\" rowspan=\"2\">\n<div>CATAL\u00c0<\/div>\n<\/td>\n<td style=\"width: 8.98681%;\">A<\/td>\n<td style=\"width: 46.8153%;\">Jordi Artigas<\/td>\n<\/tr>\n<tr>\n<td style=\"width: 8.98681%;\">B<\/td>\n<td style=\"width: 46.8153%;\">Jordi Artigas<\/td>\n<\/tr>\n<tr>\n<td style=\"width: 32.4324%;\" colspan=\"1\" rowspan=\"2\">\n<div>CASTELL\u00c0<\/div>\n<\/td>\n<td style=\"width: 8.98681%;\">A<\/td>\n<td style=\"width: 46.8153%;\">Mercedes Ulloa<\/td>\n<\/tr>\n<tr>\n<td style=\"width: 8.98681%;\">B<\/td>\n<td style=\"width: 46.8153%;\">Mercedes Ulloa<\/td>\n<\/tr>\n<tr>\n<td style=\"width: 32.4324%;\" colspan=\"1\" rowspan=\"2\">\n<div>ANGL\u00c8S<\/div>\n<\/td>\n<td style=\"width: 8.98681%;\">A<\/td>\n<td style=\"width: 46.8153%;\">Jennifer Garc\u00eda<\/td>\n<\/tr>\n<tr>\n<td style=\"width: 8.98681%;\">B<\/td>\n<td style=\"width: 46.8153%;\">Jennifer Garc\u00eda<\/td>\n<\/tr>\n<tr>\n<td style=\"width: 32.4324%;\" colspan=\"1\" rowspan=\"2\">\n<div>MATEM\u00c0TIQUES<\/div>\n<\/td>\n<td style=\"width: 8.98681%;\">A<\/td>\n<td style=\"width: 46.8153%;\">Pep Gavald\u00e0 i Carlos Cerc\u00f3s<\/td>\n<\/tr>\n<tr>\n<td style=\"width: 8.98681%;\">B<\/td>\n<td style=\"width: 46.8153%;\">Pep Gavald\u00e0 i Carlos Cerc\u00f3s<\/td>\n<\/tr>\n<tr>\n<td style=\"width: 32.4324%;\" colspan=\"1\" rowspan=\"2\">\n<div>CI\u00c8NCIES SOCIALS, GEOGRAFIA I HIST\u00d2RIA<\/div>\n<\/td>\n<td style=\"width: 8.98681%;\">A<\/td>\n<td style=\"width: 46.8153%;\">Gerard Ferrer<\/td>\n<\/tr>\n<tr>\n<td style=\"width: 8.98681%;\">B<\/td>\n<td style=\"width: 46.8153%;\">Gerard Ferrer<\/td>\n<\/tr>\n<tr>\n<td style=\"width: 32.4324%;\" colspan=\"1\" rowspan=\"2\">\n<div>CI\u00c8NCIES DE LA NATURALESA. F\u00cdSICA I QU\u00cdMICA<\/div>\n<\/td>\n<td style=\"width: 8.98681%;\">A<\/td>\n<td style=\"width: 46.8153%;\">Roser Roig<\/td>\n<\/tr>\n<tr>\n<td style=\"width: 8.98681%;\">B<\/td>\n<td style=\"width: 46.8153%;\">Roser Roig<\/td>\n<\/tr>\n<tr>\n<td style=\"width: 32.4324%;\" colspan=\"1\" rowspan=\"2\">\n<div>TECNOLOGIES<\/div>\n<\/td>\n<td style=\"width: 8.98681%;\">A<\/td>\n<td style=\"width: 46.8153%;\">Cristina Montalvo<\/td>\n<\/tr>\n<tr>\n<td style=\"width: 8.98681%;\">B<\/td>\n<td style=\"width: 46.8153%;\">Cristina Montalvo<\/td>\n<\/tr>\n<tr>\n<td style=\"width: 32.4324%;\" colspan=\"1\" rowspan=\"2\">\n<div>EDUCACI\u00d3 F\u00cdSICA<\/div>\n<\/td>\n<td style=\"width: 8.98681%;\">A<\/td>\n<td style=\"width: 46.8153%;\">\u00c0ngela Guxens<\/td>\n<\/tr>\n<tr>\n<td style=\"width: 8.98681%;\">B<\/td>\n<td style=\"width: 46.8153%;\">\u00c0ngela Guxens<\/td>\n<\/tr>\n<tr>\n<td style=\"width: 32.4324%;\" colspan=\"1\" rowspan=\"2\">\n<div>VISUAL I PL\u00c0STICA<\/div>\n<\/td>\n<td style=\"width: 8.98681%;\">A<\/td>\n<td style=\"width: 46.8153%;\">Teresa Rubio<\/td>\n<\/tr>\n<tr>\n<td style=\"width: 8.98681%;\">B<\/td>\n<td style=\"width: 46.8153%;\">\u00c0ngela Guxens<\/td>\n<\/tr>\n<tr>\n<td style=\"width: 32.4324%;\" colspan=\"1\" rowspan=\"7\">\n<div>RELIGI\u00d3\/COMISSIONS<\/div>\n<\/td>\n<td style=\"width: 8.98681%;\">Religi\u00f3<\/td>\n<td style=\"width: 46.8153%;\">Elena Argilaga<\/td>\n<\/tr>\n<tr>\n<td style=\"width: 8.98681%;\">Biblioteca<\/td>\n<td style=\"width: 46.8153%;\">Mercedes Ulloa<\/td>\n<\/tr>\n<tr>\n<td style=\"width: 8.98681%;\">EEVV<\/td>\n<td style=\"width: 46.8153%;\">\u00d2scar Sol\u00e9<\/td>\n<\/tr>\n<tr>\n<td style=\"width: 8.98681%;\">Igualtat<\/td>\n<td style=\"width: 46.8153%;\">Aina Galofr\u00e9<\/td>\n<\/tr>\n<tr>\n<td style=\"width: 8.98681%;\">Jornades i festes<\/td>\n<td style=\"width: 46.8153%;\">M\u00f2nica Meseguer<\/td>\n<\/tr>\n<tr>\n<td style=\"width: 8.98681%;\">Projectes Internacionals<\/td>\n<td style=\"width: 46.8153%;\">Jennifer Garc\u00eda<\/td>\n<\/tr>\n<tr>\n<td style=\"width: 8.98681%;\">Reptes matem\u00e0tics<\/td>\n<td style=\"width: 46.8153%;\">Laia Guasch<\/td>\n<\/tr>\n<tr>\n<td style=\"width: 32.4324%;\" colspan=\"1\" rowspan=\"4\">\n<div>OPTATIVES<\/div>\n<\/td>\n<td style=\"width: 8.98681%;\">Emprenedoria<\/td>\n<td style=\"width: 46.8153%;\">Laia Guasch<\/td>\n<\/tr>\n<tr>\n<td style=\"width: 8.98681%;\">Alemany<\/td>\n<td style=\"width: 46.8153%;\">Yolanda Mart\u00ednez<\/td>\n<\/tr>\n<tr>\n<td style=\"width: 8.98681%;\">Voleibol en acci\u00f3<\/td>\n<td style=\"width: 46.8153%;\">\u00c0ngela Guxens<\/td>\n<\/tr>\n<tr>\n<td style=\"width: 8.98681%;\">Aula de pensar<\/td>\n<td style=\"width: 46.8153%;\">Pep Gavald\u00e0<\/td>\n<\/tr>\n<\/tbody>\n<\/table>\n","protected":false},"excerpt":{"rendered":"<p>Equip Docent 2n ESO 2025-2026<\/p>\n<p>MAT\u00c8RIA<br \/>\nGRUP<br \/>\nPROFESSOR\/A<\/p>\n<p>TUTORIA<\/p>\n<p>A<br \/>\nJordi Artigas<\/p>\n<p>B<br \/>\nPep Gavald\u00e0<\/p>\n<p>PROJECTE<\/p>\n<p>A<br \/>\nJordi Artigas i Carlos Cerc\u00f3s<\/p>\n<p>B<br \/>\nPep Gavald\u00e0 i Carlos Cerc\u00f3s<\/p>\n<p>CATAL\u00c0<\/p>\n<p>A<br \/>\nJordi Artigas<\/p>\n<p>B<br \/>\nJordi Artigas<\/p>\n<p>CASTELL\u00c0<\/p>\n<p>A<br \/>\nMercedes Ulloa<\/p>\n<p>B<br \/>\nMercedes Ulloa<\/p>\n<p>ANGL\u00c8S<\/p>\n<p>A<br \/>\nJennifer Garc\u00eda<\/p>\n<p>B<br \/>\nJennifer Garc\u00eda<\/p>\n<p>MATEM\u00c0TIQUES<\/p>\n<p>A<br \/>\nPep Gavald\u00e0 i Carlos Cerc\u00f3s<\/p>\n<p>B<br \/>\nPep Gavald\u00e0 i Carlos Cerc\u00f3s<\/p>\n<p>CI\u00c8NCIES SOCIALS, GEOGRAFIA I HIST\u00d2RIA<\/p>\n<p>A<br \/>\nGerard Ferrer<\/p>\n<p>B<br \/>\nGerard Ferrer<\/p>\n<p>CI\u00c8NCIES DE LA NATURALESA. F\u00cdSICA I QU\u00cdMICA<\/p>\n<p>A<br \/>\nRoser Roig<\/p>\n<p>B<br \/>\nRoser Roig<\/p>\n<p>TECNOLOGIES<\/p>\n<p>A<br \/>\nCristina Montalvo<\/p>\n<p>B<br \/>\nCristina Montalvo<\/p>\n<p>EDUCACI\u00d3&hellip;  <a href=\"https:\/\/agora.xtec.cat\/sesfontsdelglorieta\/organitzacio\/equips-docents\/equip-docent-2n-deso\/\" title=\"Read Equip docent 2n d&#8217;ESO\">Llegeix m\u00e9s\u00bb<\/a><\/p>\n","protected":false},"author":1,"featured_media":0,"parent":490,"menu_order":20,"comment_status":"closed","ping_status":"closed","template":"page-templates\/side-menu.php","meta":{"_bbp_topic_count":0,"_bbp_reply_count":0,"_bbp_total_topic_count":0,"_bbp_total_reply_count":0,"_bbp_voice_count":0,"_bbp_anonymous_reply_count":0,"_bbp_topic_count_hidden":0,"_bbp_reply_count_hidden":0,"_bbp_forum_subforum_count":0,"footnotes":""},"class_list":["post-494","page","type-page","status-publish","hentry"],"post_mailing_queue_ids":[],"_links":{"self":[{"href":"https:\/\/agora.xtec.cat\/sesfontsdelglorieta\/wp-json\/wp\/v2\/pages\/494","targetHints":{"allow":["GET"]}}],"collection":[{"href":"https:\/\/agora.xtec.cat\/sesfontsdelglorieta\/wp-json\/wp\/v2\/pages"}],"about":[{"href":"https:\/\/agora.xtec.cat\/sesfontsdelglorieta\/wp-json\/wp\/v2\/types\/page"}],"author":[{"embeddable":true,"href":"https:\/\/agora.xtec.cat\/sesfontsdelglorieta\/wp-json\/wp\/v2\/users\/1"}],"replies":[{"embeddable":true,"href":"https:\/\/agora.xtec.cat\/sesfontsdelglorieta\/wp-json\/wp\/v2\/comments?post=494"}],"version-history":[{"count":7,"href":"https:\/\/agora.xtec.cat\/sesfontsdelglorieta\/wp-json\/wp\/v2\/pages\/494\/revisions"}],"predecessor-version":[{"id":6200,"href":"https:\/\/agora.xtec.cat\/sesfontsdelglorieta\/wp-json\/wp\/v2\/pages\/494\/revisions\/6200"}],"up":[{"embeddable":true,"href":"https:\/\/agora.xtec.cat\/sesfontsdelglorieta\/wp-json\/wp\/v2\/pages\/490"}],"wp:attachment":[{"href":"https:\/\/agora.xtec.cat\/sesfontsdelglorieta\/wp-json\/wp\/v2\/media?parent=494"}],"curies":[{"name":"wp","href":"https:\/\/api.w.org\/{rel}","templated":true}]}}