{"id":4618,"date":"2023-03-30T13:25:38","date_gmt":"2023-03-30T11:25:38","guid":{"rendered":"https:\/\/agora.xtec.cat\/sesfontsdelglorieta\/?page_id=4618"},"modified":"2023-04-12T16:43:19","modified_gmt":"2023-04-12T14:43:19","slug":"robotica-i-programacio","status":"publish","type":"page","link":"https:\/\/agora.xtec.cat\/sesfontsdelglorieta\/estudis\/eso\/robotica-i-programacio\/","title":{"rendered":"Rob\u00f2tica i programaci\u00f3"},"content":{"rendered":"<p style=\"text-align: justify;\">Al llarg dels cursos d&#8217;ESO s&#8217;ofereixen diverses optatives per treballar la rob\u00f2tica i la programaci\u00f3. A segon d&#8217;ESO els alumnes s&#8217;inicien amb l&#8217;App Inventor a la mat\u00e8ria de Tecnologia i Digitalitzaci\u00f3 i fan les seves primeres aplicacions per a m\u00f2bil. A tercer d&#8217;ESO, l&#8217;alumnat t\u00e9 la possibilitat d&#8217;escollir l&#8217;optativa trimestral de Rob\u00f2tica. A 4t d&#8217;ESO, a l&#8217;optativa de Tecnologia (que en aquest cas \u00e9s una mat\u00e8ria anual) es treballa la rob\u00f2tica amb la tecnologia Arduino UNO.<\/p>\n<p style=\"text-align: justify;\">L&#8217;alumnat tindr\u00e0, despr\u00e9s, l&#8217;oportunitat de continuar fent rob\u00f2tica a primer de batxillerat, escollint-la com a una de les mat\u00e8ries optatives trimestrals.<\/p>\n<p><iframe loading=\"lazy\" src=\"\/\/www.youtube.com\/embed\/tSthwPbMFgc\" width=\"560\" height=\"314\" allowfullscreen=\"allowfullscreen\"><\/iframe><\/p>\n","protected":false},"excerpt":{"rendered":"<p>Al llarg dels cursos d&#8217;ESO s&#8217;ofereixen diverses optatives per treballar la rob\u00f2tica i la programaci\u00f3. A segon d&#8217;ESO els alumnes s&#8217;inicien amb l&#8217;App Inventor a la mat\u00e8ria de Tecnologia i Digitalitzaci\u00f3 i fan les seves primeres aplicacions per a m\u00f2bil. A tercer d&#8217;ESO, l&#8217;alumnat t\u00e9&hellip;  <a href=\"https:\/\/agora.xtec.cat\/sesfontsdelglorieta\/estudis\/eso\/robotica-i-programacio\/\" title=\"Read Rob\u00f2tica i programaci\u00f3\">Llegeix m\u00e9s\u00bb<\/a><\/p>\n","protected":false},"author":1,"featured_media":0,"parent":2819,"menu_order":15,"comment_status":"closed","ping_status":"closed","template":"page-templates\/side-menu.php","meta":{"_bbp_topic_count":0,"_bbp_reply_count":0,"_bbp_total_topic_count":0,"_bbp_total_reply_count":0,"_bbp_voice_count":0,"_bbp_anonymous_reply_count":0,"_bbp_topic_count_hidden":0,"_bbp_reply_count_hidden":0,"_bbp_forum_subforum_count":0,"footnotes":""},"class_list":["post-4618","page","type-page","status-publish","hentry"],"post_mailing_queue_ids":[],"_links":{"self":[{"href":"https:\/\/agora.xtec.cat\/sesfontsdelglorieta\/wp-json\/wp\/v2\/pages\/4618","targetHints":{"allow":["GET"]}}],"collection":[{"href":"https:\/\/agora.xtec.cat\/sesfontsdelglorieta\/wp-json\/wp\/v2\/pages"}],"about":[{"href":"https:\/\/agora.xtec.cat\/sesfontsdelglorieta\/wp-json\/wp\/v2\/types\/page"}],"author":[{"embeddable":true,"href":"https:\/\/agora.xtec.cat\/sesfontsdelglorieta\/wp-json\/wp\/v2\/users\/1"}],"replies":[{"embeddable":true,"href":"https:\/\/agora.xtec.cat\/sesfontsdelglorieta\/wp-json\/wp\/v2\/comments?post=4618"}],"version-history":[{"count":3,"href":"https:\/\/agora.xtec.cat\/sesfontsdelglorieta\/wp-json\/wp\/v2\/pages\/4618\/revisions"}],"predecessor-version":[{"id":4627,"href":"https:\/\/agora.xtec.cat\/sesfontsdelglorieta\/wp-json\/wp\/v2\/pages\/4618\/revisions\/4627"}],"up":[{"embeddable":true,"href":"https:\/\/agora.xtec.cat\/sesfontsdelglorieta\/wp-json\/wp\/v2\/pages\/2819"}],"wp:attachment":[{"href":"https:\/\/agora.xtec.cat\/sesfontsdelglorieta\/wp-json\/wp\/v2\/media?parent=4618"}],"curies":[{"name":"wp","href":"https:\/\/api.w.org\/{rel}","templated":true}]}}