{"id":4373,"date":"2023-01-15T11:45:22","date_gmt":"2023-01-15T10:45:22","guid":{"rendered":"https:\/\/agora.xtec.cat\/sesfontsdelglorieta\/?page_id=4373"},"modified":"2023-03-06T12:08:39","modified_gmt":"2023-03-06T11:08:39","slug":"projecte-educat-2-0","status":"publish","type":"page","link":"https:\/\/agora.xtec.cat\/sesfontsdelglorieta\/estudis\/eso\/projecte-educat-2-0\/","title":{"rendered":"Projecte EduCAT 2.0"},"content":{"rendered":"<p style=\"text-align: justify;\"><span style=\"font-family: Arial, sans-serif;\"><span style=\"font-size: medium;\"><a href=\"https:\/\/agora.xtec.cat\/sesfontsdelglorieta\/wp-content\/uploads\/usu1064\/2023\/02\/cat.jpg\"><img loading=\"lazy\" decoding=\"async\" class=\" wp-image-4481 alignleft\" src=\"https:\/\/agora.xtec.cat\/sesfontsdelglorieta\/wp-content\/uploads\/usu1064\/2023\/02\/cat-300x225.jpg\" alt=\"\" width=\"281\" height=\"211\" srcset=\"https:\/\/agora.xtec.cat\/sesfontsdelglorieta\/wp-content\/uploads\/usu1064\/2023\/02\/cat-300x225.jpg 300w, https:\/\/agora.xtec.cat\/sesfontsdelglorieta\/wp-content\/uploads\/usu1064\/2023\/02\/cat-1024x768.jpg 1024w, https:\/\/agora.xtec.cat\/sesfontsdelglorieta\/wp-content\/uploads\/usu1064\/2023\/02\/cat-768x576.jpg 768w, https:\/\/agora.xtec.cat\/sesfontsdelglorieta\/wp-content\/uploads\/usu1064\/2023\/02\/cat-200x150.jpg 200w, https:\/\/agora.xtec.cat\/sesfontsdelglorieta\/wp-content\/uploads\/usu1064\/2023\/02\/cat.jpg 1500w\" sizes=\"auto, (max-width: 281px) 100vw, 281px\" \/><\/a>Continuem amb el Projecte EduCAT 2.0 que vam iniciar el curs acad\u00e8mic 2010-2011 i que suposa que tot l&#8217;alumnat d&#8217;ESO t\u00e9 com a eina de treball un ordinador port\u00e0til. De manera progressiva, el conjunt del professorat i alumnat ha anat adaptant les programacions i la din\u00e0mica del treball a l&#8217;\u00fas did\u00e0ctic dels mitjans inform\u00e0tics. <\/span><\/span><\/p>\n<p style=\"text-align: justify;\"><span style=\"font-family: Arial, sans-serif;\"><span style=\"font-size: medium;\">La realitzaci\u00f3 d\u2019aquest projecte ha perm\u00e8s la substituci\u00f3 total dels llibres de text en paper per llibres de text digitals. S\u2019utilitzen llibres digitals en determinades \u00e0rees instrumentals. Gr\u00e0cies a aquest projecte, l&#8217;\u00fas de les TIC \u00e9s una q\u00fcesti\u00f3 normal en el nostre alumnat i en tenen un bon domini. <\/span><\/span><\/p>\n<p style=\"text-align: justify;\"><span style=\"font-family: Arial, sans-serif;\"><span style=\"font-size: medium;\">Pel que fa al material, totes les aules d\u2019ESO del centre disposen d\u2019un equipament multim\u00e8dia digital (panells i pissarres digitals, projector i altaveus amplificats) i la majoria tamb\u00e9 tenen la instal\u2022laci\u00f3 el\u00e8ctrica necess\u00e0ria perqu\u00e8 es puguin endollar simult\u00e0niament diversos ordinadors per carregar-los. Tamb\u00e9 hem instal\u00b7lat recentment a les aules de 1r i 2n de batxillerat pissarres digitals, altaveus i projectors.<\/span><\/span><\/p>\n<p style=\"text-align: justify;\"><span style=\"font-family: Arial, sans-serif;\"><span style=\"font-size: medium;\">El pla TAC est\u00e0 actualitzat del curs 2021-22 i formem part dels centres transformats que ens han dotat d\u2019una WIFI potent. <\/span><\/span><\/p>\n","protected":false},"excerpt":{"rendered":"<p><a href=\"https:\/\/agora.xtec.cat\/sesfontsdelglorieta\/wp-content\/uploads\/usu1064\/2023\/02\/cat.jpg\"><\/a>Continuem amb el Projecte EduCAT 2.0 que vam iniciar el curs acad\u00e8mic 2010-2011 i que suposa que tot l&#8217;alumnat d&#8217;ESO t\u00e9 com a eina de treball un ordinador port\u00e0til. De manera progressiva, el conjunt del professorat i alumnat ha anat adaptant les programacions i&hellip;  <a href=\"https:\/\/agora.xtec.cat\/sesfontsdelglorieta\/estudis\/eso\/projecte-educat-2-0\/\" title=\"Read Projecte EduCAT 2.0\">Llegeix m\u00e9s\u00bb<\/a><\/p>\n","protected":false},"author":1,"featured_media":0,"parent":2819,"menu_order":1,"comment_status":"closed","ping_status":"closed","template":"page-templates\/side-menu.php","meta":{"_bbp_topic_count":0,"_bbp_reply_count":0,"_bbp_total_topic_count":0,"_bbp_total_reply_count":0,"_bbp_voice_count":0,"_bbp_anonymous_reply_count":0,"_bbp_topic_count_hidden":0,"_bbp_reply_count_hidden":0,"_bbp_forum_subforum_count":0,"footnotes":""},"class_list":["post-4373","page","type-page","status-publish","hentry"],"post_mailing_queue_ids":[],"_links":{"self":[{"href":"https:\/\/agora.xtec.cat\/sesfontsdelglorieta\/wp-json\/wp\/v2\/pages\/4373","targetHints":{"allow":["GET"]}}],"collection":[{"href":"https:\/\/agora.xtec.cat\/sesfontsdelglorieta\/wp-json\/wp\/v2\/pages"}],"about":[{"href":"https:\/\/agora.xtec.cat\/sesfontsdelglorieta\/wp-json\/wp\/v2\/types\/page"}],"author":[{"embeddable":true,"href":"https:\/\/agora.xtec.cat\/sesfontsdelglorieta\/wp-json\/wp\/v2\/users\/1"}],"replies":[{"embeddable":true,"href":"https:\/\/agora.xtec.cat\/sesfontsdelglorieta\/wp-json\/wp\/v2\/comments?post=4373"}],"version-history":[{"count":3,"href":"https:\/\/agora.xtec.cat\/sesfontsdelglorieta\/wp-json\/wp\/v2\/pages\/4373\/revisions"}],"predecessor-version":[{"id":4521,"href":"https:\/\/agora.xtec.cat\/sesfontsdelglorieta\/wp-json\/wp\/v2\/pages\/4373\/revisions\/4521"}],"up":[{"embeddable":true,"href":"https:\/\/agora.xtec.cat\/sesfontsdelglorieta\/wp-json\/wp\/v2\/pages\/2819"}],"wp:attachment":[{"href":"https:\/\/agora.xtec.cat\/sesfontsdelglorieta\/wp-json\/wp\/v2\/media?parent=4373"}],"curies":[{"name":"wp","href":"https:\/\/api.w.org\/{rel}","templated":true}]}}