{"id":4346,"date":"2023-01-30T10:50:47","date_gmt":"2023-01-30T09:50:47","guid":{"rendered":"https:\/\/agora.xtec.cat\/sesfontsdelglorieta\/?page_id=4346"},"modified":"2023-11-24T08:48:31","modified_gmt":"2023-11-24T07:48:31","slug":"llengues-estrangeres","status":"publish","type":"page","link":"https:\/\/agora.xtec.cat\/sesfontsdelglorieta\/estudis\/eso\/llengues-estrangeres\/","title":{"rendered":"Lleng\u00fces estrangeres i ERASMUS"},"content":{"rendered":"<p style=\"text-align: justify;\"><span style=\"font-family: Arial, sans-serif;\"><span style=\"font-size: medium;\"><a href=\"https:\/\/agora.xtec.cat\/sesfontsdelglorieta\/wp-content\/uploads\/usu1064\/2023\/03\/IMG-20230327-WA0016.jpg\"><img loading=\"lazy\" decoding=\"async\" class=\"wp-image-4589 size-medium alignleft\" src=\"https:\/\/agora.xtec.cat\/sesfontsdelglorieta\/wp-content\/uploads\/usu1064\/2023\/03\/IMG-20230327-WA0016-300x175.jpg\" alt=\"\" width=\"300\" height=\"175\" srcset=\"https:\/\/agora.xtec.cat\/sesfontsdelglorieta\/wp-content\/uploads\/usu1064\/2023\/03\/IMG-20230327-WA0016-300x175.jpg 300w, https:\/\/agora.xtec.cat\/sesfontsdelglorieta\/wp-content\/uploads\/usu1064\/2023\/03\/IMG-20230327-WA0016.jpg 720w\" sizes=\"auto, (max-width: 300px) 100vw, 300px\" \/><\/a>A m\u00e9s a m\u00e9s de <strong>l&#8217;angl\u00e8s<\/strong>, els alumnes del nostre centre poden fer la segona llengua <strong>d\u2019alemany<\/strong> a tots els cursos de l&#8217;ESO. <\/span><\/span><\/p>\n<p style=\"text-align: justify;\"><span style=\"font-family: Arial, sans-serif;\"><span style=\"font-size: medium;\">Aquests alumnes tenen l\u2019oportunitat de participar en un intercanvi a Alemanya d\u2019una setmana durant el curs. L&#8217;intercanvi es du a terme tots els anys i els alumnes alemanys tamb\u00e9 fan la visita inversa.<\/span><\/span><\/p>\n<p>Per realitzar les classes de lleng\u00fces estrangeres, disposem d&#8217;una aula d&#8217;idiomes ben equipada .<\/p>\n<p style=\"text-align: justify;\"><span style=\"font-family: Arial, sans-serif;\"><span style=\"font-size: medium;\">A l\u2019Institut Fonts del Glorieta fomentem la participaci\u00f3 en intercanvis i programes amb altres educatius d\u2019Europa (Erasmus+). <\/span><\/span><\/p>\n<p style=\"text-align: justify;\"><span style=\"font-family: Arial, sans-serif;\"><span style=\"font-size: medium;\"><a href=\"https:\/\/agora.xtec.cat\/sesfontsdelglorieta\/wp-content\/uploads\/usu1064\/2023\/02\/erasmus.jpg\"><img loading=\"lazy\" decoding=\"async\" class=\"size-medium wp-image-4419 alignleft\" src=\"https:\/\/agora.xtec.cat\/sesfontsdelglorieta\/wp-content\/uploads\/usu1064\/2023\/02\/erasmus-300x169.jpg\" alt=\"\" width=\"300\" height=\"169\" srcset=\"https:\/\/agora.xtec.cat\/sesfontsdelglorieta\/wp-content\/uploads\/usu1064\/2023\/02\/erasmus-300x169.jpg 300w, https:\/\/agora.xtec.cat\/sesfontsdelglorieta\/wp-content\/uploads\/usu1064\/2023\/02\/erasmus-1024x576.jpg 1024w, https:\/\/agora.xtec.cat\/sesfontsdelglorieta\/wp-content\/uploads\/usu1064\/2023\/02\/erasmus-768x432.jpg 768w, https:\/\/agora.xtec.cat\/sesfontsdelglorieta\/wp-content\/uploads\/usu1064\/2023\/02\/erasmus-1536x864.jpg 1536w, https:\/\/agora.xtec.cat\/sesfontsdelglorieta\/wp-content\/uploads\/usu1064\/2023\/02\/erasmus.jpg 2048w\" sizes=\"auto, (max-width: 300px) 100vw, 300px\" \/><\/a>Aquest curs hem iniciat el <strong>projecte ERASMUS+ Empowering Math Literacy Skills of Learners Through Innovative Digital Tools.<\/strong> Es tracta d&#8217;un programa d\u2019una durada de vint-i-quatre mesos i hi participem amb tres pa\u00efsos m\u00e9s: Pol\u00f2nia, Turquia i Portugal, que visitarem al llarg dels cursos 2023-2024. <\/span><\/span><\/p>\n<p style=\"text-align: justify;\">A m\u00e9s, aquest any el nostre institut t\u00e9 el plaer d&#8217;organitzar el <strong>programa <span style=\"font-family: Arial, sans-serif;\"><span style=\"font-size: medium;\">ERASMUS+<\/span><\/span><\/strong>\u00a0<strong>&#8220;Time to Act Green&#8221; amb Turquia, Cro\u00e0cia i It\u00e0lia<\/strong>. D&#8217;aqu\u00ed un any recollirem els fruits de totes les activitats que anirem portant a terme al llarg del programa i que representen una oportunitat d&#8217;aprenentatge connectada amb Europa.<\/p>\n<p>Per finalitzar, participem tamb\u00e9 amb l&#8217;alumnat de batxillerat al <strong>projecte ERASMUS+ &#8220;What changed &#8211; how reflected&#8221;<\/strong> amb Cro\u00e0cia, Alemanys i Turquia.<\/p>\n<p>&nbsp;<\/p>\n","protected":false},"excerpt":{"rendered":"<p><a href=\"https:\/\/agora.xtec.cat\/sesfontsdelglorieta\/wp-content\/uploads\/usu1064\/2023\/03\/IMG-20230327-WA0016.jpg\"><\/a>A m\u00e9s a m\u00e9s de l&#8217;angl\u00e8s, els alumnes del nostre centre poden fer la segona llengua d\u2019alemany a tots els cursos de l&#8217;ESO.<br \/>\nAquests alumnes tenen l\u2019oportunitat de participar en un intercanvi a Alemanya d\u2019una setmana durant el curs. L&#8217;intercanvi es du a terme&hellip;  <a href=\"https:\/\/agora.xtec.cat\/sesfontsdelglorieta\/estudis\/eso\/llengues-estrangeres\/\" title=\"Read Lleng\u00fces estrangeres i ERASMUS\">Llegeix m\u00e9s\u00bb<\/a><\/p>\n","protected":false},"author":1,"featured_media":0,"parent":2819,"menu_order":6,"comment_status":"closed","ping_status":"closed","template":"page-templates\/side-menu.php","meta":{"_bbp_topic_count":0,"_bbp_reply_count":0,"_bbp_total_topic_count":0,"_bbp_total_reply_count":0,"_bbp_voice_count":0,"_bbp_anonymous_reply_count":0,"_bbp_topic_count_hidden":0,"_bbp_reply_count_hidden":0,"_bbp_forum_subforum_count":0,"footnotes":""},"class_list":["post-4346","page","type-page","status-publish","hentry"],"post_mailing_queue_ids":[],"_links":{"self":[{"href":"https:\/\/agora.xtec.cat\/sesfontsdelglorieta\/wp-json\/wp\/v2\/pages\/4346","targetHints":{"allow":["GET"]}}],"collection":[{"href":"https:\/\/agora.xtec.cat\/sesfontsdelglorieta\/wp-json\/wp\/v2\/pages"}],"about":[{"href":"https:\/\/agora.xtec.cat\/sesfontsdelglorieta\/wp-json\/wp\/v2\/types\/page"}],"author":[{"embeddable":true,"href":"https:\/\/agora.xtec.cat\/sesfontsdelglorieta\/wp-json\/wp\/v2\/users\/1"}],"replies":[{"embeddable":true,"href":"https:\/\/agora.xtec.cat\/sesfontsdelglorieta\/wp-json\/wp\/v2\/comments?post=4346"}],"version-history":[{"count":6,"href":"https:\/\/agora.xtec.cat\/sesfontsdelglorieta\/wp-json\/wp\/v2\/pages\/4346\/revisions"}],"predecessor-version":[{"id":5071,"href":"https:\/\/agora.xtec.cat\/sesfontsdelglorieta\/wp-json\/wp\/v2\/pages\/4346\/revisions\/5071"}],"up":[{"embeddable":true,"href":"https:\/\/agora.xtec.cat\/sesfontsdelglorieta\/wp-json\/wp\/v2\/pages\/2819"}],"wp:attachment":[{"href":"https:\/\/agora.xtec.cat\/sesfontsdelglorieta\/wp-json\/wp\/v2\/media?parent=4346"}],"curies":[{"name":"wp","href":"https:\/\/api.w.org\/{rel}","templated":true}]}}