{"id":4344,"date":"2023-01-30T10:50:13","date_gmt":"2023-01-30T09:50:13","guid":{"rendered":"https:\/\/agora.xtec.cat\/sesfontsdelglorieta\/?page_id=4344"},"modified":"2023-03-02T16:56:45","modified_gmt":"2023-03-02T15:56:45","slug":"projecte-de-recerca-4t-eso","status":"publish","type":"page","link":"https:\/\/agora.xtec.cat\/sesfontsdelglorieta\/estudis\/eso\/projecte-de-recerca-4t-eso\/","title":{"rendered":"Projecte de recerca 4t ESO"},"content":{"rendered":"<p style=\"text-align: justify;\"><span style=\"color: #444444;\"><span style=\"font-family: Arial, sans-serif;\"><span style=\"font-size: medium;\"><a href=\"https:\/\/agora.xtec.cat\/sesfontsdelglorieta\/wp-content\/uploads\/usu1064\/2023\/02\/lupa.jpg\"><img loading=\"lazy\" decoding=\"async\" class=\"size-full wp-image-4483 alignleft\" src=\"https:\/\/agora.xtec.cat\/sesfontsdelglorieta\/wp-content\/uploads\/usu1064\/2023\/02\/lupa.jpg\" alt=\"\" width=\"211\" height=\"238\" \/><\/a>El projecte de recerca a 4t d\u2019ESO es realitza durant una hora a la setmana en horari lectiu durant tot el curs acad\u00e8mic a 4t d\u2019ESO.\u00a0Tamb\u00e9 es dediquen quatre sessions d\u2019entrevistes entre tutors i alumnes els dimarts a la tarda del 2n trimestre.<\/span><\/span><\/span><\/p>\n<p style=\"text-align: justify;\"><span style=\"color: #444444;\"><span style=\"font-family: Arial, sans-serif;\"><span style=\"font-size: medium;\">L\u2019objectiu \u00e9s contribuir al desenvolupament de les compet\u00e8ncies b\u00e0siques de l\u2019ESO i, especialment, de la compet\u00e8ncia d\u2019aprendre a aprendre i de la compet\u00e8ncia d\u2019autonomia i iniciativa personal. El projecte est\u00e0 constitu\u00eft per un conjunt d\u2019activitats de descoberta i recerca realitzades per l\u2019alumnat, entorn d\u2019un tema escollit i acotat, i sota el guiatge del professorat. Al llarg del projecte, l\u2019alumne ha de demostrar capacitat d\u2019autonomia i iniciativa en l\u2019organitzaci\u00f3 del treball individual; i tamb\u00e9 responsabilitat, cooperaci\u00f3 i col\u00b7laboraci\u00f3 en el desenvolupament de projectes en com\u00fa. El dossier Projecte de Recerca consta d\u2019una s\u00e8rie de tasques sobre les quals l\u2019alumnat, en grups redu\u00efts, ha de plantejar una hip\u00f2tesi o objectiu, planificar el m\u00e8tode de resoluci\u00f3, integrar informaci\u00f3 procedent de diverses fonts i, finalment, arribar a unes conclusions.<\/span><\/span><\/span><\/p>\n","protected":false},"excerpt":{"rendered":"<p><a href=\"https:\/\/agora.xtec.cat\/sesfontsdelglorieta\/wp-content\/uploads\/usu1064\/2023\/02\/lupa.jpg\"><\/a>El projecte de recerca a 4t d\u2019ESO es realitza durant una hora a la setmana en horari lectiu durant tot el curs acad\u00e8mic a 4t d\u2019ESO.\u00a0Tamb\u00e9 es dediquen quatre sessions d\u2019entrevistes entre tutors i alumnes els dimarts a la tarda del 2n trimestre.<br \/>\nL\u2019objectiu \u00e9s&hellip;  <a href=\"https:\/\/agora.xtec.cat\/sesfontsdelglorieta\/estudis\/eso\/projecte-de-recerca-4t-eso\/\" title=\"Read Projecte de recerca 4t ESO\">Llegeix m\u00e9s\u00bb<\/a><\/p>\n","protected":false},"author":1,"featured_media":0,"parent":2819,"menu_order":10,"comment_status":"closed","ping_status":"closed","template":"page-templates\/side-menu.php","meta":{"_bbp_topic_count":0,"_bbp_reply_count":0,"_bbp_total_topic_count":0,"_bbp_total_reply_count":0,"_bbp_voice_count":0,"_bbp_anonymous_reply_count":0,"_bbp_topic_count_hidden":0,"_bbp_reply_count_hidden":0,"_bbp_forum_subforum_count":0,"footnotes":""},"class_list":["post-4344","page","type-page","status-publish","hentry"],"post_mailing_queue_ids":[],"_links":{"self":[{"href":"https:\/\/agora.xtec.cat\/sesfontsdelglorieta\/wp-json\/wp\/v2\/pages\/4344","targetHints":{"allow":["GET"]}}],"collection":[{"href":"https:\/\/agora.xtec.cat\/sesfontsdelglorieta\/wp-json\/wp\/v2\/pages"}],"about":[{"href":"https:\/\/agora.xtec.cat\/sesfontsdelglorieta\/wp-json\/wp\/v2\/types\/page"}],"author":[{"embeddable":true,"href":"https:\/\/agora.xtec.cat\/sesfontsdelglorieta\/wp-json\/wp\/v2\/users\/1"}],"replies":[{"embeddable":true,"href":"https:\/\/agora.xtec.cat\/sesfontsdelglorieta\/wp-json\/wp\/v2\/comments?post=4344"}],"version-history":[{"count":3,"href":"https:\/\/agora.xtec.cat\/sesfontsdelglorieta\/wp-json\/wp\/v2\/pages\/4344\/revisions"}],"predecessor-version":[{"id":4484,"href":"https:\/\/agora.xtec.cat\/sesfontsdelglorieta\/wp-json\/wp\/v2\/pages\/4344\/revisions\/4484"}],"up":[{"embeddable":true,"href":"https:\/\/agora.xtec.cat\/sesfontsdelglorieta\/wp-json\/wp\/v2\/pages\/2819"}],"wp:attachment":[{"href":"https:\/\/agora.xtec.cat\/sesfontsdelglorieta\/wp-json\/wp\/v2\/media?parent=4344"}],"curies":[{"name":"wp","href":"https:\/\/api.w.org\/{rel}","templated":true}]}}