{"id":4342,"date":"2023-01-30T10:49:39","date_gmt":"2023-01-30T09:49:39","guid":{"rendered":"https:\/\/agora.xtec.cat\/sesfontsdelglorieta\/?page_id=4342"},"modified":"2023-03-02T16:56:55","modified_gmt":"2023-03-02T15:56:55","slug":"orientacio-final-eso","status":"publish","type":"page","link":"https:\/\/agora.xtec.cat\/sesfontsdelglorieta\/estudis\/eso\/orientacio-final-eso\/","title":{"rendered":"Orientaci\u00f3 final ESO"},"content":{"rendered":"<p style=\"text-align: justify;\"><span style=\"font-family: Arial, sans-serif;\"><span style=\"font-size: medium;\"><a href=\"https:\/\/agora.xtec.cat\/sesfontsdelglorieta\/wp-content\/uploads\/usu1064\/2023\/02\/orient.jpg\"><img loading=\"lazy\" decoding=\"async\" class=\"size-medium wp-image-4474 alignleft\" src=\"https:\/\/agora.xtec.cat\/sesfontsdelglorieta\/wp-content\/uploads\/usu1064\/2023\/02\/orient-300x225.jpg\" alt=\"\" width=\"300\" height=\"225\" srcset=\"https:\/\/agora.xtec.cat\/sesfontsdelglorieta\/wp-content\/uploads\/usu1064\/2023\/02\/orient-300x225.jpg 300w, https:\/\/agora.xtec.cat\/sesfontsdelglorieta\/wp-content\/uploads\/usu1064\/2023\/02\/orient-1024x768.jpg 1024w, https:\/\/agora.xtec.cat\/sesfontsdelglorieta\/wp-content\/uploads\/usu1064\/2023\/02\/orient-768x576.jpg 768w, https:\/\/agora.xtec.cat\/sesfontsdelglorieta\/wp-content\/uploads\/usu1064\/2023\/02\/orient-200x150.jpg 200w, https:\/\/agora.xtec.cat\/sesfontsdelglorieta\/wp-content\/uploads\/usu1064\/2023\/02\/orient.jpg 1500w\" sizes=\"auto, (max-width: 300px) 100vw, 300px\" \/><\/a>Al llarg de quart d\u2019ESO els tutors i les orientadores del centre realitzen una labor d\u2019orientaci\u00f3 en estudis post-obligatories, donant informaci\u00f3 sobre els diferents estudis en Formaci\u00f3 Professional (Grau Mitj\u00e0) i en les diverses modalitats de batxillerat.<\/span><\/span><\/p>\n<p style=\"text-align: justify;\">La visita d&#8217;ex-alumnes del centre \u00e9s tamb\u00e9 una molt bona oportunitat pels alumnes per con\u00e8ixer de primera m\u00e0 les experi\u00e8ncies de joves que ja han passat pels diferents estudis post-obligatoris i sempre genera bones preguntes i consultes profitoses.<\/p>\n","protected":false},"excerpt":{"rendered":"<p><a href=\"https:\/\/agora.xtec.cat\/sesfontsdelglorieta\/wp-content\/uploads\/usu1064\/2023\/02\/orient.jpg\"><\/a>Al llarg de quart d\u2019ESO els tutors i les orientadores del centre realitzen una labor d\u2019orientaci\u00f3 en estudis post-obligatories, donant informaci\u00f3 sobre els diferents estudis en Formaci\u00f3 Professional (Grau Mitj\u00e0) i en les diverses modalitats de batxillerat.<br \/>\nLa visita d&#8217;ex-alumnes del centre \u00e9s tamb\u00e9 una&hellip;  <a href=\"https:\/\/agora.xtec.cat\/sesfontsdelglorieta\/estudis\/eso\/orientacio-final-eso\/\" title=\"Read Orientaci\u00f3 final ESO\">Llegeix m\u00e9s\u00bb<\/a><\/p>\n","protected":false},"author":1,"featured_media":0,"parent":2819,"menu_order":11,"comment_status":"closed","ping_status":"closed","template":"page-templates\/side-menu.php","meta":{"_bbp_topic_count":0,"_bbp_reply_count":0,"_bbp_total_topic_count":0,"_bbp_total_reply_count":0,"_bbp_voice_count":0,"_bbp_anonymous_reply_count":0,"_bbp_topic_count_hidden":0,"_bbp_reply_count_hidden":0,"_bbp_forum_subforum_count":0,"footnotes":""},"class_list":["post-4342","page","type-page","status-publish","hentry"],"post_mailing_queue_ids":[],"_links":{"self":[{"href":"https:\/\/agora.xtec.cat\/sesfontsdelglorieta\/wp-json\/wp\/v2\/pages\/4342","targetHints":{"allow":["GET"]}}],"collection":[{"href":"https:\/\/agora.xtec.cat\/sesfontsdelglorieta\/wp-json\/wp\/v2\/pages"}],"about":[{"href":"https:\/\/agora.xtec.cat\/sesfontsdelglorieta\/wp-json\/wp\/v2\/types\/page"}],"author":[{"embeddable":true,"href":"https:\/\/agora.xtec.cat\/sesfontsdelglorieta\/wp-json\/wp\/v2\/users\/1"}],"replies":[{"embeddable":true,"href":"https:\/\/agora.xtec.cat\/sesfontsdelglorieta\/wp-json\/wp\/v2\/comments?post=4342"}],"version-history":[{"count":3,"href":"https:\/\/agora.xtec.cat\/sesfontsdelglorieta\/wp-json\/wp\/v2\/pages\/4342\/revisions"}],"predecessor-version":[{"id":4476,"href":"https:\/\/agora.xtec.cat\/sesfontsdelglorieta\/wp-json\/wp\/v2\/pages\/4342\/revisions\/4476"}],"up":[{"embeddable":true,"href":"https:\/\/agora.xtec.cat\/sesfontsdelglorieta\/wp-json\/wp\/v2\/pages\/2819"}],"wp:attachment":[{"href":"https:\/\/agora.xtec.cat\/sesfontsdelglorieta\/wp-json\/wp\/v2\/media?parent=4342"}],"curies":[{"name":"wp","href":"https:\/\/api.w.org\/{rel}","templated":true}]}}