{"id":4282,"date":"2023-01-25T09:54:29","date_gmt":"2023-01-25T08:54:29","guid":{"rendered":"https:\/\/agora.xtec.cat\/sesfontsdelglorieta\/?page_id=4282"},"modified":"2024-04-16T17:01:17","modified_gmt":"2024-04-16T15:01:17","slug":"modalitats-de-batxillerat","status":"publish","type":"page","link":"https:\/\/agora.xtec.cat\/sesfontsdelglorieta\/estudis\/batxillerat\/modalitats-de-batxillerat\/","title":{"rendered":"Modalitats de batxillerat"},"content":{"rendered":"<p>A l\u2019Institut Fonts del Glorieta oferim les modalitats de batxillerat en Ci\u00e8ncies i Tecnologia i batxillerat d\u2019Humanitats i Ci\u00e8ncies Socials. En cada modalitat, cal:<\/p>\n<ul>\n<li>Fer la mat\u00e8ria obligada de la modalitat.<\/li>\n<li>Triar dues mat\u00e8ries de modalitat.<\/li>\n<li>Triar una mat\u00e8ria optativa anual.<\/li>\n<li>Triar les dues optatives trimestrals, que pot ser una \u00fanica mat\u00e8ria que es va continuant durant el curs o b\u00e9 canviar d&#8217;optativa a cada canvi de trimestre.<\/li>\n<\/ul>\n<p>Aquest \u00e9s l&#8217;itinerari de <a href=\"https:\/\/agora.xtec.cat\/sesfontsdelglorieta\/wp-content\/uploads\/usu1064\/2024\/04\/Optatives_1BAT_Fonts-del-Glorieta.pdf\" target=\"_blank\" rel=\"noopener\">Optatives_1BAT_Fonts del Glorieta<\/a>.<\/p>\n<p>Aquest \u00e9s l&#8217;itinerari de <a href=\"https:\/\/agora.xtec.cat\/sesfontsdelglorieta\/wp-content\/uploads\/usu1064\/2024\/04\/Optatives_2BAT_Fonts-del-Glorieta.pdf\" target=\"_blank\" rel=\"noopener\">Optatives_2BAT_Fonts del Glorieta<\/a>.<\/p>\n<p style=\"text-align: justify;\">En base a aquesta organitzaci\u00f3 es duen a terme reunions individuals d&#8217;orientaci\u00f3 amb els alumnes. A partir d&#8217;aquestes reunions es defineix la oferta d&#8217;optatives del centre per a cada curs. En el cas que algun alumne vulgui cursar una optativa que no s&#8217;ofereix al centre ho pot fer a trav\u00e9s de l&#8217;Institut Obert de Catalunya.<\/p>\n<p>Trobareu m\u00e9s informaci\u00f3 als seg\u00fcents enlla\u00e7os:<\/p>\n<p style=\"text-align: justify;\"><a href=\"https:\/\/agora.xtec.cat\/sesfontsdelglorieta\/wp-content\/uploads\/usu1064\/2023\/01\/OrgGral1rBAT.pdf\">Itinerari general de 1r de BAT<\/a><\/p>\n<p style=\"text-align: justify;\"><a href=\"https:\/\/agora.xtec.cat\/sesfontsdelglorieta\/wp-content\/uploads\/usu1064\/2023\/01\/Itinerari-2n-BAT.pdf\">Itinerari general de 2n de BAT<\/a><\/p>\n<p>&nbsp;<\/p>\n<p>&nbsp;<\/p>\n","protected":false},"excerpt":{"rendered":"<p>A l\u2019Institut Fonts del Glorieta oferim les modalitats de batxillerat en Ci\u00e8ncies i Tecnologia i batxillerat d\u2019Humanitats i Ci\u00e8ncies Socials. En cada modalitat, cal:<\/p>\n<ul>\n<li>Fer la mat\u00e8ria obligada de la modalitat.<\/li>\n<li>Triar dues mat\u00e8ries de modalitat.<\/li>\n<li>Triar una mat\u00e8ria optativa anual.<\/li>\n<li>Triar les dues optatives trimestrals, que pot ser&hellip;  <a href=\"https:\/\/agora.xtec.cat\/sesfontsdelglorieta\/estudis\/batxillerat\/modalitats-de-batxillerat\/\" title=\"Read Modalitats de batxillerat\">Llegeix m\u00e9s\u00bb<\/a><br \/>\n","protected":false},"author":1,"featured_media":0,"parent":2823,"menu_order":0,"comment_status":"closed","ping_status":"closed","template":"page-templates\/side-menu.php","meta":{"_bbp_topic_count":0,"_bbp_reply_count":0,"_bbp_total_topic_count":0,"_bbp_total_reply_count":0,"_bbp_voice_count":0,"_bbp_anonymous_reply_count":0,"_bbp_topic_count_hidden":0,"_bbp_reply_count_hidden":0,"_bbp_forum_subforum_count":0,"footnotes":""},"class_list":["post-4282","page","type-page","status-publish","hentry"],"post_mailing_queue_ids":[],"_links":{"self":[{"href":"https:\/\/agora.xtec.cat\/sesfontsdelglorieta\/wp-json\/wp\/v2\/pages\/4282","targetHints":{"allow":["GET"]}}],"collection":[{"href":"https:\/\/agora.xtec.cat\/sesfontsdelglorieta\/wp-json\/wp\/v2\/pages"}],"about":[{"href":"https:\/\/agora.xtec.cat\/sesfontsdelglorieta\/wp-json\/wp\/v2\/types\/page"}],"author":[{"embeddable":true,"href":"https:\/\/agora.xtec.cat\/sesfontsdelglorieta\/wp-json\/wp\/v2\/users\/1"}],"replies":[{"embeddable":true,"href":"https:\/\/agora.xtec.cat\/sesfontsdelglorieta\/wp-json\/wp\/v2\/comments?post=4282"}],"version-history":[{"count":5,"href":"https:\/\/agora.xtec.cat\/sesfontsdelglorieta\/wp-json\/wp\/v2\/pages\/4282\/revisions"}],"predecessor-version":[{"id":5342,"href":"https:\/\/agora.xtec.cat\/sesfontsdelglorieta\/wp-json\/wp\/v2\/pages\/4282\/revisions\/5342"}],"up":[{"embeddable":true,"href":"https:\/\/agora.xtec.cat\/sesfontsdelglorieta\/wp-json\/wp\/v2\/pages\/2823"}],"wp:attachment":[{"href":"https:\/\/agora.xtec.cat\/sesfontsdelglorieta\/wp-json\/wp\/v2\/media?parent=4282"}],"curies":[{"name":"wp","href":"https:\/\/api.w.org\/{rel}","templated":true}]}}