{"id":4244,"date":"2023-01-18T10:00:40","date_gmt":"2023-01-18T09:00:40","guid":{"rendered":"https:\/\/agora.xtec.cat\/sesfontsdelglorieta\/?page_id=4244"},"modified":"2023-03-06T12:14:50","modified_gmt":"2023-03-06T11:14:50","slug":"comissions","status":"publish","type":"page","link":"https:\/\/agora.xtec.cat\/sesfontsdelglorieta\/estudis\/eso\/comissions\/","title":{"rendered":"Comissions"},"content":{"rendered":"<p><span style=\"font-size: medium;\"><a href=\"https:\/\/agora.xtec.cat\/sesfontsdelglorieta\/wp-content\/uploads\/usu1064\/2023\/01\/verd.jpg\"><img loading=\"lazy\" decoding=\"async\" class=\" wp-image-4269 alignleft\" src=\"https:\/\/agora.xtec.cat\/sesfontsdelglorieta\/wp-content\/uploads\/usu1064\/2023\/01\/verd-225x300.jpg\" alt=\"\" width=\"205\" height=\"273\" srcset=\"https:\/\/agora.xtec.cat\/sesfontsdelglorieta\/wp-content\/uploads\/usu1064\/2023\/01\/verd-225x300.jpg 225w, https:\/\/agora.xtec.cat\/sesfontsdelglorieta\/wp-content\/uploads\/usu1064\/2023\/01\/verd-768x1024.jpg 768w, https:\/\/agora.xtec.cat\/sesfontsdelglorieta\/wp-content\/uploads\/usu1064\/2023\/01\/verd-1152x1536.jpg 1152w, https:\/\/agora.xtec.cat\/sesfontsdelglorieta\/wp-content\/uploads\/usu1064\/2023\/01\/verd.jpg 1536w\" sizes=\"auto, (max-width: 205px) 100vw, 205px\" \/><\/a><a href=\"https:\/\/agora.xtec.cat\/sesfontsdelglorieta\/wp-content\/uploads\/usu1064\/2023\/01\/festa.jpg\"><img loading=\"lazy\" decoding=\"async\" class=\" wp-image-4271 alignright\" src=\"https:\/\/agora.xtec.cat\/sesfontsdelglorieta\/wp-content\/uploads\/usu1064\/2023\/01\/festa-300x225.jpg\" alt=\"\" width=\"289\" height=\"217\" srcset=\"https:\/\/agora.xtec.cat\/sesfontsdelglorieta\/wp-content\/uploads\/usu1064\/2023\/01\/festa-300x225.jpg 300w, https:\/\/agora.xtec.cat\/sesfontsdelglorieta\/wp-content\/uploads\/usu1064\/2023\/01\/festa-1024x767.jpg 1024w, https:\/\/agora.xtec.cat\/sesfontsdelglorieta\/wp-content\/uploads\/usu1064\/2023\/01\/festa-768x575.jpg 768w, https:\/\/agora.xtec.cat\/sesfontsdelglorieta\/wp-content\/uploads\/usu1064\/2023\/01\/festa-200x150.jpg 200w, https:\/\/agora.xtec.cat\/sesfontsdelglorieta\/wp-content\/uploads\/usu1064\/2023\/01\/festa.jpg 1300w\" sizes=\"auto, (max-width: 289px) 100vw, 289px\" \/><\/a>Les comissions tenen com a objectiu millorar el nostre centre i fer a l\u2019alumnat m\u00e9s part\u00edcip dins la societat. <\/span><\/p>\n<p><span style=\"font-size: medium;\">Les fam\u00edlies poden triar entre quatre comissions:\u00a0<\/span><\/p>\n<p>&#8211; Lectura<\/p>\n<p>&#8211; Escoles verdes<\/p>\n<p>&#8211; Festes i esdeveniments<\/p>\n<p>&#8211; Igualtat<\/p>\n<p>Les comissions s\u00f3n l&#8217;alternativa a la mat\u00e8ria de Religi\u00f3 i no s\u00f3n avaluables. En canvi, la mat\u00e8ria de Religi\u00f3 s\u00ed que ho \u00e9s.<\/p>\n","protected":false},"excerpt":{"rendered":"<p><a href=\"https:\/\/agora.xtec.cat\/sesfontsdelglorieta\/wp-content\/uploads\/usu1064\/2023\/01\/verd.jpg\"><\/a><a href=\"https:\/\/agora.xtec.cat\/sesfontsdelglorieta\/wp-content\/uploads\/usu1064\/2023\/01\/festa.jpg\"><\/a>Les comissions tenen com a objectiu millorar el nostre centre i fer a l\u2019alumnat m\u00e9s part\u00edcip dins la societat.<br \/>\nLes fam\u00edlies poden triar entre quatre comissions:\u00a0<br \/>\n&#8211; Lectura<br \/>\n&#8211; Escoles verdes<br \/>\n&#8211; Festes i esdeveniments<br \/>\n&#8211; Igualtat<br \/>\nLes comissions s\u00f3n l&#8217;alternativa a la mat\u00e8ria de Religi\u00f3 i no&hellip;  <a href=\"https:\/\/agora.xtec.cat\/sesfontsdelglorieta\/estudis\/eso\/comissions\/\" title=\"Read Comissions\">Llegeix m\u00e9s\u00bb<\/a><\/p>\n","protected":false},"author":1,"featured_media":0,"parent":2819,"menu_order":4,"comment_status":"closed","ping_status":"closed","template":"page-templates\/side-menu.php","meta":{"_bbp_topic_count":0,"_bbp_reply_count":0,"_bbp_total_topic_count":0,"_bbp_total_reply_count":0,"_bbp_voice_count":0,"_bbp_anonymous_reply_count":0,"_bbp_topic_count_hidden":0,"_bbp_reply_count_hidden":0,"_bbp_forum_subforum_count":0,"footnotes":""},"class_list":["post-4244","page","type-page","status-publish","hentry"],"post_mailing_queue_ids":[],"_links":{"self":[{"href":"https:\/\/agora.xtec.cat\/sesfontsdelglorieta\/wp-json\/wp\/v2\/pages\/4244","targetHints":{"allow":["GET"]}}],"collection":[{"href":"https:\/\/agora.xtec.cat\/sesfontsdelglorieta\/wp-json\/wp\/v2\/pages"}],"about":[{"href":"https:\/\/agora.xtec.cat\/sesfontsdelglorieta\/wp-json\/wp\/v2\/types\/page"}],"author":[{"embeddable":true,"href":"https:\/\/agora.xtec.cat\/sesfontsdelglorieta\/wp-json\/wp\/v2\/users\/1"}],"replies":[{"embeddable":true,"href":"https:\/\/agora.xtec.cat\/sesfontsdelglorieta\/wp-json\/wp\/v2\/comments?post=4244"}],"version-history":[{"count":3,"href":"https:\/\/agora.xtec.cat\/sesfontsdelglorieta\/wp-json\/wp\/v2\/pages\/4244\/revisions"}],"predecessor-version":[{"id":4526,"href":"https:\/\/agora.xtec.cat\/sesfontsdelglorieta\/wp-json\/wp\/v2\/pages\/4244\/revisions\/4526"}],"up":[{"embeddable":true,"href":"https:\/\/agora.xtec.cat\/sesfontsdelglorieta\/wp-json\/wp\/v2\/pages\/2819"}],"wp:attachment":[{"href":"https:\/\/agora.xtec.cat\/sesfontsdelglorieta\/wp-json\/wp\/v2\/media?parent=4244"}],"curies":[{"name":"wp","href":"https:\/\/api.w.org\/{rel}","templated":true}]}}