{"id":4240,"date":"2023-01-18T10:46:26","date_gmt":"2023-01-18T09:46:26","guid":{"rendered":"https:\/\/agora.xtec.cat\/sesfontsdelglorieta\/?page_id=4240"},"modified":"2023-03-02T16:58:57","modified_gmt":"2023-03-02T15:58:57","slug":"projectes","status":"publish","type":"page","link":"https:\/\/agora.xtec.cat\/sesfontsdelglorieta\/estudis\/eso\/projectes\/","title":{"rendered":"Projectes"},"content":{"rendered":"<p style=\"text-align: justify;\"><a href=\"https:\/\/agora.xtec.cat\/sesfontsdelglorieta\/wp-content\/uploads\/usu1064\/2023\/01\/casa.jpg\"><img loading=\"lazy\" decoding=\"async\" class=\"size-medium wp-image-4265 alignleft\" src=\"https:\/\/agora.xtec.cat\/sesfontsdelglorieta\/wp-content\/uploads\/usu1064\/2023\/01\/casa-204x300.jpg\" alt=\"\" width=\"204\" height=\"300\" srcset=\"https:\/\/agora.xtec.cat\/sesfontsdelglorieta\/wp-content\/uploads\/usu1064\/2023\/01\/casa-204x300.jpg 204w, https:\/\/agora.xtec.cat\/sesfontsdelglorieta\/wp-content\/uploads\/usu1064\/2023\/01\/casa-695x1024.jpg 695w, https:\/\/agora.xtec.cat\/sesfontsdelglorieta\/wp-content\/uploads\/usu1064\/2023\/01\/casa-768x1132.jpg 768w, https:\/\/agora.xtec.cat\/sesfontsdelglorieta\/wp-content\/uploads\/usu1064\/2023\/01\/casa-1042x1536.jpg 1042w, https:\/\/agora.xtec.cat\/sesfontsdelglorieta\/wp-content\/uploads\/usu1064\/2023\/01\/casa.jpg 1072w\" sizes=\"auto, (max-width: 204px) 100vw, 204px\" \/><\/a>A primer, segon i tercer d&#8217;ESO es destina una part de l&#8217;horari lectiu a la realitzaci\u00f3 de projectes que siguin transversals i globalitzadors i que tinguin en compte la resoluci\u00f3 col\u00b7laborativa de problemes amb l&#8217;objectiu de refor\u00e7ar l&#8217;autonomia, la reflexi\u00f3, l&#8217;autoestima i la responsabilitat de l&#8217;alumnat.<\/p>\n<p><span style=\"font-family: Arial, sans-serif;\"><span style=\"font-size: medium;\">La mat\u00e8ria de <\/span><\/span><span style=\"font-family: Arial, sans-serif;\"><span style=\"font-size: medium;\">projectes <\/span><\/span><span style=\"font-family: Arial, sans-serif;\"><span style=\"font-size: medium;\">s\u2019ha pensat a primer i a segon d&#8217;ESO com la creaci\u00f3 d\u2019un producte final de cada centre d\u2019inter\u00e8s. Aquesta tamb\u00e9 equivaldr\u00e0 al cr\u00e8dit de s\u00edntesi. <\/span><\/span><\/p>\n<p><span style=\"font-family: Arial, sans-serif;\"><span style=\"font-size: medium;\">A tercer aquesta mat\u00e8ria s\u2019ha plantejat des del treball interdisciplinari en la soluci\u00f3 de reptes que entitats o persones formulen a l\u2019alumnat i ells intentaran donar resposta. Aquestes mat\u00e8ries es fan simult\u00e0niament a cada grup del mateix nivell i aix\u00f2 permet l\u2019intercanvi de professorat de diferents \u00e0mbits i cobrir les necessitats que puguin tenir l\u2019alumnat.<\/span><\/span><\/p>\n","protected":false},"excerpt":{"rendered":"<p><a href=\"https:\/\/agora.xtec.cat\/sesfontsdelglorieta\/wp-content\/uploads\/usu1064\/2023\/01\/casa.jpg\"><\/a>A primer, segon i tercer d&#8217;ESO es destina una part de l&#8217;horari lectiu a la realitzaci\u00f3 de projectes que siguin transversals i globalitzadors i que tinguin en compte la resoluci\u00f3 col\u00b7laborativa de problemes amb l&#8217;objectiu de refor\u00e7ar l&#8217;autonomia, la reflexi\u00f3, l&#8217;autoestima i la responsabilitat&hellip;  <a href=\"https:\/\/agora.xtec.cat\/sesfontsdelglorieta\/estudis\/eso\/projectes\/\" title=\"Read Projectes\">Llegeix m\u00e9s\u00bb<\/a><\/p>\n","protected":false},"author":1,"featured_media":0,"parent":2819,"menu_order":6,"comment_status":"closed","ping_status":"closed","template":"page-templates\/side-menu.php","meta":{"_bbp_topic_count":0,"_bbp_reply_count":0,"_bbp_total_topic_count":0,"_bbp_total_reply_count":0,"_bbp_voice_count":0,"_bbp_anonymous_reply_count":0,"_bbp_topic_count_hidden":0,"_bbp_reply_count_hidden":0,"_bbp_forum_subforum_count":0,"footnotes":""},"class_list":["post-4240","page","type-page","status-publish","hentry"],"post_mailing_queue_ids":[],"_links":{"self":[{"href":"https:\/\/agora.xtec.cat\/sesfontsdelglorieta\/wp-json\/wp\/v2\/pages\/4240","targetHints":{"allow":["GET"]}}],"collection":[{"href":"https:\/\/agora.xtec.cat\/sesfontsdelglorieta\/wp-json\/wp\/v2\/pages"}],"about":[{"href":"https:\/\/agora.xtec.cat\/sesfontsdelglorieta\/wp-json\/wp\/v2\/types\/page"}],"author":[{"embeddable":true,"href":"https:\/\/agora.xtec.cat\/sesfontsdelglorieta\/wp-json\/wp\/v2\/users\/1"}],"replies":[{"embeddable":true,"href":"https:\/\/agora.xtec.cat\/sesfontsdelglorieta\/wp-json\/wp\/v2\/comments?post=4240"}],"version-history":[{"count":3,"href":"https:\/\/agora.xtec.cat\/sesfontsdelglorieta\/wp-json\/wp\/v2\/pages\/4240\/revisions"}],"predecessor-version":[{"id":4318,"href":"https:\/\/agora.xtec.cat\/sesfontsdelglorieta\/wp-json\/wp\/v2\/pages\/4240\/revisions\/4318"}],"up":[{"embeddable":true,"href":"https:\/\/agora.xtec.cat\/sesfontsdelglorieta\/wp-json\/wp\/v2\/pages\/2819"}],"wp:attachment":[{"href":"https:\/\/agora.xtec.cat\/sesfontsdelglorieta\/wp-json\/wp\/v2\/media?parent=4240"}],"curies":[{"name":"wp","href":"https:\/\/api.w.org\/{rel}","templated":true}]}}