{"id":4224,"date":"2023-01-16T15:19:13","date_gmt":"2023-01-16T14:19:13","guid":{"rendered":"https:\/\/agora.xtec.cat\/sesfontsdelglorieta\/?page_id=4224"},"modified":"2023-03-06T12:31:24","modified_gmt":"2023-03-06T11:31:24","slug":"codocencia","status":"publish","type":"page","link":"https:\/\/agora.xtec.cat\/sesfontsdelglorieta\/estudis\/eso\/codocencia\/","title":{"rendered":"Doc\u00e8ncia compartida"},"content":{"rendered":"<p style=\"text-align: justify;\"><span style=\"font-family: Arial, sans-serif;\"><span style=\"font-size: medium;\"><a href=\"https:\/\/agora.xtec.cat\/sesfontsdelglorieta\/wp-content\/uploads\/usu1064\/2023\/01\/codocencia.jpg\"><img loading=\"lazy\" decoding=\"async\" class=\"size-medium wp-image-4275 alignleft\" src=\"https:\/\/agora.xtec.cat\/sesfontsdelglorieta\/wp-content\/uploads\/usu1064\/2023\/01\/codocencia-300x225.jpg\" alt=\"\" width=\"300\" height=\"225\" srcset=\"https:\/\/agora.xtec.cat\/sesfontsdelglorieta\/wp-content\/uploads\/usu1064\/2023\/01\/codocencia-300x225.jpg 300w, https:\/\/agora.xtec.cat\/sesfontsdelglorieta\/wp-content\/uploads\/usu1064\/2023\/01\/codocencia-1024x768.jpg 1024w, https:\/\/agora.xtec.cat\/sesfontsdelglorieta\/wp-content\/uploads\/usu1064\/2023\/01\/codocencia-768x576.jpg 768w, https:\/\/agora.xtec.cat\/sesfontsdelglorieta\/wp-content\/uploads\/usu1064\/2023\/01\/codocencia-200x150.jpg 200w, https:\/\/agora.xtec.cat\/sesfontsdelglorieta\/wp-content\/uploads\/usu1064\/2023\/01\/codocencia.jpg 1500w\" sizes=\"auto, (max-width: 300px) 100vw, 300px\" \/><\/a>Al nostre centre apostem per tenir dos docents a l&#8217;aula en determinades mat\u00e8ries per tal d&#8217;atendre les necessitats dels diferents alumnes.<\/span><\/span><\/p>\n<p style=\"text-align: justify;\"><span style=\"font-family: Arial, sans-serif;\"><span style=\"font-size: medium;\">Pel principi d&#8217;inclusi\u00f3, es fa codoc\u00e8ncia a les \u00e0rees instrumentals (catal\u00e0, castell\u00e0, angl\u00e8s i matem\u00e0tiques) dels diferents grups de 1r i 2n d&#8217;ESO. La doc\u00e8ncia compartida proporciona un refor\u00e7 a l\u2019alumnat que ho necessita i, amb la col\u00b7laboraci\u00f3 dels dos docents, s&#8217;obt\u00e9 una millor cura de la diversitat a l&#8217;aula.\u00a0<\/span><\/span><\/p>\n<p style=\"text-align: justify;\">El plantejament de la codoc\u00e8ncia sorgeix del <a href=\"https:\/\/portaljuridic.gencat.cat\/ca\/document-del-pjur\/?documentId=799722\" target=\"_blank\" rel=\"noopener\">Decret 150\/2017<\/a> que especifica quina atenci\u00f3 educativa ha de rebre l&#8217;alumnat en el marc d&#8217;un sistema educatiu inclusiu i de la <a href=\"https:\/\/portaljuridic.gencat.cat\/ca\/document-del-pjur\/?documentId=480169\" target=\"_blank\" rel=\"noopener\">Llei 12\/2009<\/a>, del 10 de juliol, d&#8217;educaci\u00f3<\/p>\n","protected":false},"excerpt":{"rendered":"<p><a href=\"https:\/\/agora.xtec.cat\/sesfontsdelglorieta\/wp-content\/uploads\/usu1064\/2023\/01\/codocencia.jpg\"><\/a>Al nostre centre apostem per tenir dos docents a l&#8217;aula en determinades mat\u00e8ries per tal d&#8217;atendre les necessitats dels diferents alumnes.<br \/>\nPel principi d&#8217;inclusi\u00f3, es fa codoc\u00e8ncia a les \u00e0rees instrumentals (catal\u00e0, castell\u00e0, angl\u00e8s i matem\u00e0tiques) dels diferents grups de 1r i 2n d&#8217;ESO. La&hellip;  <a href=\"https:\/\/agora.xtec.cat\/sesfontsdelglorieta\/estudis\/eso\/codocencia\/\" title=\"Read Doc\u00e8ncia compartida\">Llegeix m\u00e9s\u00bb<\/a><\/p>\n","protected":false},"author":1,"featured_media":0,"parent":2819,"menu_order":3,"comment_status":"closed","ping_status":"closed","template":"page-templates\/side-menu.php","meta":{"_bbp_topic_count":0,"_bbp_reply_count":0,"_bbp_total_topic_count":0,"_bbp_total_reply_count":0,"_bbp_voice_count":0,"_bbp_anonymous_reply_count":0,"_bbp_topic_count_hidden":0,"_bbp_reply_count_hidden":0,"_bbp_forum_subforum_count":0,"footnotes":""},"class_list":["post-4224","page","type-page","status-publish","hentry"],"post_mailing_queue_ids":[],"_links":{"self":[{"href":"https:\/\/agora.xtec.cat\/sesfontsdelglorieta\/wp-json\/wp\/v2\/pages\/4224","targetHints":{"allow":["GET"]}}],"collection":[{"href":"https:\/\/agora.xtec.cat\/sesfontsdelglorieta\/wp-json\/wp\/v2\/pages"}],"about":[{"href":"https:\/\/agora.xtec.cat\/sesfontsdelglorieta\/wp-json\/wp\/v2\/types\/page"}],"author":[{"embeddable":true,"href":"https:\/\/agora.xtec.cat\/sesfontsdelglorieta\/wp-json\/wp\/v2\/users\/1"}],"replies":[{"embeddable":true,"href":"https:\/\/agora.xtec.cat\/sesfontsdelglorieta\/wp-json\/wp\/v2\/comments?post=4224"}],"version-history":[{"count":4,"href":"https:\/\/agora.xtec.cat\/sesfontsdelglorieta\/wp-json\/wp\/v2\/pages\/4224\/revisions"}],"predecessor-version":[{"id":4535,"href":"https:\/\/agora.xtec.cat\/sesfontsdelglorieta\/wp-json\/wp\/v2\/pages\/4224\/revisions\/4535"}],"up":[{"embeddable":true,"href":"https:\/\/agora.xtec.cat\/sesfontsdelglorieta\/wp-json\/wp\/v2\/pages\/2819"}],"wp:attachment":[{"href":"https:\/\/agora.xtec.cat\/sesfontsdelglorieta\/wp-json\/wp\/v2\/media?parent=4224"}],"curies":[{"name":"wp","href":"https:\/\/api.w.org\/{rel}","templated":true}]}}