{"id":4218,"date":"2023-01-17T20:04:20","date_gmt":"2023-01-17T19:04:20","guid":{"rendered":"https:\/\/agora.xtec.cat\/sesfontsdelglorieta\/?page_id=4218"},"modified":"2023-03-06T12:13:45","modified_gmt":"2023-03-06T11:13:45","slug":"tutoria","status":"publish","type":"page","link":"https:\/\/agora.xtec.cat\/sesfontsdelglorieta\/estudis\/eso\/tutoria\/","title":{"rendered":"Tutoria"},"content":{"rendered":"<p><span style=\"font-family: Arial, sans-serif;\"><a href=\"https:\/\/agora.xtec.cat\/sesfontsdelglorieta\/wp-content\/uploads\/usu1064\/2023\/01\/cotut.jpg\"><img loading=\"lazy\" decoding=\"async\" class=\"size-medium wp-image-4315 alignleft\" src=\"https:\/\/agora.xtec.cat\/sesfontsdelglorieta\/wp-content\/uploads\/usu1064\/2023\/01\/cotut-300x226.jpg\" alt=\"\" width=\"300\" height=\"226\" srcset=\"https:\/\/agora.xtec.cat\/sesfontsdelglorieta\/wp-content\/uploads\/usu1064\/2023\/01\/cotut-300x226.jpg 300w, https:\/\/agora.xtec.cat\/sesfontsdelglorieta\/wp-content\/uploads\/usu1064\/2023\/01\/cotut-1024x770.jpg 1024w, https:\/\/agora.xtec.cat\/sesfontsdelglorieta\/wp-content\/uploads\/usu1064\/2023\/01\/cotut-768x578.jpg 768w, https:\/\/agora.xtec.cat\/sesfontsdelglorieta\/wp-content\/uploads\/usu1064\/2023\/01\/cotut-200x150.jpg 200w, https:\/\/agora.xtec.cat\/sesfontsdelglorieta\/wp-content\/uploads\/usu1064\/2023\/01\/cotut.jpg 1500w\" sizes=\"auto, (max-width: 300px) 100vw, 300px\" \/><\/a>Una mesura molt important que portem fent ja diversos cursos \u00e9s la introducci\u00f3 de dos tutors per grup per a una<\/span><span style=\"font-family: Arial, sans-serif;\"> millor atenci\u00f3 dels alumnes i les fam\u00edlies.\u00a0<\/span><\/p>\n<p><span style=\"font-family: Arial, sans-serif;\">L\u2019acci\u00f3 tutorial del centre est\u00e0 organitzada per nivells i per trimestres on els tutors i tutores del centre disposen d\u2019un ampli ventall de recursos. <\/span><\/p>\n<p><span style=\"font-family: Arial, sans-serif;\">A m\u00e9s, els tutors de primer d\u2019ESO, a banda dels cotutors, disposen de les seg\u00fcents hores per atendre als alumnes:<\/span><\/p>\n<p><span style=\"font-family: Arial, sans-serif;\">&#8211; Una hora d\u2019atenci\u00f3 individual.<\/span><\/p>\n<p><span style=\"font-family: Arial, sans-serif;\">&#8211; Una hora de tutoria amb 1\u20442 grup (tutor i cotutors amb els seu respectius alumnes).<\/span><\/p>\n<p><span style=\"font-family: Arial, sans-serif;\">&#8211; Una hora de tutoria amb el grup classe.<\/span><\/p>\n","protected":false},"excerpt":{"rendered":"<p><a href=\"https:\/\/agora.xtec.cat\/sesfontsdelglorieta\/wp-content\/uploads\/usu1064\/2023\/01\/cotut.jpg\"><\/a>Una mesura molt important que portem fent ja diversos cursos \u00e9s la introducci\u00f3 de dos tutors per grup per a una millor atenci\u00f3 dels alumnes i les fam\u00edlies.\u00a0<br \/>\nL\u2019acci\u00f3 tutorial del centre est\u00e0 organitzada per nivells i per trimestres on els tutors i tutores del&hellip;  <a href=\"https:\/\/agora.xtec.cat\/sesfontsdelglorieta\/estudis\/eso\/tutoria\/\" title=\"Read Tutoria\">Llegeix m\u00e9s\u00bb<\/a><\/p>\n","protected":false},"author":1,"featured_media":0,"parent":2819,"menu_order":4,"comment_status":"closed","ping_status":"closed","template":"page-templates\/side-menu.php","meta":{"_bbp_topic_count":0,"_bbp_reply_count":0,"_bbp_total_topic_count":0,"_bbp_total_reply_count":0,"_bbp_voice_count":0,"_bbp_anonymous_reply_count":0,"_bbp_topic_count_hidden":0,"_bbp_reply_count_hidden":0,"_bbp_forum_subforum_count":0,"footnotes":""},"class_list":["post-4218","page","type-page","status-publish","hentry"],"post_mailing_queue_ids":[],"_links":{"self":[{"href":"https:\/\/agora.xtec.cat\/sesfontsdelglorieta\/wp-json\/wp\/v2\/pages\/4218","targetHints":{"allow":["GET"]}}],"collection":[{"href":"https:\/\/agora.xtec.cat\/sesfontsdelglorieta\/wp-json\/wp\/v2\/pages"}],"about":[{"href":"https:\/\/agora.xtec.cat\/sesfontsdelglorieta\/wp-json\/wp\/v2\/types\/page"}],"author":[{"embeddable":true,"href":"https:\/\/agora.xtec.cat\/sesfontsdelglorieta\/wp-json\/wp\/v2\/users\/1"}],"replies":[{"embeddable":true,"href":"https:\/\/agora.xtec.cat\/sesfontsdelglorieta\/wp-json\/wp\/v2\/comments?post=4218"}],"version-history":[{"count":3,"href":"https:\/\/agora.xtec.cat\/sesfontsdelglorieta\/wp-json\/wp\/v2\/pages\/4218\/revisions"}],"predecessor-version":[{"id":4525,"href":"https:\/\/agora.xtec.cat\/sesfontsdelglorieta\/wp-json\/wp\/v2\/pages\/4218\/revisions\/4525"}],"up":[{"embeddable":true,"href":"https:\/\/agora.xtec.cat\/sesfontsdelglorieta\/wp-json\/wp\/v2\/pages\/2819"}],"wp:attachment":[{"href":"https:\/\/agora.xtec.cat\/sesfontsdelglorieta\/wp-json\/wp\/v2\/media?parent=4218"}],"curies":[{"name":"wp","href":"https:\/\/api.w.org\/{rel}","templated":true}]}}