{"id":4207,"date":"2023-01-26T11:51:10","date_gmt":"2023-01-26T10:51:10","guid":{"rendered":"https:\/\/agora.xtec.cat\/sesfontsdelglorieta\/?page_id=4207"},"modified":"2023-10-26T09:58:06","modified_gmt":"2023-10-26T07:58:06","slug":"treball-de-recerca","status":"publish","type":"page","link":"https:\/\/agora.xtec.cat\/sesfontsdelglorieta\/estudis\/batxillerat\/treball-de-recerca\/","title":{"rendered":"Treball de recerca"},"content":{"rendered":"<p class=\"western\" style=\"text-align: justify;\"><span style=\"font-size: medium;\">El <strong>treball de recerca <\/strong>\u00e9s un conjunt d&#8217;activitats estructurades i orientades a la investigaci\u00f3 que realitza tot l&#8217;alumnat de batxillerat amb l&#8217;orientaci\u00f3 i seguiment del professorat, per tal de consolidar la compet\u00e8ncia en recerca.<\/span><\/p>\n<p class=\"western\" style=\"text-align: justify;\"><span style=\"font-size: medium;\">Al treball de recerca, considerem essencials les fases seg\u00fcents: <\/span><\/p>\n<p>\uf0a7<span style=\"font-family: Arial, sans-serif;\"><span style=\"font-size: medium;\">\u00a0Elecci\u00f3 del tema i de la q\u00fcesti\u00f3 que es vol investigar.<\/span><\/span><\/p>\n<p><span style=\"font-family: Arial, sans-serif;\"><span style=\"font-size: medium;\">\uf0a7 Plantejament d\u2019hip\u00f2tesis o objectius inicials.<\/span><\/span><\/p>\n<p>\uf0a7 <span style=\"font-family: Arial, sans-serif;\"><span style=\"font-size: medium;\">Planificaci\u00f3 de la recerca. <\/span><\/span><\/p>\n<p>\uf0a7 <span style=\"font-family: Arial, sans-serif;\"><span style=\"font-size: medium;\">Cerca d\u2019informaci\u00f3. <\/span><\/span><\/p>\n<p>\uf0a7 <span style=\"font-family: Arial, sans-serif;\"><span style=\"font-size: medium;\">Processament de la informaci\u00f3. <\/span><\/span><\/p>\n<p>\uf0a7 <span style=\"font-family: Arial, sans-serif;\"><span style=\"font-size: medium;\">S\u00edntesi dels resultats de la investigaci\u00f3 i elaboraci\u00f3 de conclusions. <\/span><\/span><\/p>\n<p>\uf0a7 <span style=\"font-family: Arial, sans-serif;\"><span style=\"font-size: medium;\">Revisi\u00f3 de la feina feta <\/span><\/span><\/p>\n<p>\uf0a7 <span style=\"font-family: Arial, sans-serif;\"><span style=\"font-size: medium;\">Presentaci\u00f3 de l\u2019informe: redacci\u00f3 del treball i exposici\u00f3 oral.<\/span><\/span><\/p>\n<h2 class=\"western\"><span style=\"font-size: large;\">Organitzaci\u00f3 del calendari general:<\/span><\/h2>\n<p style=\"text-align: justify;\"><span style=\"font-family: Arial, sans-serif;\"><span style=\"font-size: medium;\">Durant les diverses fases de realitzaci\u00f3 del treball de recerca, l\u2019alumnat es assessorat i supervisat pel seu tutor\/a. A mes de l\u2019orientaci\u00f3 sobre les t\u00e8cniques habituals emprades en qualsevol recerca, els tutors del treball vetllen perqu\u00e8 l\u2019alumnat faci les tasques amb regularitat; utilitzi escaientment les fonts d\u2019informaci\u00f3; faci una correcta selecci\u00f3 de la informaci\u00f3 i estructuri adequadament la presentaci\u00f3 final. Per tot aix\u00f2, cal realitzar entrevistes peri\u00f2diques per tal de fer el seguiment del treball i establir noves fites per a les pr\u00f2ximes trobades.<br \/>\n<\/span><\/span><\/p>\n<p style=\"text-align: justify;\"><span style=\"font-family: Arial, sans-serif;\"><span style=\"font-size: medium;\">El TDR s\u2019avalua tenint en compte l\u2019actuaci\u00f3 de l\u2019alumne durant la realitzaci\u00f3 del treball, l\u2019informe escrit i la presentaci\u00f3 oral, tot\u00a0<\/span><\/span><span style=\"font-family: inherit; font-size: 1em;\">a partir dels criteris que segueixen a continuaci\u00f3:<\/span><\/p>\n<p><a href=\"https:\/\/agora.xtec.cat\/sesfontsdelglorieta\/wp-content\/uploads\/usu1064\/2023\/10\/Seguiment.pdf\" target=\"_blank\" rel=\"noopener\">Seguiment<\/a>, <a href=\"https:\/\/agora.xtec.cat\/sesfontsdelglorieta\/wp-content\/uploads\/usu1064\/2023\/10\/treball-escrit.pdf\" target=\"_blank\" rel=\"noopener\">treball escrit<\/a>\u00a0i <a href=\"https:\/\/agora.xtec.cat\/sesfontsdelglorieta\/wp-content\/uploads\/usu1064\/2023\/10\/exposicio.pdf\">exposici\u00f3<\/a> del TDR.<\/p>\n","protected":false},"excerpt":{"rendered":"<p>El treball de recerca \u00e9s un conjunt d&#8217;activitats estructurades i orientades a la investigaci\u00f3 que realitza tot l&#8217;alumnat de batxillerat amb l&#8217;orientaci\u00f3 i seguiment del professorat, per tal de consolidar la compet\u00e8ncia en recerca.<br \/>\nAl treball de recerca, considerem essencials les fases seg\u00fcents:<br \/>\n\uf0a7\u00a0Elecci\u00f3 del tema&hellip;  <a href=\"https:\/\/agora.xtec.cat\/sesfontsdelglorieta\/estudis\/batxillerat\/treball-de-recerca\/\" title=\"Read Treball de recerca\">Llegeix m\u00e9s\u00bb<\/a><\/p>\n","protected":false},"author":1,"featured_media":0,"parent":2823,"menu_order":0,"comment_status":"closed","ping_status":"closed","template":"page-templates\/side-menu.php","meta":{"_bbp_topic_count":0,"_bbp_reply_count":0,"_bbp_total_topic_count":0,"_bbp_total_reply_count":0,"_bbp_voice_count":0,"_bbp_anonymous_reply_count":0,"_bbp_topic_count_hidden":0,"_bbp_reply_count_hidden":0,"_bbp_forum_subforum_count":0,"footnotes":""},"class_list":["post-4207","page","type-page","status-publish","hentry"],"post_mailing_queue_ids":[],"_links":{"self":[{"href":"https:\/\/agora.xtec.cat\/sesfontsdelglorieta\/wp-json\/wp\/v2\/pages\/4207","targetHints":{"allow":["GET"]}}],"collection":[{"href":"https:\/\/agora.xtec.cat\/sesfontsdelglorieta\/wp-json\/wp\/v2\/pages"}],"about":[{"href":"https:\/\/agora.xtec.cat\/sesfontsdelglorieta\/wp-json\/wp\/v2\/types\/page"}],"author":[{"embeddable":true,"href":"https:\/\/agora.xtec.cat\/sesfontsdelglorieta\/wp-json\/wp\/v2\/users\/1"}],"replies":[{"embeddable":true,"href":"https:\/\/agora.xtec.cat\/sesfontsdelglorieta\/wp-json\/wp\/v2\/comments?post=4207"}],"version-history":[{"count":4,"href":"https:\/\/agora.xtec.cat\/sesfontsdelglorieta\/wp-json\/wp\/v2\/pages\/4207\/revisions"}],"predecessor-version":[{"id":5000,"href":"https:\/\/agora.xtec.cat\/sesfontsdelglorieta\/wp-json\/wp\/v2\/pages\/4207\/revisions\/5000"}],"up":[{"embeddable":true,"href":"https:\/\/agora.xtec.cat\/sesfontsdelglorieta\/wp-json\/wp\/v2\/pages\/2823"}],"wp:attachment":[{"href":"https:\/\/agora.xtec.cat\/sesfontsdelglorieta\/wp-json\/wp\/v2\/media?parent=4207"}],"curies":[{"name":"wp","href":"https:\/\/api.w.org\/{rel}","templated":true}]}}