{"id":2823,"date":"2020-06-18T10:50:30","date_gmt":"2020-06-18T08:50:30","guid":{"rendered":"http:\/\/agora.xtec.cat\/sesfontsdelglorieta\/?page_id=2823"},"modified":"2024-07-01T14:53:07","modified_gmt":"2024-07-01T12:53:07","slug":"batxillerat","status":"publish","type":"page","link":"https:\/\/agora.xtec.cat\/sesfontsdelglorieta\/estudis\/batxillerat\/","title":{"rendered":"BATXILLERAT"},"content":{"rendered":"<div class=\"gmail_default\" style=\"text-align: justify;\">\n<p>El nostre institut t\u00e9 una sola l\u00ednia de batxillerat que ens permet un acompanyament individualitzat i proper dels alumnes i les fam\u00edlies.<\/p>\n<\/div>\n<p style=\"text-align: justify;\"><a href=\"https:\/\/agora.xtec.cat\/sesfontsdelglorieta\/wp-content\/uploads\/usu1064\/2023\/01\/lab.jpg\"><img loading=\"lazy\" decoding=\"async\" class=\" wp-image-4273 alignleft\" src=\"https:\/\/agora.xtec.cat\/sesfontsdelglorieta\/wp-content\/uploads\/usu1064\/2023\/01\/lab-300x225.jpg\" alt=\"\" width=\"262\" height=\"196\" srcset=\"https:\/\/agora.xtec.cat\/sesfontsdelglorieta\/wp-content\/uploads\/usu1064\/2023\/01\/lab-300x225.jpg 300w, https:\/\/agora.xtec.cat\/sesfontsdelglorieta\/wp-content\/uploads\/usu1064\/2023\/01\/lab-1024x768.jpg 1024w, https:\/\/agora.xtec.cat\/sesfontsdelglorieta\/wp-content\/uploads\/usu1064\/2023\/01\/lab-768x576.jpg 768w, https:\/\/agora.xtec.cat\/sesfontsdelglorieta\/wp-content\/uploads\/usu1064\/2023\/01\/lab-200x150.jpg 200w, https:\/\/agora.xtec.cat\/sesfontsdelglorieta\/wp-content\/uploads\/usu1064\/2023\/01\/lab.jpg 1500w\" sizes=\"auto, (max-width: 262px) 100vw, 262px\" \/><\/a>A l&#8217;Institut Fonts del Glorieta oferim les modalitats de batxillerat en Ci\u00e8ncies i Tecnologia i batxillerat d\u2019Humanitats i Ci\u00e8ncies Socials.<\/p>\n<p style=\"text-align: justify;\">A partir de les reunions individuals d\u2019orientaci\u00f3 amb els alumnes i amb previsi\u00f3 a les seves necessitats es defineix l&#8217; oferta d\u2019optatives del centre per a cada curs.<\/p>\n<p style=\"text-align: justify;\">Acontinuaci\u00f3 trobareu les especificacions de cada modalitat i una breu explicaci\u00f3 sobre com fem i avaluem el treball de recerca.<\/p>\n<div class=\"row\" style=\"margin-bottom: 1em !important;\">\n<h3 class=\"small-12 large-6 text-center columns\" style=\"text-align: center;\"><a href=\"https:\/\/agora.xtec.cat\/sesfontsdelglorieta\/estudis\/batxillerat\/modalitats-de-batxillerat\/\" target=\"_blank\" rel=\"noopener\">Modalitats de batxillerat<\/a><\/h3>\n<h3 class=\"small-12 large-6 text-center columns\" style=\"text-align: center;\"><a href=\"https:\/\/agora.xtec.cat\/sesfontsdelglorieta\/estudis\/batxillerat\/treball-de-recerca\/\" target=\"_blank\" rel=\"noopener\">Treball de recerca (TDR)<\/a><\/h3>\n<\/div>\n<p style=\"text-align: justify;\">El marc normatiu del batxillerat es despr\u00e8n del <a href=\"https:\/\/portaljuridic.gencat.cat\/ca\/document-del-pjur\/?documentId=938056\" target=\"_blank\" rel=\"noopener\">Decret 171\/2022<\/a>, de 20 de setembre, d&#8217;ordenaci\u00f3 dels ensenyaments de batxillerat.<\/p>\n<p style=\"text-align: center;\"><strong>Lectures obligat\u00f2ries curs 24-25:<\/strong><\/p>\n<table style=\"border-collapse: collapse; width: 100%;\">\n<tbody>\n<tr>\n<td style=\"width: 33.3333%; text-align: center;\"><strong><a href=\"https:\/\/agora.xtec.cat\/sesfontsdelglorieta\/wp-content\/uploads\/usu1064\/2024\/07\/Lectures-llengua-castellana-2024-2025.pdf\">Lectures llengua castellana 24-25<\/a><\/strong><\/td>\n<td style=\"width: 33.3333%; text-align: center;\"><strong><a href=\"https:\/\/agora.xtec.cat\/sesfontsdelglorieta\/wp-content\/uploads\/usu1064\/2024\/07\/Lectures-llengua-catalana-2024-2025.pdf\">Lectures llengua catalana 24-25<\/a><\/strong><\/td>\n<td style=\"width: 33.3333%; text-align: center;\"><strong><a href=\"https:\/\/agora.xtec.cat\/sesfontsdelglorieta\/wp-content\/uploads\/usu1064\/2024\/07\/Lectures-llengua-anglesa-2024-2025.pdf\">Lectures llengua anglesa 24-25<\/a><\/strong><\/td>\n<\/tr>\n<\/tbody>\n<\/table>\n<h6 style=\"text-align: center;\">En cas que un alumne tingui un problema de salut que calgui contemplar, cal imprimir l&#8217;<span style=\"text-decoration: underline;\"><em><strong><a href=\"https:\/\/agora.xtec.cat\/sesfontsdelglorieta\/wp-content\/uploads\/usu1064\/2020\/10\/Informe-amb-dades-m\u00e8diques.pdf\">Informe amb dades m\u00e8diques<\/a><\/strong><\/em><\/span> i presentar-lo a la professora d&#8217;Educaci\u00f3 F\u00edsica del curs corresponent. Si no hi ha cap problema, no cal portar-lo.<\/h6>\n<p>&nbsp;<\/p>\n<p style=\"text-align: justify;\">\n","protected":false},"excerpt":{"rendered":"<p>El nostre institut t\u00e9 una sola l\u00ednia de batxillerat que ens permet un acompanyament individualitzat i proper dels alumnes i les fam\u00edlies.<\/p>\n<p><a href=\"https:\/\/agora.xtec.cat\/sesfontsdelglorieta\/wp-content\/uploads\/usu1064\/2023\/01\/lab.jpg\"><\/a>A l&#8217;Institut Fonts del Glorieta oferim les modalitats de batxillerat en Ci\u00e8ncies i Tecnologia i batxillerat d\u2019Humanitats i Ci\u00e8ncies Socials.<br \/>\nA partir de les&hellip;  <a href=\"https:\/\/agora.xtec.cat\/sesfontsdelglorieta\/estudis\/batxillerat\/\" title=\"Read BATXILLERAT\">Llegeix m\u00e9s\u00bb<\/a><\/p>\n","protected":false},"author":1,"featured_media":0,"parent":195,"menu_order":0,"comment_status":"closed","ping_status":"closed","template":"page-templates\/side-menu.php","meta":{"_bbp_topic_count":0,"_bbp_reply_count":0,"_bbp_total_topic_count":0,"_bbp_total_reply_count":0,"_bbp_voice_count":0,"_bbp_anonymous_reply_count":0,"_bbp_topic_count_hidden":0,"_bbp_reply_count_hidden":0,"_bbp_forum_subforum_count":0,"footnotes":""},"class_list":["post-2823","page","type-page","status-publish","hentry"],"post_mailing_queue_ids":[],"_links":{"self":[{"href":"https:\/\/agora.xtec.cat\/sesfontsdelglorieta\/wp-json\/wp\/v2\/pages\/2823","targetHints":{"allow":["GET"]}}],"collection":[{"href":"https:\/\/agora.xtec.cat\/sesfontsdelglorieta\/wp-json\/wp\/v2\/pages"}],"about":[{"href":"https:\/\/agora.xtec.cat\/sesfontsdelglorieta\/wp-json\/wp\/v2\/types\/page"}],"author":[{"embeddable":true,"href":"https:\/\/agora.xtec.cat\/sesfontsdelglorieta\/wp-json\/wp\/v2\/users\/1"}],"replies":[{"embeddable":true,"href":"https:\/\/agora.xtec.cat\/sesfontsdelglorieta\/wp-json\/wp\/v2\/comments?post=2823"}],"version-history":[{"count":6,"href":"https:\/\/agora.xtec.cat\/sesfontsdelglorieta\/wp-json\/wp\/v2\/pages\/2823\/revisions"}],"predecessor-version":[{"id":5408,"href":"https:\/\/agora.xtec.cat\/sesfontsdelglorieta\/wp-json\/wp\/v2\/pages\/2823\/revisions\/5408"}],"up":[{"embeddable":true,"href":"https:\/\/agora.xtec.cat\/sesfontsdelglorieta\/wp-json\/wp\/v2\/pages\/195"}],"wp:attachment":[{"href":"https:\/\/agora.xtec.cat\/sesfontsdelglorieta\/wp-json\/wp\/v2\/media?parent=2823"}],"curies":[{"name":"wp","href":"https:\/\/api.w.org\/{rel}","templated":true}]}}