{"id":1464,"date":"2017-09-14T10:13:43","date_gmt":"2017-09-14T08:13:43","guid":{"rendered":"http:\/\/agora.xtec.cat\/sesfontsdelglorieta\/?page_id=1464"},"modified":"2025-12-06T14:02:01","modified_gmt":"2025-12-06T13:02:01","slug":"criteris-davaluacio-dels-departaments","status":"publish","type":"page","link":"https:\/\/agora.xtec.cat\/sesfontsdelglorieta\/criteris-davaluacio-dels-departaments\/","title":{"rendered":"Criteris d&#8217;avaluaci\u00f3 dels departaments"},"content":{"rendered":"<p>ESO<\/p>\n<p><a href=\"https:\/\/agora.xtec.cat\/sesfontsdelglorieta\/wp-content\/uploads\/usu1064\/2025\/10\/CRITERIS_GENERALS_AVALUACIO_ESO_departament-de-llengua-catalana-i-literatura.pdf\">Criteris d&#8217;avaluaci\u00f3 Llengua catalana ESO<\/a><\/p>\n<p><a href=\"https:\/\/agora.xtec.cat\/sesfontsdelglorieta\/wp-content\/uploads\/usu1064\/2025\/12\/Criterios_ESO_2025-2026-1.pdf\">Criteris d&#8217;avaluaci\u00f3 Llengua castellana ESO<\/a><\/p>\n<p><a href=\"https:\/\/agora.xtec.cat\/sesfontsdelglorieta\/wp-content\/uploads\/usu1064\/2025\/10\/CRITERIS_DAVALUACIO_ESO-EF-2025_2026.pdf\">Criteris d&#8217;avaluaci\u00f3 Educaci\u00f3 F\u00edsica ESO<\/a><\/p>\n<p><a href=\"https:\/\/agora.xtec.cat\/sesfontsdelglorieta\/wp-content\/uploads\/usu1064\/2025\/10\/CGA_assignatures-Economia_ESO-25-26-3.pdf\">Criteris d&#8217;avaluaci\u00f3 Emprenedoria i Economia ESO<\/a><\/p>\n<p><a href=\"https:\/\/agora.xtec.cat\/sesfontsdelglorieta\/wp-content\/uploads\/usu1064\/2025\/10\/criteris-avaluacio-MAT_ESO-25-26.docx.pdf\">Criteris d&#8217;avaluaci\u00f3 Matem\u00e0tiques ESO<\/a><\/p>\n<p><a href=\"https:\/\/agora.xtec.cat\/sesfontsdelglorieta\/wp-content\/uploads\/usu1064\/2025\/10\/CRITERIS_GENERALS_ESO_DEPARTAMENT_WEB25-26.pdf\">Criteris d&#8217;avaluaci\u00f3 Ci\u00e8ncies naturals ESO<\/a><\/p>\n<p><a href=\"https:\/\/agora.xtec.cat\/sesfontsdelglorieta\/wp-content\/uploads\/usu1064\/2025\/10\/Criteris-25-26-Tecnologia-Digitalitzacio-Robotica-ESO.pdf\">Criteris d&#8217;avaluaci\u00f3 Tecnologia ESO<\/a><\/p>\n<p><a href=\"https:\/\/agora.xtec.cat\/sesfontsdelglorieta\/wp-content\/uploads\/usu1064\/2025\/10\/Criteris-Llengua-anglesa-i-alemany-ESO.pdf\">Criteris d&#8217;avaluaci\u00f3 Lleng\u00fces estrangeres ESO<\/a><\/p>\n<p><a href=\"https:\/\/agora.xtec.cat\/sesfontsdelglorieta\/wp-content\/uploads\/usu1064\/2025\/10\/CRITERISAVAL-1-2-4-ESO-EVP-25-26.pdf\">Criteris d&#8217;avaluaci\u00f3 Expressi\u00f3 (Visual i pl\u00e0stica) ESO<\/a><\/p>\n<p><a href=\"https:\/\/agora.xtec.cat\/sesfontsdelglorieta\/wp-content\/uploads\/usu1064\/2025\/10\/CRITERIS_GENERALS_AVALUACIO_MUSICA_25-26.pdf\">Criteris d&#8217;avaluaci\u00f3 Expressi\u00f3 (M\u00fasica) ESO<\/a><\/p>\n<p><a href=\"https:\/\/agora.xtec.cat\/sesfontsdelglorieta\/wp-content\/uploads\/usu1064\/2025\/10\/FILOSOFIA-4t-ESO-CRITERIS-AVALUACIO.docx.pdf\">Criteris d\u2019avaluaci\u00f3 Filosofia ESO<\/a><\/p>\n<p><a href=\"https:\/\/agora.xtec.cat\/sesfontsdelglorieta\/wp-content\/uploads\/usu1064\/2025\/10\/CRITERIS_AV_CCSS_ESO_25-26-Inclou-Llati-i-CC.docx-1-41-49.pdf\">Criteris d\u2019avaluaci\u00f3 Cultura Cl\u00e0ssica i Llat\u00ed ESO<\/a><\/p>\n<p><a href=\"https:\/\/agora.xtec.cat\/sesfontsdelglorieta\/wp-content\/uploads\/usu1064\/2025\/10\/Criteris-departament-socials-25-26.pdf\">Criteris d\u2019avaluaci\u00f3 Ci\u00e8ncies Socials ESO<\/a><\/p>\n<p><a href=\"https:\/\/agora.xtec.cat\/sesfontsdelglorieta\/wp-content\/uploads\/usu1064\/2025\/10\/Criteris_davaluacio_Educacio_En_Valors_Civics_i_Etics_2_1_1.pdf\">Criteris d&#8217;avaluaci\u00f3 CiVE ESO<\/a><\/p>\n<p>BATXILLERAT<\/p>\n<p><a href=\"https:\/\/agora.xtec.cat\/sesfontsdelglorieta\/wp-content\/uploads\/usu1064\/2025\/11\/Criteris-1r-i-2n-BAT.pdf\">Criteris d&#8217;avaluaci\u00f3 Llengua catalana BAT<\/a><\/p>\n<p><a href=\"https:\/\/agora.xtec.cat\/sesfontsdelglorieta\/wp-content\/uploads\/usu1064\/2025\/11\/Criterios_bachillerato_2025-2026-1.pdf\">Criteris d&#8217;avaluaci\u00f3 Llengua castellana BAT<\/a><\/p>\n<p><a href=\"https:\/\/agora.xtec.cat\/sesfontsdelglorieta\/wp-content\/uploads\/usu1064\/2025\/11\/Criteris-davaluacio-1r-BAT.pdf\">Criteris d&#8217;avaluaci\u00f3 Educaci\u00f3 F\u00edsica BAT<\/a><\/p>\n<p><a href=\"https:\/\/agora.xtec.cat\/sesfontsdelglorieta\/wp-content\/uploads\/usu1064\/2025\/11\/CGA_assignatures-Economia_BATX-25-26-2.pdf\">Criteris d&#8217;avaluaci\u00f3 Economia i Funcionament de l&#8217;empresa i disseny de nous models de negocis BAT<\/a><\/p>\n<p><a href=\"https:\/\/agora.xtec.cat\/sesfontsdelglorieta\/wp-content\/uploads\/usu1064\/2025\/11\/criteris-avaluacio-MAT_BAT-25-26.pdf\">Criteris d&#8217;avaluaci\u00f3 Matem\u00e0tiques BAT<\/a><\/p>\n<p><a href=\"https:\/\/agora.xtec.cat\/sesfontsdelglorieta\/wp-content\/uploads\/usu1064\/2025\/10\/CRITERIS_GENERALS_BAT_DEPARTAMENT_WEB25-26.pdf\">Criteris d&#8217;avaluaci\u00f3 Ci\u00e8ncies naturals BAT<\/a><\/p>\n<p><a href=\"https:\/\/agora.xtec.cat\/sesfontsdelglorieta\/wp-content\/uploads\/usu1064\/2025\/10\/Criteris-25-26-Tecnologia-i-Robotica-Batxillerat.pdf\">Criteris d&#8217;avaluaci\u00f3 Tecnologia i Enginyeria BAT<\/a><\/p>\n<p><a href=\"https:\/\/agora.xtec.cat\/sesfontsdelglorieta\/wp-content\/uploads\/usu1064\/2025\/12\/CRITERIS_ANGLES_-BAT-ALCOVER.docx-1.pdf\">Criteris d&#8217;avaluaci\u00f3 Lleng\u00fces estrangeres BAT<\/a><\/p>\n<p><a href=\"https:\/\/agora.xtec.cat\/sesfontsdelglorieta\/wp-content\/uploads\/usu1064\/2025\/11\/CRITERISGENERALSAVALBAT-DIT-HA-25-26-1.pdf\">Criteris d&#8217;avaluaci\u00f3 Expressi\u00f3 BAT<\/a><\/p>\n<p><a href=\"https:\/\/agora.xtec.cat\/sesfontsdelglorieta\/wp-content\/uploads\/usu1064\/2025\/10\/CRITERIS_AV_BAT_SOCIALS_25-26.docx-1-251-1.pdf\">Criteris d\u2019avaluaci\u00f3 Ci\u00e8ncies socials BAT<\/a><\/p>\n<p><a href=\"https:\/\/agora.xtec.cat\/sesfontsdelglorieta\/wp-content\/uploads\/usu1064\/2025\/11\/CRITERIS_AV_CULTURA_CLASSICA_BAT_25-26.docx-1.pdf\">Criteris d\u2019avaluaci\u00f3 Cultura cl\u00e0ssica BAT<\/a><\/p>\n<p><a href=\"https:\/\/agora.xtec.cat\/sesfontsdelglorieta\/wp-content\/uploads\/usu1064\/2025\/11\/C._Aval._Filosofia_BAT_curs_25-26_-_copia-2.pdf\">Criteris d\u2019avaluaci\u00f3 Filosofia BAT<\/a><\/p>\n<p><a href=\"https:\/\/agora.xtec.cat\/sesfontsdelglorieta\/wp-content\/uploads\/usu1064\/2025\/11\/Criteris_davaluacio_psicologia.pdf\">Criteris d&#8217;avaluaci\u00f3 Psicologia BAT<\/a><\/p>\n<p><a href=\"https:\/\/agora.xtec.cat\/sesfontsdelglorieta\/wp-content\/uploads\/usu1064\/2025\/11\/Criteris_avaluacio_problematiques_socials_25_26.pdf\">Criteris d&#8217;avaluaci\u00f3 Problem\u00e0tiques Socials BAT<\/a><\/p>\n<p><a href=\"https:\/\/agora.xtec.cat\/sesfontsdelglorieta\/wp-content\/uploads\/usu1064\/2025\/10\/CRITERIS_AV_BAT_SOCIALS_25-26.docx-1-26-28.pdf\">Criteris d&#8217;avaluaci\u00f3 Ciutadania, Pol\u00edtica i Dret<\/a><\/p>\n<p><a href=\"https:\/\/agora.xtec.cat\/sesfontsdelglorieta\/wp-content\/uploads\/usu1064\/2025\/10\/3.-ITEMS-AVALUACIO-SEGUIMENT.pdf\" target=\"_blank\" rel=\"noopener\">Seguiment<\/a>, <a href=\"https:\/\/agora.xtec.cat\/sesfontsdelglorieta\/wp-content\/uploads\/usu1064\/2025\/10\/4.-ITEMS-AVALUACIO-ESCRIT.pdf\" target=\"_blank\" rel=\"noopener\">treball escrit<\/a>\u00a0i <a href=\"https:\/\/agora.xtec.cat\/sesfontsdelglorieta\/wp-content\/uploads\/usu1064\/2025\/10\/5.-ITEMS-AVALUACIO-EXPOSICIO-.pdf\">exposici\u00f3<\/a> del TDR.<\/p>\n","protected":false},"excerpt":{"rendered":"<p>ESO<br \/>\n<a href=\"https:\/\/agora.xtec.cat\/sesfontsdelglorieta\/wp-content\/uploads\/usu1064\/2025\/10\/CRITERIS_GENERALS_AVALUACIO_ESO_departament-de-llengua-catalana-i-literatura.pdf\">Criteris d&#8217;avaluaci\u00f3 Llengua catalana ESO<\/a><br \/>\n<a href=\"https:\/\/agora.xtec.cat\/sesfontsdelglorieta\/wp-content\/uploads\/usu1064\/2025\/12\/Criterios_ESO_2025-2026-1.pdf\">Criteris d&#8217;avaluaci\u00f3 Llengua castellana ESO<\/a><br \/>\n<a href=\"https:\/\/agora.xtec.cat\/sesfontsdelglorieta\/wp-content\/uploads\/usu1064\/2025\/10\/CRITERIS_DAVALUACIO_ESO-EF-2025_2026.pdf\">Criteris d&#8217;avaluaci\u00f3 Educaci\u00f3 F\u00edsica ESO<\/a><br \/>\n<a href=\"https:\/\/agora.xtec.cat\/sesfontsdelglorieta\/wp-content\/uploads\/usu1064\/2025\/10\/CGA_assignatures-Economia_ESO-25-26-3.pdf\">Criteris d&#8217;avaluaci\u00f3 Emprenedoria i Economia ESO<\/a><br \/>\n<a href=\"https:\/\/agora.xtec.cat\/sesfontsdelglorieta\/wp-content\/uploads\/usu1064\/2025\/10\/criteris-avaluacio-MAT_ESO-25-26.docx.pdf\">Criteris d&#8217;avaluaci\u00f3 Matem\u00e0tiques ESO<\/a><br \/>\n<a href=\"https:\/\/agora.xtec.cat\/sesfontsdelglorieta\/wp-content\/uploads\/usu1064\/2025\/10\/CRITERIS_GENERALS_ESO_DEPARTAMENT_WEB25-26.pdf\">Criteris d&#8217;avaluaci\u00f3 Ci\u00e8ncies naturals ESO<\/a><br \/>\n<a href=\"https:\/\/agora.xtec.cat\/sesfontsdelglorieta\/wp-content\/uploads\/usu1064\/2025\/10\/Criteris-25-26-Tecnologia-Digitalitzacio-Robotica-ESO.pdf\">Criteris d&#8217;avaluaci\u00f3 Tecnologia ESO<\/a><br \/>\n<a href=\"https:\/\/agora.xtec.cat\/sesfontsdelglorieta\/wp-content\/uploads\/usu1064\/2025\/10\/Criteris-Llengua-anglesa-i-alemany-ESO.pdf\">Criteris d&#8217;avaluaci\u00f3 Lleng\u00fces estrangeres ESO<\/a><br \/>\n<a href=\"https:\/\/agora.xtec.cat\/sesfontsdelglorieta\/wp-content\/uploads\/usu1064\/2025\/10\/CRITERISAVAL-1-2-4-ESO-EVP-25-26.pdf\">Criteris d&#8217;avaluaci\u00f3 Expressi\u00f3 (Visual i&hellip;  <a href=\"https:\/\/agora.xtec.cat\/sesfontsdelglorieta\/criteris-davaluacio-dels-departaments\/\" title=\"Read Criteris d&#8217;avaluaci\u00f3 dels departaments\">Llegeix m\u00e9s\u00bb<\/a><\/p>\n","protected":false},"author":1,"featured_media":0,"parent":0,"menu_order":0,"comment_status":"closed","ping_status":"closed","template":"page-templates\/side-menu.php","meta":{"_bbp_topic_count":0,"_bbp_reply_count":0,"_bbp_total_topic_count":0,"_bbp_total_reply_count":0,"_bbp_voice_count":0,"_bbp_anonymous_reply_count":0,"_bbp_topic_count_hidden":0,"_bbp_reply_count_hidden":0,"_bbp_forum_subforum_count":0,"footnotes":""},"class_list":["post-1464","page","type-page","status-publish","hentry"],"post_mailing_queue_ids":[],"_links":{"self":[{"href":"https:\/\/agora.xtec.cat\/sesfontsdelglorieta\/wp-json\/wp\/v2\/pages\/1464","targetHints":{"allow":["GET"]}}],"collection":[{"href":"https:\/\/agora.xtec.cat\/sesfontsdelglorieta\/wp-json\/wp\/v2\/pages"}],"about":[{"href":"https:\/\/agora.xtec.cat\/sesfontsdelglorieta\/wp-json\/wp\/v2\/types\/page"}],"author":[{"embeddable":true,"href":"https:\/\/agora.xtec.cat\/sesfontsdelglorieta\/wp-json\/wp\/v2\/users\/1"}],"replies":[{"embeddable":true,"href":"https:\/\/agora.xtec.cat\/sesfontsdelglorieta\/wp-json\/wp\/v2\/comments?post=1464"}],"version-history":[{"count":7,"href":"https:\/\/agora.xtec.cat\/sesfontsdelglorieta\/wp-json\/wp\/v2\/pages\/1464\/revisions"}],"predecessor-version":[{"id":6358,"href":"https:\/\/agora.xtec.cat\/sesfontsdelglorieta\/wp-json\/wp\/v2\/pages\/1464\/revisions\/6358"}],"wp:attachment":[{"href":"https:\/\/agora.xtec.cat\/sesfontsdelglorieta\/wp-json\/wp\/v2\/media?parent=1464"}],"curies":[{"name":"wp","href":"https:\/\/api.w.org\/{rel}","templated":true}]}}