{"id":9886,"date":"2025-03-31T10:36:02","date_gmt":"2025-03-31T08:36:02","guid":{"rendered":"https:\/\/agora.xtec.cat\/sesernestlluch-cunit\/?page_id=9886"},"modified":"2026-04-09T10:13:15","modified_gmt":"2026-04-09T08:13:15","slug":"preinscripcio-batxillerat","status":"publish","type":"page","link":"https:\/\/agora.xtec.cat\/sesernestlluch-cunit\/preinscripcio-batxillerat\/","title":{"rendered":"Preinscripci\u00f3 Batxillerat 26-27"},"content":{"rendered":"<div style=\"padding: 4px; margin: 8px; background-color: #e3e9ef;\"><strong>Portes obertes<\/strong><\/div>\n<p style=\"padding-left: 40px;\">La jornada de portes obertes per l&#8217;etapa de Batxillerat ser\u00e0 el dia (suspesa).<\/p>\n<div style=\"padding: 4px; margin: 8px; background-color: #e3e9ef;\"><strong>Sol\u00b7licitud pla\u00e7a a Batxillerat per alumnes que actualment cursen 4t. d\u2019ESO en el nostre Institut:<\/strong><\/div>\n<p style=\"padding-left: 40px;\"><strong>NO FAN PREINSCRIPCI\u00d3 <\/strong>a trav\u00e9s de GENCAT<br \/>\nfan directament confirmaci\u00f3 de continu\u00eftat al centre a batxillerat <em><strong>omplint el seg\u00fcent formulari<\/strong><\/em>: (del 9 al 16 d&#8217;abril de 2026)<\/p>\n<p style=\"text-align: left;\" data-pm-slice=\"1 1 [&quot;divBlock&quot;,{},&quot;divBlock&quot;,{},&quot;divBlock&quot;,{},&quot;divBlock&quot;,{},&quot;orderedList&quot;,{&quot;start&quot;:1},&quot;listItem&quot;,{}]\"><a href=\"https:\/\/docs.google.com\/forms\/d\/e\/1FAIpQLSfdeuJk3mekC8wLIVmHwWpwBPDQh6hLLbeY2hYIfacnrZHs7g\/viewform\" target=\"_blank\" rel=\"noreferrer noopener\">Enlla\u00e7 al formulari de reserva de pla\u00e7a i tria d\u2019optatives <\/a><strong>Dades personals + tria d\u2019optatives 1r. de batxillerat + pagament material (40\u20ac)\u00a0<\/strong><\/p>\n<div style=\"padding: 4px; margin: 8px; background-color: #e3e9ef;\"><strong>Sol\u00b7licitud pla\u00e7a a Batxillerat per alumnes provinents d\u2019altres centres:<\/strong><\/div>\n<p style=\"padding-left: 40px;\">FAN PREINSCRIPCI\u00d3 a trav\u00e9s de GENCAT del 9 al 16 d&#8217;abril de 2026:<br \/>\n<a href=\"https:\/\/educacio.gencat.cat\/ca\/tramits\/tramits-temes\/preinscripcio-batxillerat\">https:\/\/educacio.gencat.cat\/ca\/tramits\/tramits-temes\/preinscripcio-batxillerat<\/a><\/p>\n<div style=\"padding: 4px; margin: 8px; background-color: #e3e9ef;\"><strong>Calendari i llistats<\/strong><\/div>\n<table style=\"width: 95.5776%; height: 103px;\">\n<tbody>\n<tr style=\"height: 71px;\">\n<td style=\"width: 37.1679%; height: 71px;\">\n<div>\n<div>\n<p><span class=\"ms-rteThemeForeColor-1-0\"><span lang=\"CA-ES\" data-contrast=\"none\"><strong>Fases de la preinscripci\u00f3<\/strong><\/span><strong> 26-27<\/strong><\/span><\/p>\n<\/div>\n<\/div>\n<\/td>\n<th class=\"SCXW31865165 BCX9 ms-rteTableHeaderOddCol-7\" style=\"width: 24.9949%; text-align: left; height: 71px;\">\n<div>\n<div>\n<div class=\"TableInsertRowGapBlank SCXW31865165 BCX9\"><\/div>\n<div>\n<div>\n<p style=\"text-align: center;\"><span class=\"ms-rteThemeForeColor-1-0\"><span lang=\"CA-ES\" data-contrast=\"none\"><strong>Dates<\/strong><\/span><span data-ccp-props=\"{&quot;335551550&quot;:2,&quot;335551620&quot;:2}\">\u00a0<\/span><\/span><\/p>\n<\/div>\n<\/div>\n<\/div>\n<\/div>\n<\/th>\n<td style=\"width: 144.642%; height: 71px;\"><\/td>\n<\/tr>\n<tr style=\"height: 32px;\">\n<td style=\"width: 37.1679%; height: 32px;\"><span lang=\"CA-ES\" data-contrast=\"none\">Publicaci\u00f3 de l&#8217;oferta inicial<\/span><\/td>\n<td style=\"width: 24.9949%; height: 32px; text-align: center;\"><span lang=\"CA-ES\" data-contrast=\"none\">08 d&#8217;abril<\/span><\/td>\n<td style=\"width: 144.642%; height: 32px;\"><a href=\"https:\/\/agora.xtec.cat\/sesernestlluch-cunit\/wp-content\/uploads\/usu1679\/2026\/04\/INFORME_OFERTA_BATXILLERAT-26-27.pdf\">INFORME_OFERTA_BATXILLERAT 26-27<\/a><\/td>\n<\/tr>\n<\/tbody>\n<\/table>\n<table style=\"width: 97.9038%;\">\n<tbody>\n<tr>\n<td style=\"width: 46.0166%;\"><strong>Presentaci\u00f3 de sol\u00b7licituds <\/strong><\/p>\n<p><strong>(NOM\u00c9S ALUMNES EXTERNS AL CENTRE)<\/strong><\/td>\n<td style=\"width: 17.7357%;\"><strong>del 9 al 16 d\u2019abril<\/strong><\/td>\n<td style=\"width: 56.2305%;\"><a href=\"https:\/\/agora.xtec.cat\/sesernestlluch-cunit\/wp-content\/uploads\/usu1679\/2026\/04\/Preinscripcio-batxillerat-26-27.pdf\">Preinscripci\u00f3 batxillerat 26-27<\/a><\/td>\n<\/tr>\n<tr>\n<td style=\"width: 46.0166%;\">Publicaci\u00f3 de la llista de sol\u00b7licituds amb la puntuaci\u00f3 provisional<\/td>\n<td style=\"width: 17.7357%;\">14 de maig<\/td>\n<td style=\"width: 56.2305%;\"><\/td>\n<\/tr>\n<tr>\n<td style=\"width: 46.0166%;\">Gesti\u00f3 de reclamacions<\/td>\n<td style=\"width: 17.7357%;\">del 14 al 20 de maig<\/td>\n<td style=\"width: 56.2305%;\"><\/td>\n<\/tr>\n<tr>\n<td style=\"width: 46.0166%;\">Publicaci\u00f3 de la llista ordenada, un cop resoltes les reclamacions<\/td>\n<td style=\"width: 17.7357%;\">29 de maig<\/td>\n<td style=\"width: 56.2305%;\"><\/td>\n<\/tr>\n<tr>\n<td style=\"width: 46.0166%;\">Publicaci\u00f3 de l&#8217;oferta final<\/td>\n<td style=\"width: 17.7357%;\">\u00a017 de juny<\/td>\n<td style=\"width: 56.2305%;\"><\/td>\n<\/tr>\n<\/tbody>\n<\/table>\n<table style=\"width: 98.0587%;\">\n<tbody>\n<tr>\n<td style=\"width: 45.9255%;\"><strong>Llistes d\u2019alumnes admesos i llista d\u2019espera<\/strong><\/td>\n<td style=\"width: 22.5961%;\"><strong>17 de juny<\/strong><\/td>\n<td style=\"width: 101.312%;\">&nbsp;<\/p>\n<p>&nbsp;<\/td>\n<\/tr>\n<\/tbody>\n<\/table>\n<table style=\"width: 98.2243%;\">\n<tbody>\n<tr>\n<td style=\"width: 26.3326%;\"><strong>Per\u00edode de matriculaci\u00f3<\/strong><\/td>\n<td style=\"width: 46.1335%;\"><strong>del 18 al 26 de juny\u00a0<\/strong><\/p>\n<p>Acc\u00e9s al formulari de matricula per aportar la documentaci\u00f3 sol\u00b7licitada i elecci\u00f3 de mat\u00e8ries optatives de 1r. de batxillerat:<\/td>\n<td style=\"width: 106.231%;\">Fora de termini<\/td>\n<\/tr>\n<\/tbody>\n<\/table>\n<p>&nbsp;<\/p>\n","protected":false},"excerpt":{"rendered":"<p>Portes obertes<br \/>\nLa jornada de portes obertes per l&#8217;etapa de Batxillerat ser\u00e0 el dia (suspesa).<br \/>\nSol\u00b7licitud pla\u00e7a a Batxillerat per alumnes que actualment cursen 4t. d\u2019ESO en el nostre Institut:<br \/>\nNO FAN PREINSCRIPCI\u00d3 a trav\u00e9s de GENCAT<br \/>\nfan directament confirmaci\u00f3 de continu\u00eftat al centre a batxillerat omplint el seg\u00fcent&hellip;  <a href=\"https:\/\/agora.xtec.cat\/sesernestlluch-cunit\/preinscripcio-batxillerat\/\" title=\"Read Preinscripci\u00f3 Batxillerat 26-27\">Llegeix m\u00e9s\u00bb<\/a><\/p>\n","protected":false},"author":15,"featured_media":0,"parent":0,"menu_order":0,"comment_status":"closed","ping_status":"closed","template":"","meta":{"_bbp_topic_count":0,"_bbp_reply_count":0,"_bbp_total_topic_count":0,"_bbp_total_reply_count":0,"_bbp_voice_count":0,"_bbp_anonymous_reply_count":0,"_bbp_topic_count_hidden":0,"_bbp_reply_count_hidden":0,"_bbp_forum_subforum_count":0,"footnotes":""},"class_list":["post-9886","page","type-page","status-publish","hentry"],"post_mailing_queue_ids":[],"_links":{"self":[{"href":"https:\/\/agora.xtec.cat\/sesernestlluch-cunit\/wp-json\/wp\/v2\/pages\/9886","targetHints":{"allow":["GET"]}}],"collection":[{"href":"https:\/\/agora.xtec.cat\/sesernestlluch-cunit\/wp-json\/wp\/v2\/pages"}],"about":[{"href":"https:\/\/agora.xtec.cat\/sesernestlluch-cunit\/wp-json\/wp\/v2\/types\/page"}],"author":[{"embeddable":true,"href":"https:\/\/agora.xtec.cat\/sesernestlluch-cunit\/wp-json\/wp\/v2\/users\/15"}],"replies":[{"embeddable":true,"href":"https:\/\/agora.xtec.cat\/sesernestlluch-cunit\/wp-json\/wp\/v2\/comments?post=9886"}],"version-history":[{"count":7,"href":"https:\/\/agora.xtec.cat\/sesernestlluch-cunit\/wp-json\/wp\/v2\/pages\/9886\/revisions"}],"predecessor-version":[{"id":10522,"href":"https:\/\/agora.xtec.cat\/sesernestlluch-cunit\/wp-json\/wp\/v2\/pages\/9886\/revisions\/10522"}],"wp:attachment":[{"href":"https:\/\/agora.xtec.cat\/sesernestlluch-cunit\/wp-json\/wp\/v2\/media?parent=9886"}],"curies":[{"name":"wp","href":"https:\/\/api.w.org\/{rel}","templated":true}]}}