{"id":9707,"date":"2025-02-06T09:45:35","date_gmt":"2025-02-06T08:45:35","guid":{"rendered":"https:\/\/agora.xtec.cat\/sesernestlluch-cunit\/?page_id=9707"},"modified":"2026-04-15T09:03:26","modified_gmt":"2026-04-15T07:03:26","slug":"preinscripcio-educacio-secundaria-obligatoria","status":"publish","type":"page","link":"https:\/\/agora.xtec.cat\/sesernestlluch-cunit\/preinscripcio-educacio-secundaria-obligatoria\/","title":{"rendered":"Preinscripci\u00f3 Educaci\u00f3 Secund\u00e0ria Obligat\u00f2ria 26-27"},"content":{"rendered":"<div style=\"padding: 4px; margin: 8px; background-color: #e3e9ef;\"><strong>Portes obertes<\/strong><\/div>\n<p style=\"padding-left: 40px;\">La jornada de portes obertes per l&#8217;etapa Educaci\u00f3 Secund\u00e0ria Obligat\u00f2ria ser\u00e0 el dia 10 de mar\u00e7 a les 17.30.<\/p>\n<div style=\"padding: 4px; margin: 8px; background-color: #e3e9ef;\"><strong>Informaci\u00f3 i formulari de preinscripci\u00f3<\/strong><\/div>\n<p style=\"padding-left: 40px;\">Informaci\u00f3 preinscripci\u00f3 ESO al nostre centre: <a href=\"https:\/\/agora.xtec.cat\/sesernestlluch-cunit\/wp-content\/uploads\/usu1679\/2026\/02\/Preinscripcio-ESO-26-27.pdf\">Preinscripci\u00f3 ESO 26-27<\/a><\/p>\n<p>\u00a0 \u00a0 \u00a0 \u00a0 \u00a0Acc\u00e9s al formulari per aportar la documentaci\u00f3 sol\u00b7licitada: <a href=\"https:\/\/forms.gle\/s3C8Qzme2LcE9jGE9\" target=\"_blank\" rel=\"noopener\">enlla\u00e7<\/a> (del 6 al 18 mar\u00e7)<\/p>\n<div>\n<div style=\"padding: 4px; margin: 8px; background-color: #e3e9ef;\"><strong>Calendari i llistats<\/strong><\/div>\n<table style=\"border-collapse: collapse; width: 100%;\">\n<tbody>\n<tr>\n<td style=\"width: 33.3333%;\">\n<div>\n<div>\n<p><span class=\"ms-rteThemeForeColor-1-0\"><span lang=\"CA-ES\" data-contrast=\"none\"><strong>Fases de la preinscripci\u00f3<\/strong><\/span><strong> Curs 26-27<\/strong><\/span><\/p>\n<\/div>\n<\/div>\n<\/td>\n<th class=\"SCXW31865165 BCX9 ms-rteTableHeaderOddCol-7\" style=\"width: 33.3333%;\">\n<div>\n<div>\n<div class=\"TableInsertRowGapBlank SCXW31865165 BCX9\"><\/div>\n<div>\n<div>\n<p><span class=\"ms-rteThemeForeColor-1-0\"><span lang=\"CA-ES\" data-contrast=\"none\"><strong>Dates<\/strong><\/span><span data-ccp-props=\"{&quot;335551550&quot;:2,&quot;335551620&quot;:2}\">\u00a0<\/span><\/span><\/p>\n<\/div>\n<\/div>\n<\/div>\n<\/div>\n<\/th>\n<th class=\"LastCol SCXW31865165 BCX9 ms-rteTableHeaderEvenCol-7\" style=\"width: 33.3333%;\">\n<div class=\"TableColumnResizeHandle SCXW31865165 BCX9\"><\/div>\n<div>\n<div>\n<p>&nbsp;<\/p>\n<\/div>\n<\/div>\n<\/th>\n<\/tr>\n<tr>\n<td style=\"width: 33.3333%;\"><span lang=\"CA-ES\" data-contrast=\"none\">Publicaci\u00f3 de l&#8217;oferta inicial<\/span><\/td>\n<td style=\"width: 33.3333%; text-align: center;\">3 de mar\u00e7<\/td>\n<td style=\"width: 33.3333%;\"><a href=\"https:\/\/agora.xtec.cat\/sesernestlluch-cunit\/wp-content\/uploads\/usu1679\/2026\/03\/Oferta-Inicial-Places.pdf\">Oferta Inicial Places<\/a><\/td>\n<\/tr>\n<tr>\n<td style=\"width: 33.3333%;\"><span lang=\"CA-ES\" data-contrast=\"none\">Presentaci\u00f3 i\/o modificaci\u00f3 de sol\u00b7licituds<\/span><\/td>\n<td style=\"width: 33.3333%; text-align: center;\"><span lang=\"CA-ES\" data-contrast=\"none\">Del 6 al 18 de mar\u00e7<br \/>\n<\/span><\/td>\n<td style=\"width: 33.3333%;\"><\/td>\n<\/tr>\n<\/tbody>\n<\/table>\n<table style=\"border-collapse: collapse; width: 100%;\">\n<tbody>\n<tr>\n<td style=\"width: 33.3333%;\">Publicaci\u00f3 de la llista de sol\u00b7licituds amb la puntuaci\u00f3 provisional<\/td>\n<td style=\"width: 33.3333%; text-align: center;\">15 d&#8217;abril<\/td>\n<td style=\"width: 33.3333%;\"><a href=\"https:\/\/agora.xtec.cat\/sesernestlluch-cunit\/wp-content\/uploads\/usu1679\/2026\/04\/INFORME_BAREM_PROVISIONAL_BAREM_ESO.pdf\">INFORME_BAREM_PROVISIONAL_BAREM_ESO<\/a><\/td>\n<\/tr>\n<tr>\n<td style=\"width: 33.3333%;\">Gesti\u00f3 de reclamacions<\/td>\n<td style=\"width: 33.3333%; text-align: center;\">Del 15 al 20 d&#8217;abril<\/td>\n<td style=\"width: 33.3333%;\"><\/td>\n<\/tr>\n<tr>\n<td style=\"width: 33.3333%;\">Publicaci\u00f3 de la llista amb la puntuaci\u00f3, un cop\u00a0resoltes les reclamacions<\/td>\n<td style=\"width: 33.3333%; text-align: center;\">23 d&#8217;abril<\/td>\n<td style=\"width: 33.3333%;\"><\/td>\n<\/tr>\n<tr>\n<td style=\"width: 33.3333%;\">Publicaci\u00f3 de la llista ordenada<\/td>\n<td style=\"width: 33.3333%; text-align: center;\">29 d&#8217;abril<\/td>\n<td style=\"width: 33.3333%;\"><\/td>\n<\/tr>\n<\/tbody>\n<\/table>\n<table style=\"border-collapse: collapse; width: 100%; height: 32px;\">\n<tbody>\n<tr style=\"height: 32px;\">\n<td style=\"width: 33.3333%; height: 32px;\"><span lang=\"CA-ES\" data-contrast=\"none\">Publicaci\u00f3 de l&#8217;oferta definitiva<\/span><\/td>\n<td style=\"width: 33.3333%; text-align: center; height: 32px;\">10 de juny<\/td>\n<td style=\"width: 33.3333%; height: 32px;\"><\/td>\n<\/tr>\n<\/tbody>\n<\/table>\n<table style=\"border-collapse: collapse; width: 100%;\">\n<tbody>\n<tr>\n<td style=\"width: 33.3333%; text-align: left;\"><strong>Publicaci\u00f3 de la llista d&#8217;admesos i la llista d&#8217;espera<\/strong><\/td>\n<td style=\"width: 33.3333%; text-align: center;\"><strong>10 de juny<\/strong><\/td>\n<td style=\"width: 33.3333%;\">Llista d&#8217;alumnes que van fer la preinscripci\u00f3 al nostre centre i centre assignat:<\/p>\n<p>&nbsp;<\/p>\n<p>Llista d&#8217;espera:<\/td>\n<\/tr>\n<\/tbody>\n<\/table>\n<table style=\"border-collapse: collapse; width: 100%; height: 32px;\">\n<tbody>\n<tr style=\"height: 32px;\">\n<td style=\"width: 33.3333%; height: 32px;\"><strong>Matr\u00edcula<\/strong><\/td>\n<td style=\"width: 33.3333%; text-align: center; height: 32px;\"><strong>Del 22 al 30 de juny<\/strong><\/td>\n<td style=\"width: 33.3333%; height: 32px;\">Nom\u00e9s alumnes de centres de fora de Cunit.<\/td>\n<\/tr>\n<\/tbody>\n<\/table>\n<\/div>\n","protected":false},"excerpt":{"rendered":"<p>Portes obertes<br \/>\nLa jornada de portes obertes per l&#8217;etapa Educaci\u00f3 Secund\u00e0ria Obligat\u00f2ria ser\u00e0 el dia 10 de mar\u00e7 a les 17.30.<br \/>\nInformaci\u00f3 i formulari de preinscripci\u00f3<br \/>\nInformaci\u00f3 preinscripci\u00f3 ESO al nostre centre: <a href=\"https:\/\/agora.xtec.cat\/sesernestlluch-cunit\/wp-content\/uploads\/usu1679\/2026\/02\/Preinscripcio-ESO-26-27.pdf\">Preinscripci\u00f3 ESO 26-27<\/a><br \/>\n\u00a0 \u00a0 \u00a0 \u00a0 \u00a0Acc\u00e9s al formulari per aportar la documentaci\u00f3 sol\u00b7licitada: <a&hellip;  <a href=\"https:\/\/agora.xtec.cat\/sesernestlluch-cunit\/preinscripcio-educacio-secundaria-obligatoria\/\" title=\"Read Preinscripci\u00f3 Educaci\u00f3 Secund\u00e0ria Obligat\u00f2ria 26-27\">Llegeix m\u00e9s\u00bb<\/a><\/p>\n","protected":false},"author":15,"featured_media":0,"parent":0,"menu_order":0,"comment_status":"closed","ping_status":"closed","template":"","meta":{"_bbp_topic_count":0,"_bbp_reply_count":0,"_bbp_total_topic_count":0,"_bbp_total_reply_count":0,"_bbp_voice_count":0,"_bbp_anonymous_reply_count":0,"_bbp_topic_count_hidden":0,"_bbp_reply_count_hidden":0,"_bbp_forum_subforum_count":0,"footnotes":""},"class_list":["post-9707","page","type-page","status-publish","hentry"],"post_mailing_queue_ids":[],"_links":{"self":[{"href":"https:\/\/agora.xtec.cat\/sesernestlluch-cunit\/wp-json\/wp\/v2\/pages\/9707","targetHints":{"allow":["GET"]}}],"collection":[{"href":"https:\/\/agora.xtec.cat\/sesernestlluch-cunit\/wp-json\/wp\/v2\/pages"}],"about":[{"href":"https:\/\/agora.xtec.cat\/sesernestlluch-cunit\/wp-json\/wp\/v2\/types\/page"}],"author":[{"embeddable":true,"href":"https:\/\/agora.xtec.cat\/sesernestlluch-cunit\/wp-json\/wp\/v2\/users\/15"}],"replies":[{"embeddable":true,"href":"https:\/\/agora.xtec.cat\/sesernestlluch-cunit\/wp-json\/wp\/v2\/comments?post=9707"}],"version-history":[{"count":8,"href":"https:\/\/agora.xtec.cat\/sesernestlluch-cunit\/wp-json\/wp\/v2\/pages\/9707\/revisions"}],"predecessor-version":[{"id":10524,"href":"https:\/\/agora.xtec.cat\/sesernestlluch-cunit\/wp-json\/wp\/v2\/pages\/9707\/revisions\/10524"}],"wp:attachment":[{"href":"https:\/\/agora.xtec.cat\/sesernestlluch-cunit\/wp-json\/wp\/v2\/media?parent=9707"}],"curies":[{"name":"wp","href":"https:\/\/api.w.org\/{rel}","templated":true}]}}