{"id":9405,"date":"2024-10-31T13:30:18","date_gmt":"2024-10-31T12:30:18","guid":{"rendered":"https:\/\/agora.xtec.cat\/sesernestlluch-cunit\/?page_id=9405"},"modified":"2024-11-05T12:38:35","modified_gmt":"2024-11-05T11:38:35","slug":"certificats-dels-nivells-b2-i-c1-de-catala","status":"publish","type":"page","link":"https:\/\/agora.xtec.cat\/sesernestlluch-cunit\/certificats-dels-nivells-b2-i-c1-de-catala\/","title":{"rendered":"Certificats dels nivells B2 i C1 de catal\u00e0"},"content":{"rendered":"<div style=\"padding: 4px; margin: 8px; background-color: #e3e9ef;\"><strong>Destinataris<\/strong><\/div>\n<div style=\"margin: 10px;\">\n<p>Poden sol\u00b7licitar aquests certificats les persones nascudes a partir de l\u2019any 1972, l\u2019itinerari educatiu de les quals s\u2019hagi portat a terme \u00edntegrament a Catalunya o, parcialment, a d\u2019altres territoris on el catal\u00e0 hi fos llengua curricular i avaluable, de manera <strong>que s\u2019hagi acabat obtenint la titulaci\u00f3 al sistema educatiu de Catalunya<\/strong>.<\/p>\n<p>Aquestes persones han d\u2019haver obtingut una de les seg\u00fcents titulacions: graduat escolar, t\u00e8cnic auxiliar, t\u00e8cnic especialista o BUP, de l\u2019anterior sistema educatiu; graduat d\u2019educaci\u00f3 secund\u00e0ria obligat\u00f2ria o batxillerat, de l\u2019actual sistema educatiu.<\/p>\n<p><a href=\"https:\/\/agora.xtec.cat\/sesernestlluch-cunit\/wp-content\/uploads\/usu1679\/2024\/11\/Requisits-catala.pdf\">Informaci\u00f3 i tramitaci\u00f3 de certificats de nivells de catal\u00e0<\/a>.<\/p>\n<\/div>\n<div style=\"padding: 4px; margin: 8px; background-color: #e3e9ef;\"><strong>Termini<\/strong><\/div>\n<div style=\"margin: 10px;\">En qualsevol moment, mentre el centre educatiu estigui obert.<\/p>\n<\/div>\n<div style=\"padding: 4px; margin: 8px; background-color: #e3e9ef;\"><strong>Tr\u00e0mit i formulari<\/strong><\/div>\n<div style=\"margin: 10px;\">\n<p>La sol\u00b7licitud s\u2019ha de fer mitjan\u00e7ant aquest <a href=\"https:\/\/agora.xtec.cat\/sesernestlluch-cunit\/wp-content\/uploads\/usu1679\/2024\/10\/Sollicitud_Certif_Catala_Nivell_B2C1.pdf\">formulari<\/a>, que s\u2019ha de fer arribar a aquestes oficines degudament emplenat i signat.<\/p>\n<p><u>Atenci\u00f3<\/u>: si el tr\u00e0mit el fa una altra persona diferent del titular del certificat, caldr\u00e0 aportar tamb\u00e9 la corresponent <strong>autoritzaci\u00f3 <\/strong>juntament amb fotoc\u00f2pia dels DNI\/NIE de la persona titular i de la persona autoritzada.<\/p>\n<\/div>\n","protected":false},"excerpt":{"rendered":"<p>Destinataris<\/p>\n<p>Poden sol\u00b7licitar aquests certificats les persones nascudes a partir de l\u2019any 1972, l\u2019itinerari educatiu de les quals s\u2019hagi portat a terme \u00edntegrament a Catalunya o, parcialment, a d\u2019altres territoris on el catal\u00e0 hi fos llengua curricular i avaluable, de manera que s\u2019hagi acabat obtenint la&hellip;  <a href=\"https:\/\/agora.xtec.cat\/sesernestlluch-cunit\/certificats-dels-nivells-b2-i-c1-de-catala\/\" title=\"Read Certificats dels nivells B2 i C1 de catal\u00e0\">Llegeix m\u00e9s\u00bb<\/a><\/p>\n","protected":false},"author":15,"featured_media":0,"parent":0,"menu_order":0,"comment_status":"closed","ping_status":"closed","template":"","meta":{"_bbp_topic_count":0,"_bbp_reply_count":0,"_bbp_total_topic_count":0,"_bbp_total_reply_count":0,"_bbp_voice_count":0,"_bbp_anonymous_reply_count":0,"_bbp_topic_count_hidden":0,"_bbp_reply_count_hidden":0,"_bbp_forum_subforum_count":0,"footnotes":""},"class_list":["post-9405","page","type-page","status-publish","hentry"],"post_mailing_queue_ids":[],"_links":{"self":[{"href":"https:\/\/agora.xtec.cat\/sesernestlluch-cunit\/wp-json\/wp\/v2\/pages\/9405","targetHints":{"allow":["GET"]}}],"collection":[{"href":"https:\/\/agora.xtec.cat\/sesernestlluch-cunit\/wp-json\/wp\/v2\/pages"}],"about":[{"href":"https:\/\/agora.xtec.cat\/sesernestlluch-cunit\/wp-json\/wp\/v2\/types\/page"}],"author":[{"embeddable":true,"href":"https:\/\/agora.xtec.cat\/sesernestlluch-cunit\/wp-json\/wp\/v2\/users\/15"}],"replies":[{"embeddable":true,"href":"https:\/\/agora.xtec.cat\/sesernestlluch-cunit\/wp-json\/wp\/v2\/comments?post=9405"}],"version-history":[{"count":4,"href":"https:\/\/agora.xtec.cat\/sesernestlluch-cunit\/wp-json\/wp\/v2\/pages\/9405\/revisions"}],"predecessor-version":[{"id":9448,"href":"https:\/\/agora.xtec.cat\/sesernestlluch-cunit\/wp-json\/wp\/v2\/pages\/9405\/revisions\/9448"}],"wp:attachment":[{"href":"https:\/\/agora.xtec.cat\/sesernestlluch-cunit\/wp-json\/wp\/v2\/media?parent=9405"}],"curies":[{"name":"wp","href":"https:\/\/api.w.org\/{rel}","templated":true}]}}