{"id":7869,"date":"2023-01-31T10:58:13","date_gmt":"2023-01-31T09:58:13","guid":{"rendered":"https:\/\/agora.xtec.cat\/sesernestlluch-cunit\/?page_id=7869"},"modified":"2023-03-14T10:53:42","modified_gmt":"2023-03-14T09:53:42","slug":"objectius","status":"publish","type":"page","link":"https:\/\/agora.xtec.cat\/sesernestlluch-cunit\/estrategia-digital-de-centre\/estrategia-digital\/objectius\/","title":{"rendered":"Objectius"},"content":{"rendered":"<p>Despr\u00e9s de realitzar la diagnosi, per poder concretar els objectius de l\u2019EDC, hem determinat la visi\u00f3 del centre en l\u2019\u00e0mbit digital tenint en compte el projecte de direcci\u00f3, sense perdre de vista els objectius del PEDC. La conjunci\u00f3 d\u2019aquests aspectes determina els objectius de l\u2019EDC.<\/p>\n<p><iframe loading=\"lazy\" width=\"100%\" height=\"600px\" src=\"https:\/\/docs.google.com\/spreadsheets\/d\/e\/2PACX-1vSwyv8VaOy9_NpSTy5tFAp3cWtXdwgWqknLgZR2sWgvDBw2iPIo2rI1V9UqYktIjJEfS4_MJ0n5ajxf\/pubhtml?gid=0&amp;single=true&amp;widget=true&amp;headers=false\"><\/iframe><\/p>\n","protected":false},"excerpt":{"rendered":"<p>Despr\u00e9s de realitzar la diagnosi, per poder concretar els objectius de l\u2019EDC, hem determinat la visi\u00f3 del centre en l\u2019\u00e0mbit digital tenint en compte el projecte de direcci\u00f3, sense perdre de vista els objectius del PEDC. La conjunci\u00f3 d\u2019aquests aspectes determina els objectius de l\u2019EDC.<\/p>\n","protected":false},"author":3,"featured_media":0,"parent":7865,"menu_order":0,"comment_status":"closed","ping_status":"closed","template":"page-templates\/side-menu.php","meta":{"_bbp_topic_count":0,"_bbp_reply_count":0,"_bbp_total_topic_count":0,"_bbp_total_reply_count":0,"_bbp_voice_count":0,"_bbp_anonymous_reply_count":0,"_bbp_topic_count_hidden":0,"_bbp_reply_count_hidden":0,"_bbp_forum_subforum_count":0,"footnotes":""},"class_list":["post-7869","page","type-page","status-publish","hentry"],"post_mailing_queue_ids":[],"_links":{"self":[{"href":"https:\/\/agora.xtec.cat\/sesernestlluch-cunit\/wp-json\/wp\/v2\/pages\/7869","targetHints":{"allow":["GET"]}}],"collection":[{"href":"https:\/\/agora.xtec.cat\/sesernestlluch-cunit\/wp-json\/wp\/v2\/pages"}],"about":[{"href":"https:\/\/agora.xtec.cat\/sesernestlluch-cunit\/wp-json\/wp\/v2\/types\/page"}],"author":[{"embeddable":true,"href":"https:\/\/agora.xtec.cat\/sesernestlluch-cunit\/wp-json\/wp\/v2\/users\/3"}],"replies":[{"embeddable":true,"href":"https:\/\/agora.xtec.cat\/sesernestlluch-cunit\/wp-json\/wp\/v2\/comments?post=7869"}],"version-history":[{"count":3,"href":"https:\/\/agora.xtec.cat\/sesernestlluch-cunit\/wp-json\/wp\/v2\/pages\/7869\/revisions"}],"predecessor-version":[{"id":8047,"href":"https:\/\/agora.xtec.cat\/sesernestlluch-cunit\/wp-json\/wp\/v2\/pages\/7869\/revisions\/8047"}],"up":[{"embeddable":true,"href":"https:\/\/agora.xtec.cat\/sesernestlluch-cunit\/wp-json\/wp\/v2\/pages\/7865"}],"wp:attachment":[{"href":"https:\/\/agora.xtec.cat\/sesernestlluch-cunit\/wp-json\/wp\/v2\/media?parent=7869"}],"curies":[{"name":"wp","href":"https:\/\/api.w.org\/{rel}","templated":true}]}}