{"id":5516,"date":"2010-11-07T14:23:59","date_gmt":"2010-11-07T12:23:59","guid":{"rendered":"http:\/\/blocs.xtec.cat\/batxilleraternestlluch\/?page_id=98"},"modified":"2010-11-07T14:23:59","modified_gmt":"2010-11-07T12:23:59","slug":"eines-tic","status":"publish","type":"page","link":"https:\/\/agora.xtec.cat\/sesernestlluch-cunit\/eines-tic\/","title":{"rendered":"Eines TIC"},"content":{"rendered":"<h2>Eines Google<\/h2>\n<p>Si\u00a0 necessites compartir un document amb alg\u00fa de manera que pugueu treballir-hi simult\u00e0niament, us recomano el Google docs. Aqu\u00ed teniu un tutorial i una pr\u00e0ctica per fer:<\/p>\n<ul>\n<li><a href=\"http:\/\/issuu.com\/lboix\/docs\/introducciogoogledocs\">Tutorial Google docs<\/a><\/li>\n<li><a href=\"..\/eines-tic\/practica-de-googledocs\/\">Pr\u00e0ctica de Google docs<\/a><\/li>\n<\/ul>\n<p>Si has de fer una enquesta i vols tenir els resultat recollits inmediatament i de manera clara i ordenada, et recomano que facis servir els formularis del Google docs. Mira el tutorial i la pr\u00e0ctica.<\/p>\n<ul>\n<li><a href=\"http:\/\/issuu.com\/lboix\/docs\/formularis_de_google\">Tutorial Formularis<\/a><\/li>\n<li><a href=\"..\/eines-tic\/practica-de-formularis-de-google\/\">Pr\u00e0ctica de formularis de google<\/a><\/li>\n<\/ul>\n<p>Si vols organitzar-te la feina, \u00e9s \u00fatil fer servir el Calendari del Google. Funciona m\u00e9s o menys com l&#8217;agenda dels telef\u00f2ns m\u00f2bils i pots fer que t&#8217;envi\u00ef un av\u00eds (mail o sms) dels esdeveniments que hagis programat. A m\u00e9s pots compartir el teu calendari amb altres persones.<\/p>\n<ul>\n<li><a href=\"http:\/\/blocs.xtec.cat\/batxilleraternestlluch\/eines-tic\/practica-de-google-calendar\/\">Pr\u00e0ctica de Google Calendar<\/a><\/li>\n<\/ul>\n<h2>Treball de recerca:<\/h2>\n<p>Si vols una plantilla per saber com organitzar el treball escrit del TR, aqu\u00ed en tens una: <a href=\"https:\/\/agora.xtec.cat\/sesernestlluch-cunit\/wp-content\/uploads\/usu1679\/2010\/11\/plantilla-tr.doc\">plantilla TR<\/a><\/p>\n","protected":false},"excerpt":{"rendered":"<p>Eines Google<br \/>\nSi\u00a0 necessites compartir un document amb alg\u00fa de manera que pugueu treballir-hi simult\u00e0niament, us recomano el Google docs. Aqu\u00ed teniu un tutorial i una pr\u00e0ctica per fer:<\/p>\n<ul>\n<li><a href=\"http:\/\/issuu.com\/lboix\/docs\/introducciogoogledocs\">Tutorial Google docs<\/a><\/li>\n<li><a href=\"..\/eines-tic\/practica-de-googledocs\/\">Pr\u00e0ctica de Google docs<\/a><\/li>\n<\/ul>\n<p>Si has de fer una enquesta i vols tenir els resultat&hellip;  <a href=\"https:\/\/agora.xtec.cat\/sesernestlluch-cunit\/eines-tic\/\" title=\"Read Eines TIC\">Llegeix m\u00e9s\u00bb<\/a><\/p>\n","protected":false},"author":10,"featured_media":0,"parent":0,"menu_order":0,"comment_status":"open","ping_status":"open","template":"","meta":{"_bbp_topic_count":0,"_bbp_reply_count":0,"_bbp_total_topic_count":0,"_bbp_total_reply_count":0,"_bbp_voice_count":0,"_bbp_anonymous_reply_count":0,"_bbp_topic_count_hidden":0,"_bbp_reply_count_hidden":0,"_bbp_forum_subforum_count":0,"footnotes":""},"class_list":["post-5516","page","type-page","status-publish","hentry"],"post_mailing_queue_ids":[],"_links":{"self":[{"href":"https:\/\/agora.xtec.cat\/sesernestlluch-cunit\/wp-json\/wp\/v2\/pages\/5516","targetHints":{"allow":["GET"]}}],"collection":[{"href":"https:\/\/agora.xtec.cat\/sesernestlluch-cunit\/wp-json\/wp\/v2\/pages"}],"about":[{"href":"https:\/\/agora.xtec.cat\/sesernestlluch-cunit\/wp-json\/wp\/v2\/types\/page"}],"author":[{"embeddable":true,"href":"https:\/\/agora.xtec.cat\/sesernestlluch-cunit\/wp-json\/wp\/v2\/users\/10"}],"replies":[{"embeddable":true,"href":"https:\/\/agora.xtec.cat\/sesernestlluch-cunit\/wp-json\/wp\/v2\/comments?post=5516"}],"version-history":[{"count":0,"href":"https:\/\/agora.xtec.cat\/sesernestlluch-cunit\/wp-json\/wp\/v2\/pages\/5516\/revisions"}],"wp:attachment":[{"href":"https:\/\/agora.xtec.cat\/sesernestlluch-cunit\/wp-json\/wp\/v2\/media?parent=5516"}],"curies":[{"name":"wp","href":"https:\/\/api.w.org\/{rel}","templated":true}]}}