{"id":5199,"date":"2020-04-25T00:11:53","date_gmt":"2020-04-24T22:11:53","guid":{"rendered":"https:\/\/agora.xtec.cat\/sesernestlluch-cunit\/?page_id=5199"},"modified":"2020-04-25T00:11:53","modified_gmt":"2020-04-24T22:11:53","slug":"area-de-cicles-formatius","status":"publish","type":"page","link":"https:\/\/agora.xtec.cat\/sesernestlluch-cunit\/projectes-de-centre\/area-de-cicles-formatius\/","title":{"rendered":"\u00c0rea de Cicles Formatius"},"content":{"rendered":"<h2><span style=\"font-weight: 400;\">JORNADES TECNOL\u00d2GIQUES<\/span><\/h2>\n<p><span style=\"font-weight: 400;\">El departament d\u2019Inform\u00e0tica amb la col\u00b7laboraci\u00f3 del departament de Tecnologia, organitza <\/span><span style=\"font-weight: 400;\">diferents activitats tecnol\u00f2giques que es distribueixen al llarg del curs. Les jornades inclouen <\/span><span style=\"font-weight: 400;\">pon\u00e8ncies a c\u00e0rrec d\u2019experts d\u2019empreses dels diferents sectors de la nostra fam\u00edlia professional d\u2019Inform\u00e0tica, i confer\u00e8ncies a c\u00e0rrec de la URV (Universitat Rovira i Virgili) dirigides a l\u2019alumnat de CFGM de Sistemes Microinform\u00e0tics i Xarxes, i alumnat de la modalitat del batxillerat tecnol\u00f2gic.<\/span><\/p>\n<p>&nbsp;<\/p>\n<h2><span style=\"font-weight: 400;\">FIRA D\u2019EDUCACI\u00d3: ZONA E<\/span><\/h2>\n<p><span style=\"font-weight: 400;\">Des de fa m\u00e9s de 8 anys <\/span><span style=\"font-weight: 400;\">el nostre institut participa en la mostra d\u2019ensenyament i aprenentatge del Garraf. Apropem a trav\u00e9s d\u2019un estand informatiu i de diferents mostres i tallers els nostres estudis postobligatoris de CFGM de Perruqueria i Imatge Personal aix\u00ed com els de CFGM Sistemes Microinform\u00e0tics i Xarxes.<\/span><\/p>\n<p>&nbsp;<\/p>\n","protected":false},"excerpt":{"rendered":"<p>JORNADES TECNOL\u00d2GIQUES<br \/>\nEl departament d\u2019Inform\u00e0tica amb la col\u00b7laboraci\u00f3 del departament de Tecnologia, organitza diferents activitats tecnol\u00f2giques que es distribueixen al llarg del curs. Les jornades inclouen pon\u00e8ncies a c\u00e0rrec d\u2019experts d\u2019empreses dels diferents sectors de la nostra fam\u00edlia professional d\u2019Inform\u00e0tica, i confer\u00e8ncies a c\u00e0rrec de la&hellip;  <a href=\"https:\/\/agora.xtec.cat\/sesernestlluch-cunit\/projectes-de-centre\/area-de-cicles-formatius\/\" title=\"Read \u00c0rea de Cicles Formatius\">Llegeix m\u00e9s\u00bb<\/a><\/p>\n","protected":false},"author":3,"featured_media":0,"parent":5144,"menu_order":6,"comment_status":"closed","ping_status":"closed","template":"page-templates\/side-menu.php","meta":{"_bbp_topic_count":0,"_bbp_reply_count":0,"_bbp_total_topic_count":0,"_bbp_total_reply_count":0,"_bbp_voice_count":0,"_bbp_anonymous_reply_count":0,"_bbp_topic_count_hidden":0,"_bbp_reply_count_hidden":0,"_bbp_forum_subforum_count":0,"footnotes":""},"class_list":["post-5199","page","type-page","status-publish","hentry"],"post_mailing_queue_ids":[],"_links":{"self":[{"href":"https:\/\/agora.xtec.cat\/sesernestlluch-cunit\/wp-json\/wp\/v2\/pages\/5199","targetHints":{"allow":["GET"]}}],"collection":[{"href":"https:\/\/agora.xtec.cat\/sesernestlluch-cunit\/wp-json\/wp\/v2\/pages"}],"about":[{"href":"https:\/\/agora.xtec.cat\/sesernestlluch-cunit\/wp-json\/wp\/v2\/types\/page"}],"author":[{"embeddable":true,"href":"https:\/\/agora.xtec.cat\/sesernestlluch-cunit\/wp-json\/wp\/v2\/users\/3"}],"replies":[{"embeddable":true,"href":"https:\/\/agora.xtec.cat\/sesernestlluch-cunit\/wp-json\/wp\/v2\/comments?post=5199"}],"version-history":[{"count":1,"href":"https:\/\/agora.xtec.cat\/sesernestlluch-cunit\/wp-json\/wp\/v2\/pages\/5199\/revisions"}],"predecessor-version":[{"id":5200,"href":"https:\/\/agora.xtec.cat\/sesernestlluch-cunit\/wp-json\/wp\/v2\/pages\/5199\/revisions\/5200"}],"up":[{"embeddable":true,"href":"https:\/\/agora.xtec.cat\/sesernestlluch-cunit\/wp-json\/wp\/v2\/pages\/5144"}],"wp:attachment":[{"href":"https:\/\/agora.xtec.cat\/sesernestlluch-cunit\/wp-json\/wp\/v2\/media?parent=5199"}],"curies":[{"name":"wp","href":"https:\/\/api.w.org\/{rel}","templated":true}]}}