{"id":5197,"date":"2020-04-25T00:11:14","date_gmt":"2020-04-24T22:11:14","guid":{"rendered":"https:\/\/agora.xtec.cat\/sesernestlluch-cunit\/?page_id=5197"},"modified":"2020-04-25T00:11:14","modified_gmt":"2020-04-24T22:11:14","slug":"area-de-matematiques","status":"publish","type":"page","link":"https:\/\/agora.xtec.cat\/sesernestlluch-cunit\/projectes-de-centre\/area-de-matematiques\/","title":{"rendered":"\u00c0rea de Matem\u00e0tiques"},"content":{"rendered":"<h2><span style=\"font-weight: 400;\">CONCURS DE FOTOGRAFIA MATEM\u00c0TICA<\/span><\/h2>\n<p><span style=\"font-weight: 400;\">Es tracta d\u2019una activitat organitzada per l\u2019ABEAM (Associaci\u00f3 de Barcelona per l\u2019Ensenyament i l\u2019Aprenentatge de les Matem\u00e0tiques). El concurs t\u00e9 com a objectiu fer veure a l\u2019alumnat que les matem\u00e0tiques estan immerses en la realitat que ens envolta, millora l\u2019autoestima, fomenta l\u2019esperit cr\u00edtic, desenvolupa la compet\u00e8ncia art\u00edstica i creativa i desperta en l\u2019alumnat la curiositat per con\u00e8ixer quin \u00e9s l\u2019entrellat de la bellesa que ens envolta.<\/span><\/p>\n<p>&nbsp;<\/p>\n<h2><span style=\"font-weight: 400;\">PROVES CANGUR<\/span><\/h2>\n<p><span style=\"font-weight: 400;\">La prova Cangur \u00e9s una activitat matem\u00e0tica impulsada per la societat internacional Le Kangourou sans Fronti\u00e8res per estimular i motivar una \u00e0mplia majoria de l\u2019alumnat i que a Catalunya organitza des de 1996 la Societat Catalana de Matem\u00e0tiques. Des del curs 2005-2006 <\/span><span style=\"font-weight: 400;\">els nostres alumnes de d\u2019ESO i de postobligat\u00f2ria participen i dediquen una estona especial divertint-se tot resolent els reptes plantejats.\u00a0 <\/span><span style=\"font-weight: 400;\">Els problemes es basen m\u00e9s en el raonament i l\u2019enginy que en coneixements matem\u00e0tics espec\u00edfics.\u00a0<\/span><\/p>\n<p>&nbsp;<\/p>\n<h2><span style=\"font-weight: 400;\">PROBLEMA DEL MES<\/span><\/h2>\n<p><span style=\"font-weight: 400;\">El departament de matem\u00e0tiques planteja, mensualment i per cursos, un problema que l\u2019alumnat ha de resoldre. L\u2019objectiu \u00e9s fer pensar, raonar i reflexionar desenvolupant les capacitats de la l\u00f2gica matem\u00e0tica del nostre alumnat.\u00a0<\/span><\/p>\n<h2><\/h2>\n","protected":false},"excerpt":{"rendered":"<p>CONCURS DE FOTOGRAFIA MATEM\u00c0TICA<br \/>\nEs tracta d\u2019una activitat organitzada per l\u2019ABEAM (Associaci\u00f3 de Barcelona per l\u2019Ensenyament i l\u2019Aprenentatge de les Matem\u00e0tiques). El concurs t\u00e9 com a objectiu fer veure a l\u2019alumnat que les matem\u00e0tiques estan immerses en la realitat que ens envolta, millora l\u2019autoestima, fomenta l\u2019esperit&hellip;  <a href=\"https:\/\/agora.xtec.cat\/sesernestlluch-cunit\/projectes-de-centre\/area-de-matematiques\/\" title=\"Read \u00c0rea de Matem\u00e0tiques\">Llegeix m\u00e9s\u00bb<\/a><\/p>\n","protected":false},"author":3,"featured_media":0,"parent":5144,"menu_order":5,"comment_status":"closed","ping_status":"closed","template":"page-templates\/side-menu.php","meta":{"_bbp_topic_count":0,"_bbp_reply_count":0,"_bbp_total_topic_count":0,"_bbp_total_reply_count":0,"_bbp_voice_count":0,"_bbp_anonymous_reply_count":0,"_bbp_topic_count_hidden":0,"_bbp_reply_count_hidden":0,"_bbp_forum_subforum_count":0,"footnotes":""},"class_list":["post-5197","page","type-page","status-publish","hentry"],"post_mailing_queue_ids":[],"_links":{"self":[{"href":"https:\/\/agora.xtec.cat\/sesernestlluch-cunit\/wp-json\/wp\/v2\/pages\/5197","targetHints":{"allow":["GET"]}}],"collection":[{"href":"https:\/\/agora.xtec.cat\/sesernestlluch-cunit\/wp-json\/wp\/v2\/pages"}],"about":[{"href":"https:\/\/agora.xtec.cat\/sesernestlluch-cunit\/wp-json\/wp\/v2\/types\/page"}],"author":[{"embeddable":true,"href":"https:\/\/agora.xtec.cat\/sesernestlluch-cunit\/wp-json\/wp\/v2\/users\/3"}],"replies":[{"embeddable":true,"href":"https:\/\/agora.xtec.cat\/sesernestlluch-cunit\/wp-json\/wp\/v2\/comments?post=5197"}],"version-history":[{"count":2,"href":"https:\/\/agora.xtec.cat\/sesernestlluch-cunit\/wp-json\/wp\/v2\/pages\/5197\/revisions"}],"predecessor-version":[{"id":9736,"href":"https:\/\/agora.xtec.cat\/sesernestlluch-cunit\/wp-json\/wp\/v2\/pages\/5197\/revisions\/9736"}],"up":[{"embeddable":true,"href":"https:\/\/agora.xtec.cat\/sesernestlluch-cunit\/wp-json\/wp\/v2\/pages\/5144"}],"wp:attachment":[{"href":"https:\/\/agora.xtec.cat\/sesernestlluch-cunit\/wp-json\/wp\/v2\/media?parent=5197"}],"curies":[{"name":"wp","href":"https:\/\/api.w.org\/{rel}","templated":true}]}}