{"id":5190,"date":"2020-04-25T00:05:32","date_gmt":"2020-04-24T22:05:32","guid":{"rendered":"https:\/\/agora.xtec.cat\/sesernestlluch-cunit\/?page_id=5190"},"modified":"2020-04-25T00:05:32","modified_gmt":"2020-04-24T22:05:32","slug":"area-de-salut-i-medi-ambient","status":"publish","type":"page","link":"https:\/\/agora.xtec.cat\/sesernestlluch-cunit\/projectes-de-centre\/area-de-salut-i-medi-ambient\/","title":{"rendered":"\u00c0rea de Salut i Medi Ambient"},"content":{"rendered":"<h2><span style=\"font-weight: 400;\">ESCOLA VERDA<\/span><\/h2>\n<p><span style=\"font-weight: 400;\">El nostre institut forma part com centre adherit a la Xarxa d\u2019Escoles Verdes. La comissi\u00f3 de l\u2019Escola Verda formada per un grup impulsor de docents i delegats\/des verds organitzen accions educatives que tene com a objectiu incorporar els valors de l\u2019educaci\u00f3 per a la sostenibilitat en tots els \u00e0mbits de la vida del centre, promoure la participaci\u00f3 i la implicaci\u00f3 activa de la comunitat educativa en la millora del seu entorn i afavorir l\u2019intercanvi entre els centres que comparteixen aquests mateixos objectius.<\/span><\/p>\n<p>&nbsp;<\/p>\n<h2><span style=\"font-weight: 400;\">JORNADES DEL MEDI AMBIENT<\/span><\/h2>\n<p><span style=\"font-weight: 400;\">La comissi\u00f3 de l\u2019Escola Verda organitza activitats i confer\u00e8ncies relacionades amb el medi ambient per al nostra alumnat. \u00c9s una oportunitat per conscienciar els alumnes sobre la import\u00e0ncia de tenir cura de la nostra natura i el nostre territori.\u00a0<\/span><\/p>\n<p>&nbsp;<\/p>\n<h2><span style=\"font-weight: 400;\">DIADA DELS ESMORZARS SALUDABLES<\/span><\/h2>\n<p><span style=\"font-weight: 400;\">El departament de Ci\u00e8ncies Experimentals organitza la jornada d\u2019esmorzars saludables, on els alumnes de 1r i 2n\u00a0 d\u2019ESO, per grups, presenten un esmorzar saludable i un jurat escull el millor esmorzar seguint uns criteris de nutrici\u00f3 i creativitat.<\/span><\/p>\n<p>&nbsp;<\/p>\n<h2><span style=\"font-weight: 400;\">PROGRAMA SALUT I ESCOLA<\/span><\/h2>\n<p><span style=\"font-weight: 400;\">El curs 2018-2019 vam implantar el programa Salut i Escola. Tot i algunes dificultats per la mancan\u00e7a de personal sanitari, un professional d\u2019infermeria es despla\u00e7a al nostre centre setmanalment per atendre l\u2019alumnat i afavorir l\u2019accessibilitat dels adolescents a l\u2019atenci\u00f3 sanit\u00e0ria amb garanties de privacitat, confidencialitat i proximitat.<\/span><\/p>\n<p><span style=\"font-weight: 400;\">L\u2019objectiu del programa \u00e9s millorar la salut dels nostres alumnes adolescents, prevenir situacions de risc i atenci\u00f3 preco\u00e7 per als problemes relacionats amb la salut mental, la salut afectiva i sexual, el consum de drogues i tabac.\u00a0<\/span><\/p>\n<p><span style=\"font-weight: 400;\">Per complementar aquest servei, l\u2019institut ofereix dins del pla d\u2019acci\u00f3 tutorial tallers i activitats relacionades amb els temes citats anteriorment amb la col\u00b7laboraci\u00f3 de l\u2019\u00e0rea de joventut de l\u2019Ajuntament de Cunit.<\/span><\/p>\n<p>&nbsp;<\/p>\n","protected":false},"excerpt":{"rendered":"<p>ESCOLA VERDA<br \/>\nEl nostre institut forma part com centre adherit a la Xarxa d\u2019Escoles Verdes. La comissi\u00f3 de l\u2019Escola Verda formada per un grup impulsor de docents i delegats\/des verds organitzen accions educatives que tene com a objectiu incorporar els valors de l\u2019educaci\u00f3 per a la&hellip;  <a href=\"https:\/\/agora.xtec.cat\/sesernestlluch-cunit\/projectes-de-centre\/area-de-salut-i-medi-ambient\/\" title=\"Read \u00c0rea de Salut i Medi Ambient\">Llegeix m\u00e9s\u00bb<\/a><\/p>\n","protected":false},"author":3,"featured_media":0,"parent":5144,"menu_order":3,"comment_status":"closed","ping_status":"closed","template":"page-templates\/side-menu.php","meta":{"_bbp_topic_count":0,"_bbp_reply_count":0,"_bbp_total_topic_count":0,"_bbp_total_reply_count":0,"_bbp_voice_count":0,"_bbp_anonymous_reply_count":0,"_bbp_topic_count_hidden":0,"_bbp_reply_count_hidden":0,"_bbp_forum_subforum_count":0,"footnotes":""},"class_list":["post-5190","page","type-page","status-publish","hentry"],"post_mailing_queue_ids":[],"_links":{"self":[{"href":"https:\/\/agora.xtec.cat\/sesernestlluch-cunit\/wp-json\/wp\/v2\/pages\/5190","targetHints":{"allow":["GET"]}}],"collection":[{"href":"https:\/\/agora.xtec.cat\/sesernestlluch-cunit\/wp-json\/wp\/v2\/pages"}],"about":[{"href":"https:\/\/agora.xtec.cat\/sesernestlluch-cunit\/wp-json\/wp\/v2\/types\/page"}],"author":[{"embeddable":true,"href":"https:\/\/agora.xtec.cat\/sesernestlluch-cunit\/wp-json\/wp\/v2\/users\/3"}],"replies":[{"embeddable":true,"href":"https:\/\/agora.xtec.cat\/sesernestlluch-cunit\/wp-json\/wp\/v2\/comments?post=5190"}],"version-history":[{"count":1,"href":"https:\/\/agora.xtec.cat\/sesernestlluch-cunit\/wp-json\/wp\/v2\/pages\/5190\/revisions"}],"predecessor-version":[{"id":5191,"href":"https:\/\/agora.xtec.cat\/sesernestlluch-cunit\/wp-json\/wp\/v2\/pages\/5190\/revisions\/5191"}],"up":[{"embeddable":true,"href":"https:\/\/agora.xtec.cat\/sesernestlluch-cunit\/wp-json\/wp\/v2\/pages\/5144"}],"wp:attachment":[{"href":"https:\/\/agora.xtec.cat\/sesernestlluch-cunit\/wp-json\/wp\/v2\/media?parent=5190"}],"curies":[{"name":"wp","href":"https:\/\/api.w.org\/{rel}","templated":true}]}}