{"id":5188,"date":"2020-04-25T00:04:28","date_gmt":"2020-04-24T22:04:28","guid":{"rendered":"https:\/\/agora.xtec.cat\/sesernestlluch-cunit\/?page_id=5188"},"modified":"2020-04-25T00:27:54","modified_gmt":"2020-04-24T22:27:54","slug":"area-de-diversitat","status":"publish","type":"page","link":"https:\/\/agora.xtec.cat\/sesernestlluch-cunit\/projectes-de-centre\/area-de-diversitat\/","title":{"rendered":"\u00c0rea de Diversitat"},"content":{"rendered":"<p><del datetime=\"2020-04-24T22:22:03+00:00\"><embed src=\"https:\/\/drive.google.com\/viewerng\/viewer?embedded=true&#038;url=https:\/\/agora.xtec.cat\/sesernestlluch-cunit\/wp-content\/uploads\/usu1679\/2020\/04\/Presentaci\u00f3-Aula-Oberta.pdf\" style=\"width:100%; height:500px;\"><\/iframe><\/p>\n<h2><span style=\"font-weight: 400;\">SERVEI DE MEDIACI\u00d3\u00a0<\/span><\/h2>\n<p><span style=\"font-weight: 400;\">Des del 2017-2018 hem tornat a recuperar al nostre institut el Programa de Mediaci\u00f3 Escolar estructurat i promogut pel Departament d\u2019Ensenyament dintre del Projecte de Conviv\u00e8ncia del Centre.\u00a0<\/span><\/p>\n<p><span style=\"font-weight: 400;\">Amb la col\u00b7laboraci\u00f3 de l\u2019Ajuntament de Cunit, formem alumnat mediador amb l\u2019objectiu de contribuir a regular la conviv\u00e8ncia en el centre, desenvolupant actituds i habilitats relacionals positives, prevenint la viol\u00e8ncia, intervenint constructivament enfront els conflictes i propiciant la reparaci\u00f3 responsable i la reconciliaci\u00f3 entre la comunitat educativa.\u00a0<\/span><\/p>\n<p><span style=\"font-weight: 400;\">La mediaci\u00f3 millora el clima del centre i incideix positivament en la resta d\u2019activitats educatives.<\/span><\/p>\n<p>&nbsp;<\/p>\n<h2><span style=\"font-weight: 400;\">SIEI<\/span><\/h2>\n<p><span style=\"font-weight: 400;\">Suport Intensiu per a l\u2019Escolaritzaci\u00f3 Inclusiva \u00e9s un recurs per atendre alumnes amb necessitats educatives especials que ho necessitin. L\u2019objectiu principal \u00e9s treballar l\u2019autonomia personal, les habilitats socials i comunicatives, l\u2019autoconeixement i la regularitzaci\u00f3 de la pr\u00f2pia conducta a trav\u00e9s de diferents tallers.\u00a0<\/span><\/p>\n<p><span style=\"font-weight: 400;\">Des del 2016-2017, els alumnes desenvolupen la seva autonomia personal en una aula convertida en un \u201cpiset\u201d. Aquest projecte \u00e9s valorat molt positivament per l\u2019alumnat i les fam\u00edlies, i s\u2019evidencia un augment en la seva autoestima i autonomia que ha repercutit en la seva millora acad\u00e8mica<\/span> <span style=\"font-weight: 400;\">i personal.<\/span><\/p>\n<p>&nbsp;<\/p>\n<h2><span style=\"font-weight: 400;\">PROGRAMA DELEGATS\/DES EN 3D<\/span><\/h2>\n<p><span style=\"font-weight: 400;\">Aquest programa, impulsat per la Direcci\u00f3 General de Joventut del Departament de Treball, Afers Socials i Fam\u00edlies, t\u00e9 com a objectiu fomentar la cultura participativa de l\u2019alumnat i el professorat.<\/span><\/p>\n<p><span style=\"font-weight: 400;\">Des del curs 2015-2016 l\u2019alumnat de diversitat, a trav\u00e9s de la figura del delegat\/da de classe i amb el suport del tutor\/a i d\u2019una persona especialitzada en el foment de la participaci\u00f3 porten a terme un projecte al llarg del curs a l\u2019aula, que comporta organitzar-se, assumir tasques i prendre decisions de forma conjunta.<\/span><\/p>\n<p><span style=\"font-weight: 400;\">3D \u00e9s un projecte que pret\u00e9n fomentar la cultura participativa dins dels centres educatius a trav\u00e9s del desenvolupament d\u2019un projecte concret escollit pel propi alumnat i implementat de forma participativa.<\/span><\/p>\n<p><span style=\"font-weight: 400;\">Els alumnes, a trav\u00e9s de la figura del delegat\/a de classe i amb el suport del tutor\/a,\u00a0 porten a terme un projecte que els implica organitzar-se, assumir tasques i prendre decisions de forma conjunta al llarg del curs.<\/span><\/p>\n<p><b>Objectius del programa 3D <\/b><\/p>\n<ol>\n<li><span style=\"font-weight: 400;\"> Potenciar i refor\u00e7ar la tasca del delegat i delegada com a interlocutor i dinamitzador de l\u2019aula.<\/span><\/li>\n<li><span style=\"font-weight: 400;\"> Millorar les compet\u00e8ncies de l\u2019alumnat i del professorat en coneixements, procediments i actituds per treballar i organitzar-se de manera participativa a l\u2019aula mitjan\u00e7ant la pr\u00e0ctica participativa.<\/span><\/li>\n<li><span style=\"font-weight: 400;\"> Fomentar el rol actiu de l\u2019alumnat en la presa de decisions sobre els temes que li afecten.<\/span><\/li>\n<li><span style=\"font-weight: 400;\"> Millorar i incrementar la qualitat de la participaci\u00f3 al centre.<\/span><\/li>\n<\/ol>\n<p><b>En qu\u00e8 consisteix:<\/b><\/p>\n<p><span style=\"font-weight: 400;\">Es tracta d\u2019un programa on es fomenta la participaci\u00f3 a trav\u00e9s de l\u2019assessorament d\u2019una entitat experta en participaci\u00f3. El programa es desenvolupa al llarg del curs i consisteix en 5 sessions d\u2019assessorament per a tutors\/tutores i 5 sessions per a delegats i delegades.<\/span><\/p>\n<p><span style=\"font-weight: 400;\">Entre sessi\u00f3 i sessi\u00f3, durant les hores de tutoria, els delegats\/ades i el professorat, posen en pr\u00e0ctica all\u00f2 que han apr\u00e8s en les sessions formatives treballant de forma conjunta amb la resta d\u2019alumnes de la seva classe per tal de portar a terme un\u00a0 projecte concret.<\/span><\/p>\n<p><span style=\"font-weight: 400;\">El paper de delegat\/ada \u00e9s doble: per un cant\u00f3, a l\u2019aula, ha d\u2019ajudar a organitzar els seus companys de classe i a facilitar la presa de decisions conjuntes sobre el projecte en q\u00fcesti\u00f3; i, per l\u2019altra, en les quatre sessions d\u2019assessorament on es troba amb la resta de delegats\/ades, haur\u00e0 de fer de portaveu del que s\u2019hagi\u00a0 treballat a la seva aula, tot interioritzant els coneixements i les eines per a la participaci\u00f3 que l\u2019entitat assessora li haur\u00e0 facilitat.<\/span><\/p>\n<p>&nbsp;<\/p>\n<h2><span style=\"font-weight: 400;\">DESC-OBRE<\/span><\/h2>\n<p><span style=\"font-weight: 400;\">El projecte Desc-Obre consisteix en 300 hores d\u2019estada en empreses que desenvolupen l\u2019alumnat d\u2019aula oberta de final d\u2019etapa, 4t d\u2019ESO. Mitjan\u00e7ant aquest projecte de diversificaci\u00f3 curricular els alumnes fan estades en diferents entitats i\/o empreses municipals privades o p\u00fabliques, amb la finalitat d\u2019adquirir un primer contacte en el m\u00f3n laboral i ajudar en l\u2019orientaci\u00f3 acad\u00e8mica.\u00a0<\/span><\/p>\n<p><span style=\"font-weight: 400;\">\u00a0<\/span><\/p>\n<h2><span style=\"font-weight: 400;\">REACCIONA<\/span><\/h2>\n<p><span style=\"font-weight: 400;\">La finalitat del projecte Reacciona \u00e9s treballar la consci\u00e8ncia social i la cultura de pau mitjan\u00e7ant la realitzaci\u00f3 d\u2019un curtmetratge per part dels alumnes. L\u2019alumnat de diversitat es va iniciar en aquest projecte el curs 2018-2019 on van portar a terme la pr\u00e0ctica audiovisual\u00a0<\/span><span style=\"font-weight: 400;\">amb sensibilitzaci\u00f3 a tem\u00e0tiques de cooperaci\u00f3 i solidaritat, i de medi ambient, en un context general d\u2019aprenentatge i servei.\u00a0<\/span><\/p>\n<p><span style=\"font-weight: 400;\">El llenguatge audiovisual s\u2019adequa molt b\u00e9 a la metodologia pedag\u00f2gica de diversitat perqu\u00e8 es treballa per projectes, fomentant el treball en grup, la participaci\u00f3 i l\u2019experimentaci\u00f3 d\u2019emocions. Els alumnes investiguen, parlen amb experts, busquen informaci\u00f3 i elaboren en imatges per explicar la tem\u00e0tica escollida.\u00a0<\/span><\/p>\n<p><span style=\"font-weight: 400;\">El taller de cinema ha estat finan\u00e7at per l\u2019Ajuntament de Cunit.<\/span><\/p>\n<p><b>Beneficis del projecte:<\/b><\/p>\n<ul>\n<li style=\"font-weight: 400;\"><span style=\"font-weight: 400;\">\u00c9s estimulant.<\/span><\/li>\n<li style=\"font-weight: 400;\"><span style=\"font-weight: 400;\">Fomenta el treball en grup, la participaci\u00f3 i l\u2019experimentaci\u00f3 d\u2019emocions perqu\u00e8 t\u2019obliga a posar-te \u201cen la pell de l\u2019altre\u201d. Els alumnes hauran d\u2019investigar, parlar amb experts, buscar informaci\u00f3, treballar-la i elaborar-la en imatges per explicar la tem\u00e0tica escollida, a la seva manera.<\/span><\/li>\n<li style=\"font-weight: 400;\"><span style=\"font-weight: 400;\">Treballar en consens per un objectiu en com\u00fa.<\/span><\/li>\n<li style=\"font-weight: 400;\"><span style=\"font-weight: 400;\">Interdisciplinarietat.<\/span><\/li>\n<li style=\"font-weight: 400;\"><span style=\"font-weight: 400;\">Inclusi\u00f3.<\/span><\/li>\n<li style=\"font-weight: 400;\"><span style=\"font-weight: 400;\">Col\u00b7laboraci\u00f3.<\/span><\/li>\n<li style=\"font-weight: 400;\"><span style=\"font-weight: 400;\">Cooperaci\u00f3.<\/span><\/li>\n<li style=\"font-weight: 400;\"><span style=\"font-weight: 400;\">Intel.lig\u00e8ncia social.<\/span><\/li>\n<li style=\"font-weight: 400;\"><span style=\"font-weight: 400;\">Descoberta essencial per als joves que els hi cal ser molt cr\u00edtics amb el m\u00f3n audiovisual que ens envolta.<\/span><\/li>\n<\/ul>\n<p>&nbsp;<\/p>\n<h2><span style=\"font-weight: 400;\">CAMPANYA DE DONACI\u00d3 DE SANG<\/span><\/h2>\n<p><span style=\"font-weight: 400;\">El Banc de Sang i Teixits fa possible el programa educatiu de Donaci\u00f3 de Sang, en el que involucra als nostres joves en la difusi\u00f3 de la necessitat de donar sang.<\/span><\/p>\n<p><span style=\"font-weight: 400;\">&#8220;Apr\u00e8n, participa i dona&#8221; \u00e9s un programa educatiu perqu\u00e8 infants i joves de 6 a 18 anys adquireixin coneixements i valors a trav\u00e9s de la promoci\u00f3 de la donaci\u00f3 de sang i l&#8217;organitzaci\u00f3 d&#8217;una campanya.<\/span><\/p>\n<p><span style=\"font-weight: 400;\">Els participants aprenen sobre la sang, la donaci\u00f3 i aspectes de comunicaci\u00f3, alhora que duen a terme un servei de promoci\u00f3 de la salut dins del municipi de Cunit. L\u2019activitat t\u00e9 diferents parts:<\/span><\/p>\n<ol>\n<li style=\"font-weight: 400;\"><span style=\"font-weight: 400;\">L\u2019alumnat rep formaci\u00f3 amb continguts cient\u00edfico-m\u00e8dics, de comunicaci\u00f3 i de valors.<\/span><\/li>\n<li style=\"font-weight: 400;\"><span style=\"font-weight: 400;\">L\u2019alumnat crea materials per promocionar la donaci\u00f3 de sang i organitza la seva pr\u00f2pia campanya de difusi\u00f3 per conscienciar els ve\u00efns i ve\u00efnes de Cunit i animar-los que donin sang.<\/span><\/li>\n<li style=\"font-weight: 400;\"><span style=\"font-weight: 400;\">S\u2019avalua l\u2019activitat conjuntament amb l\u2019equip educatiu i es fa un reconeixement amb els resultats de la campanya pel centre i pels participants.<\/span><\/li>\n<\/ol>\n<p>&nbsp;<\/p>\n","protected":false},"excerpt":{"rendered":"<p>SERVEI DE MEDIACI\u00d3\u00a0<br \/>\nDes del 2017-2018 hem tornat a recuperar al nostre institut el Programa de Mediaci\u00f3 Escolar estructurat i promogut pel Departament d\u2019Ensenyament dintre del Projecte de Conviv\u00e8ncia del Centre.\u00a0<br \/>\nAmb la col\u00b7laboraci\u00f3 de l\u2019Ajuntament de Cunit, formem alumnat mediador amb l\u2019objectiu de contribuir a regular&hellip;  <a href=\"https:\/\/agora.xtec.cat\/sesernestlluch-cunit\/projectes-de-centre\/area-de-diversitat\/\" title=\"Read \u00c0rea de Diversitat\">Llegeix m\u00e9s\u00bb<\/a><\/p>\n","protected":false},"author":3,"featured_media":0,"parent":5144,"menu_order":2,"comment_status":"closed","ping_status":"closed","template":"page-templates\/side-menu.php","meta":{"_bbp_topic_count":0,"_bbp_reply_count":0,"_bbp_total_topic_count":0,"_bbp_total_reply_count":0,"_bbp_voice_count":0,"_bbp_anonymous_reply_count":0,"_bbp_topic_count_hidden":0,"_bbp_reply_count_hidden":0,"_bbp_forum_subforum_count":0,"footnotes":""},"class_list":["post-5188","page","type-page","status-publish","hentry"],"post_mailing_queue_ids":[],"_links":{"self":[{"href":"https:\/\/agora.xtec.cat\/sesernestlluch-cunit\/wp-json\/wp\/v2\/pages\/5188","targetHints":{"allow":["GET"]}}],"collection":[{"href":"https:\/\/agora.xtec.cat\/sesernestlluch-cunit\/wp-json\/wp\/v2\/pages"}],"about":[{"href":"https:\/\/agora.xtec.cat\/sesernestlluch-cunit\/wp-json\/wp\/v2\/types\/page"}],"author":[{"embeddable":true,"href":"https:\/\/agora.xtec.cat\/sesernestlluch-cunit\/wp-json\/wp\/v2\/users\/3"}],"replies":[{"embeddable":true,"href":"https:\/\/agora.xtec.cat\/sesernestlluch-cunit\/wp-json\/wp\/v2\/comments?post=5188"}],"version-history":[{"count":4,"href":"https:\/\/agora.xtec.cat\/sesernestlluch-cunit\/wp-json\/wp\/v2\/pages\/5188\/revisions"}],"predecessor-version":[{"id":9735,"href":"https:\/\/agora.xtec.cat\/sesernestlluch-cunit\/wp-json\/wp\/v2\/pages\/5188\/revisions\/9735"}],"up":[{"embeddable":true,"href":"https:\/\/agora.xtec.cat\/sesernestlluch-cunit\/wp-json\/wp\/v2\/pages\/5144"}],"wp:attachment":[{"href":"https:\/\/agora.xtec.cat\/sesernestlluch-cunit\/wp-json\/wp\/v2\/media?parent=5188"}],"curies":[{"name":"wp","href":"https:\/\/api.w.org\/{rel}","templated":true}]}}