{"id":5183,"date":"2020-04-25T00:02:27","date_gmt":"2020-04-24T22:02:27","guid":{"rendered":"https:\/\/agora.xtec.cat\/sesernestlluch-cunit\/?page_id=5183"},"modified":"2020-04-25T00:06:23","modified_gmt":"2020-04-24T22:06:23","slug":"area-de-llengues","status":"publish","type":"page","link":"https:\/\/agora.xtec.cat\/sesernestlluch-cunit\/projectes-de-centre\/area-de-llengues\/","title":{"rendered":"\u00c0rea de Lleng\u00fces"},"content":{"rendered":"<h2><span style=\"font-weight: 400;\">COMPANY-GUIA<\/span><\/h2>\n<p><span style=\"font-weight: 400;\">\u00c9s un servei voluntari que fan els nostres alumnes del centre a un company que acaba d\u2019arribar al nostre institut per tal d\u2019ajudar-lo a adaptar-se, a con\u00e8ixer els espais, l\u2019organitzaci\u00f3 del centre, els professors i els altres companys, per tal que se senti ben acompanyat.<\/span><\/p>\n<p>&nbsp;<\/p>\n<h2><span style=\"font-weight: 400;\">AULA D\u2019ACOLLIDA<\/span><\/h2>\n<p><span style=\"font-weight: 400;\">L\u2019aula d\u2019acollida \u00e9s l\u2019espai on l\u2019alumnat nouvingut assisteix una part del seu horari escolar per tal que vagi adquirint una major autonomia personal i compet\u00e8ncia ling\u00fc\u00edstica a fi de poder seguir el curr\u00edculum amb tota normalitat. L\u2019aula d\u2019acollida del centre t\u00e9 com a principi b\u00e0sic garantir l\u2019aprenentatge de la llengua, l\u2019acc\u00e9s al curr\u00edculum com\u00fa i el proc\u00e9s de socialitzaci\u00f3 de l\u2019alumnat nouvingut.<\/span><\/p>\n<p>&nbsp;<\/p>\n<h2><span style=\"font-weight: 400;\">PARELLA LING\u00dc\u00cdSTICA<\/span><\/h2>\n<p><span style=\"font-weight: 400;\">L\u2019intercanvi de conversa amb una parella ling\u00fc\u00edstica \u00e9s una activitat que es duu a terme amb dos estudiants del centre, un de llengua materna catalana i un de nouvingut. Aquest intercanvi ling\u00fc\u00edstic i cultural, t\u00e9 l\u2019objectiu que els estudiants nouvinguts puguin aprendre i practicar catal\u00e0 i castell\u00e0 i familiaritzar-se amb la realitat ling\u00fc\u00edstica i cultural de Catalunya.<\/span><\/p>\n<p>&nbsp;<\/p>\n<h2><span style=\"font-weight: 400;\">PLA D\u2019IMPULS A LA LECTURA<\/span><\/h2>\n<p><span style=\"font-weight: 400;\">Des del curs 2014-2015, amb la finalitat d\u2019aconseguir la millora de l\u2019\u00e8xit escolar de tot l\u2019alumnat, el centre potencia la lectura a trav\u00e9s d\u2019aquest projecte. L\u2019objectiu \u00e9s augmentar la compet\u00e8ncia comunicativa i ling\u00fc\u00edstica i el desenvolupament de l\u2019h\u00e0bit lector del nostre alumnat. La compet\u00e8ncia lectora \u00e9s la base de molts aprenentatges i un requisit per participar amb \u00e8xit en bona part dels \u00e0mbits de la vida adulta.\u00a0<\/span><\/p>\n<p><span style=\"font-weight: 400;\">El projecte es desenvolupa durant 1 hora a la setmana a la mat\u00e8ria optativa de 1r i 2n d\u2019ESO. Es treballa a partir d\u2019un dossier elaborat pel professorat del centre, amb activitats que pret\u00e9n millorar la comprensi\u00f3 lectora, la lectura en veu alta i fomentar el gust per la lectura. L\u2019alumnat tamb\u00e9 disposa d\u2019un carro amb llibres de diferent tem\u00e0tica adequats per a l\u2019edat adolescent.\u00a0<\/span><\/p>\n<p><span style=\"font-weight: 400;\">A m\u00e9s, la Biblioteca Marta Mata ens ofereix la possibilitat de realitzar visites i tallers amb l\u2019objectiu de familiaritzar l\u2019alumnat amb els serveis que ofereix aquesta entitat i fomentar el gust per la lectura.\u00a0<\/span><\/p>\n<p>&nbsp;<\/p>\n","protected":false},"excerpt":{"rendered":"<p>COMPANY-GUIA<br \/>\n\u00c9s un servei voluntari que fan els nostres alumnes del centre a un company que acaba d\u2019arribar al nostre institut per tal d\u2019ajudar-lo a adaptar-se, a con\u00e8ixer els espais, l\u2019organitzaci\u00f3 del centre, els professors i els altres companys, per tal que se senti ben acompanyat.<br \/>\n&nbsp;<br \/>\nAULA&hellip;  <a href=\"https:\/\/agora.xtec.cat\/sesernestlluch-cunit\/projectes-de-centre\/area-de-llengues\/\" title=\"Read \u00c0rea de Lleng\u00fces\">Llegeix m\u00e9s\u00bb<\/a><\/p>\n","protected":false},"author":3,"featured_media":0,"parent":5144,"menu_order":1,"comment_status":"closed","ping_status":"closed","template":"page-templates\/side-menu.php","meta":{"_bbp_topic_count":0,"_bbp_reply_count":0,"_bbp_total_topic_count":0,"_bbp_total_reply_count":0,"_bbp_voice_count":0,"_bbp_anonymous_reply_count":0,"_bbp_topic_count_hidden":0,"_bbp_reply_count_hidden":0,"_bbp_forum_subforum_count":0,"footnotes":""},"class_list":["post-5183","page","type-page","status-publish","hentry"],"post_mailing_queue_ids":[],"_links":{"self":[{"href":"https:\/\/agora.xtec.cat\/sesernestlluch-cunit\/wp-json\/wp\/v2\/pages\/5183","targetHints":{"allow":["GET"]}}],"collection":[{"href":"https:\/\/agora.xtec.cat\/sesernestlluch-cunit\/wp-json\/wp\/v2\/pages"}],"about":[{"href":"https:\/\/agora.xtec.cat\/sesernestlluch-cunit\/wp-json\/wp\/v2\/types\/page"}],"author":[{"embeddable":true,"href":"https:\/\/agora.xtec.cat\/sesernestlluch-cunit\/wp-json\/wp\/v2\/users\/3"}],"replies":[{"embeddable":true,"href":"https:\/\/agora.xtec.cat\/sesernestlluch-cunit\/wp-json\/wp\/v2\/comments?post=5183"}],"version-history":[{"count":3,"href":"https:\/\/agora.xtec.cat\/sesernestlluch-cunit\/wp-json\/wp\/v2\/pages\/5183\/revisions"}],"predecessor-version":[{"id":5194,"href":"https:\/\/agora.xtec.cat\/sesernestlluch-cunit\/wp-json\/wp\/v2\/pages\/5183\/revisions\/5194"}],"up":[{"embeddable":true,"href":"https:\/\/agora.xtec.cat\/sesernestlluch-cunit\/wp-json\/wp\/v2\/pages\/5144"}],"wp:attachment":[{"href":"https:\/\/agora.xtec.cat\/sesernestlluch-cunit\/wp-json\/wp\/v2\/media?parent=5183"}],"curies":[{"name":"wp","href":"https:\/\/api.w.org\/{rel}","templated":true}]}}