{"id":5042,"date":"2020-04-23T19:39:00","date_gmt":"2020-04-23T17:39:00","guid":{"rendered":"https:\/\/agora.xtec.cat\/sesernestlluch-cunit\/?page_id=5042"},"modified":"2024-05-21T00:30:36","modified_gmt":"2024-05-20T22:30:36","slug":"borsa-de-treball","status":"publish","type":"page","link":"https:\/\/agora.xtec.cat\/sesernestlluch-cunit\/borsa-de-treball\/","title":{"rendered":"Borsa de treball"},"content":{"rendered":"<div id=\"comp-ippngpt8\" class=\"txtNew\" data-packed=\"true\">\n<h2><a href=\"https:\/\/agora.xtec.cat\/sesernestlluch-cunit\/wp-content\/uploads\/usu1679\/2020\/04\/pants-1255851_1280.jpg\"><img loading=\"lazy\" decoding=\"async\" class=\"aligncenter wp-image-5044 size-large\" src=\"https:\/\/agora.xtec.cat\/sesernestlluch-cunit\/wp-content\/uploads\/usu1679\/2020\/04\/pants-1255851_1280-1024x678.jpg\" alt=\"\" width=\"1024\" height=\"678\" srcset=\"https:\/\/agora.xtec.cat\/sesernestlluch-cunit\/wp-content\/uploads\/usu1679\/2020\/04\/pants-1255851_1280-1024x678.jpg 1024w, https:\/\/agora.xtec.cat\/sesernestlluch-cunit\/wp-content\/uploads\/usu1679\/2020\/04\/pants-1255851_1280-300x199.jpg 300w, https:\/\/agora.xtec.cat\/sesernestlluch-cunit\/wp-content\/uploads\/usu1679\/2020\/04\/pants-1255851_1280-768x509.jpg 768w, https:\/\/agora.xtec.cat\/sesernestlluch-cunit\/wp-content\/uploads\/usu1679\/2020\/04\/pants-1255851_1280.jpg 1280w\" sizes=\"auto, (max-width: 1024px) 100vw, 1024px\" \/><\/a><\/h2>\n<h2 class=\"font_2\">Borsa de treball de l&#8217;institut Ernest Lluch i Mart\u00edn<\/h2>\n<\/div>\n<div id=\"comp-ippnhmx5\" class=\"txtNew\" data-packed=\"true\">\n<h4 class=\"font_6\">Utilitat per a exalumnes, alumnes, particulars i empreses<\/h4>\n<\/div>\n<div id=\"comp-ippnxs84\" class=\"txtNew\" data-packed=\"true\">\n<p class=\"font_7\">L&#8217;\u00fas d&#8217;aquesta eina \u00e9s molt senzill. Si vols o necessites alg\u00fa per treballar, nom\u00e9s cal omplir el formulari i tots els alumnes o ex-alumnes que s&#8217;hagin inscrit per rebre ofertes tindran un missatge al seu correu electr\u00f2nic. Si creuen que responen al perfil que demanes, es posaran en contacte amb tu.<\/p>\n<p>&nbsp;<\/p>\n<\/div>\n<table style=\"height: 400px;\" width=\"100%\">\n<tbody>\n<tr style=\"height: 242px;\">\n<td style=\"width: 50%; height: 242px;\">\n<div id=\"comp-iq3xzmnm\" class=\"txtNew\" data-packed=\"true\">\n<h2 class=\"font_6\">Per qui vol contractar alg\u00fa:<\/h2>\n<\/div>\n<div id=\"comp-ippnil71\" class=\"txtNew\" data-packed=\"true\">\n<p class=\"font_7\">Exemples d&#8217;\u00fas per a empreses i particulars:<\/p>\n<ul class=\"font_7\">\n<li>\n<p class=\"font_7\">Demanda de treball de l&#8217;\u00e0mbit inform\u00e0tic<\/p>\n<\/li>\n<li>\n<p class=\"font_7\">Demandes per treballar en negocis d&#8217;imatge personal i perruqueria<\/p>\n<\/li>\n<li>\n<p class=\"font_7\">Demandes de classes de rep\u00e0s per a alumnes del centre<\/p>\n<\/li>\n<li>\n<p class=\"font_7\">&#8230;<\/p>\n<\/li>\n<\/ul>\n<\/div>\n<\/td>\n<td style=\"width: 50%; height: 242px;\">\n<div id=\"comp-iq3y02we\" class=\"txtNew\" data-packed=\"true\">\n<h2 class=\"font_6\">Per qui vol que el contractin:<\/h2>\n<\/div>\n<div id=\"comp-ippnqboe\" class=\"txtNew\" data-packed=\"true\">\n<p class=\"font_7\">Exemples d&#8217;\u00fas per a alumnes i exalumnes:<\/p>\n<ul class=\"font_7\">\n<li>\n<p class=\"font_7\">Busco treball relacionat amb el CFGM que he estudiat.<\/p>\n<\/li>\n<li>\n<p class=\"font_7\">Vull oferir-me per fer classes de rep\u00e0s.<\/p>\n<\/li>\n<li>\n<p class=\"font_7\">Desitjo estar informat d&#8217;ofertes de treball que em puguin interessar<\/p>\n<\/li>\n<li>\n<p class=\"font_7\">&#8230;<\/p>\n<\/li>\n<\/ul>\n<\/div>\n<\/td>\n<\/tr>\n<tr style=\"height: 46px;\">\n<td style=\"width: 487px; height: 46px; text-align: center;\"><a id=\"comp-ippnok7rlink\" class=\"b1link\" href=\"https:\/\/docs.google.com\/a\/iernestlluch.cat\/forms\/d\/1b4kcMQjB_yjy7XvUPi3BVQ1ivGuc-cdjhHc1Be0juXk\/viewform\" target=\"_blank\" rel=\"nofollow noopener noreferrer\" data-content=\"https:\/\/docs.google.com\/a\/iernestlluch.cat\/forms\/d\/1b4kcMQjB_yjy7XvUPi3BVQ1ivGuc-cdjhHc1Be0juXk\/viewform\" data-type=\"external\"><span id=\"comp-ippnok7rlabel\" class=\"b1label\">Vull comunicar una demanda!<\/span><\/a><\/td>\n<td style=\"width: 488px; height: 46px; text-align: center;\"><a id=\"comp-ippns8bplink\" class=\"b1link\" href=\"https:\/\/docs.google.com\/a\/iernestlluch.cat\/forms\/d\/1el9bQwDCsE9DV_vjQChFsJQb3j202DQwXGvtXe_Tgjc\/viewform\" target=\"_blank\" rel=\"nofollow noopener noreferrer\" data-content=\"https:\/\/docs.google.com\/a\/iernestlluch.cat\/forms\/d\/1el9bQwDCsE9DV_vjQChFsJQb3j202DQwXGvtXe_Tgjc\/viewform\" data-type=\"external\"><span id=\"comp-ippns8bplabel\" class=\"b1label\">Vull rebre ofertes!<\/span><\/a><\/td>\n<\/tr>\n<\/tbody>\n<\/table>\n<div id=\"comp-iq3xzmnm\" class=\"txtNew\" data-packed=\"true\"><\/div>\n<p>&nbsp;<\/p>\n<div id=\"comp-ippns8bp\" class=\"b1\" data-align=\"center\" data-disabled=\"false\" data-margin=\"0\" data-should-use-flex=\"true\" data-width=\"202\" data-height=\"40\" data-state=\"desktop shouldUseFlex center\"><\/div>\n","protected":false},"excerpt":{"rendered":"<p><a href=\"https:\/\/agora.xtec.cat\/sesernestlluch-cunit\/wp-content\/uploads\/usu1679\/2020\/04\/pants-1255851_1280.jpg\"><\/a><br \/>\nBorsa de treball de l&#8217;institut Ernest Lluch i Mart\u00edn<\/p>\n<p>Utilitat per a exalumnes, alumnes, particulars i empreses<\/p>\n<p>L&#8217;\u00fas d&#8217;aquesta eina \u00e9s molt senzill. Si vols o necessites alg\u00fa per treballar, nom\u00e9s cal omplir el formulari i tots els alumnes o ex-alumnes que s&#8217;hagin inscrit per rebre&hellip;  <a href=\"https:\/\/agora.xtec.cat\/sesernestlluch-cunit\/borsa-de-treball\/\" title=\"Read Borsa de treball\">Llegeix m\u00e9s\u00bb<\/a><\/p>\n","protected":false},"author":3,"featured_media":0,"parent":0,"menu_order":0,"comment_status":"closed","ping_status":"closed","template":"","meta":{"_bbp_topic_count":0,"_bbp_reply_count":0,"_bbp_total_topic_count":0,"_bbp_total_reply_count":0,"_bbp_voice_count":0,"_bbp_anonymous_reply_count":0,"_bbp_topic_count_hidden":0,"_bbp_reply_count_hidden":0,"_bbp_forum_subforum_count":0,"footnotes":""},"class_list":["post-5042","page","type-page","status-publish","hentry"],"post_mailing_queue_ids":[],"_links":{"self":[{"href":"https:\/\/agora.xtec.cat\/sesernestlluch-cunit\/wp-json\/wp\/v2\/pages\/5042","targetHints":{"allow":["GET"]}}],"collection":[{"href":"https:\/\/agora.xtec.cat\/sesernestlluch-cunit\/wp-json\/wp\/v2\/pages"}],"about":[{"href":"https:\/\/agora.xtec.cat\/sesernestlluch-cunit\/wp-json\/wp\/v2\/types\/page"}],"author":[{"embeddable":true,"href":"https:\/\/agora.xtec.cat\/sesernestlluch-cunit\/wp-json\/wp\/v2\/users\/3"}],"replies":[{"embeddable":true,"href":"https:\/\/agora.xtec.cat\/sesernestlluch-cunit\/wp-json\/wp\/v2\/comments?post=5042"}],"version-history":[{"count":3,"href":"https:\/\/agora.xtec.cat\/sesernestlluch-cunit\/wp-json\/wp\/v2\/pages\/5042\/revisions"}],"predecessor-version":[{"id":5050,"href":"https:\/\/agora.xtec.cat\/sesernestlluch-cunit\/wp-json\/wp\/v2\/pages\/5042\/revisions\/5050"}],"wp:attachment":[{"href":"https:\/\/agora.xtec.cat\/sesernestlluch-cunit\/wp-json\/wp\/v2\/media?parent=5042"}],"curies":[{"name":"wp","href":"https:\/\/api.w.org\/{rel}","templated":true}]}}