{"id":46,"date":"2023-06-01T10:00:45","date_gmt":"2023-06-01T08:00:45","guid":{"rendered":"http:\/\/agora.xtec.cat\/sesernestlluch-cunit\/?page_id=46"},"modified":"2025-11-14T08:27:45","modified_gmt":"2025-11-14T07:27:45","slug":"equiphuma","status":"publish","type":"page","link":"https:\/\/agora.xtec.cat\/sesernestlluch-cunit\/linstitut\/equiphuma\/","title":{"rendered":"Equip hum\u00e0"},"content":{"rendered":"<h2><span style=\"font-weight: 400;\">\u00d2rgans unipersonals d\u2019organitzaci\u00f3 i gesti\u00f3<\/span><\/h2>\n<h5>L&#8217;equip directiu<\/h5>\n<p><span style=\"font-weight: 400;\">Les funcions del director venen determinades pel <\/span><a href=\"http:\/\/portaljuridic.gencat.cat\/ca\/pjur_ocults\/pjur_resultats_fitxa\/?documentId=563091&amp;action=fitxa\"><span style=\"font-weight: 400;\">decret de direccions <\/span><\/a><span style=\"font-weight: 400;\">(155\/2010 de 2 de novembre). Part d\u2019aquestes funcions, tal com preveu l\u2019article 147 de la <\/span><a href=\"http:\/\/ensenyament.gencat.cat\/web\/.content\/home\/departament\/normativa\/normativa-educacio\/lec_12_2009.pdf\"><span style=\"font-weight: 400;\">LEC<\/span><\/a><span style=\"font-weight: 400;\"> es deleguen en la resta de membres de l\u2019equip directiu, especificant-se a les <\/span><a href=\"https:\/\/docs.google.com\/document\/d\/1izT6azMJ6C8m-A4q-Vxu-Lf-e8WB-C0yy5b4akwaKTs\/edit?usp=sharing\"><span style=\"font-weight: 400;\">NOFC<\/span><\/a><span style=\"font-weight: 400;\"> del centre.<\/span><\/p>\n<table style=\"width: 55.219%; height: 165px;\">\n<tbody>\n<tr style=\"height: 33px;\">\n<td style=\"text-align: left; height: 33px; width: 41.0305%;\"><b>NOM<\/b><\/td>\n<td style=\"text-align: left; height: 33px; width: 99.673%;\"><b>C\u00c0RREC<\/b><\/td>\n<\/tr>\n<tr style=\"height: 33px;\">\n<td style=\"height: 33px; width: 41.0305%;\">ISABEL BARBA GARRANCHO<\/td>\n<td style=\"height: 33px; width: 99.673%;\"><span style=\"font-weight: 400;\">SECRET\u00c0RIA<\/span><\/td>\n<\/tr>\n<tr style=\"height: 33px;\">\n<td style=\"height: 33px; width: 41.0305%;\">N\u00daRIA BOFARULL SANZ<\/td>\n<td style=\"height: 33px; width: 99.673%;\"><span style=\"font-weight: 400;\">COORDiNADORA PEDAG\u00d2GICA<\/span><\/td>\n<\/tr>\n<tr style=\"height: 33px;\">\n<td style=\"height: 33px; width: 41.0305%;\">\u00c0LEX MILAN CRUZ<\/td>\n<td style=\"height: 33px; width: 99.673%;\"><span style=\"font-weight: 400;\">CAP D\u2019ESTUDIS FORMACI\u00d3 PROFESSIONAL<\/span><\/td>\n<\/tr>\n<tr>\n<td style=\"width: 41.0305%;\">MIKEL L\u00d3PEZ VILLARROYA<\/td>\n<td style=\"width: 99.673%;\">CAP D\u2019ESTUDIS<\/td>\n<\/tr>\n<tr style=\"height: 33px;\">\n<td style=\"height: 33px; width: 41.0305%;\">MARISA GONZ\u00c1LEZ FR\u00cdAS<\/td>\n<td style=\"height: 33px; width: 99.673%;\"><span style=\"font-weight: 400;\">DIRECTORA<\/span><\/td>\n<\/tr>\n<\/tbody>\n<\/table>\n<h2><span style=\"font-weight: 400;\">Coordinacions<\/span><\/h2>\n<p><span style=\"font-weight: 400;\">Les coordinacions que es desenvolupen al nostre centre, juntament amb els seus responsables, s\u2019especifiquen en el seg\u00fcent quadre:<\/span><\/p>\n<table style=\"width: 56.5697%; height: 608px;\">\n<tbody>\n<tr style=\"height: 32px;\">\n<td style=\"text-align: left; width: 235px; height: 32px;\"><b>NOM<\/b><\/td>\n<td style=\"text-align: left; width: 190px; height: 32px;\"><b>COORDINACI\u00d3<\/b><\/td>\n<\/tr>\n<tr style=\"height: 32px;\">\n<td style=\"width: 235px; height: 32px;\">RAQUEL BEJARANO CA\u00d1UETO<\/td>\n<td style=\"width: 190px; height: 32px;\"><span style=\"font-weight: 400;\">1r ESO<\/span><\/td>\n<\/tr>\n<tr style=\"height: 32px;\">\n<td style=\"width: 235px; height: 32px;\">XAVI GUITART NAYA<\/td>\n<td style=\"width: 190px; height: 32px;\"><span style=\"font-weight: 400;\">2n ESO<\/span><\/td>\n<\/tr>\n<tr style=\"height: 32px;\">\n<td style=\"width: 235px; height: 32px;\">MIRIAM IZQUIERDO MART\u00cd<\/td>\n<td style=\"width: 190px; height: 32px;\"><span style=\"font-weight: 400;\">3r ESO<\/span><\/td>\n<\/tr>\n<tr style=\"height: 32px;\">\n<td style=\"width: 235px; height: 32px;\">MIREIA SOLER BOIX<\/td>\n<td style=\"width: 190px; height: 32px;\"><span style=\"font-weight: 400;\">4t ESO<\/span><\/td>\n<\/tr>\n<tr style=\"height: 32px;\">\n<td style=\"width: 235px; height: 32px;\"><span style=\"font-weight: 400;\">\u00cdNGRID MU\u00d1OZ FERN\u00c1NDEZ<\/span><\/td>\n<td style=\"width: 190px; height: 32px;\"><span style=\"font-weight: 400;\">ESO<\/span><\/td>\n<\/tr>\n<tr style=\"height: 32px;\">\n<td style=\"width: 235px; height: 32px;\">LOLA DEL POZO GRAGERA<\/td>\n<td style=\"width: 190px; height: 32px;\">BATXILLERAT<\/td>\n<\/tr>\n<tr style=\"height: 32px;\">\n<td style=\"width: 235px; height: 32px;\"><span data-sheets-root=\"1\">JOANA BAIGES TOMAS<\/span><\/td>\n<td style=\"width: 190px; height: 32px;\"><span style=\"font-weight: 400;\">CICLES FORMATIUS<\/span><\/td>\n<\/tr>\n<tr style=\"height: 32px;\">\n<td style=\"width: 235px; height: 32px;\">CARLOS G\u00d3MEZ BORRED\u00c0<\/td>\n<td style=\"width: 190px; height: 32px;\">SERVEI COMUNITARI<\/td>\n<\/tr>\n<tr style=\"height: 32px;\">\n<td style=\"width: 235px; height: 32px;\">RUBEN GUIM DOMENECH<\/td>\n<td style=\"width: 190px; height: 32px;\">COCOBE<\/td>\n<\/tr>\n<tr style=\"height: 32px;\">\n<td style=\"width: 235px; height: 32px;\">BORJA DONET DONET<\/td>\n<td style=\"width: 190px; height: 32px;\">LIC<\/td>\n<\/tr>\n<tr style=\"height: 48px;\">\n<td style=\"width: 235px; height: 48px;\">SERGI ROMAGOSA I GONZALO<\/td>\n<td style=\"width: 190px; height: 48px;\"><span style=\"font-weight: 400;\">COMUNICACIONS EXTERNES<\/span><\/td>\n<\/tr>\n<tr style=\"height: 32px;\">\n<td style=\"width: 235px; height: 32px;\">YOLANDA SOTO PRIOR<\/td>\n<td style=\"width: 190px; height: 32px;\">ACTIVITATS<\/td>\n<\/tr>\n<tr style=\"height: 32px;\">\n<td style=\"width: 235px; height: 32px;\"><span style=\"font-weight: 400;\">ROSA FALLADA SALAT<\/span><\/td>\n<td style=\"width: 190px; height: 32px;\"><span style=\"font-weight: 400;\">P. CAT ESPORT<\/span><\/td>\n<\/tr>\n<tr style=\"height: 48px;\">\n<td style=\"width: 235px; height: 48px;\"><span style=\"font-weight: 400;\">JOSEP MARIA SALVADOR DUCH<\/span><\/td>\n<td style=\"width: 190px; height: 48px;\"><span style=\"font-weight: 400;\">RISCOS LABORALS<\/span><\/td>\n<\/tr>\n<tr style=\"height: 32px;\">\n<td style=\"width: 235px; height: 32px;\"><span data-sheets-root=\"1\">MERITXELL CARTA\u00d1\u00c1 PUJOL<\/span><\/td>\n<td style=\"width: 190px; height: 32px;\">COORD. DIGITAL<\/td>\n<\/tr>\n<\/tbody>\n<\/table>\n<h2><span style=\"font-weight: 400;\">Tutories<\/span><\/h2>\n<table style=\"height: 1136px; width: 57.2432%;\">\n<tbody>\n<tr style=\"height: 32px;\">\n<td style=\"text-align: left; height: 32px; width: 65.3302%;\"><b>NOM<\/b><\/td>\n<td style=\"text-align: left; height: 32px; width: 32.783%;\"><b>TUTORIA<\/b><\/td>\n<\/tr>\n<tr style=\"height: 32px;\">\n<td style=\"width: 65.3302%; height: 32px;\">PABLO MIGLIORELLI FALCONE<\/td>\n<td style=\"width: 32.783%; height: 32px;\">1r ESO A<\/td>\n<\/tr>\n<tr style=\"height: 32px;\">\n<td style=\"width: 65.3302%; height: 32px;\">CORAL SUERO GONZ\u00c1LEZ<\/td>\n<td style=\"width: 32.783%; height: 32px;\">1r ESO B<\/td>\n<\/tr>\n<tr style=\"height: 32px;\">\n<td style=\"width: 65.3302%; height: 32px;\"><span data-sheets-root=\"1\">F\u00c1TIMA SORIANO<\/span><\/td>\n<td style=\"width: 32.783%; height: 32px;\">1r ESO C<\/td>\n<\/tr>\n<tr style=\"height: 32px;\">\n<td style=\"width: 65.3302%; height: 32px;\">ENRIC CAPDEVILA MESA<\/td>\n<td style=\"width: 32.783%; height: 32px;\">1r ESO D<\/td>\n<\/tr>\n<tr style=\"height: 32px;\">\n<td style=\"width: 65.3302%; height: 32px;\"><span data-sheets-root=\"1\">RAIMON JAUME TORMO ALBELDA<\/span><\/td>\n<td style=\"width: 32.783%; height: 32px;\">1r ESO E<\/td>\n<\/tr>\n<tr style=\"height: 32px;\">\n<td style=\"width: 65.3302%; height: 32px;\">LAURA BRIANSO LLORT<\/td>\n<td style=\"width: 32.783%; height: 32px;\">1r ESO F<\/td>\n<\/tr>\n<tr style=\"height: 32px;\">\n<td style=\"width: 65.3302%; height: 32px;\">MARC BLANCO CAMPOS<\/td>\n<td style=\"width: 32.783%; height: 32px;\">2n ESO A<\/td>\n<\/tr>\n<tr style=\"height: 32px;\">\n<td style=\"width: 65.3302%; height: 32px;\"><span data-sheets-root=\"1\">SERGI ARENY SOLE<\/span><\/td>\n<td style=\"width: 32.783%; height: 32px;\">2n ESO B<\/td>\n<\/tr>\n<tr style=\"height: 32px;\">\n<td style=\"width: 65.3302%; height: 32px;\">ANNA LAGUNAS MAGRANS<\/td>\n<td style=\"width: 32.783%; height: 32px;\">2n ESO C<\/td>\n<\/tr>\n<tr style=\"height: 32px;\">\n<td style=\"width: 65.3302%; height: 32px;\">JORGE JUAN QU\u00cdLEZ MATA<\/td>\n<td style=\"width: 32.783%; height: 32px;\">2n ESO D<\/td>\n<\/tr>\n<tr style=\"height: 32px;\">\n<td style=\"width: 65.3302%; height: 32px;\"><span data-sheets-root=\"1\">BEGO\u00d1A MOLL\u00c0 TORMO<\/span><\/td>\n<td style=\"width: 32.783%; height: 32px;\">2n ESO E<\/td>\n<\/tr>\n<tr style=\"height: 32px;\">\n<td style=\"width: 65.3302%; height: 32px;\">ANNA FERRER PUJOL<\/td>\n<td style=\"width: 32.783%; height: 32px;\">2n ESO F<\/td>\n<\/tr>\n<tr style=\"height: 32px;\">\n<td style=\"width: 65.3302%; height: 32px;\">S\u00cdLVIA GONZ\u00c1LEZ PIQU\u00c9<\/td>\n<td style=\"width: 32.783%; height: 32px;\">3r ESO A<\/td>\n<\/tr>\n<tr style=\"height: 32px;\">\n<td style=\"width: 65.3302%; height: 32px;\"><span data-sheets-root=\"1\">CRISTINA LLED\u00d3 FONOLLOSA<\/span><\/td>\n<td style=\"width: 32.783%; height: 32px;\">3r ESO B<\/td>\n<\/tr>\n<tr style=\"height: 32px;\">\n<td style=\"width: 65.3302%; height: 32px;\"><span data-sheets-root=\"1\">IRENE MART\u00cdNEZ ARENAS<\/span><\/td>\n<td style=\"width: 32.783%; height: 32px;\">3r ESO C<\/td>\n<\/tr>\n<tr style=\"height: 32px;\">\n<td style=\"width: 65.3302%; height: 32px;\"><span data-sheets-root=\"1\">ESTER BORRULL BLANES<\/span><\/td>\n<td style=\"width: 32.783%; height: 32px;\">3r ESO D<\/td>\n<\/tr>\n<tr style=\"height: 32px;\">\n<td style=\"width: 65.3302%; height: 32px;\"><span data-sheets-root=\"1\">MIGUEL OCHOA VELASCO<\/span><\/td>\n<td style=\"width: 32.783%; height: 32px;\">3r ESO E<\/td>\n<\/tr>\n<tr style=\"height: 32px;\">\n<td style=\"width: 65.3302%; height: 32px;\"><span data-sheets-root=\"1\">V\u00cdCTOR SOBREPERA CARRETERO<\/span><\/td>\n<td style=\"width: 32.783%; height: 32px;\">3r ESO F<\/td>\n<\/tr>\n<tr style=\"height: 32px;\">\n<td style=\"width: 65.3302%; height: 32px;\"><span data-sheets-root=\"1\">CARLOS G\u00d3MEZ BORRED\u00c0<\/span><\/td>\n<td style=\"width: 32.783%; height: 32px;\">4t ESO A<\/td>\n<\/tr>\n<tr style=\"height: 32px;\">\n<td style=\"width: 65.3302%; height: 32px;\"><span data-sheets-root=\"1\">FREDDY HIGUERA PORRAS<\/span><\/td>\n<td style=\"width: 32.783%; height: 32px;\">4t ESO B<\/td>\n<\/tr>\n<tr style=\"height: 32px;\">\n<td style=\"width: 65.3302%; height: 32px;\"><span data-sheets-root=\"1\">ORIOL ROMERO<\/span><\/td>\n<td style=\"width: 32.783%; height: 32px;\">4t ESO C<\/td>\n<\/tr>\n<tr style=\"height: 32px;\">\n<td style=\"width: 65.3302%; height: 32px;\"><span data-sheets-root=\"1\">LUCAS MAIA CAMPOS<\/span><\/td>\n<td style=\"width: 32.783%; height: 32px;\">4t ESO D<\/td>\n<\/tr>\n<tr style=\"height: 32px;\">\n<td style=\"width: 65.3302%; height: 32px;\"><span data-sheets-root=\"1\">JORD\u00c0 SEVILLA FANDO<\/span><\/td>\n<td style=\"width: 32.783%; height: 32px;\">4t ESO E<\/td>\n<\/tr>\n<tr style=\"height: 32px;\">\n<td style=\"width: 65.3302%; height: 32px;\">MERC\u00c8 MUNN\u00c9<\/td>\n<td style=\"width: 32.783%; height: 32px;\">4t ESO F<\/td>\n<\/tr>\n<tr style=\"height: 32px;\">\n<td style=\"width: 65.3302%; height: 32px;\"><span data-sheets-root=\"1\">M\u00aa TERESA DOM\u00cdNGUEZ ANTON<\/span><\/td>\n<td style=\"width: 32.783%; height: 32px;\">SIEI<\/td>\n<\/tr>\n<tr style=\"height: 57px;\">\n<td style=\"width: 65.3302%; height: 16px;\">BORJA DONET DONET<\/td>\n<td style=\"width: 32.783%; height: 16px;\">AULA ACOLLIDA<\/td>\n<\/tr>\n<tr style=\"height: 32px;\">\n<td style=\"width: 65.3302%; height: 32px;\">ESTER ANGUITA JIM\u00c9NEZ<\/td>\n<td style=\"width: 32.783%; height: 32px;\">1r BAT A<\/td>\n<\/tr>\n<tr style=\"height: 32px;\">\n<td style=\"width: 65.3302%; height: 32px;\">LAURA GIL G\u00d3MEZ<\/td>\n<td style=\"width: 32.783%; height: 32px;\">1r BAT B<\/td>\n<\/tr>\n<tr style=\"height: 32px;\">\n<td style=\"width: 65.3302%; height: 32px;\">RAM\u00d3N PARAISO GALLARDO<\/td>\n<td style=\"width: 32.783%; height: 32px;\">2n BAT A<\/td>\n<\/tr>\n<tr style=\"height: 32px;\">\n<td style=\"width: 65.3302%; height: 32px;\">ALEX MAXPOCH<\/td>\n<td style=\"width: 32.783%; height: 32px;\">2n BAT B<\/td>\n<\/tr>\n<tr style=\"height: 32px;\">\n<td style=\"width: 65.3302%; height: 32px;\">ALEIX GALLIFA L\u00d3PEZ<\/td>\n<td style=\"width: 32.783%; height: 32px;\"><span style=\"font-weight: 400;\">PFI<\/span><\/td>\n<\/tr>\n<tr style=\"height: 32px;\">\n<td style=\"width: 65.3302%; height: 32px;\"><span data-sheets-root=\"1\">MARIA JOSE LE\u00d3N CRESPO<\/span><\/td>\n<td style=\"width: 32.783%; height: 32px;\"><span style=\"font-weight: 400;\">1r PCC<\/span><\/td>\n<\/tr>\n<tr style=\"height: 32px;\">\n<td style=\"width: 65.3302%; height: 32px;\">\u00c1NGELES MORIEL CARMONA<\/td>\n<td style=\"width: 32.783%; height: 32px;\"><span style=\"font-weight: 400;\">2n PCC<\/span><\/td>\n<\/tr>\n<tr style=\"height: 32px;\">\n<td style=\"width: 65.3302%; height: 32px;\">ORIOL TRILLAS ROIG<\/td>\n<td style=\"width: 32.783%; height: 32px;\"><span style=\"font-weight: 400;\">1r SMX<\/span><\/td>\n<\/tr>\n<tr style=\"height: 32px;\">\n<td style=\"width: 65.3302%; height: 32px;\">GERM\u00c1N FLORES CAPARR\u00d3S<\/td>\n<td style=\"width: 32.783%; height: 32px;\"><span style=\"font-weight: 400;\">2n SMX<\/span><\/td>\n<\/tr>\n<tr>\n<td style=\"width: 65.3302%;\"><span data-sheets-root=\"1\">B\u00c0RBARA D\u00cdAZ ARG\u00dcELLES<\/span><\/td>\n<td style=\"width: 32.783%;\"><span style=\"font-weight: 400;\">1r AACC<\/span><\/td>\n<\/tr>\n<\/tbody>\n<\/table>\n<h2><span style=\"font-weight: 400;\">Orientadores\u00a0<\/span><\/h2>\n<table style=\"width: 59.0884%;\">\n<tbody>\n<tr>\n<td style=\"text-align: left; width: 72.3031%;\"><b>NOM<\/b><\/td>\n<td style=\"text-align: left; width: 44.5358%;\"><b>C\u00c0RREC<\/b><\/td>\n<\/tr>\n<tr>\n<td style=\"width: 72.3031%;\"><span data-sheets-root=\"1\">MONTSERRAT RUIZ HERNANDEZ<\/span><\/td>\n<td style=\"width: 44.5358%;\">1ESO<\/td>\n<\/tr>\n<tr>\n<td style=\"width: 72.3031%;\"><span data-sheets-root=\"1\">ROCIO G\u00d3MEZ ROMERO<\/span><\/td>\n<td style=\"width: 44.5358%;\">2ESO i CCFF<\/td>\n<\/tr>\n<tr>\n<td style=\"width: 72.3031%;\"><span data-sheets-root=\"1\">LIOBA ROVIRA CALAF<\/span><\/td>\n<td style=\"width: 44.5358%;\">3ESO<\/td>\n<\/tr>\n<tr>\n<td style=\"width: 72.3031%;\">AMAYA SOJO FAURA<\/td>\n<td style=\"width: 44.5358%;\">4ESO i BAT<\/td>\n<\/tr>\n<tr>\n<td style=\"width: 72.3031%;\">MERC\u00c8 MUNN\u00c9 CANALS<\/td>\n<td style=\"width: 44.5358%;\">DIVERSITAT<\/td>\n<\/tr>\n<tr>\n<td style=\"width: 72.3031%;\"><span data-sheets-root=\"1\">ROCIO G\u00d3MEZ ROMERO<\/span><\/td>\n<td style=\"width: 44.5358%;\">PFI<\/td>\n<\/tr>\n<\/tbody>\n<\/table>\n<h2><span style=\"font-weight: 400;\">Departaments<\/span><\/h2>\n<p><span style=\"font-weight: 400;\">Els departaments did\u00e0ctics es constitueixen en funci\u00f3 de les especialitats dels professorat. Aquestes s\u2019agrupen d\u2019acord amb els \u00e0mbits del coneixement de la seg\u00fcent manera:<\/span><\/p>\n<ul>\n<li style=\"font-weight: 400;\"><b>Departament de llengua catalana<\/b><span style=\"font-weight: 400;\">: format pel professorat de llengua i literatura Catalana. i de llengua Francesa.<\/span><\/li>\n<li style=\"font-weight: 400;\"><b>Departament de llengua castellana<\/b><span style=\"font-weight: 400;\">: format pel professorat de llengua i literatura castellana i el professorat de cultura cl\u00e0ssica.<\/span><\/li>\n<li style=\"font-weight: 400;\"><b>Departament de lleng\u00fces estrangeres<\/b><span style=\"font-weight: 400;\">: format pel professorat de llengua anglesa i llengua francesa.<\/span><\/li>\n<li style=\"font-weight: 400;\"><b>Departament de ci\u00e8ncies socials<\/b><span style=\"font-weight: 400;\">: format pel professorat de ci\u00e8ncies socials, filosofia, economia i religi\u00f3.<\/span><\/li>\n<li style=\"font-weight: 400;\"><b>Departament de ci\u00e8ncies<\/b><span style=\"font-weight: 400;\">: format pel professorat de biologia i geologia i f\u00edsica i qu\u00edmica.<\/span><\/li>\n<li style=\"font-weight: 400;\"><b>Departament de tecnologia<\/b><span style=\"font-weight: 400;\">: format pel professorat de tecnologia.<\/span><\/li>\n<li style=\"font-weight: 400;\"><b>Departament de matem\u00e0tiques:<\/b><span style=\"font-weight: 400;\"> format pel professorat de matem\u00e0tiques.<\/span><\/li>\n<li style=\"font-weight: 400;\"><b>Departament de psicopedagogia<\/b><span style=\"font-weight: 400;\">: format pel professorat de psicopedagogia.<\/span><\/li>\n<li style=\"font-weight: 400;\"><b>Departament d\u2019educaci\u00f3 F\u00edsica<\/b><span style=\"font-weight: 400;\">: format pel professorat d\u2019educaci\u00f3 F\u00edsica.<\/span><\/li>\n<li style=\"font-weight: 400;\"><b>Departament d\u2019expressi\u00f3<\/b><span style=\"font-weight: 400;\">: format pel professorat de m\u00fasica i visual i pl\u00e0stica.<\/span><\/li>\n<li style=\"font-weight: 400;\"><b>Fam\u00edlia professional d\u2019inform\u00e0tica<\/b><span style=\"font-weight: 400;\">: format pel professorat de sistemes i aplicacions inform\u00e0tiques i inform\u00e0tica.<\/span><\/li>\n<li style=\"font-weight: 400;\"><b>Fam\u00edlia professional d\u2019imatge personal<\/b><span style=\"font-weight: 400;\">: format pel professorat d\u2019assessoria i processos d\u2019imatge personal i perruqueria.<\/span><\/li>\n<li><strong>Fam\u00edlia professional de comer\u00e7:<\/strong> <span style=\"font-weight: 400;\"> format pel professorat d&#8217;auxiliar de comer\u00e7 i atenci\u00f3 al p\u00fablic<\/span><\/li>\n<\/ul>\n<table style=\"width: 448px;\">\n<tbody>\n<tr>\n<td style=\"text-align: left; width: 277px;\"><b>NOM<\/b><\/td>\n<td style=\"text-align: left; width: 171px;\"><b>CAP DEPARTAMENT<\/b><\/td>\n<\/tr>\n<tr>\n<td style=\"width: 277px;\">LIOBA ROVIRA CALAF<\/td>\n<td style=\"width: 171px;\">ORIENTACI\u00d3<\/td>\n<\/tr>\n<tr>\n<td style=\"width: 277px;\">L\u00cdDIA AZNAR MENDIETA<\/td>\n<td style=\"width: 171px;\">CATAL\u00c0<\/td>\n<\/tr>\n<tr>\n<td style=\"width: 277px;\">TERESA MU\u00d1OZ LAFUENTE<\/td>\n<td style=\"width: 171px;\">CASTELL\u00c0<\/td>\n<\/tr>\n<tr>\n<td style=\"width: 277px;\">ELISABET AGUIL\u00d3 TERRONES<\/td>\n<td style=\"width: 171px;\">ESTRANGERES<\/td>\n<\/tr>\n<tr>\n<td style=\"width: 277px;\">CRISTIAN PASCUAL MONFORT<\/td>\n<td style=\"width: 171px;\">SOCIALS<\/td>\n<\/tr>\n<tr>\n<td style=\"width: 277px;\"><span data-sheets-root=\"1\">GEMMA CODINA FORTUNY<\/span><\/td>\n<td style=\"width: 171px;\">CI\u00c8NCIES<\/td>\n<\/tr>\n<tr>\n<td style=\"width: 277px;\">BEGO\u00d1A CABRERO GRAU<\/td>\n<td style=\"width: 171px;\">TECNOLOGIA<\/td>\n<\/tr>\n<tr>\n<td style=\"width: 277px;\">LURDES BOIX ROCA<\/td>\n<td style=\"width: 171px;\">MATEM\u00c0TIQUES<\/td>\n<\/tr>\n<tr>\n<td style=\"width: 277px;\">VICT\u00d2RIA MARCOS PALLAR\u00c8S<\/td>\n<td style=\"width: 171px;\">DIVERSITAT<\/td>\n<\/tr>\n<tr>\n<td style=\"width: 277px;\">ROSA FALLADA SALAT<\/td>\n<td style=\"width: 171px;\">EDUCACI\u00d3 F\u00cdSICA<\/td>\n<\/tr>\n<tr>\n<td style=\"width: 277px;\">MARTA OS\u00c9S URSUA<\/td>\n<td style=\"width: 171px;\">EXPRESSI\u00d3<\/td>\n<\/tr>\n<tr>\n<td style=\"width: 277px;\"><span data-sheets-root=\"1\">ANA VICTORIA TERUEL TRIGUERO<\/span><\/td>\n<td style=\"width: 171px;\">INFORM\u00c0TICA<\/td>\n<\/tr>\n<tr>\n<td style=\"width: 277px;\">CECILIA CALABUIG CASTELLANO<\/td>\n<td style=\"width: 171px;\">IMATGE PERSONAL<\/td>\n<\/tr>\n<tr>\n<td style=\"width: 277px;\"><span data-sheets-root=\"1\">BARBARA D\u00cdAZ ARG\u00dcELLES<\/span><\/td>\n<td style=\"width: 171px;\">COMER\u00c7<\/td>\n<\/tr>\n<\/tbody>\n<\/table>\n<h2><span style=\"font-weight: 400;\">PAS<\/span><\/h2>\n<ul>\n<li style=\"font-weight: 400;\"><b>Administratives<\/b><span style=\"font-weight: 400;\">:<\/span>\n<ul>\n<li style=\"font-weight: 400;\"><span style=\"font-weight: 400;\">Ver\u00f2nica D\u00edaz Bielsa.<\/span><\/li>\n<li style=\"font-weight: 400;\"><span style=\"font-weight: 400;\">Patricia S\u00e1nchez Dur\u00e1n.<\/span><\/li>\n<\/ul>\n<\/li>\n<li style=\"font-weight: 400;\"><b>Conserges<\/b><span style=\"font-weight: 400;\">: <\/span>\n<ul>\n<li style=\"font-weight: 400;\"><span style=\"font-weight: 400;\">Jos\u00e9 Guti\u00e9rrez Garc\u00eda.<\/span><\/li>\n<li style=\"font-weight: 400;\"><span style=\"font-weight: 400;\">Eva Garc\u00eda Vilar.<\/span><\/li>\n<li>Jose Antonio Elvira Vaca.<\/li>\n<\/ul>\n<\/li>\n<li style=\"font-weight: 400;\"><strong>Programa d&#8217;acompanyament educatiu<\/strong>\n<ul>\n<li style=\"font-weight: 400;\">\u00a0Nuria Marin Cano.<\/li>\n<li>Feli Mart\u00ednez Valderr\u00e1bano.<\/li>\n<\/ul>\n<\/li>\n<\/ul>\n<p>&nbsp;<\/p>\n<p>&nbsp;<\/p>\n<ul>\n<li style=\"list-style-type: none;\"><\/li>\n<\/ul>\n","protected":false},"excerpt":{"rendered":"<p>\u00d2rgans unipersonals d\u2019organitzaci\u00f3 i gesti\u00f3<br \/>\nL&#8217;equip directiu<br \/>\nLes funcions del director venen determinades pel <a href=\"http:\/\/portaljuridic.gencat.cat\/ca\/pjur_ocults\/pjur_resultats_fitxa\/?documentId=563091&amp;action=fitxa\">decret de direccions <\/a>(155\/2010 de 2 de novembre). Part d\u2019aquestes funcions, tal com preveu l\u2019article 147 de la <a href=\"http:\/\/ensenyament.gencat.cat\/web\/.content\/home\/departament\/normativa\/normativa-educacio\/lec_12_2009.pdf\">LEC<\/a> es deleguen en la resta de membres de l\u2019equip directiu, especificant-se a&hellip;  <a href=\"https:\/\/agora.xtec.cat\/sesernestlluch-cunit\/linstitut\/equiphuma\/\" title=\"Read Equip hum\u00e0\">Llegeix m\u00e9s\u00bb<\/a><\/p>\n","protected":false},"author":1,"featured_media":0,"parent":19,"menu_order":3,"comment_status":"closed","ping_status":"closed","template":"page-templates\/side-menu.php","meta":{"_bbp_topic_count":0,"_bbp_reply_count":0,"_bbp_total_topic_count":0,"_bbp_total_reply_count":0,"_bbp_voice_count":0,"_bbp_anonymous_reply_count":0,"_bbp_topic_count_hidden":0,"_bbp_reply_count_hidden":0,"_bbp_forum_subforum_count":0,"footnotes":""},"class_list":["post-46","page","type-page","status-publish","hentry"],"post_mailing_queue_ids":[],"_links":{"self":[{"href":"https:\/\/agora.xtec.cat\/sesernestlluch-cunit\/wp-json\/wp\/v2\/pages\/46","targetHints":{"allow":["GET"]}}],"collection":[{"href":"https:\/\/agora.xtec.cat\/sesernestlluch-cunit\/wp-json\/wp\/v2\/pages"}],"about":[{"href":"https:\/\/agora.xtec.cat\/sesernestlluch-cunit\/wp-json\/wp\/v2\/types\/page"}],"author":[{"embeddable":true,"href":"https:\/\/agora.xtec.cat\/sesernestlluch-cunit\/wp-json\/wp\/v2\/users\/1"}],"replies":[{"embeddable":true,"href":"https:\/\/agora.xtec.cat\/sesernestlluch-cunit\/wp-json\/wp\/v2\/comments?post=46"}],"version-history":[{"count":11,"href":"https:\/\/agora.xtec.cat\/sesernestlluch-cunit\/wp-json\/wp\/v2\/pages\/46\/revisions"}],"predecessor-version":[{"id":10320,"href":"https:\/\/agora.xtec.cat\/sesernestlluch-cunit\/wp-json\/wp\/v2\/pages\/46\/revisions\/10320"}],"up":[{"embeddable":true,"href":"https:\/\/agora.xtec.cat\/sesernestlluch-cunit\/wp-json\/wp\/v2\/pages\/19"}],"wp:attachment":[{"href":"https:\/\/agora.xtec.cat\/sesernestlluch-cunit\/wp-json\/wp\/v2\/media?parent=46"}],"curies":[{"name":"wp","href":"https:\/\/api.w.org\/{rel}","templated":true}]}}