{"id":27,"date":"2014-09-17T16:24:03","date_gmt":"2014-09-17T16:24:03","guid":{"rendered":"http:\/\/agora.xtec.cat\/sesernestlluch-cunit\/?page_id=27"},"modified":"2024-11-03T19:10:05","modified_gmt":"2024-11-03T18:10:05","slug":"historia","status":"publish","type":"page","link":"https:\/\/agora.xtec.cat\/sesernestlluch-cunit\/linstitut\/historia\/","title":{"rendered":"Hist\u00f2ria"},"content":{"rendered":"<p>&nbsp;<\/p>\n<p dir=\"ltr\">En un principi, l\u2019Institut Ernest Lluch i Mart\u00edn va iniciar la seva activitat com a Secci\u00f3 d\u2019Ensenyament Secundari el curs 2002-2003, adscrit a l\u2019institut Cam\u00ed de Mar de Calafell. Des d\u2019aquell moment, el centre no ha parat de cr\u00e9ixer:<\/p>\n<p><img loading=\"lazy\" decoding=\"async\" class=\"size-large aligncenter\" src=\"https:\/\/static.wixstatic.com\/media\/64a75d_9bb00c6fccde42129940af3c3b5df5f1.jpg\/v1\/fill\/w_350,h_263,al_c,q_80,usm_0.66_1.00_0.01\/64a75d_9bb00c6fccde42129940af3c3b5df5f1.webp\" width=\"350\" height=\"263\" \/><\/p>\n<ul>\n<li>El 2005-06 vam tenir la primera promoci\u00f3 d\u2019alumnes que van cursar tota l\u2019ESO al centre. El mateix curs, en col\u00b7laboraci\u00f3 amb l\u2019ajuntament de Cunit i el Departament d\u2019Ensenyament, comen\u00e7a a funcionar la UEC.<\/li>\n<li>L\u2019ESO es va consolidar el 2007-2008, amb quatre grups de 1r, 2n i 3r i tres per a 4t. El 2007 es va obtenir un PROA en la modalitat de \u201cPrograma de Suport a Centres de Secund\u00e0ria en Zones d\u2019Atenci\u00f3 Educativa Preferent\u201d.<\/li>\n<li>El 2008 \u00e9s l\u2019any en qu\u00e8 es signa l\u2019Acord Quadriennal d\u2019Aplicaci\u00f3 del Pla Estrat\u00e8gic per a la Millora de la Qualitat del Servei Educatiu, cosa que implica treballar cap a l\u2019assoliment de tres objectius principals:\u00a0 La millora dels Resultats Acad\u00e8mics, la millora de la Cohesi\u00f3 Social i la consolidaci\u00f3 del centre com un referent Educatiu a la zona.<\/li>\n<li>El curs 2009-10 s\u2019estrena el nou edifici, a l\u2019avinguda del Castell.Tamb\u00e9 \u00e9s l\u2019inici del estudis de CFGM en sistemes microinform\u00e0tics i xarxes i perruqueria i cosm\u00e8tica capil\u00b7lar. L\u2019institut s\u2019afegeix al programa d\u2019introducci\u00f3 dels ordinadors a l\u2019educaci\u00f3 (1&#215;1), m\u00e9s tard conegut com 2.0.\n<p style=\"font-family: 'Helvetica Neue', Helvetica, Helvetica, Arial, sans-serif; font-size: 16px;\"><img loading=\"lazy\" decoding=\"async\" class=\"size-large aligncenter\" style=\"font-family: inherit; font-size: 1em;\" src=\"https:\/\/static.wixstatic.com\/media\/64a75d_f71bac77429045b6be1baeba6ffdf241.jpg\/v1\/fill\/w_350,h_414,al_c,lg_1,q_80\/64a75d_f71bac77429045b6be1baeba6ffdf241.webp\" width=\"350\" height=\"414\" \/><\/p>\n<\/li>\n<li>El estudis de batxillerat arriben el curs 2010-11 i completen l\u2019oferta de postobligat\u00f2ria del centre i es considera com a data de consolidaci\u00f3. A partir d\u2019aquell curs el n\u00famero d\u2019alumnes segueix creixent de manera lenta per\u00f2 constant, arribant a la xifra de 800. La plantilla de professors tamb\u00e9 ha anat creixent fins a arribar a les 73 dotacions, cosa que es tradueix en un total d\u2019uns 80 professors i professores.<\/li>\n<li>L&#8217;estiu del 2019 s&#8217;instal\u00b7la un m\u00f2dul prefabricat per donar cabuda a l&#8217;increment d&#8217;alumnes.<\/li>\n<li>El centre ha comptat amb tres equip directius des dels seus inicis. El primer, impulsat per la Paloma S\u00e1nchez-Casas Padilla; el segon i m\u00e9s longeu, amb en Rom\u00e0 Cano Franco al capdavant; i finalment, l\u2019equip d\u2019en Marc Blanco, que s\u2019estren\u00e0 el 2016-17.<\/li>\n<li>El 2023-24, s&#8217;incorporen a la direcci\u00f3 la Marisa Gonz\u00e1lez com a Cap d&#8217;Estudis en el lloc de l&#8217;Enric Caball\u00e9, i en Ram\u00f3n Paraiso com a Coordinador Pedag\u00f2gic, en lloc de Maria Mar\u00edn. Amb aquestes noves incorporacions es prepara el cam\u00ed per formar un nou equip directiu, un cop s&#8217;esgoti el segon mandat d&#8217;en Marc Blanco i arribi la jubilaci\u00f3 de la persona que m\u00e9s temps ha treballat per l&#8217;institut, la Montse Pons, secret\u00e0ria del centre des del seu inici.<\/li>\n<li>Per al curs 2024-25 s&#8217;inicia un nou equip impulsat per la Nuria Montolio i format per la Marisa Gonz\u00e1lez com a cap d\u2019estudis i que d\u00f3na continu\u00eftat a l\u2019equip anterior, i al qual s\u2019incorporen la Maria Mar\u00edn com a coordinadora pedag\u00f2gica i l\u2019\u00c0lex Mil\u00e1n com a secretari.\n<p>&nbsp;<\/li>\n<\/ul>\n<p>&nbsp;<\/p>\n<p class=\"font_7\">\n","protected":false},"excerpt":{"rendered":"<p>&nbsp;<br \/>\nEn un principi, l\u2019Institut Ernest Lluch i Mart\u00edn va iniciar la seva activitat com a Secci\u00f3 d\u2019Ensenyament Secundari el curs 2002-2003, adscrit a l\u2019institut Cam\u00ed de Mar de Calafell. Des d\u2019aquell moment, el centre no ha parat de cr\u00e9ixer:<\/p>\n<ul>\n<li>El 2005-06 vam tenir la primera promoci\u00f3&hellip;  <a href=\"https:\/\/agora.xtec.cat\/sesernestlluch-cunit\/linstitut\/historia\/\" title=\"Read Hist\u00f2ria\">Llegeix m\u00e9s\u00bb<\/a><br \/>\n","protected":false},"author":1,"featured_media":0,"parent":19,"menu_order":2,"comment_status":"closed","ping_status":"closed","template":"page-templates\/side-menu.php","meta":{"_bbp_topic_count":0,"_bbp_reply_count":0,"_bbp_total_topic_count":0,"_bbp_total_reply_count":0,"_bbp_voice_count":0,"_bbp_anonymous_reply_count":0,"_bbp_topic_count_hidden":0,"_bbp_reply_count_hidden":0,"_bbp_forum_subforum_count":0,"footnotes":""},"class_list":["post-27","page","type-page","status-publish","hentry"],"post_mailing_queue_ids":[],"_links":{"self":[{"href":"https:\/\/agora.xtec.cat\/sesernestlluch-cunit\/wp-json\/wp\/v2\/pages\/27","targetHints":{"allow":["GET"]}}],"collection":[{"href":"https:\/\/agora.xtec.cat\/sesernestlluch-cunit\/wp-json\/wp\/v2\/pages"}],"about":[{"href":"https:\/\/agora.xtec.cat\/sesernestlluch-cunit\/wp-json\/wp\/v2\/types\/page"}],"author":[{"embeddable":true,"href":"https:\/\/agora.xtec.cat\/sesernestlluch-cunit\/wp-json\/wp\/v2\/users\/1"}],"replies":[{"embeddable":true,"href":"https:\/\/agora.xtec.cat\/sesernestlluch-cunit\/wp-json\/wp\/v2\/comments?post=27"}],"version-history":[{"count":6,"href":"https:\/\/agora.xtec.cat\/sesernestlluch-cunit\/wp-json\/wp\/v2\/pages\/27\/revisions"}],"predecessor-version":[{"id":9734,"href":"https:\/\/agora.xtec.cat\/sesernestlluch-cunit\/wp-json\/wp\/v2\/pages\/27\/revisions\/9734"}],"up":[{"embeddable":true,"href":"https:\/\/agora.xtec.cat\/sesernestlluch-cunit\/wp-json\/wp\/v2\/pages\/19"}],"wp:attachment":[{"href":"https:\/\/agora.xtec.cat\/sesernestlluch-cunit\/wp-json\/wp\/v2\/media?parent=27"}],"curies":[{"name":"wp","href":"https:\/\/api.w.org\/{rel}","templated":true}]}}