{"id":19,"date":"2014-09-17T14:56:56","date_gmt":"2014-09-17T14:56:56","guid":{"rendered":"http:\/\/agora.xtec.cat\/sesernestlluch-cunit\/?page_id=19"},"modified":"2024-11-03T19:16:52","modified_gmt":"2024-11-03T18:16:52","slug":"linstitut","status":"publish","type":"page","link":"https:\/\/agora.xtec.cat\/sesernestlluch-cunit\/linstitut\/","title":{"rendered":"L&#8217;institut"},"content":{"rendered":"<h2><\/h2>\n<p>L&#8217;institut Ernest Lluch i Mart\u00edn us d\u00f3na la benvinguda a la nostra comunitat educativa.<\/p>\n<p>Som m\u00e9s de 800 alumnes, les seves fam\u00edlies, l&#8217;AFA i l&#8217;equip professional que d\u00f3na servei tant a les aules com a les nostres oficines i consergeria.<\/p>\n<p>Si us acabeu d&#8217;incorporar, esperem que us sentiu com a casa i que junts seguim treballant per donar una resposta educativa completa al nostre alumnat, tant a nivell acad\u00e8mic com de creixement emocional i maduresa, tant als primers cursos de l&#8217;ESO com als que acaben la seva etapa de\u00a0 post obligat\u00f2ria.<\/p>\n<p>&nbsp;<\/p>\n<p>Atentament,<\/p>\n<p>Nuria Montolio Catal\u00e1n<\/p>\n<p>Directora<\/p>\n","protected":false},"excerpt":{"rendered":"<p>L&#8217;institut Ernest Lluch i Mart\u00edn us d\u00f3na la benvinguda a la nostra comunitat educativa.<br \/>\nSom m\u00e9s de 800 alumnes, les seves fam\u00edlies, l&#8217;AFA i l&#8217;equip professional que d\u00f3na servei tant a les aules com a les nostres oficines i consergeria.<br \/>\nSi us acabeu d&#8217;incorporar, esperem que us&hellip;  <a href=\"https:\/\/agora.xtec.cat\/sesernestlluch-cunit\/linstitut\/\" title=\"Read L&#8217;institut\">Llegeix m\u00e9s\u00bb<\/a><\/p>\n","protected":false},"author":1,"featured_media":0,"parent":0,"menu_order":0,"comment_status":"closed","ping_status":"closed","template":"page-templates\/side-menu.php","meta":{"_bbp_topic_count":0,"_bbp_reply_count":0,"_bbp_total_topic_count":0,"_bbp_total_reply_count":0,"_bbp_voice_count":0,"_bbp_anonymous_reply_count":0,"_bbp_topic_count_hidden":0,"_bbp_reply_count_hidden":0,"_bbp_forum_subforum_count":0,"footnotes":""},"class_list":["post-19","page","type-page","status-publish","hentry"],"post_mailing_queue_ids":[],"_links":{"self":[{"href":"https:\/\/agora.xtec.cat\/sesernestlluch-cunit\/wp-json\/wp\/v2\/pages\/19","targetHints":{"allow":["GET"]}}],"collection":[{"href":"https:\/\/agora.xtec.cat\/sesernestlluch-cunit\/wp-json\/wp\/v2\/pages"}],"about":[{"href":"https:\/\/agora.xtec.cat\/sesernestlluch-cunit\/wp-json\/wp\/v2\/types\/page"}],"author":[{"embeddable":true,"href":"https:\/\/agora.xtec.cat\/sesernestlluch-cunit\/wp-json\/wp\/v2\/users\/1"}],"replies":[{"embeddable":true,"href":"https:\/\/agora.xtec.cat\/sesernestlluch-cunit\/wp-json\/wp\/v2\/comments?post=19"}],"version-history":[{"count":6,"href":"https:\/\/agora.xtec.cat\/sesernestlluch-cunit\/wp-json\/wp\/v2\/pages\/19\/revisions"}],"predecessor-version":[{"id":9421,"href":"https:\/\/agora.xtec.cat\/sesernestlluch-cunit\/wp-json\/wp\/v2\/pages\/19\/revisions\/9421"}],"wp:attachment":[{"href":"https:\/\/agora.xtec.cat\/sesernestlluch-cunit\/wp-json\/wp\/v2\/media?parent=19"}],"curies":[{"name":"wp","href":"https:\/\/api.w.org\/{rel}","templated":true}]}}